{"id":5445,"date":"2023-01-30T16:47:36","date_gmt":"2023-01-30T16:47:36","guid":{"rendered":"https:\/\/www.capgemini.com\/?page_id=658902"},"modified":"2025-10-27T15:31:51","modified_gmt":"2025-10-27T15:31:51","slug":"accesibilidad","status":"publish","type":"page","link":"https:\/\/www.capgemini.com\/ar-es\/accesibilidad\/","title":{"rendered":"Accesibilidad"},"content":{"rendered":"\n<header class=\"wp-block-cg-blocks-hero-reusable is-style-default header heroReusable  \"><div class=\"header-bgs\"><\/div><div class=\"heroPictureCardHeaderShape\"><\/div><div class=\"container\"><div class=\"row\"><div class=\"col-md-12\"><div class=\"box\"><div class=\"boxTagWrapper\"><div class=\"tagInfo\"><\/div><\/div><div class=\"box-title\"><h1 data-maxlength=\"34\">ACCESIBILIDAD<\/h1><\/div><div class=\"inner-row-insight download-btn\"><\/div><\/div><\/div><\/div><\/div><\/header>\n\n\n\n<section class=\"wp-block-cg-blocks-group undefined section section--article-content\"><div class=\"article-main-content\"><div class=\"container\"><div class=\"row\"><div class=\"col-12 col-md-11 col-lg-10 offset-md-1 offset-lg-1\"><div class=\"article-text article-quote-text\">\n<p>Alineados con este compromiso, hemos tratado de dise\u00f1ar y construir este sitio para que sea accesible para las personas que usan lectores de pantalla y dispositivos de tecnolog\u00eda de asistencia de acuerdo con las <a href=\"https:\/\/www.w3.org\/WAI\/\">Pautas de la Iniciativa de Accesibilidad al Contenido Web (WCAG) 2.1<\/a> del World Wide Web Consortium con prioridad &#8216;AA&#8217;. Esta es una parte del compromiso que hemos hecho como parte de <a href=\"https:\/\/www.thevaluable500.com\/the-valuable-500\/\">Valuable 500<\/a> para hacer que la accesibilidad y la inclusi\u00f3n sean una parte integral de nuestra forma de trabajar.<\/p>\n\n\n\n<p>Si por alguna raz\u00f3n tiene problemas para acceder a este sitio, comun\u00edquese <a href=\"\/ar-es\/contactenos\/\">con nosotros<\/a>.<\/p>\n\n\n\n<hr class=\"wp-block-separator has-css-opacity\"\/>\n\n\n\n<div style=\"height:51px\" aria-hidden=\"true\" class=\"wp-block-spacer\"><\/div>\n\n\n\n<h2 class=\"wp-block-heading\" id=\"h-cambiar-la-configuracion-de-su-computadora\">Cambiar la configuraci\u00f3n de su computadora<\/h2>\n\n\n\n<p>Al cambiar la configuraci\u00f3n de su computadora, puede personalizar la experiencia para satisfacer sus necesidades. Por ejemplo, puede activar el esquema de color de alto contraste o aumentar el tama\u00f1o de fuente. Del mismo modo, hay otros cambios que puede realizar para mejorar la forma en que ve, escucha o usa nuestro sitio web.<\/p>\n\n\n\n<p>Para obtener m\u00e1s informaci\u00f3n sobre c\u00f3mo cambiar la configuraci\u00f3n de accesibilidad en su computadora, tel\u00e9fono inteligente o tableta, visite: <a href=\"https:\/\/mcmw.abilitynet.org.uk\/\">Mi computadora a mi manera<\/a>.<\/p>\n\n\n\n<p><\/p>\n\n\n\n<h4 class=\"wp-block-heading\" id=\"h-cambia-el-contraste-de-la-pantalla-de-tu-computadora\"><strong>Cambia el contraste de la pantalla de tu computadora<\/strong><\/h4>\n\n\n\n<p><strong>En PC con Windows 10:<\/strong><br>&#8211; Para activar el esquema de color de alto contraste, mantenga presionada la tecla Alt izquierda + May\u00fas izquierda + Imprimir pantalla<br>&#8211; Para desactivar el esquema de color de alto contraste, mantenga presionada la tecla Alt izquierda + May\u00fas izquierda + Imprimir pantalla<\/p>\n\n\n\n<p><strong>On Mac:<\/strong><br>&#8211; Para activar el esquema de color de alto contraste, mantenga presionado Cmd + Opci\u00f3n + Control + Coma (,)<br>&#8211; Para desactivar el esquema de color de alto contraste, mantenga presionado Cmd + Opci\u00f3n + Control + Punto (.)<\/p>\n\n\n\n<p><\/p>\n\n\n\n<h4 class=\"wp-block-heading\" id=\"h-cambiar-el-tamano-de-la-pantalla-del-sitio-web-ampliar\"><strong>Cambiar el tama\u00f1o de la pantalla del sitio web (ampliar)<\/strong><\/h4>\n\n\n\n<p><strong>En PC con Windows 10:<\/strong><br>&#8211; Para acercar (aumentar el tama\u00f1o de la pantalla), mantenga presionada la tecla Ctrl mientras presiona + (m\u00e1s)<br>&#8211; Para alejar (disminuir el tama\u00f1o de la pantalla), mantenga presionada la tecla Ctrl mientras presiona (menos)<br>&#8211; Para restablecer el tama\u00f1o de la pantalla a la normalidad, presione Ctrl + 0 (cero)<\/p>\n\n\n\n<p><strong>En Mac:<\/strong><br>&#8211; Para acercar (aumentar el tama\u00f1o de la pantalla), mantenga presionado Cmd mientras presiona + (m\u00e1s)<br>&#8211; Para alejar (disminuir el tama\u00f1o de la pantalla) mantenga presionado Cmd mientras presiona \u2013 (menos)<br>&#8211; Para restablecer el tama\u00f1o de la pantalla a la normalidad, presione Cmd + 0 (cero)<\/p>\n\n\n\n<p><\/p>\n\n\n\n<p><\/p>\n\n\n\n<h4 class=\"wp-block-heading\" id=\"h-habilite-javascript-en-su-navegador-web\"><strong>Habilite JavaScript en su navegador web:<\/strong><\/h4>\n\n\n\n<p>JavaScript es un lenguaje de programaci\u00f3n que permite que las funciones interactivas y din\u00e1micas de nuestro sitio web funcionen correctamente. Para experimentar todas las caracter\u00edsticas ricas de nuestro sitio web, le recomendamos que habilite JavaScript en su navegador.<\/p>\n\n\n\n<p>La mayor\u00eda de los navegadores vienen con JavaScript ya habilitado. Sin embargo, si por alguna raz\u00f3n JavaScript est\u00e1 deshabilitado, puede habilitarlo cambiando la configuraci\u00f3n de su navegador. Abra su navegador, vaya a la configuraci\u00f3n, busque &#8216;JavaScript&#8217; y aseg\u00farese de que JavaScript est\u00e9 habilitado.<\/p>\n\n\n\n<p><\/p>\n\n\n\n<hr class=\"wp-block-separator has-css-opacity\"\/>\n\n\n\n<div style=\"height:50px\" aria-hidden=\"true\" class=\"wp-block-spacer\"><\/div>\n\n\n\n<h2 class=\"wp-block-heading\" id=\"h-revisar\">Revisar<\/h2>\n\n\n\n<p>En marzo de 2022, durante el desarrollo de la nueva plataforma, los expertos en accesibilidad de la funci\u00f3n de TI del Grupo Capgemini revisaron el sitio de preproducci\u00f3n con respecto al Marco general de mejora de la accesibilidad del gobierno franc\u00e9s: RGAA, versi\u00f3n 4.1 (y, por lo tanto, WCAG 2.1).<br>Los resultados de esta revisi\u00f3n se muestran a continuaci\u00f3n.<\/p>\n\n\n\n<h3 class=\"wp-block-heading\" id=\"h-declaracion-de-accesibilidad\">Declaraci\u00f3n de accesibilidad<\/h3>\n\n\n\n<p>Capgemini se compromete a hacer accesible su sitio web de conformidad con el art\u00edculo 47 de la Ley N\u00b0 2005-102 de 11 de febrero de 2005. Para ello, implementar\u00e1 la estrategia y las acciones detalladas en un plan plurianual que se encuentra en proceso de elaboraci\u00f3n. Esta declaraci\u00f3n de accesibilidad se aplica a <a href=\"\/ar-es\/\">https:\/\/www.capgemini.com\/<\/a><\/p>\n\n\n\n<h4 class=\"wp-block-heading\">Estado de cumplimiento<\/h4>\n\n\n\n<p>Capgemini.com cumple parcialmente con el Marco de mejora de la accesibilidad general (RGAA) versi\u00f3n 4.1 (y, por lo tanto, WCAG 2.1) debido a las no conformidades y desviaciones que se enumeran a continuaci\u00f3n.<\/p>\n\n\n\n<h4 class=\"wp-block-heading\"><strong>Resultados de la prueba<\/strong><\/h4>\n\n\n\n<p>La auditor\u00eda de cumplimiento realizada por expertos internos en accesibilidad de Capgemini revela que se cumple el 75 % de los criterios de la versi\u00f3n 4.1 de RGAA (106).<\/p>\n\n\n\n<ul class=\"wp-block-list\">\n<li>46 criterios compatibles<\/li>\n\n\n\n<li>1 criterio de cumplimiento parcial<\/li>\n\n\n\n<li>14 criterios no conformes<\/li>\n\n\n\n<li>45 criterios no aplicables<\/li>\n<\/ul>\n\n\n\n<h4 class=\"wp-block-heading\"><strong>Contenido no accesible<\/strong><\/h4>\n\n\n\n<p>Los contenidos enumerados a continuaci\u00f3n no son accesibles por las siguientes razones.<\/p>\n\n\n\n<p><br><strong>Incumplimiento<\/strong><\/p>\n\n\n\n<ul class=\"wp-block-list\">\n<li>Falta una descripci\u00f3n de texto alternativo adecuada para los lectores de pantalla.<\/li>\n\n\n\n<li>En algunos lugares, se debe revisar el contraste para que sea m\u00e1s f\u00e1cil para los usuarios ver el contenido, incluida la separaci\u00f3n del primer plano del fondo.<\/li>\n\n\n\n<li>Faltan subt\u00edtulos para algunos archivos multimedia con sonido para que sean accesibles a las personas sordas o con discapacidad auditiva.<\/li>\n\n\n\n<li>Algunos enlaces no son expl\u00edcitos para los lectores de pantalla, ya sea el t\u00edtulo del enlace o la etiqueta y no es posible comprender su funci\u00f3n y destino.<\/li>\n\n\n\n<li>En algunos casos los elementos no son accesibles por el teclado.<\/li>\n\n\n\n<li>La estructura de encabezados del documento debe revisarse para todas las p\u00e1ginas en busca de encabezados faltantes. Los encabezados y las etiquetas deben ser claros y seguir una jerarqu\u00eda.<\/li>\n\n\n\n<li>En algunos casos, aumentar el tama\u00f1o de los caracteres hasta un 200% provoca p\u00e9rdida de informaci\u00f3n.<\/li>\n\n\n\n<li>Faltan etiquetas para algunos de los elementos de entrada, lo que ayuda a los usuarios a averiguar la funci\u00f3n exacta del campo de formulario con el que est\u00e1 asociado.<\/li>\n\n\n\n<li>En algunos casos, la reducci\u00f3n del tama\u00f1o a 320 px da como resultado la p\u00e9rdida de informaci\u00f3n.<\/li>\n\n\n\n<li>El campo del formulario debe revisarse para asegurarse de que cumpla con los criterios para ayudar a los usuarios a determinar el prop\u00f3sito, completar autom\u00e1ticamente los atributos, etc.<\/li>\n\n\n\n<li>Para una situaci\u00f3n en la que se requiere la entrada del usuario, como un formulario, falta una etiqueta clara o una instrucci\u00f3n que requiera una explicaci\u00f3n de la informaci\u00f3n.<\/li>\n\n\n\n<li>Los documentos PDF no son accesibles.<\/li>\n<\/ul>\n\n\n\n<p><strong>Exenciones por carga desproporcionada<\/strong><\/p>\n\n\n\n<p>No se identificaron exenciones.<\/p>\n\n\n\n<p><strong>Contenido no sujeto al requisito de accesibilidad<\/strong><\/p>\n\n\n\n<p>No se identificaron exenciones.<\/p>\n\n\n\n<div style=\"height:50px\" aria-hidden=\"true\" class=\"wp-block-spacer\"><\/div>\n\n\n\n<h4 class=\"wp-block-heading\" id=\"h-preparacion-de-esta-declaracion-de-accesibilidad\">Preparaci\u00f3n de esta declaraci\u00f3n de accesibilidad<\/h4>\n\n\n\n<p>Esta declaraci\u00f3n fue hecha el 30\/03\/2022<\/p>\n\n\n\n<p><strong>Technologies used for the creation of the website:<\/strong><\/p>\n\n\n\n<ul class=\"wp-block-list\">\n<li>WordPress<\/li>\n\n\n\n<li>PHP<\/li>\n\n\n\n<li>MySQL<\/li>\n\n\n\n<li>Java para b\u00fasqueda el\u00e1stica<\/li>\n\n\n\n<li>HTML<\/li>\n\n\n\n<li>CSS<\/li>\n\n\n\n<li>JavaScript<\/li>\n\n\n\n<li>React<\/li>\n<\/ul>\n\n\n\n<p><strong>Entorno de prueba:<\/strong><\/p>\n\n\n\n<p>Las pruebas de las p\u00e1ginas web se realizaron con las siguientes combinaciones de agentes de usuario y lectores de pantalla:<\/p>\n\n\n\n<ul class=\"wp-block-list\">\n<li>Google Chrome<\/li>\n\n\n\n<li>NVDA<\/li>\n\n\n\n<li>VoiceOver (Mac book\/iOS mobile)<\/li>\n\n\n\n<li>Talkback (Android Mobile)<\/li>\n\n\n\n<li>JAWS<\/li>\n<\/ul>\n\n\n\n<p><strong>En la evaluaci\u00f3n se utilizaron las siguientes herramientas:<\/strong><\/p>\n\n\n\n<ul class=\"wp-block-list\">\n<li>WAVE \u2013 Herramienta de evaluaci\u00f3n de Accesibilidad Web<\/li>\n\n\n\n<li>Verificador de color de contraste WCAG<\/li>\n\n\n\n<li>Herramienta para desarrolladores web: versi\u00f3n 0.5.4<\/li>\n\n\n\n<li>Perspectivas de accesibilidad para la web: versi\u00f3n 2.31.1<\/li>\n\n\n\n<li>Comprobador de accesibilidad de IBM: versi\u00f3n 3.1.18<\/li>\n\n\n\n<li>NVDA \u2013 Versi\u00f3n 2020.3<\/li>\n\n\n\n<li>Google Chrome Light House<\/li>\n\n\n\n<li>Ayuda de Landmark \u2013 Versi\u00f3n 2.11.0<\/li>\n<\/ul>\n\n\n\n<div style=\"height:50px\" aria-hidden=\"true\" class=\"wp-block-spacer\"><\/div>\n\n\n\n<h4 class=\"wp-block-heading\">P\u00e1ginas del sitio que han sido objeto de la verificaci\u00f3n de conformidad<\/h4>\n\n\n\n<p><\/p>\n\n\n\n<figure class=\"wp-block-table\"><table><tbody><tr><td><strong>t\u00edtulo de la p\u00e1gina<\/strong><\/td><td><strong>URL<\/strong><\/td><\/tr><tr><td>Inicio<\/td><td>&nbsp;<a href=\"https:\/\/www.capgemini.com\/\">https:\/\/www.capgemini.com\/<\/a><\/td><\/tr><tr><td>Industrias<\/td><td>&nbsp;<a href=\"https:\/\/www.capgemini.com\/industries\/\">https:\/\/www.capgemini.com\/industries\/<\/a><\/td><\/tr><tr><td>Servicios<\/td><td>&nbsp;<a href=\"https:\/\/www.capgemini.com\/services\/\">https:\/\/www.capgemini.com\/services\/<\/a><\/td><\/tr><tr><td>Qui\u00e9nes somos<\/td><td><a href=\"https:\/\/www.capgemini.com\/about-us\/\">&nbsp;https:\/\/www.capgemini.com\/about-us\/<\/a><\/td><\/tr><tr><td>Carrera<\/td><td>   <a href=\"https:\/\/www.capgemini.com\/careers\/\">https:\/\/www.capgemini.com\/careers\/<\/a><\/td><\/tr><tr><td>Noticias<\/td><td>   <a href=\"https:\/\/www.capgemini.com\/news\/\">https:\/\/www.capgemini.com\/news\/<\/a> <\/td><\/tr><tr><td>Automotriz<\/td><td>&nbsp;<a href=\"https:\/\/www.capgemini.com\/industries\/automotive\/\">https:\/\/www.capgemini.com\/industries\/automotive\/<\/a><\/td><\/tr><tr><td>Investigaci\u00f3n y conocimiento<\/td><td>&nbsp;<a href=\"https:\/\/www.capgemini.com\/insights\/research-library\/\">https:\/\/www.capgemini.com\/insights\/research-library\/<\/a> <\/td><\/tr><tr><td>Conoce a nuestra gente<\/td><td>&nbsp;<a href=\"https:\/\/www.capgemini.com\/careers\/meet-our-people\/\">https:\/\/www.capgemini.com\/careers\/meet-our-people\/<\/a><\/td><\/tr><tr><td>Nube<\/td><td>&nbsp;<a href=\"https:\/\/www.capgemini.com\/services\/cloud\/\">https:\/\/www.capgemini.com\/services\/cloud\/<\/a><\/td><\/tr><tr><td>Ubicaci\u00f3n<\/td><td>&nbsp;<a href=\"https:\/\/www.capgemini.com\/location\/\">https:\/\/www.capgemini.com\/location\/<\/a><\/td><\/tr><tr><td>\u00danete a nosotros<\/td><td>&nbsp;<a href=\"https:\/\/www.capgemini.com\/careers\/join-us\/\">https:\/\/www.capgemini.com\/careers\/join-us\/<\/a><\/td><\/tr><tr><td>Integraci\u00f3n-arquitectura<\/td><td>&nbsp;https:\/\/www.capgemini.com\/jobs\/q7-2kn4BFMQGj22Fl-9U\/integration-architect-uk-wide\/<\/td><\/tr><\/tbody><\/table><\/figure>\n\n\n\n<p><\/p>\n\n\n\n<div style=\"height:49px\" aria-hidden=\"true\" class=\"wp-block-spacer\"><\/div>\n\n\n\n<h3 class=\"wp-block-heading\" id=\"h-comentarios-y-contacto\">Comentarios y contacto<\/h3>\n\n\n\n<p>Si no puede acceder a alg\u00fan contenido o servicio, puede comunicarse con el administrador del sitio web para ser dirigido a una alternativa accesible u obtener el contenido de otra forma.<\/p>\n\n\n\n<p>Contacte con el departamento de comunicaci\u00f3n desde la siguiente direcci\u00f3n: <a href=\"\/ar-es\/contactenos\/\">contacto<\/a>.<\/p>\n\n\n\n<p><strong>Canales de contacto<\/strong><\/p>\n\n\n\n<p>Si ha comunicado al responsable del sitio web una falta de accesibilidad que le impide acceder a alguno de los contenidos o servicios del portal y no ha obtenido una respuesta satisfactoria, tiene derecho a presentar sus reclamaciones o una solicitud de remisi\u00f3n al Defensor de Derechos.<\/p>\n\n\n\n<p>Medios a su disposici\u00f3n:<\/p>\n\n\n\n<p>\u2022 Escriba un mensaje al <a href=\"https:\/\/formulaire.defenseurdesdroits.fr\/\">Defensor de Derechos<\/a><br>\u2022 P\u00f3ngase en contacto con el <a href=\"https:\/\/www.defenseurdesdroits.fr\/saisir\/delegues\">delegado Defensor en su regi\u00f3n<\/a><br>\u2022 Env\u00ede una carta por correo (gratis, no requiere sello)<br>  Defensor de derechos<br>  Free response 71120<br>  75342 Par\u00eds CEDEX 07<\/p>\n<\/div><\/div><\/div><\/div><\/div><\/section>\n\n\n\n<section class=\"wp-block-cg-blocks-intro-para undefined section section--intro\"><div class=\"intro-para\"><div class=\"container\"><div class=\"row\"><div class=\"col-12 col-md-1\"><nav class=\"article-social\"><ul class=\"social-nav\"><li class=\"ip-order-fb\"><a href=\"https:\/\/www.facebook.com\/sharer\/sharer.php?u=https:\/\/www.capgemini.com\/ar-es\/accesibilidad\/\" target=\"_blank\" rel=\"noopener noreferrer\" title=\"opens in a new window\"><i aria-hidden=\"true\" class=\"icon-fb\"><\/i><span class=\"sr-only\">Facebook<\/span><\/a><\/li><li class=\"ip-order-li\"><a href=\"https:\/\/www.linkedin.com\/sharing\/share-offsite\/?url=https:\/\/www.capgemini.com\/ar-es\/accesibilidad\/\" target=\"_blank\" rel=\"noopener noreferrer\" title=\"opens in a new window\"><i aria-hidden=\"true\" class=\"icon-li\"><\/i><span class=\"sr-only\">Linkedin<\/span><\/a><\/li><\/ul><\/nav><\/div><div class=\"col-12 col-md-11 col-lg-10\"><h2 class=\"intro-para-title\">El prop\u00f3sito de Capgemini de &#8220;desatar la energ\u00eda humana a trav\u00e9s de la tecnolog\u00eda para un futuro inclusivo y sostenible&#8221; sustenta una cultura en la que todas las personas son tratadas de manera justa y respetuosa y tienen igual acceso a oportunidades y recursos en todo el Grupo.<\/h2><\/div><\/div><\/div><\/div><\/section>\n","protected":false},"excerpt":{"rendered":"","protected":false},"author":33,"featured_media":0,"parent":0,"menu_order":0,"comment_status":"closed","ping_status":"closed","template":"","meta":{"cg_dt_proposed_to":[0],"cg_seo_hreflang_relations":"[]","cg_seo_canonical_relation":"","cg_seo_hreflang_x_default_relation":"","cg_dt_approved_content":false,"cg_dt_mandatory_content":false,"cg_dt_notes":"","cg_dg_source_changed":false,"cg_dt_link_disabled":false,"_yoast_wpseo_primary_brand":"","footnotes":"","featured_focal_points":"","partner_card_description":"","gsap_animation":0},"brand":[],"partner_type":[],"service":[],"industry":[],"partners":[],"page-type":[],"content-group":[],"class_list":["post-5445","page","type-page","status-publish","hentry"],"yoast_head":"<!-- This site is optimized with the Yoast SEO Premium plugin v22.8 (Yoast SEO v22.8) - https:\/\/yoast.com\/wordpress\/plugins\/seo\/ -->\n<title>Website Accessibility | Capgemini<\/title>\n<meta name=\"description\" content=\"Hemos tratado de dise\u00f1ar y construir un sitio web para que sea accesible a todos.\" \/>\n<meta name=\"robots\" content=\"index, follow, max-snippet:-1, max-image-preview:large, max-video-preview:-1\" \/>\n<link rel=\"canonical\" href=\"https:\/\/www.capgemini.com\/ar-es\/accesibilidad\/\" \/>\n<meta property=\"og:locale\" content=\"es_MX\" \/>\n<meta property=\"og:type\" content=\"article\" \/>\n<meta property=\"og:title\" content=\"Accesibilidad\" \/>\n<meta property=\"og:description\" content=\"Hemos tratado de dise\u00f1ar y construir un sitio web para que sea accesible a todos.\" \/>\n<meta property=\"og:url\" content=\"https:\/\/www.capgemini.com\/ar-es\/accesibilidad\/\" \/>\n<meta property=\"og:site_name\" content=\"Capgemini Argentina\" \/>\n<meta property=\"article:modified_time\" content=\"2025-10-27T15:31:51+00:00\" \/>\n<meta property=\"og:image\" content=\"https:\/\/www.capgemini.com\/ar-es\/wp-content\/uploads\/sites\/9\/2025\/10\/New-Web-preview-global.jpg\" \/>\n\t<meta property=\"og:image:width\" content=\"1200\" \/>\n\t<meta property=\"og:image:height\" content=\"627\" \/>\n\t<meta property=\"og:image:type\" content=\"image\/jpeg\" \/>\n<meta name=\"twitter:card\" content=\"summary_large_image\" \/>\n<script type=\"application\/ld+json\" class=\"yoast-schema-graph\">{\"@context\":\"https:\/\/schema.org\",\"@graph\":[{\"@type\":\"WebPage\",\"@id\":\"https:\/\/www.capgemini.com\/ar-es\/accesibilidad\/\",\"url\":\"https:\/\/www.capgemini.com\/ar-es\/accesibilidad\/\",\"name\":\"Website Accessibility | Capgemini\",\"isPartOf\":{\"@id\":\"https:\/\/www.capgemini.com\/ar-es\/#website\"},\"datePublished\":\"2023-01-30T16:47:36+00:00\",\"dateModified\":\"2025-10-27T15:31:51+00:00\",\"description\":\"Hemos tratado de dise\u00f1ar y construir un sitio web para que sea accesible a todos.\",\"breadcrumb\":{\"@id\":\"https:\/\/www.capgemini.com\/ar-es\/accesibilidad\/#breadcrumb\"},\"inLanguage\":\"es-MX\",\"potentialAction\":[{\"@type\":\"ReadAction\",\"target\":[\"https:\/\/www.capgemini.com\/ar-es\/accesibilidad\/\"]}]},{\"@type\":\"BreadcrumbList\",\"@id\":\"https:\/\/www.capgemini.com\/ar-es\/accesibilidad\/#breadcrumb\",\"itemListElement\":[{\"@type\":\"ListItem\",\"position\":1,\"name\":\"Home\",\"item\":\"https:\/\/www.capgemini.com\/ar-es\/\"},{\"@type\":\"ListItem\",\"position\":2,\"name\":\"Accesibilidad\"}]},{\"@type\":\"WebSite\",\"@id\":\"https:\/\/www.capgemini.com\/ar-es\/#website\",\"url\":\"https:\/\/www.capgemini.com\/ar-es\/\",\"name\":\"Capgemini Argentina\",\"description\":\"Capgemini\",\"potentialAction\":[{\"@type\":\"SearchAction\",\"target\":{\"@type\":\"EntryPoint\",\"urlTemplate\":\"https:\/\/www.capgemini.com\/ar-es\/?s={search_term_string}\"},\"query-input\":\"required name=search_term_string\"}],\"inLanguage\":\"es-MX\"}]}<\/script>\n<!-- \/ Yoast SEO Premium plugin. -->","yoast_head_json":{"title":"Website Accessibility | Capgemini","description":"Hemos tratado de dise\u00f1ar y construir un sitio web para que sea accesible a todos.","robots":{"index":"index","follow":"follow","max-snippet":"max-snippet:-1","max-image-preview":"max-image-preview:large","max-video-preview":"max-video-preview:-1"},"canonical":"https:\/\/www.capgemini.com\/ar-es\/accesibilidad\/","og_locale":"es_MX","og_type":"article","og_title":"Accesibilidad","og_description":"Hemos tratado de dise\u00f1ar y construir un sitio web para que sea accesible a todos.","og_url":"https:\/\/www.capgemini.com\/ar-es\/accesibilidad\/","og_site_name":"Capgemini Argentina","article_modified_time":"2025-10-27T15:31:51+00:00","og_image":[{"width":1200,"height":627,"url":"https:\/\/www.capgemini.com\/ar-es\/wp-content\/uploads\/sites\/9\/2025\/10\/New-Web-preview-global.jpg","type":"image\/jpeg"}],"twitter_card":"summary_large_image","schema":{"@context":"https:\/\/schema.org","@graph":[{"@type":"WebPage","@id":"https:\/\/www.capgemini.com\/ar-es\/accesibilidad\/","url":"https:\/\/www.capgemini.com\/ar-es\/accesibilidad\/","name":"Website Accessibility | Capgemini","isPartOf":{"@id":"https:\/\/www.capgemini.com\/ar-es\/#website"},"datePublished":"2023-01-30T16:47:36+00:00","dateModified":"2025-10-27T15:31:51+00:00","description":"Hemos tratado de dise\u00f1ar y construir un sitio web para que sea accesible a todos.","breadcrumb":{"@id":"https:\/\/www.capgemini.com\/ar-es\/accesibilidad\/#breadcrumb"},"inLanguage":"es-MX","potentialAction":[{"@type":"ReadAction","target":["https:\/\/www.capgemini.com\/ar-es\/accesibilidad\/"]}]},{"@type":"BreadcrumbList","@id":"https:\/\/www.capgemini.com\/ar-es\/accesibilidad\/#breadcrumb","itemListElement":[{"@type":"ListItem","position":1,"name":"Home","item":"https:\/\/www.capgemini.com\/ar-es\/"},{"@type":"ListItem","position":2,"name":"Accesibilidad"}]},{"@type":"WebSite","@id":"https:\/\/www.capgemini.com\/ar-es\/#website","url":"https:\/\/www.capgemini.com\/ar-es\/","name":"Capgemini Argentina","description":"Capgemini","potentialAction":[{"@type":"SearchAction","target":{"@type":"EntryPoint","urlTemplate":"https:\/\/www.capgemini.com\/ar-es\/?s={search_term_string}"},"query-input":"required name=search_term_string"}],"inLanguage":"es-MX"}]}},"brand_term":[],"parsely":{"version":"1.1.0","canonical_url":"https:\/\/capgemini.com\/ar-es\/accesibilidad\/","smart_links":{"inbound":0,"outbound":0},"traffic_boost_suggestions_count":0,"meta":{"@context":"https:\/\/schema.org","@type":"WebPage","headline":"Accesibilidad","url":"https:\/\/www.capgemini.com\/ar-es\/accesibilidad\/","mainEntityOfPage":{"@type":"WebPage","@id":"https:\/\/www.capgemini.com\/ar-es\/accesibilidad\/"},"thumbnailUrl":"","image":{"@type":"ImageObject","url":""},"articleSection":"Uncategorized","author":[],"creator":[],"publisher":{"@type":"Organization","name":"Capgemini Argentina","logo":""},"keywords":[],"dateCreated":"2023-01-30T16:47:36Z","datePublished":"2023-01-30T16:47:36Z","dateModified":"2025-10-27T15:31:51Z"},"rendered":"<meta name=\"parsely-title\" content=\"Accesibilidad\" \/>\n<meta name=\"parsely-link\" content=\"https:\/\/www.capgemini.com\/ar-es\/accesibilidad\/\" \/>\n<meta name=\"parsely-type\" content=\"index\" \/>\n<meta name=\"parsely-pub-date\" content=\"2023-01-30T16:47:36Z\" \/>\n<meta name=\"parsely-section\" content=\"Uncategorized\" \/>","tracker_url":"https:\/\/cdn.parsely.com\/keys\/capgemini.com\/p.js"},"archive_status":false,"featured_image_src":"https:\/\/www.capgemini.com\/ar-es\/wp-content\/themes\/capgemini2025\/assets\/images\/mockup.png","featured_image_alt":false,"jetpack_sharing_enabled":true,"distributor_meta":false,"distributor_terms":false,"distributor_media":false,"distributor_original_site_name":"Capgemini Argentina","distributor_original_site_url":"https:\/\/www.capgemini.com\/ar-es","push-errors":false,"_links":{"self":[{"href":"https:\/\/www.capgemini.com\/ar-es\/wp-json\/wp\/v2\/pages\/5445","targetHints":{"allow":["GET"]}}],"collection":[{"href":"https:\/\/www.capgemini.com\/ar-es\/wp-json\/wp\/v2\/pages"}],"about":[{"href":"https:\/\/www.capgemini.com\/ar-es\/wp-json\/wp\/v2\/types\/page"}],"author":[{"embeddable":true,"href":"https:\/\/www.capgemini.com\/ar-es\/wp-json\/wp\/v2\/users\/33"}],"replies":[{"embeddable":true,"href":"https:\/\/www.capgemini.com\/ar-es\/wp-json\/wp\/v2\/comments?post=5445"}],"version-history":[{"count":10,"href":"https:\/\/www.capgemini.com\/ar-es\/wp-json\/wp\/v2\/pages\/5445\/revisions"}],"predecessor-version":[{"id":520534,"href":"https:\/\/www.capgemini.com\/ar-es\/wp-json\/wp\/v2\/pages\/5445\/revisions\/520534"}],"wp:attachment":[{"href":"https:\/\/www.capgemini.com\/ar-es\/wp-json\/wp\/v2\/media?parent=5445"}],"wp:term":[{"taxonomy":"brand","embeddable":true,"href":"https:\/\/www.capgemini.com\/ar-es\/wp-json\/wp\/v2\/brand?post=5445"},{"taxonomy":"partner_type","embeddable":true,"href":"https:\/\/www.capgemini.com\/ar-es\/wp-json\/wp\/v2\/partner_type?post=5445"},{"taxonomy":"service","embeddable":true,"href":"https:\/\/www.capgemini.com\/ar-es\/wp-json\/wp\/v2\/service?post=5445"},{"taxonomy":"industry","embeddable":true,"href":"https:\/\/www.capgemini.com\/ar-es\/wp-json\/wp\/v2\/industry?post=5445"},{"taxonomy":"partners","embeddable":true,"href":"https:\/\/www.capgemini.com\/ar-es\/wp-json\/wp\/v2\/partners?post=5445"},{"taxonomy":"page-type","embeddable":true,"href":"https:\/\/www.capgemini.com\/ar-es\/wp-json\/wp\/v2\/page-type?post=5445"},{"taxonomy":"content-group","embeddable":true,"href":"https:\/\/www.capgemini.com\/ar-es\/wp-json\/wp\/v2\/content-group?post=5445"}],"curies":[{"name":"wp","href":"https:\/\/api.w.org\/{rel}","templated":true}]}}