{"id":5440,"date":"2022-12-16T07:49:09","date_gmt":"2022-12-16T07:49:09","guid":{"rendered":"https:\/\/www.capgemini.com\/?page_id=659337"},"modified":"2025-03-28T05:16:57","modified_gmt":"2025-03-28T05:16:57","slug":"unete-a-servicenow","status":"publish","type":"page","link":"https:\/\/www.capgemini.com\/ar-es\/solutions\/unete-a-servicenow\/","title":{"rendered":"\u00danete a ServiceNow"},"content":{"rendered":"\n<header class=\"wp-block-cg-blocks-hero-reusable header heroReusable  \"><div class=\"header-bgs\"><picture><source srcset=\"https:\/\/www.capgemini.com\/wp-content\/uploads\/2022\/03\/Capgemini_Service-Now.jpg?w=2880&amp;quality=70 1x, https:\/\/www.capgemini.com\/wp-content\/uploads\/2022\/03\/Capgemini_Service-Now.jpg?w=2880&amp;quality=70 2x\" media=\"(min-width: 1500px)\"\/><source srcset=\"https:\/\/www.capgemini.com\/wp-content\/uploads\/2022\/03\/Capgemini_Service-Now.jpg?w=1440&amp;quality=70 1x, https:\/\/www.capgemini.com\/wp-content\/uploads\/2022\/03\/Capgemini_Service-Now.jpg?w=2880&amp;quality=70 2x\" media=\"(min-width: 992px)\"\/><source srcset=\"https:\/\/www.capgemini.com\/wp-content\/uploads\/2022\/03\/Capgemini_Service-Now.jpg?w=1024&amp;quality=70 1x, https:\/\/www.capgemini.com\/wp-content\/uploads\/2022\/03\/Capgemini_Service-Now.jpg?w=1024&amp;quality=70 2x\" media=\"(min-width: 768px)\"\/><source srcset=\"https:\/\/www.capgemini.com\/wp-content\/uploads\/2022\/03\/Capgemini_Service-Now.jpg?w=768&amp;quality=70 1x, https:\/\/www.capgemini.com\/wp-content\/uploads\/2022\/03\/Capgemini_Service-Now.jpg?w=768&amp;quality=70 2x\" media=\"(min-width: 0)\"\/><img decoding=\"async\" src=\"https:\/\/www.capgemini.com\/wp-content\/uploads\/2022\/03\/Capgemini_Service-Now.jpg\" class=\"header-img header-img-d\" alt=\"\" style=\"object-fit:cover;object-position:48% 28.000000000000004%\" loading=\"eager\"\/><\/picture><\/div><div class=\"heroPictureCardHeaderShape\"><\/div><div class=\"container\"><div class=\"row\"><div class=\"col-md-12\"><div class=\"box\"><div class=\"boxTagWrapper\"><div class=\"tagInfo\"><div><span class=\"box-tag\">Solution<\/span><\/div><\/div><\/div><div class=\"box-title\"><h1 data-maxlength=\"34\">\u00danete a ServiceNow<\/h1><\/div><div class=\"inner-row-insight download-btn\"><\/div><\/div><\/div><\/div><\/div><\/header>\n\n\n\n<section class=\"wp-block-cg-blocks-intro-para undefined section section--intro\"><div class=\"intro-para\"><div class=\"container\"><div class=\"row\"><div class=\"col-12 col-md-1\"><nav class=\"article-social\"><ul class=\"social-nav\"><li class=\"ip-order-fb\"><a href=\"https:\/\/www.facebook.com\/sharer\/sharer.php?u=https:\/\/www.capgemini.com\/ar-es\/solutions\/unete-a-servicenow\/\" target=\"_blank\" rel=\"noopener noreferrer\" title=\"abrir en una nueva ventana\"><i aria-hidden=\"true\" class=\"icon-fb\"><\/i><span class=\"sr-only\">Facebook<\/span><\/a><\/li><li class=\"ip-order-li\"><a href=\"https:\/\/www.linkedin.com\/sharing\/share-offsite\/?url=https:\/\/www.capgemini.com\/ar-es\/solutions\/unete-a-servicenow\/\" target=\"_blank\" rel=\"noopener noreferrer\" title=\"abrir en una nueva ventana\"><i aria-hidden=\"true\" class=\"icon-li\"><\/i><span class=\"sr-only\">Linkedin<\/span><\/a><\/li><\/ul><\/nav><\/div><div class=\"col-12 col-md-11 col-lg-10\"><h2 class=\"intro-para-title\">Excelencia a trav\u00e9s de entornos digitales unificados.<\/h2><p class=\"intro-para-content\">Capgemini y ServiceNow a\u00fanan personas, procesos, tecnolog\u00eda, datos y servicios para ofrecer experiencias excepcionales y resultados empresariales sostenibles. Ayudamos a nuestros clientes a crear y optimizar flujos de trabajo interfuncionales conectando sistemas empresariales dispares en experiencias integradas sin fisuras.<br><br>\u00bfLos flujos de trabajo manuales frenar\u00e1n su transformaci\u00f3n digital? \u00bfO una plataforma integrada cerrar\u00e1 la brecha digital? <br><br>Capgemini es un socio de transformaci\u00f3n integral que aporta una amplia y profunda experiencia en cada compromiso con el cliente, entrelazando todas las capacidades necesarias que las organizaciones necesitan para maximizar su inversi\u00f3n en ServiceNow, y desbloquear el valor continuo &#8211; todo ello a la vez que ofrece una mayor eficiencia y productividad de excelencia.<br><strong><br>Con nosotros, desbloquee el poder del flujo de trabajo hacia un futuro reimaginado.<\/strong><\/p><\/div><\/div><\/div><\/div><\/section>\n\n\n\n<section class=\"wp-block-cg-blocks-how-we-do-it section section--howwedoit block-howwedoit\"><div class=\"container\"><div><div class=\"content-title\"><h2 data-maxlength=\"72\" class=\"expandable-heading-tag\">Nuestras ofertas<\/h2><\/div><p><\/p><\/div><div class=\"section-content\">\n<div class=\"wp-block-cg-blocks-card-howwedoit expanders\"><div class=\"box card-regulated-agreements card-howwedoit\"><div class=\"expander-box filter-box tag-active \"><div class=\"expander-title\" tabindex=\"0\" role=\"button\" aria-pressed=\"false\" aria-expanded=\"false\"><h4>Soluciones digitales para talleres (DSS) con tecnolog\u00eda ServiceNow.<\/h4><\/div><div class=\"expander-subtitle\"><h5>Nuestras soluciones digitales para talleres mejoran la experiencia en el in situ y el rendimiento de los trabajadores mediante procesos estandarizados, ayudando a los fabricantes a conseguir el futuro que desean.<\/h5><\/div><div class=\"expander-content\"><p>Nuestras soluciones digitales para talleres ofrecen una aplicaci\u00f3n digital f\u00e1cil de configurar y utilizar para que los t\u00e9cnicos y trabajadores del taller revisen y ejecuten instrucciones con el fin de auditar y mantener los equipos de fabricaci\u00f3n.<\/p><div class=\"bg-color video-align-right\"><div class=\"container\"><div class=\"row video-align-left\"><div class=\"col-md-12\"><div class=\"video-align-left row box box--4 box--mini\"><div class=\"col-md-3\"><\/div><div class=\"col-md-8 box-img-wrapper\"><div class=\"video-box\"><\/div><\/div><\/div><\/div><\/div><\/div><\/div><div class=\"content-more\"><a class=\"more2\" aria-label=\"Descarga nuestro brochur link\" href=\"https:\/\/www.capgemini.com\/wp-content\/uploads\/2022\/01\/ServiceNow-DSS.pdf\" target=\"\" title=\"Abrir en una nueva ventana\" rel=\"noopener noreferrer\">Descarga nuestro brochur<\/a><\/div><\/div><\/div><\/div><\/div>\n\n\n\n<div class=\"wp-block-cg-blocks-card-howwedoit expanders\"><div class=\"box card-regulated-agreements card-howwedoit\"><div class=\"expander-box filter-box tag-active \"><div class=\"expander-title\" tabindex=\"0\" role=\"button\" aria-pressed=\"false\" aria-expanded=\"false\"><h4>Gesti\u00f3n de servicios empresariales (ESM) en NOW.<\/h4><\/div><div class=\"expander-subtitle\"><h5>Consiga beneficios de excelencia en el servicio para sus clientes y su organizaci\u00f3n.<\/h5><\/div><div class=\"expander-content\"><p>Enterprise Service Management on NOW ayuda a las organizaciones a mejorar dr\u00e1sticamente cualquier proceso comercial en toda la empresa.<br><br>Esto incluye Gesti\u00f3n de servicios al cliente (CSM), Gesti\u00f3n de servicios de recursos humanos (HRSM), Operaciones de seguridad (SecOps), Finanzas, Gesti\u00f3n de servicios empresariales (BSM), Gesti\u00f3n de servicios de TI (ITSM), Gesti\u00f3n de operaciones de TI (ITOM), Gesti\u00f3n empresarial de TI (ITBM). ), y m\u00e1s.<\/p><div class=\"bg-color video-align-right\"><div class=\"container\"><div class=\"row video-align-left\"><div class=\"col-md-12\"><div class=\"video-align-left row box box--4 box--mini\"><div class=\"col-md-3\"><\/div><div class=\"col-md-8 box-img-wrapper\"><div class=\"video-box\"><\/div><\/div><\/div><\/div><\/div><\/div><\/div><div class=\"content-more\"><a class=\"more2\" aria-label=\"Nuestros ESM servicios link\" href=\"\/ar-es\/servicios\/enterprise-management\/gestion-de-servicios-empresariales\/\" target=\"\" title=\"Abrir en una nueva ventana\" rel=\"noopener noreferrer\">Nuestros ESM servicios<\/a><\/div><\/div><\/div><\/div><\/div>\n\n\n\n<div class=\"wp-block-cg-blocks-card-howwedoit expanders\"><div class=\"box card-regulated-agreements card-howwedoit\"><div class=\"expander-box filter-box tag-active \"><div class=\"expander-title\" tabindex=\"0\" role=\"button\" aria-pressed=\"false\" aria-expanded=\"false\"><h4>Integraci\u00f3n y Gesti\u00f3n de Servicios Digitales (SIAM)<\/h4><\/div><div class=\"expander-subtitle\"><h5>Libere todo el potencial de su complejo ecosistema empresarial multiproveedor con nuestras soluciones de integraci\u00f3n y gesti\u00f3n de servicios digitales (SIAM) y consiga la satisfacci\u00f3n del cliente de principio a fin.<\/h5><\/div><div class=\"expander-content\"><p>Digital SIAM re\u00fane los servicios de TI contratados por separado para garantizar que funcionen juntos de forma coherente y ofrezcan valor empresarial.<br><br>Le da el control al eliminar la duplicaci\u00f3n de servicios y crear un modelo de proveedor &#8220;plug and play&#8221;, adem\u00e1s de ofrecer una experiencia de usuario din\u00e1mica.<\/p><div class=\"bg-color video-align-right\"><div class=\"container\"><div class=\"row video-align-left\"><div class=\"col-md-12\"><div class=\"video-align-left row box box--4 box--mini\"><div class=\"col-md-3\"><\/div><div class=\"col-md-8 box-img-wrapper\"><div class=\"video-box\"><\/div><\/div><\/div><\/div><\/div><\/div><\/div><div class=\"content-more\"><a class=\"more2\" aria-label=\"Descarga nuestro brochur link\" href=\"https:\/\/www.capgemini.com\/resources\/brochure-digital-siam\/\" target=\"_blank\" title=\"Abrir en una nueva ventana\" rel=\"noopener noreferrer\">Descarga nuestro brochur<\/a><\/div><\/div><\/div><\/div><\/div>\n\n\n\n<div class=\"wp-block-cg-blocks-card-howwedoit expanders\"><div class=\"box card-regulated-agreements card-howwedoit\"><div class=\"expander-box filter-box tag-active \"><div class=\"expander-title\" tabindex=\"0\" role=\"button\" aria-pressed=\"false\" aria-expanded=\"false\"><h4>Intelligent People Operations (IPO) con tecnolog\u00eda ServiceNow<\/h4><\/div><div class=\"expander-subtitle\"><h5>Intelligent People Operations impulsado por ServiceNow re\u00fane los servicios de RR.HH en una \u00fanica plataforma sin fricciones, para que las personas puedan obtener todo lo que necesitan. Empleados contentos. Mayor productividad.<\/h5><\/div><div class=\"expander-content\"><p>Al implantar la aplicaci\u00f3n ServiceNow HR Service Delivery, su funci\u00f3n de RR.HH. podr\u00e1 ofrecer una experiencia mejorada a los empleados, reducir costes, aumentar la productividad y mejorar la eficiencia de los recursos.<\/p><div class=\"bg-color video-align-right\"><div class=\"container\"><div class=\"row video-align-left\"><div class=\"col-md-12\"><div class=\"video-align-left row box box--4 box--mini\"><div class=\"col-md-3\"><\/div><div class=\"col-md-8 box-img-wrapper\"><div class=\"video-box\"><\/div><\/div><\/div><\/div><\/div><\/div><\/div>\n\n<p><\/p>\n\n<div class=\"content-more\"><a class=\"more2\" aria-label=\"Descarga nuestro brochur link\" href=\"https:\/\/www.capgemini.com\/wp-content\/uploads\/2021\/09\/Digital-Employee-Operations-Powered-by-ServiceNow%C2%AE.pdf\" target=\"_blank\" title=\"Abrir en una nueva ventana\" rel=\"noopener noreferrer\">Descarga nuestro brochur<\/a><a class=\"more2\" aria-label=\"Visite la p\u00e1gina dedicad link\" href=\"\/ar-es\/servicios\/enterprise-management\/business-services\/operaciones-de-personas-inteligentes\/\" target=\"_blank\" title=\"Abrir en una nueva ventana\" rel=\"noopener noreferrer\">Visite la p\u00e1gina dedicad<\/a><\/div><\/div><\/div><\/div><\/div>\n<\/div><\/div><\/section>\n","protected":false},"excerpt":{"rendered":"","protected":false},"author":151,"featured_media":0,"parent":5720,"menu_order":0,"comment_status":"closed","ping_status":"closed","template":"","meta":{"cg_dt_proposed_to":[0],"cg_seo_hreflang_relations":"[]","cg_seo_canonical_relation":"","cg_seo_hreflang_x_default_relation":"","cg_dt_approved_content":false,"cg_dt_mandatory_content":false,"cg_dt_notes":"","cg_dg_source_changed":false,"cg_dt_link_disabled":false,"_yoast_wpseo_primary_brand":"","footnotes":"","featured_focal_points":"","partner_card_description":"","gsap_animation":0},"brand":[],"partner_type":[],"service":[],"industry":[],"partners":[],"page-type":[167],"content-group":[],"class_list":["post-5440","page","type-page","status-publish","hentry","page-type-solutions"],"yoast_head":"<!-- This site is optimized with the Yoast SEO Premium plugin v22.8 (Yoast SEO v22.8) - https:\/\/yoast.com\/wordpress\/plugins\/seo\/ -->\n<title>\u00danete a ServiceNow | Capgemini<\/title>\n<meta name=\"description\" content=\"Ofrecer excelencia a trav\u00e9s de entornos digitales unificados.\" \/>\n<meta name=\"robots\" content=\"index, follow, max-snippet:-1, max-image-preview:large, max-video-preview:-1\" \/>\n<link rel=\"canonical\" href=\"https:\/\/www.capgemini.com\/ar-es\/solutions\/unete-a-servicenow\/\" \/>\n<meta property=\"og:locale\" content=\"es_MX\" \/>\n<meta property=\"og:type\" content=\"article\" \/>\n<meta property=\"og:title\" content=\"\u00danete a ServiceNow\" \/>\n<meta property=\"og:description\" content=\"Ofrecer excelencia a trav\u00e9s de entornos digitales unificados.\" \/>\n<meta property=\"og:url\" content=\"https:\/\/www.capgemini.com\/ar-es\/solutions\/unete-a-servicenow\/\" \/>\n<meta property=\"og:site_name\" content=\"Capgemini Argentina\" \/>\n<meta property=\"article:modified_time\" content=\"2025-03-28T05:16:57+00:00\" \/>\n<meta property=\"og:image\" content=\"https:\/\/www.capgemini.com\/wp-content\/uploads\/2022\/03\/Capgemini_Service-Now.jpg\" \/>\n<meta name=\"twitter:card\" content=\"summary_large_image\" \/>\n<meta name=\"twitter:label1\" content=\"Est. reading time\" \/>\n\t<meta name=\"twitter:data1\" content=\"3 minutes\" \/>\n<script type=\"application\/ld+json\" class=\"yoast-schema-graph\">{\"@context\":\"https:\/\/schema.org\",\"@graph\":[{\"@type\":\"WebPage\",\"@id\":\"https:\/\/www.capgemini.com\/ar-es\/solutions\/unete-a-servicenow\/\",\"url\":\"https:\/\/www.capgemini.com\/ar-es\/solutions\/unete-a-servicenow\/\",\"name\":\"\u00danete a ServiceNow | Capgemini\",\"isPartOf\":{\"@id\":\"https:\/\/www.capgemini.com\/ar-es\/#website\"},\"primaryImageOfPage\":{\"@id\":\"https:\/\/www.capgemini.com\/ar-es\/solutions\/unete-a-servicenow\/#primaryimage\"},\"image\":{\"@id\":\"https:\/\/www.capgemini.com\/ar-es\/solutions\/unete-a-servicenow\/#primaryimage\"},\"thumbnailUrl\":\"https:\/\/www.capgemini.com\/wp-content\/uploads\/2022\/03\/Capgemini_Service-Now.jpg\",\"datePublished\":\"2022-12-16T07:49:09+00:00\",\"dateModified\":\"2025-03-28T05:16:57+00:00\",\"description\":\"Ofrecer excelencia a trav\u00e9s de entornos digitales unificados.\",\"breadcrumb\":{\"@id\":\"https:\/\/www.capgemini.com\/ar-es\/solutions\/unete-a-servicenow\/#breadcrumb\"},\"inLanguage\":\"es-MX\",\"potentialAction\":[{\"@type\":\"ReadAction\",\"target\":[\"https:\/\/www.capgemini.com\/ar-es\/solutions\/unete-a-servicenow\/\"]}]},{\"@type\":\"ImageObject\",\"inLanguage\":\"es-MX\",\"@id\":\"https:\/\/www.capgemini.com\/ar-es\/solutions\/unete-a-servicenow\/#primaryimage\",\"url\":\"https:\/\/www.capgemini.com\/wp-content\/uploads\/2022\/03\/Capgemini_Service-Now.jpg\",\"contentUrl\":\"https:\/\/www.capgemini.com\/wp-content\/uploads\/2022\/03\/Capgemini_Service-Now.jpg\"},{\"@type\":\"BreadcrumbList\",\"@id\":\"https:\/\/www.capgemini.com\/ar-es\/solutions\/unete-a-servicenow\/#breadcrumb\",\"itemListElement\":[{\"@type\":\"ListItem\",\"position\":1,\"name\":\"Home\",\"item\":\"https:\/\/www.capgemini.com\/ar-es\/\"},{\"@type\":\"ListItem\",\"position\":2,\"name\":\"Solutions\",\"item\":\"https:\/\/www.capgemini.com\/ar-es\/?page_id=5720&preview_id=5720\"},{\"@type\":\"ListItem\",\"position\":3,\"name\":\"\u00danete a ServiceNow\"}]},{\"@type\":\"WebSite\",\"@id\":\"https:\/\/www.capgemini.com\/ar-es\/#website\",\"url\":\"https:\/\/www.capgemini.com\/ar-es\/\",\"name\":\"Capgemini Argentina\",\"description\":\"Capgemini\",\"potentialAction\":[{\"@type\":\"SearchAction\",\"target\":{\"@type\":\"EntryPoint\",\"urlTemplate\":\"https:\/\/www.capgemini.com\/ar-es\/?s={search_term_string}\"},\"query-input\":\"required name=search_term_string\"}],\"inLanguage\":\"es-MX\"}]}<\/script>\n<!-- \/ Yoast SEO Premium plugin. -->","yoast_head_json":{"title":"\u00danete a ServiceNow | Capgemini","description":"Ofrecer excelencia a trav\u00e9s de entornos digitales unificados.","robots":{"index":"index","follow":"follow","max-snippet":"max-snippet:-1","max-image-preview":"max-image-preview:large","max-video-preview":"max-video-preview:-1"},"canonical":"https:\/\/www.capgemini.com\/ar-es\/solutions\/unete-a-servicenow\/","og_locale":"es_MX","og_type":"article","og_title":"\u00danete a ServiceNow","og_description":"Ofrecer excelencia a trav\u00e9s de entornos digitales unificados.","og_url":"https:\/\/www.capgemini.com\/ar-es\/solutions\/unete-a-servicenow\/","og_site_name":"Capgemini Argentina","article_modified_time":"2025-03-28T05:16:57+00:00","og_image":[{"url":"https:\/\/www.capgemini.com\/wp-content\/uploads\/2022\/03\/Capgemini_Service-Now.jpg"}],"twitter_card":"summary_large_image","twitter_misc":{"Est. reading time":"3 minutes"},"schema":{"@context":"https:\/\/schema.org","@graph":[{"@type":"WebPage","@id":"https:\/\/www.capgemini.com\/ar-es\/solutions\/unete-a-servicenow\/","url":"https:\/\/www.capgemini.com\/ar-es\/solutions\/unete-a-servicenow\/","name":"\u00danete a ServiceNow | Capgemini","isPartOf":{"@id":"https:\/\/www.capgemini.com\/ar-es\/#website"},"primaryImageOfPage":{"@id":"https:\/\/www.capgemini.com\/ar-es\/solutions\/unete-a-servicenow\/#primaryimage"},"image":{"@id":"https:\/\/www.capgemini.com\/ar-es\/solutions\/unete-a-servicenow\/#primaryimage"},"thumbnailUrl":"https:\/\/www.capgemini.com\/wp-content\/uploads\/2022\/03\/Capgemini_Service-Now.jpg","datePublished":"2022-12-16T07:49:09+00:00","dateModified":"2025-03-28T05:16:57+00:00","description":"Ofrecer excelencia a trav\u00e9s de entornos digitales unificados.","breadcrumb":{"@id":"https:\/\/www.capgemini.com\/ar-es\/solutions\/unete-a-servicenow\/#breadcrumb"},"inLanguage":"es-MX","potentialAction":[{"@type":"ReadAction","target":["https:\/\/www.capgemini.com\/ar-es\/solutions\/unete-a-servicenow\/"]}]},{"@type":"ImageObject","inLanguage":"es-MX","@id":"https:\/\/www.capgemini.com\/ar-es\/solutions\/unete-a-servicenow\/#primaryimage","url":"https:\/\/www.capgemini.com\/wp-content\/uploads\/2022\/03\/Capgemini_Service-Now.jpg","contentUrl":"https:\/\/www.capgemini.com\/wp-content\/uploads\/2022\/03\/Capgemini_Service-Now.jpg"},{"@type":"BreadcrumbList","@id":"https:\/\/www.capgemini.com\/ar-es\/solutions\/unete-a-servicenow\/#breadcrumb","itemListElement":[{"@type":"ListItem","position":1,"name":"Home","item":"https:\/\/www.capgemini.com\/ar-es\/"},{"@type":"ListItem","position":2,"name":"Solutions","item":"https:\/\/www.capgemini.com\/ar-es\/?page_id=5720&preview_id=5720"},{"@type":"ListItem","position":3,"name":"\u00danete a ServiceNow"}]},{"@type":"WebSite","@id":"https:\/\/www.capgemini.com\/ar-es\/#website","url":"https:\/\/www.capgemini.com\/ar-es\/","name":"Capgemini Argentina","description":"Capgemini","potentialAction":[{"@type":"SearchAction","target":{"@type":"EntryPoint","urlTemplate":"https:\/\/www.capgemini.com\/ar-es\/?s={search_term_string}"},"query-input":"required name=search_term_string"}],"inLanguage":"es-MX"}]}},"brand_term":[],"parsely":{"version":"1.1.0","canonical_url":"https:\/\/capgemini.com\/ar-es\/solutions\/unete-a-servicenow\/","smart_links":{"inbound":0,"outbound":0},"traffic_boost_suggestions_count":0,"meta":{"@context":"https:\/\/schema.org","@type":"WebPage","headline":"\u00danete a ServiceNow","url":"https:\/\/www.capgemini.com\/ar-es\/solutions\/unete-a-servicenow\/","mainEntityOfPage":{"@type":"WebPage","@id":"https:\/\/www.capgemini.com\/ar-es\/solutions\/unete-a-servicenow\/"},"thumbnailUrl":"","image":{"@type":"ImageObject","url":""},"articleSection":"Uncategorized","author":[],"creator":[],"publisher":{"@type":"Organization","name":"Capgemini Argentina","logo":""},"keywords":[],"dateCreated":"2022-12-16T07:49:09Z","datePublished":"2022-12-16T07:49:09Z","dateModified":"2025-03-28T05:16:57Z"},"rendered":"<meta name=\"parsely-title\" content=\"\u00danete a ServiceNow\" \/>\n<meta name=\"parsely-link\" content=\"https:\/\/www.capgemini.com\/ar-es\/solutions\/unete-a-servicenow\/\" \/>\n<meta name=\"parsely-type\" content=\"index\" \/>\n<meta name=\"parsely-pub-date\" content=\"2022-12-16T07:49:09Z\" \/>\n<meta name=\"parsely-section\" content=\"Uncategorized\" \/>","tracker_url":"https:\/\/cdn.parsely.com\/keys\/capgemini.com\/p.js"},"archive_status":false,"featured_image_src":"https:\/\/www.capgemini.com\/ar-es\/wp-content\/themes\/capgemini2025\/assets\/images\/mockup.png","featured_image_alt":false,"jetpack_sharing_enabled":true,"distributor_meta":false,"distributor_terms":false,"distributor_media":false,"distributor_original_site_name":"Capgemini Argentina","distributor_original_site_url":"https:\/\/www.capgemini.com\/ar-es","push-errors":false,"_links":{"self":[{"href":"https:\/\/www.capgemini.com\/ar-es\/wp-json\/wp\/v2\/pages\/5440","targetHints":{"allow":["GET"]}}],"collection":[{"href":"https:\/\/www.capgemini.com\/ar-es\/wp-json\/wp\/v2\/pages"}],"about":[{"href":"https:\/\/www.capgemini.com\/ar-es\/wp-json\/wp\/v2\/types\/page"}],"author":[{"embeddable":true,"href":"https:\/\/www.capgemini.com\/ar-es\/wp-json\/wp\/v2\/users\/151"}],"replies":[{"embeddable":true,"href":"https:\/\/www.capgemini.com\/ar-es\/wp-json\/wp\/v2\/comments?post=5440"}],"version-history":[{"count":11,"href":"https:\/\/www.capgemini.com\/ar-es\/wp-json\/wp\/v2\/pages\/5440\/revisions"}],"predecessor-version":[{"id":515840,"href":"https:\/\/www.capgemini.com\/ar-es\/wp-json\/wp\/v2\/pages\/5440\/revisions\/515840"}],"up":[{"embeddable":true,"href":"https:\/\/www.capgemini.com\/ar-es\/wp-json\/wp\/v2\/pages\/5720"}],"wp:attachment":[{"href":"https:\/\/www.capgemini.com\/ar-es\/wp-json\/wp\/v2\/media?parent=5440"}],"wp:term":[{"taxonomy":"brand","embeddable":true,"href":"https:\/\/www.capgemini.com\/ar-es\/wp-json\/wp\/v2\/brand?post=5440"},{"taxonomy":"partner_type","embeddable":true,"href":"https:\/\/www.capgemini.com\/ar-es\/wp-json\/wp\/v2\/partner_type?post=5440"},{"taxonomy":"service","embeddable":true,"href":"https:\/\/www.capgemini.com\/ar-es\/wp-json\/wp\/v2\/service?post=5440"},{"taxonomy":"industry","embeddable":true,"href":"https:\/\/www.capgemini.com\/ar-es\/wp-json\/wp\/v2\/industry?post=5440"},{"taxonomy":"partners","embeddable":true,"href":"https:\/\/www.capgemini.com\/ar-es\/wp-json\/wp\/v2\/partners?post=5440"},{"taxonomy":"page-type","embeddable":true,"href":"https:\/\/www.capgemini.com\/ar-es\/wp-json\/wp\/v2\/page-type?post=5440"},{"taxonomy":"content-group","embeddable":true,"href":"https:\/\/www.capgemini.com\/ar-es\/wp-json\/wp\/v2\/content-group?post=5440"}],"curies":[{"name":"wp","href":"https:\/\/api.w.org\/{rel}","templated":true}]}}