{"id":5428,"date":"2022-03-17T06:17:22","date_gmt":"2022-03-17T06:17:22","guid":{"rendered":"https:\/\/www.capgemini.com\/?page_id=660584"},"modified":"2025-03-28T06:15:05","modified_gmt":"2025-03-28T06:15:05","slug":"transformar-el-nucleo-digital-de-los-productos-de-consumo","status":"publish","type":"page","link":"https:\/\/www.capgemini.com\/ar-es\/solutions\/transformar-el-nucleo-digital-de-los-productos-de-consumo\/","title":{"rendered":"Transformar el n\u00facleo Digital de los Productos de Consumo"},"content":{"rendered":"\n<header class=\"wp-block-cg-blocks-hero-reusable header heroReusable  \"><div class=\"header-bgs\"><picture><source srcset=\"https:\/\/www.capgemini.com\/wp-content\/uploads\/2022\/04\/Capture-53.jpg?w=2880&amp;quality=70 1x, https:\/\/www.capgemini.com\/wp-content\/uploads\/2022\/04\/Capture-53.jpg?w=2880&amp;quality=70 2x\" media=\"(min-width: 1500px)\"\/><source srcset=\"https:\/\/www.capgemini.com\/wp-content\/uploads\/2022\/04\/Capture-53.jpg?w=1440&amp;quality=70 1x, https:\/\/www.capgemini.com\/wp-content\/uploads\/2022\/04\/Capture-53.jpg?w=2880&amp;quality=70 2x\" media=\"(min-width: 992px)\"\/><source srcset=\"https:\/\/www.capgemini.com\/wp-content\/uploads\/2022\/04\/Capture-53.jpg?w=1024&amp;quality=70 1x, https:\/\/www.capgemini.com\/wp-content\/uploads\/2022\/04\/Capture-53.jpg?w=1024&amp;quality=70 2x\" media=\"(min-width: 768px)\"\/><source srcset=\"https:\/\/www.capgemini.com\/wp-content\/uploads\/2022\/04\/Capture-53.jpg?w=768&amp;quality=70 1x, https:\/\/www.capgemini.com\/wp-content\/uploads\/2022\/04\/Capture-53.jpg?w=768&amp;quality=70 2x\" media=\"(min-width: 0)\"\/><img decoding=\"async\" src=\"https:\/\/www.capgemini.com\/wp-content\/uploads\/2022\/04\/Capture-53.jpg\" class=\"header-img header-img-d\" alt=\"\" style=\"object-fit:cover;object-position:50% 50%\" loading=\"eager\"\/><\/picture><\/div><div class=\"heroPictureCardHeaderShape\"><\/div><div class=\"container\"><div class=\"row\"><div class=\"col-md-12\"><div class=\"box\"><div class=\"boxTagWrapper\"><div class=\"tagInfo\"><div><span class=\"box-tag\">Solution<\/span><\/div><\/div><\/div><div class=\"box-title\"><h1 data-maxlength=\"34\">Transformar el n\u00facleo Digital de los Productos de Consumo<\/h1><\/div><div class=\"inner-row-insight download-btn\"><\/div><\/div><\/div><\/div><\/div><\/header>\n\n\n\n<section class=\"wp-block-cg-blocks-intro-para undefined section section--intro\"><div class=\"intro-para\"><div class=\"container\"><div class=\"row\"><div class=\"col-12 col-md-1\"><nav class=\"article-social\"><ul class=\"social-nav\"><li class=\"ip-order-fb\"><a href=\"https:\/\/www.facebook.com\/sharer\/sharer.php?u=https:\/\/www.capgemini.com\/ar-es\/solutions\/transformar-el-nucleo-digital-de-los-productos-de-consumo\/\" target=\"_blank\" rel=\"noopener noreferrer\" title=\"abrir en una nueva ventana\"><i aria-hidden=\"true\" class=\"icon-fb\"><\/i><span class=\"sr-only\">Facebook<\/span><\/a><\/li><li class=\"ip-order-li\"><a href=\"https:\/\/www.linkedin.com\/sharing\/share-offsite\/?url=https:\/\/www.capgemini.com\/ar-es\/solutions\/transformar-el-nucleo-digital-de-los-productos-de-consumo\/\" target=\"_blank\" rel=\"noopener noreferrer\" title=\"abrir en una nueva ventana\"><i aria-hidden=\"true\" class=\"icon-li\"><\/i><span class=\"sr-only\">Linkedin<\/span><\/a><\/li><\/ul><\/nav><\/div><div class=\"col-12 col-md-11 col-lg-10\"><h2 class=\"intro-para-title\">La transformaci\u00f3n del n\u00facleo digital para los Productos de Consumo le permite lograr una implementaci\u00f3n perfecta de S\/4HANA, al tiempo que aprovecha nuestra promesa de The Renewable Enterprise. Le permite desarrollar un negocio capaz de crecer, adaptarse y renovarse constantemente, desbloqueando valor empresarial y superando a la competencia.<br><\/h2><\/div><\/div><\/div><\/div><\/section>\n\n\n\n<section class=\"wp-block-cg-blocks-group undefined section section--article-content\"><div class=\"article-main-content\"><div class=\"container\"><div class=\"row\"><div class=\"col-12 col-md-11 col-lg-10 offset-md-1 offset-lg-1\"><div class=\"article-text article-quote-text\">\n<p>Capgemini es la gu\u00eda definitiva para la transformaci\u00f3n del n\u00facleo digital de las empresas de productos de consumo, capaz de compartir habilidades \u00fanicas y espec\u00edficas para ayudarle a navegar por los cambios sin precedentes del mercado y las tendencias desencadenadas por la tecnolog\u00eda.<\/p>\n\n\n\n<p>Con la Transformaci\u00f3n Digital Core para Productos de Consumo, contamos con los activos relevantes e industrializados para acelerar el dise\u00f1o y la construcci\u00f3n, promoviendo una implementaci\u00f3n de calidad, as\u00ed como con experiencia demostrada en la optimizaci\u00f3n de las operaciones de las empresas de productos de consumo en toda la cadena de valor.<\/p>\n\n\n\n<h3 class=\"wp-block-heading\" id=\"h-orquestamos-su-transformacion-sin-fisuras\"><strong><strong>Orquestamos su transformaci\u00f3n sin fisuras<\/strong><\/strong><\/h3>\n\n\n\n<p>Empleamos metodolog\u00edas de eficacia probada y nuestras \u00faltimas innovaciones para orquestar las palancas de plataformas, aplicaciones, procesos, cambio, liderazgo, talento y cultura.<\/p>\n\n\n\n<p>Nuestro profundo conocimiento de los retos exclusivos del sector de los productos de consumo refleja nuestra experiencia demostrada de trabajo con las empresas de productos de consumo m\u00e1s grandes y de mayor \u00e9xito del mundo. Estamos en una posici\u00f3n \u00fanica con talento interno para hacer posible su visi\u00f3n.<\/p>\n\n\n\n<p>Nuestro equipo de expertos en productos de consumo trabaja para crear una visi\u00f3n digital y una hoja de ruta de transformaci\u00f3n a medida, equip\u00e1ndole para iniciar hoy mismo proyectos que transformar\u00e1n su negocio en una organizaci\u00f3n altamente eficiente, capaz de reaccionar a las tendencias del mercado con ofertas nuevas y personalizadas a una velocidad extraordinaria.<\/p>\n\n\n\n<figure class=\"wp-block-embed is-type-video is-provider-youtube wp-block-embed-youtube wp-embed-aspect-16-9 wp-has-aspect-ratio\"><div class=\"wp-block-embed__wrapper\">\n<iframe loading=\"lazy\" title=\"Capgemini SAP Vision\" width=\"960\" height=\"540\" src=\"https:\/\/www.youtube.com\/embed\/iBihNuCkTKY?feature=oembed\" frameborder=\"0\" allow=\"accelerometer; autoplay; clipboard-write; encrypted-media; gyroscope; picture-in-picture\" allowfullscreen><\/iframe>\n<\/div><\/figure>\n\n\n\n<p><\/p>\n\n\n\n<h3 class=\"wp-block-heading\" id=\"h-cree-una-hoja-de-ruta-personalizada-y-escalable-para-su-viaje-de-transformacion-nbsp-nbsp\"><strong>Cree una hoja de ruta personalizada y escalable para su viaje de transformaci\u00f3n:&nbsp;&nbsp;<\/strong><\/h3>\n\n\n\n<ul class=\"wp-block-list\">\n<li><strong>Highway to S\/4HANA<\/strong> &#8211; Una ruta de migraci\u00f3n r\u00e1pida y sin complicaciones: Highway to S\/4HANA es una de nuestras iniciativas estrat\u00e9gicas clave y hemos invertido significativamente para convertirla en una oferta fundamental para el cliente.<\/li>\n\n\n\n<li><strong>Una ruta de migraci\u00f3n r\u00e1pida y sin problemas<\/strong>: Highway to S\/4HANA es nuestro enfoque industrializado, dise\u00f1ado para que no tenga que crear estrategias desde cero. Lo utilizamos como plataforma, lo que le permite adoptar modelos de negocio en r\u00e1pida evoluci\u00f3n y lograr una transformaci\u00f3n empresarial continua.<\/li>\n\n\n\n<li><strong>M\u00e1xima facilidad de implantaci\u00f3n<\/strong>: Proporcionamos una ruta inteligente a la empresa renovable, con plataformas y soluciones de referencia del sector preintegradas en S\/4HANA, para nuestros sectores seleccionados, con marco para casos de uso conectados \/ inteligentes incorporados.<\/li>\n\n\n\n<li><strong>Habilite su empresa en constante evoluci\u00f3n<\/strong>: La Empresa Renovable es nuestra promesa de que, cuando migremos o actualicemos la plataforma, la dise\u00f1aremos para permitir que las empresas evolucionen continuamente a medida que los clientes demanden diferentes tipos de compromiso, productos y servicios.<\/li>\n\n\n\n<li><strong>Llegar m\u00e1s r\u00e1pido al mercado<\/strong>: CPGPath es una plataforma de activos y aceleradores premium que mejoran el rendimiento, impulsan el despliegue acelerado y mitigan el riesgo de su programa de transformaci\u00f3n.<\/li>\n\n\n\n<li><strong>Soluciones \u00e1giles para un negocio pr\u00f3spero<\/strong>: iCaptivate es la metodolog\u00eda \u00e1gil para SAP l\u00edder del mercado. Una soluci\u00f3n S\/4HANA integral (n\u00facleo digital) basada en las mejores pr\u00e1cticas del sector.<\/li>\n<\/ul>\n\n\n\n<h3 class=\"wp-block-heading\" id=\"h-aprovechara-la-oportunidad-de-una-generacion\"><strong><strong>\u00bfAprovechar\u00e1 la oportunidad de una generaci\u00f3n?<\/strong><\/strong><\/h3>\n\n\n\n<p><strong><em>La transformaci\u00f3n del n\u00facleo digital de PC<\/em><\/strong> nos ofrece la oportunidad de una generaci\u00f3n. La oportunidad de acertar con la transformaci\u00f3n digital. La oportunidad de hacer realidad la promesa de La Empresa Renovable. La oportunidad de ofrecer experiencias que logren la intimidad que los clientes exigen cada vez m\u00e1s.<\/p>\n<\/div><\/div><\/div><\/div><\/div><\/section>\n","protected":false},"excerpt":{"rendered":"","protected":false},"author":151,"featured_media":0,"parent":5720,"menu_order":0,"comment_status":"closed","ping_status":"closed","template":"","meta":{"cg_dt_proposed_to":[0],"cg_seo_hreflang_relations":"[]","cg_seo_canonical_relation":"","cg_seo_hreflang_x_default_relation":"{\"uuid\":\"5614112e-7e1b-4f3e-901c-bcf8499f5842\",\"blogId\":\"\",\"domain\":\"\",\"sitePath\":\"\",\"postLink\":\"\",\"postId\":null,\"isSaved\":false,\"isCrossLink\":false,\"hasCrossLink\":false}","cg_dt_approved_content":false,"cg_dt_mandatory_content":false,"cg_dt_notes":"","cg_dg_source_changed":false,"cg_dt_link_disabled":false,"_yoast_wpseo_primary_brand":"","footnotes":"","featured_focal_points":"","partner_card_description":"","gsap_animation":0},"brand":[],"partner_type":[],"service":[],"industry":[],"partners":[],"page-type":[167],"content-group":[],"class_list":["post-5428","page","type-page","status-publish","hentry","page-type-solutions"],"yoast_head":"<!-- This site is optimized with the Yoast SEO Premium plugin v22.8 (Yoast SEO v22.8) - https:\/\/yoast.com\/wordpress\/plugins\/seo\/ -->\n<title>Transformar el n\u00facleo Digital de los Productos de Consumo | Capgemini<\/title>\n<meta name=\"description\" content=\"La transformaci\u00f3n del n\u00facleo digital para los Productos de Consumo le permite lograr una implementaci\u00f3n perfecta de S\/4HANA. Permite desarrollar un negocio capaz de crecer, adaptarse y renovarse constantemente, desbloqueando valor empresarial y superando a la competencia.\" \/>\n<meta name=\"robots\" content=\"index, follow, max-snippet:-1, max-image-preview:large, max-video-preview:-1\" \/>\n<link rel=\"canonical\" href=\"https:\/\/www.capgemini.com\/ar-es\/solutions\/transformar-el-nucleo-digital-de-los-productos-de-consumo\/\" \/>\n<meta property=\"og:locale\" content=\"es_MX\" \/>\n<meta property=\"og:type\" content=\"article\" \/>\n<meta property=\"og:title\" content=\"Transformar el n\u00facleo Digital de los Productos de Consumo\" \/>\n<meta property=\"og:description\" content=\"La transformaci\u00f3n del n\u00facleo digital para los Productos de Consumo le permite lograr una implementaci\u00f3n perfecta de S\/4HANA. Permite desarrollar un negocio capaz de crecer, adaptarse y renovarse constantemente, desbloqueando valor empresarial y superando a la competencia.\" \/>\n<meta property=\"og:url\" content=\"https:\/\/www.capgemini.com\/ar-es\/solutions\/transformar-el-nucleo-digital-de-los-productos-de-consumo\/\" \/>\n<meta property=\"og:site_name\" content=\"Capgemini Argentina\" \/>\n<meta property=\"article:modified_time\" content=\"2025-03-28T06:15:05+00:00\" \/>\n<meta property=\"og:image\" content=\"https:\/\/www.capgemini.com\/wp-content\/uploads\/2022\/04\/Capture-53.jpg\" \/>\n<meta name=\"twitter:card\" content=\"summary_large_image\" \/>\n<meta name=\"twitter:label1\" content=\"Est. reading time\" \/>\n\t<meta name=\"twitter:data1\" content=\"3 minutes\" \/>\n<script type=\"application\/ld+json\" class=\"yoast-schema-graph\">{\"@context\":\"https:\/\/schema.org\",\"@graph\":[{\"@type\":\"WebPage\",\"@id\":\"https:\/\/www.capgemini.com\/ar-es\/solutions\/transformar-el-nucleo-digital-de-los-productos-de-consumo\/\",\"url\":\"https:\/\/www.capgemini.com\/ar-es\/solutions\/transformar-el-nucleo-digital-de-los-productos-de-consumo\/\",\"name\":\"Transformar el n\u00facleo Digital de los Productos de Consumo | Capgemini\",\"isPartOf\":{\"@id\":\"https:\/\/www.capgemini.com\/ar-es\/#website\"},\"primaryImageOfPage\":{\"@id\":\"https:\/\/www.capgemini.com\/ar-es\/solutions\/transformar-el-nucleo-digital-de-los-productos-de-consumo\/#primaryimage\"},\"image\":{\"@id\":\"https:\/\/www.capgemini.com\/ar-es\/solutions\/transformar-el-nucleo-digital-de-los-productos-de-consumo\/#primaryimage\"},\"thumbnailUrl\":\"https:\/\/www.capgemini.com\/wp-content\/uploads\/2022\/04\/Capture-53.jpg\",\"datePublished\":\"2022-03-17T06:17:22+00:00\",\"dateModified\":\"2025-03-28T06:15:05+00:00\",\"description\":\"La transformaci\u00f3n del n\u00facleo digital para los Productos de Consumo le permite lograr una implementaci\u00f3n perfecta de S\/4HANA. Permite desarrollar un negocio capaz de crecer, adaptarse y renovarse constantemente, desbloqueando valor empresarial y superando a la competencia.\",\"breadcrumb\":{\"@id\":\"https:\/\/www.capgemini.com\/ar-es\/solutions\/transformar-el-nucleo-digital-de-los-productos-de-consumo\/#breadcrumb\"},\"inLanguage\":\"es-MX\",\"potentialAction\":[{\"@type\":\"ReadAction\",\"target\":[\"https:\/\/www.capgemini.com\/ar-es\/solutions\/transformar-el-nucleo-digital-de-los-productos-de-consumo\/\"]}]},{\"@type\":\"ImageObject\",\"inLanguage\":\"es-MX\",\"@id\":\"https:\/\/www.capgemini.com\/ar-es\/solutions\/transformar-el-nucleo-digital-de-los-productos-de-consumo\/#primaryimage\",\"url\":\"https:\/\/www.capgemini.com\/wp-content\/uploads\/2022\/04\/Capture-53.jpg\",\"contentUrl\":\"https:\/\/www.capgemini.com\/wp-content\/uploads\/2022\/04\/Capture-53.jpg\"},{\"@type\":\"BreadcrumbList\",\"@id\":\"https:\/\/www.capgemini.com\/ar-es\/solutions\/transformar-el-nucleo-digital-de-los-productos-de-consumo\/#breadcrumb\",\"itemListElement\":[{\"@type\":\"ListItem\",\"position\":1,\"name\":\"Home\",\"item\":\"https:\/\/www.capgemini.com\/ar-es\/\"},{\"@type\":\"ListItem\",\"position\":2,\"name\":\"Solutions\",\"item\":\"https:\/\/www.capgemini.com\/ar-es\/?page_id=5720&preview_id=5720\"},{\"@type\":\"ListItem\",\"position\":3,\"name\":\"Transformar el n\u00facleo Digital de los Productos de Consumo\"}]},{\"@type\":\"WebSite\",\"@id\":\"https:\/\/www.capgemini.com\/ar-es\/#website\",\"url\":\"https:\/\/www.capgemini.com\/ar-es\/\",\"name\":\"Capgemini Argentina\",\"description\":\"Capgemini\",\"potentialAction\":[{\"@type\":\"SearchAction\",\"target\":{\"@type\":\"EntryPoint\",\"urlTemplate\":\"https:\/\/www.capgemini.com\/ar-es\/?s={search_term_string}\"},\"query-input\":\"required name=search_term_string\"}],\"inLanguage\":\"es-MX\"}]}<\/script>\n<!-- \/ Yoast SEO Premium plugin. -->","yoast_head_json":{"title":"Transformar el n\u00facleo Digital de los Productos de Consumo | Capgemini","description":"La transformaci\u00f3n del n\u00facleo digital para los Productos de Consumo le permite lograr una implementaci\u00f3n perfecta de S\/4HANA. Permite desarrollar un negocio capaz de crecer, adaptarse y renovarse constantemente, desbloqueando valor empresarial y superando a la competencia.","robots":{"index":"index","follow":"follow","max-snippet":"max-snippet:-1","max-image-preview":"max-image-preview:large","max-video-preview":"max-video-preview:-1"},"canonical":"https:\/\/www.capgemini.com\/ar-es\/solutions\/transformar-el-nucleo-digital-de-los-productos-de-consumo\/","og_locale":"es_MX","og_type":"article","og_title":"Transformar el n\u00facleo Digital de los Productos de Consumo","og_description":"La transformaci\u00f3n del n\u00facleo digital para los Productos de Consumo le permite lograr una implementaci\u00f3n perfecta de S\/4HANA. Permite desarrollar un negocio capaz de crecer, adaptarse y renovarse constantemente, desbloqueando valor empresarial y superando a la competencia.","og_url":"https:\/\/www.capgemini.com\/ar-es\/solutions\/transformar-el-nucleo-digital-de-los-productos-de-consumo\/","og_site_name":"Capgemini Argentina","article_modified_time":"2025-03-28T06:15:05+00:00","og_image":[{"url":"https:\/\/www.capgemini.com\/wp-content\/uploads\/2022\/04\/Capture-53.jpg"}],"twitter_card":"summary_large_image","twitter_misc":{"Est. reading time":"3 minutes"},"schema":{"@context":"https:\/\/schema.org","@graph":[{"@type":"WebPage","@id":"https:\/\/www.capgemini.com\/ar-es\/solutions\/transformar-el-nucleo-digital-de-los-productos-de-consumo\/","url":"https:\/\/www.capgemini.com\/ar-es\/solutions\/transformar-el-nucleo-digital-de-los-productos-de-consumo\/","name":"Transformar el n\u00facleo Digital de los Productos de Consumo | Capgemini","isPartOf":{"@id":"https:\/\/www.capgemini.com\/ar-es\/#website"},"primaryImageOfPage":{"@id":"https:\/\/www.capgemini.com\/ar-es\/solutions\/transformar-el-nucleo-digital-de-los-productos-de-consumo\/#primaryimage"},"image":{"@id":"https:\/\/www.capgemini.com\/ar-es\/solutions\/transformar-el-nucleo-digital-de-los-productos-de-consumo\/#primaryimage"},"thumbnailUrl":"https:\/\/www.capgemini.com\/wp-content\/uploads\/2022\/04\/Capture-53.jpg","datePublished":"2022-03-17T06:17:22+00:00","dateModified":"2025-03-28T06:15:05+00:00","description":"La transformaci\u00f3n del n\u00facleo digital para los Productos de Consumo le permite lograr una implementaci\u00f3n perfecta de S\/4HANA. Permite desarrollar un negocio capaz de crecer, adaptarse y renovarse constantemente, desbloqueando valor empresarial y superando a la competencia.","breadcrumb":{"@id":"https:\/\/www.capgemini.com\/ar-es\/solutions\/transformar-el-nucleo-digital-de-los-productos-de-consumo\/#breadcrumb"},"inLanguage":"es-MX","potentialAction":[{"@type":"ReadAction","target":["https:\/\/www.capgemini.com\/ar-es\/solutions\/transformar-el-nucleo-digital-de-los-productos-de-consumo\/"]}]},{"@type":"ImageObject","inLanguage":"es-MX","@id":"https:\/\/www.capgemini.com\/ar-es\/solutions\/transformar-el-nucleo-digital-de-los-productos-de-consumo\/#primaryimage","url":"https:\/\/www.capgemini.com\/wp-content\/uploads\/2022\/04\/Capture-53.jpg","contentUrl":"https:\/\/www.capgemini.com\/wp-content\/uploads\/2022\/04\/Capture-53.jpg"},{"@type":"BreadcrumbList","@id":"https:\/\/www.capgemini.com\/ar-es\/solutions\/transformar-el-nucleo-digital-de-los-productos-de-consumo\/#breadcrumb","itemListElement":[{"@type":"ListItem","position":1,"name":"Home","item":"https:\/\/www.capgemini.com\/ar-es\/"},{"@type":"ListItem","position":2,"name":"Solutions","item":"https:\/\/www.capgemini.com\/ar-es\/?page_id=5720&preview_id=5720"},{"@type":"ListItem","position":3,"name":"Transformar el n\u00facleo Digital de los Productos de Consumo"}]},{"@type":"WebSite","@id":"https:\/\/www.capgemini.com\/ar-es\/#website","url":"https:\/\/www.capgemini.com\/ar-es\/","name":"Capgemini Argentina","description":"Capgemini","potentialAction":[{"@type":"SearchAction","target":{"@type":"EntryPoint","urlTemplate":"https:\/\/www.capgemini.com\/ar-es\/?s={search_term_string}"},"query-input":"required name=search_term_string"}],"inLanguage":"es-MX"}]}},"brand_term":[],"parsely":{"version":"1.1.0","canonical_url":"https:\/\/capgemini.com\/ar-es\/solutions\/transformar-el-nucleo-digital-de-los-productos-de-consumo\/","smart_links":{"inbound":0,"outbound":0},"traffic_boost_suggestions_count":0,"meta":{"@context":"https:\/\/schema.org","@type":"WebPage","headline":"Transformar el n\u00facleo Digital de los Productos de Consumo","url":"https:\/\/www.capgemini.com\/ar-es\/solutions\/transformar-el-nucleo-digital-de-los-productos-de-consumo\/","mainEntityOfPage":{"@type":"WebPage","@id":"https:\/\/www.capgemini.com\/ar-es\/solutions\/transformar-el-nucleo-digital-de-los-productos-de-consumo\/"},"thumbnailUrl":"","image":{"@type":"ImageObject","url":""},"articleSection":"Uncategorized","author":[],"creator":[],"publisher":{"@type":"Organization","name":"Capgemini Argentina","logo":""},"keywords":[],"dateCreated":"2022-03-17T06:17:22Z","datePublished":"2022-03-17T06:17:22Z","dateModified":"2025-03-28T06:15:05Z"},"rendered":"<meta name=\"parsely-title\" content=\"Transformar el n\u00facleo Digital de los Productos de Consumo\" \/>\n<meta name=\"parsely-link\" content=\"https:\/\/www.capgemini.com\/ar-es\/solutions\/transformar-el-nucleo-digital-de-los-productos-de-consumo\/\" \/>\n<meta name=\"parsely-type\" content=\"index\" \/>\n<meta name=\"parsely-pub-date\" content=\"2022-03-17T06:17:22Z\" \/>\n<meta name=\"parsely-section\" content=\"Uncategorized\" \/>","tracker_url":"https:\/\/cdn.parsely.com\/keys\/capgemini.com\/p.js"},"archive_status":false,"featured_image_src":"https:\/\/www.capgemini.com\/ar-es\/wp-content\/themes\/capgemini2025\/assets\/images\/mockup.png","featured_image_alt":false,"jetpack_sharing_enabled":true,"distributor_meta":false,"distributor_terms":false,"distributor_media":false,"distributor_original_site_name":"Capgemini Argentina","distributor_original_site_url":"https:\/\/www.capgemini.com\/ar-es","push-errors":false,"_links":{"self":[{"href":"https:\/\/www.capgemini.com\/ar-es\/wp-json\/wp\/v2\/pages\/5428","targetHints":{"allow":["GET"]}}],"collection":[{"href":"https:\/\/www.capgemini.com\/ar-es\/wp-json\/wp\/v2\/pages"}],"about":[{"href":"https:\/\/www.capgemini.com\/ar-es\/wp-json\/wp\/v2\/types\/page"}],"author":[{"embeddable":true,"href":"https:\/\/www.capgemini.com\/ar-es\/wp-json\/wp\/v2\/users\/151"}],"replies":[{"embeddable":true,"href":"https:\/\/www.capgemini.com\/ar-es\/wp-json\/wp\/v2\/comments?post=5428"}],"version-history":[{"count":5,"href":"https:\/\/www.capgemini.com\/ar-es\/wp-json\/wp\/v2\/pages\/5428\/revisions"}],"predecessor-version":[{"id":515989,"href":"https:\/\/www.capgemini.com\/ar-es\/wp-json\/wp\/v2\/pages\/5428\/revisions\/515989"}],"up":[{"embeddable":true,"href":"https:\/\/www.capgemini.com\/ar-es\/wp-json\/wp\/v2\/pages\/5720"}],"wp:attachment":[{"href":"https:\/\/www.capgemini.com\/ar-es\/wp-json\/wp\/v2\/media?parent=5428"}],"wp:term":[{"taxonomy":"brand","embeddable":true,"href":"https:\/\/www.capgemini.com\/ar-es\/wp-json\/wp\/v2\/brand?post=5428"},{"taxonomy":"partner_type","embeddable":true,"href":"https:\/\/www.capgemini.com\/ar-es\/wp-json\/wp\/v2\/partner_type?post=5428"},{"taxonomy":"service","embeddable":true,"href":"https:\/\/www.capgemini.com\/ar-es\/wp-json\/wp\/v2\/service?post=5428"},{"taxonomy":"industry","embeddable":true,"href":"https:\/\/www.capgemini.com\/ar-es\/wp-json\/wp\/v2\/industry?post=5428"},{"taxonomy":"partners","embeddable":true,"href":"https:\/\/www.capgemini.com\/ar-es\/wp-json\/wp\/v2\/partners?post=5428"},{"taxonomy":"page-type","embeddable":true,"href":"https:\/\/www.capgemini.com\/ar-es\/wp-json\/wp\/v2\/page-type?post=5428"},{"taxonomy":"content-group","embeddable":true,"href":"https:\/\/www.capgemini.com\/ar-es\/wp-json\/wp\/v2\/content-group?post=5428"}],"curies":[{"name":"wp","href":"https:\/\/api.w.org\/{rel}","templated":true}]}}