{"id":5401,"date":"2022-10-12T09:25:52","date_gmt":"2022-10-12T09:25:52","guid":{"rendered":"https:\/\/www.capgemini.com\/?page_id=665430"},"modified":"2025-10-27T15:25:06","modified_gmt":"2025-10-27T15:25:06","slug":"politica-de-proteccion-de-datos","status":"publish","type":"page","link":"https:\/\/www.capgemini.com\/ar-es\/sobre-nosotros\/gestion-y-gobierno\/politicas\/politica-de-proteccion-de-datos\/","title":{"rendered":"Pol\u00edtica de protecci\u00f3n de datos"},"content":{"rendered":"\n<header class=\"wp-block-cg-blocks-hero-reusable is-style-blue-line header heroReusable  \"><div class=\"header-bgs\"><\/div><div class=\"heroPictureCardHeaderShape\"><\/div><div class=\"container\"><div class=\"row\"><div class=\"col-md-12\"><div class=\"box\"><div class=\"boxTagWrapper\"><div class=\"tagInfo\"><div><span class=\"box-tag\">Policy<\/span><\/div><\/div><\/div><div class=\"box-title\"><h1 data-maxlength=\"34\">Pol\u00edtica de protecci\u00f3n de datos<\/h1><\/div><div class=\"inner-row-insight download-btn\"><div class=\"col-md-4 downloadFiles \"><a class=\"button-download--small\" type=\"download\" href=\"https:\/\/www.capgemini.com\/ar-es\/wp-content\/uploads\/sites\/9\/2023\/11\/EU-BCR-C-Public-version-updated-March-20.pdf\" target=\"_blank\" rel=\"noopener noreferrer\" title=\"opens in a new window\"><span>Descargar Normas Corporativas Vinculantes para Actividades de Controlador (EN)<\/span><span class=\"type\">1 MB  pdf<\/span><\/a><\/div><div class=\"col-md-4 downloadFiles \"><a class=\"button-download--small\" type=\"download\" href=\"https:\/\/www.capgemini.com\/ar-es\/wp-content\/uploads\/sites\/9\/2023\/11\/EU-BCR-P-Public-version-updated-March-2023.pdf\" target=\"_blank\" rel=\"noopener noreferrer\" title=\"opens in a new window\"><span>Descargar Normas Corporativas Vinculantes para Actividades de Procesador (EN)<\/span><span class=\"type\">1 MB  pdf<\/span><\/a><\/div><\/div><\/div><\/div><\/div><\/div><\/header>\n\n\n\n<section class=\"wp-block-cg-blocks-intro-para undefined section section--intro\"><div class=\"intro-para\"><div class=\"container\"><div class=\"row\"><div class=\"col-12 col-md-1\"><nav class=\"article-social\"><ul class=\"social-nav\"><li class=\"ip-order-fb\"><a href=\"https:\/\/www.facebook.com\/sharer\/sharer.php?u=https:\/\/www.capgemini.com\/ar-es\/sobre-nosotros\/gestion-y-gobierno\/politicas\/politica-de-proteccion-de-datos\/\" target=\"_blank\" rel=\"noopener noreferrer\" title=\"opens in a new window\"><i aria-hidden=\"true\" class=\"icon-fb\"><\/i><span class=\"sr-only\">Facebook<\/span><\/a><\/li><li class=\"ip-order-li\"><a href=\"https:\/\/www.linkedin.com\/sharing\/share-offsite\/?url=https:\/\/www.capgemini.com\/ar-es\/sobre-nosotros\/gestion-y-gobierno\/politicas\/politica-de-proteccion-de-datos\/\" target=\"_blank\" rel=\"noopener noreferrer\" title=\"opens in a new window\"><i aria-hidden=\"true\" class=\"icon-li\"><\/i><span class=\"sr-only\">Linkedin<\/span><\/a><\/li><\/ul><\/nav><\/div><div class=\"col-12 col-md-11 col-lg-10\"><h2 class=\"intro-para-title\">Normas corporativas vinculantes<\/h2><p class=\"intro-para-content\">Como uno de los principales proveedores mundiales de servicios de consultor\u00eda, tecnolog\u00eda y externalizaci\u00f3n para una amplia variedad de clientes en todo el mundo, Capgemini se compromete a proteger la privacidad y los datos personales que se le conf\u00edan. Como grupo internacional con empresas en m\u00e1s de 40 pa\u00edses, Capgemini necesita garantizar que los datos personales circulan de forma libre y segura entre todas las empresas del grupo Capgemini con un nivel de protecci\u00f3n adecuado y uniforme.<br><br>Las normas corporativas vinculantes (BCR Binding Corporate Rules) de Capgemini abarcan normas corporativas vinculantes de la UE para el Controller (responsable) y el Processor (encargado) y las normas corporativas vinculantes del Reino Unido para el Processor (Normas Corporativas vinculantes de Capgemini).<br><br>Normas Corporativas vinculantes de la UE de Capgemini: las Normas Corporativas vinculantes de la UE para el responsable y el encargado del tratamiento de Capgemini fueron aprobadas por su principal autoridad supervisora, la CNIL, en 2016, y se actualizaron para cumplir con el Reglamento general de protecci\u00f3n de datos (RGPD) en 2019, como reconoce la CNIL.<br><br>Normas Corporativas vinculantes del Reino Unido de Capgemini: tras el Brexit y la introducci\u00f3n del RGPD del Reino Unido, Capgemini busc\u00f3 la aprobaci\u00f3n de sus Normas Corporativas vinculantes del Reino Unido tanto para el Responsable como para el Encargado del tratamiento. Las Normas Corporativas vinculantes de Capgemini UK fueron aprobadas por la oficina del Comisionado de Informaci\u00f3n en febrero de 2022.<br><br>Las Normas Corporativas vinculantes de Capgemini pueden modificarse ocasionalmente, incluida la actualizaci\u00f3n de los miembros del Grupo Capgemini que est\u00e1n sujetos a nuestras Normas Corporativas vinculantes, y tambi\u00e9n para cumplir con los nuevos requisitos emitidos por las autoridades de protecci\u00f3n de datos.<br><br>Tras la llamada decisi\u00f3n &#8216;Schrems II&#8217; del Tribunal de Justicia de las Comunidades Europeas (TJCE), las Normas corporativas vinculantes siguen siendo un mecanismo de transferencia v\u00e1lido y legal y, a la luz de dicha decisi\u00f3n, Capgemini no ha modificado hasta la fecha sus Normas Corporativas vinculantes. Si se proporcionan nuevas orientaciones que requieran cambios en las Normas corporativas vinculantes, Capgemini buscar\u00e1 implementar las modificaciones pertinentes a sus Normas Corporativas vinculantes para garantizar el continuado cumplimiento.<br><br>Capgemini se compromete a proteger todos los datos personales que se le conf\u00edan como parte de sus actividades como Responsable y Encargado del tratamiento de datos. Como grupo internacional, es importante para Capgemini que la informaci\u00f3n circule de forma libre y segura. Proporcionar un nivel adecuado de protecci\u00f3n a los datos personales que se transfieren dentro del grupo es una de las razones por las que Capgemini ha optado por implementar estas Normas Corporativas Vinculantes que fueron aprobadas por primera vez por la autoridad francesa de protecci\u00f3n de datos, la CNIL, en marzo de 2016. Esto es a\u00fan m\u00e1s importante ya que la protecci\u00f3n de datos legales y la seguridad de los datos legales son cruciales para cada afiliado de Capgemini. Las implicaciones en cuanto a riesgos financieros y reputacionales son importantes.<br><\/p><\/div><\/div><\/div><\/div><\/section>\n\n\n\n<p><\/p>\n","protected":false},"excerpt":{"rendered":"","protected":false},"author":121,"featured_media":9791,"parent":5591,"menu_order":4,"comment_status":"closed","ping_status":"closed","template":"","meta":{"cg_dt_proposed_to":[0],"cg_seo_hreflang_relations":"[]","cg_seo_canonical_relation":"","cg_seo_hreflang_x_default_relation":"{\"uuid\":\"959965dd-4a5e-456d-af87-ee22e975a7bf\",\"blogId\":\"\",\"domain\":\"\",\"sitePath\":\"\",\"postLink\":\"\",\"postId\":null,\"isSaved\":true,\"isCrossLink\":false,\"hasCrossLink\":false}","cg_dt_approved_content":false,"cg_dt_mandatory_content":false,"cg_dt_notes":"","cg_dg_source_changed":false,"cg_dt_link_disabled":false,"_yoast_wpseo_primary_brand":"","footnotes":"","featured_focal_points":"","partner_card_description":"","gsap_animation":0},"brand":[],"partner_type":[],"service":[],"industry":[],"partners":[],"page-type":[168],"content-group":[],"class_list":["post-5401","page","type-page","status-publish","has-post-thumbnail","hentry","page-type-about-us"],"yoast_head":"<!-- This site is optimized with the Yoast SEO Premium plugin v22.8 (Yoast SEO v22.8) - https:\/\/yoast.com\/wordpress\/plugins\/seo\/ -->\n<title>Pol\u00edtica de Protecci\u00f3n de Datos | Capgemini<\/title>\n<meta name=\"description\" content=\"Normas corporativas vinculantes de Capgemini en protecci\u00f3n de datos\" \/>\n<meta name=\"robots\" content=\"index, follow, max-snippet:-1, max-image-preview:large, max-video-preview:-1\" \/>\n<link rel=\"canonical\" href=\"https:\/\/www.capgemini.com\/ar-es\/sobre-nosotros\/gestion-y-gobierno\/politicas\/politica-de-proteccion-de-datos\/\" \/>\n<meta property=\"og:locale\" content=\"es_MX\" \/>\n<meta property=\"og:type\" content=\"article\" \/>\n<meta property=\"og:title\" content=\"Pol\u00edtica de protecci\u00f3n de datos\" \/>\n<meta property=\"og:description\" content=\"Normas corporativas vinculantes de Capgemini en protecci\u00f3n de datos\" \/>\n<meta property=\"og:url\" content=\"https:\/\/www.capgemini.com\/ar-es\/sobre-nosotros\/gestion-y-gobierno\/politicas\/politica-de-proteccion-de-datos\/\" \/>\n<meta property=\"og:site_name\" content=\"Capgemini Argentina\" \/>\n<meta property=\"article:modified_time\" content=\"2025-10-27T15:25:06+00:00\" \/>\n<meta property=\"og:image\" content=\"https:\/\/www.capgemini.com\/ar-es\/wp-content\/uploads\/sites\/9\/2022\/09\/Capgemini_Corporate-governance.jpg\" \/>\n\t<meta property=\"og:image:width\" content=\"2880\" \/>\n\t<meta property=\"og:image:height\" content=\"1800\" \/>\n\t<meta property=\"og:image:type\" content=\"image\/jpeg\" \/>\n<meta name=\"twitter:card\" content=\"summary_large_image\" \/>\n<meta name=\"twitter:label1\" content=\"Est. reading time\" \/>\n\t<meta name=\"twitter:data1\" content=\"1 minute\" \/>\n<script type=\"application\/ld+json\" class=\"yoast-schema-graph\">{\"@context\":\"https:\/\/schema.org\",\"@graph\":[{\"@type\":\"WebPage\",\"@id\":\"https:\/\/www.capgemini.com\/ar-es\/sobre-nosotros\/gestion-y-gobierno\/politicas\/politica-de-proteccion-de-datos\/\",\"url\":\"https:\/\/www.capgemini.com\/ar-es\/sobre-nosotros\/gestion-y-gobierno\/politicas\/politica-de-proteccion-de-datos\/\",\"name\":\"Pol\u00edtica de Protecci\u00f3n de Datos | Capgemini\",\"isPartOf\":{\"@id\":\"https:\/\/www.capgemini.com\/ar-es\/#website\"},\"primaryImageOfPage\":{\"@id\":\"https:\/\/www.capgemini.com\/ar-es\/sobre-nosotros\/gestion-y-gobierno\/politicas\/politica-de-proteccion-de-datos\/#primaryimage\"},\"image\":{\"@id\":\"https:\/\/www.capgemini.com\/ar-es\/sobre-nosotros\/gestion-y-gobierno\/politicas\/politica-de-proteccion-de-datos\/#primaryimage\"},\"thumbnailUrl\":\"https:\/\/www.capgemini.com\/ar-es\/wp-content\/uploads\/sites\/9\/2022\/09\/Capgemini_Corporate-governance.jpg\",\"datePublished\":\"2022-10-12T09:25:52+00:00\",\"dateModified\":\"2025-10-27T15:25:06+00:00\",\"description\":\"Normas corporativas vinculantes de Capgemini en protecci\u00f3n de datos\",\"breadcrumb\":{\"@id\":\"https:\/\/www.capgemini.com\/ar-es\/sobre-nosotros\/gestion-y-gobierno\/politicas\/politica-de-proteccion-de-datos\/#breadcrumb\"},\"inLanguage\":\"es-MX\",\"potentialAction\":[{\"@type\":\"ReadAction\",\"target\":[\"https:\/\/www.capgemini.com\/ar-es\/sobre-nosotros\/gestion-y-gobierno\/politicas\/politica-de-proteccion-de-datos\/\"]}]},{\"@type\":\"ImageObject\",\"inLanguage\":\"es-MX\",\"@id\":\"https:\/\/www.capgemini.com\/ar-es\/sobre-nosotros\/gestion-y-gobierno\/politicas\/politica-de-proteccion-de-datos\/#primaryimage\",\"url\":\"https:\/\/www.capgemini.com\/ar-es\/wp-content\/uploads\/sites\/9\/2022\/09\/Capgemini_Corporate-governance.jpg\",\"contentUrl\":\"https:\/\/www.capgemini.com\/ar-es\/wp-content\/uploads\/sites\/9\/2022\/09\/Capgemini_Corporate-governance.jpg\",\"width\":2880,\"height\":1800},{\"@type\":\"BreadcrumbList\",\"@id\":\"https:\/\/www.capgemini.com\/ar-es\/sobre-nosotros\/gestion-y-gobierno\/politicas\/politica-de-proteccion-de-datos\/#breadcrumb\",\"itemListElement\":[{\"@type\":\"ListItem\",\"position\":1,\"name\":\"Home\",\"item\":\"https:\/\/www.capgemini.com\/ar-es\/\"},{\"@type\":\"ListItem\",\"position\":2,\"name\":\"Sobre nosotros\",\"item\":\"https:\/\/www.capgemini.com\/ar-es\/sobre-nosotros\/\"},{\"@type\":\"ListItem\",\"position\":3,\"name\":\"Gesti\u00f3n y gobierno\",\"item\":\"https:\/\/www.capgemini.com\/ar-es\/sobre-nosotros\/gestion-y-gobierno\/\"},{\"@type\":\"ListItem\",\"position\":4,\"name\":\"Pol\u00edticas\",\"item\":\"https:\/\/www.capgemini.com\/ar-es\/sobre-nosotros\/gestion-y-gobierno\/politicas\/\"},{\"@type\":\"ListItem\",\"position\":5,\"name\":\"Pol\u00edtica de protecci\u00f3n de datos\"}]},{\"@type\":\"WebSite\",\"@id\":\"https:\/\/www.capgemini.com\/ar-es\/#website\",\"url\":\"https:\/\/www.capgemini.com\/ar-es\/\",\"name\":\"Capgemini Argentina\",\"description\":\"Capgemini\",\"potentialAction\":[{\"@type\":\"SearchAction\",\"target\":{\"@type\":\"EntryPoint\",\"urlTemplate\":\"https:\/\/www.capgemini.com\/ar-es\/?s={search_term_string}\"},\"query-input\":\"required name=search_term_string\"}],\"inLanguage\":\"es-MX\"}]}<\/script>\n<!-- \/ Yoast SEO Premium plugin. -->","yoast_head_json":{"title":"Pol\u00edtica de Protecci\u00f3n de Datos | Capgemini","description":"Normas corporativas vinculantes de Capgemini en protecci\u00f3n de datos","robots":{"index":"index","follow":"follow","max-snippet":"max-snippet:-1","max-image-preview":"max-image-preview:large","max-video-preview":"max-video-preview:-1"},"canonical":"https:\/\/www.capgemini.com\/ar-es\/sobre-nosotros\/gestion-y-gobierno\/politicas\/politica-de-proteccion-de-datos\/","og_locale":"es_MX","og_type":"article","og_title":"Pol\u00edtica de protecci\u00f3n de datos","og_description":"Normas corporativas vinculantes de Capgemini en protecci\u00f3n de datos","og_url":"https:\/\/www.capgemini.com\/ar-es\/sobre-nosotros\/gestion-y-gobierno\/politicas\/politica-de-proteccion-de-datos\/","og_site_name":"Capgemini Argentina","article_modified_time":"2025-10-27T15:25:06+00:00","og_image":[{"width":2880,"height":1800,"url":"https:\/\/www.capgemini.com\/ar-es\/wp-content\/uploads\/sites\/9\/2022\/09\/Capgemini_Corporate-governance.jpg","type":"image\/jpeg"}],"twitter_card":"summary_large_image","twitter_misc":{"Est. reading time":"1 minute"},"schema":{"@context":"https:\/\/schema.org","@graph":[{"@type":"WebPage","@id":"https:\/\/www.capgemini.com\/ar-es\/sobre-nosotros\/gestion-y-gobierno\/politicas\/politica-de-proteccion-de-datos\/","url":"https:\/\/www.capgemini.com\/ar-es\/sobre-nosotros\/gestion-y-gobierno\/politicas\/politica-de-proteccion-de-datos\/","name":"Pol\u00edtica de Protecci\u00f3n de Datos | Capgemini","isPartOf":{"@id":"https:\/\/www.capgemini.com\/ar-es\/#website"},"primaryImageOfPage":{"@id":"https:\/\/www.capgemini.com\/ar-es\/sobre-nosotros\/gestion-y-gobierno\/politicas\/politica-de-proteccion-de-datos\/#primaryimage"},"image":{"@id":"https:\/\/www.capgemini.com\/ar-es\/sobre-nosotros\/gestion-y-gobierno\/politicas\/politica-de-proteccion-de-datos\/#primaryimage"},"thumbnailUrl":"https:\/\/www.capgemini.com\/ar-es\/wp-content\/uploads\/sites\/9\/2022\/09\/Capgemini_Corporate-governance.jpg","datePublished":"2022-10-12T09:25:52+00:00","dateModified":"2025-10-27T15:25:06+00:00","description":"Normas corporativas vinculantes de Capgemini en protecci\u00f3n de datos","breadcrumb":{"@id":"https:\/\/www.capgemini.com\/ar-es\/sobre-nosotros\/gestion-y-gobierno\/politicas\/politica-de-proteccion-de-datos\/#breadcrumb"},"inLanguage":"es-MX","potentialAction":[{"@type":"ReadAction","target":["https:\/\/www.capgemini.com\/ar-es\/sobre-nosotros\/gestion-y-gobierno\/politicas\/politica-de-proteccion-de-datos\/"]}]},{"@type":"ImageObject","inLanguage":"es-MX","@id":"https:\/\/www.capgemini.com\/ar-es\/sobre-nosotros\/gestion-y-gobierno\/politicas\/politica-de-proteccion-de-datos\/#primaryimage","url":"https:\/\/www.capgemini.com\/ar-es\/wp-content\/uploads\/sites\/9\/2022\/09\/Capgemini_Corporate-governance.jpg","contentUrl":"https:\/\/www.capgemini.com\/ar-es\/wp-content\/uploads\/sites\/9\/2022\/09\/Capgemini_Corporate-governance.jpg","width":2880,"height":1800},{"@type":"BreadcrumbList","@id":"https:\/\/www.capgemini.com\/ar-es\/sobre-nosotros\/gestion-y-gobierno\/politicas\/politica-de-proteccion-de-datos\/#breadcrumb","itemListElement":[{"@type":"ListItem","position":1,"name":"Home","item":"https:\/\/www.capgemini.com\/ar-es\/"},{"@type":"ListItem","position":2,"name":"Sobre nosotros","item":"https:\/\/www.capgemini.com\/ar-es\/sobre-nosotros\/"},{"@type":"ListItem","position":3,"name":"Gesti\u00f3n y gobierno","item":"https:\/\/www.capgemini.com\/ar-es\/sobre-nosotros\/gestion-y-gobierno\/"},{"@type":"ListItem","position":4,"name":"Pol\u00edticas","item":"https:\/\/www.capgemini.com\/ar-es\/sobre-nosotros\/gestion-y-gobierno\/politicas\/"},{"@type":"ListItem","position":5,"name":"Pol\u00edtica de protecci\u00f3n de datos"}]},{"@type":"WebSite","@id":"https:\/\/www.capgemini.com\/ar-es\/#website","url":"https:\/\/www.capgemini.com\/ar-es\/","name":"Capgemini Argentina","description":"Capgemini","potentialAction":[{"@type":"SearchAction","target":{"@type":"EntryPoint","urlTemplate":"https:\/\/www.capgemini.com\/ar-es\/?s={search_term_string}"},"query-input":"required name=search_term_string"}],"inLanguage":"es-MX"}]}},"brand_term":[],"parsely":{"version":"1.1.0","canonical_url":"https:\/\/capgemini.com\/ar-es\/sobre-nosotros\/gestion-y-gobierno\/politicas\/politica-de-proteccion-de-datos\/","smart_links":{"inbound":0,"outbound":0},"traffic_boost_suggestions_count":0,"meta":{"@context":"https:\/\/schema.org","@type":"WebPage","headline":"Pol\u00edtica de protecci\u00f3n de datos","url":"https:\/\/www.capgemini.com\/ar-es\/sobre-nosotros\/gestion-y-gobierno\/politicas\/politica-de-proteccion-de-datos\/","mainEntityOfPage":{"@type":"WebPage","@id":"https:\/\/www.capgemini.com\/ar-es\/sobre-nosotros\/gestion-y-gobierno\/politicas\/politica-de-proteccion-de-datos\/"},"thumbnailUrl":"https:\/\/www.capgemini.com\/ar-es\/wp-content\/uploads\/sites\/9\/2022\/09\/Capgemini_Corporate-governance.jpg?w=150&h=150&crop=1","image":{"@type":"ImageObject","url":"https:\/\/www.capgemini.com\/ar-es\/wp-content\/uploads\/sites\/9\/2022\/09\/Capgemini_Corporate-governance.jpg"},"articleSection":"Uncategorized","author":[],"creator":[],"publisher":{"@type":"Organization","name":"Capgemini Argentina","logo":""},"keywords":[],"dateCreated":"2022-10-12T09:25:52Z","datePublished":"2022-10-12T09:25:52Z","dateModified":"2025-10-27T15:25:06Z"},"rendered":"<meta name=\"parsely-title\" content=\"Pol\u00edtica de protecci\u00f3n de datos\" \/>\n<meta name=\"parsely-link\" content=\"https:\/\/www.capgemini.com\/ar-es\/sobre-nosotros\/gestion-y-gobierno\/politicas\/politica-de-proteccion-de-datos\/\" \/>\n<meta name=\"parsely-type\" content=\"index\" \/>\n<meta name=\"parsely-image-url\" content=\"https:\/\/www.capgemini.com\/ar-es\/wp-content\/uploads\/sites\/9\/2022\/09\/Capgemini_Corporate-governance.jpg?w=150&amp;h=150&amp;crop=1\" \/>\n<meta name=\"parsely-pub-date\" content=\"2022-10-12T09:25:52Z\" \/>\n<meta name=\"parsely-section\" content=\"Uncategorized\" \/>","tracker_url":"https:\/\/cdn.parsely.com\/keys\/capgemini.com\/p.js"},"archive_status":false,"featured_image_src":"https:\/\/www.capgemini.com\/ar-es\/wp-content\/uploads\/sites\/9\/2022\/09\/Capgemini_Corporate-governance.jpg","featured_image_alt":"","jetpack_sharing_enabled":true,"distributor_meta":false,"distributor_terms":false,"distributor_media":false,"distributor_original_site_name":"Capgemini Argentina","distributor_original_site_url":"https:\/\/www.capgemini.com\/ar-es","push-errors":false,"_links":{"self":[{"href":"https:\/\/www.capgemini.com\/ar-es\/wp-json\/wp\/v2\/pages\/5401","targetHints":{"allow":["GET"]}}],"collection":[{"href":"https:\/\/www.capgemini.com\/ar-es\/wp-json\/wp\/v2\/pages"}],"about":[{"href":"https:\/\/www.capgemini.com\/ar-es\/wp-json\/wp\/v2\/types\/page"}],"author":[{"embeddable":true,"href":"https:\/\/www.capgemini.com\/ar-es\/wp-json\/wp\/v2\/users\/121"}],"replies":[{"embeddable":true,"href":"https:\/\/www.capgemini.com\/ar-es\/wp-json\/wp\/v2\/comments?post=5401"}],"version-history":[{"count":20,"href":"https:\/\/www.capgemini.com\/ar-es\/wp-json\/wp\/v2\/pages\/5401\/revisions"}],"predecessor-version":[{"id":520521,"href":"https:\/\/www.capgemini.com\/ar-es\/wp-json\/wp\/v2\/pages\/5401\/revisions\/520521"}],"up":[{"embeddable":true,"href":"https:\/\/www.capgemini.com\/ar-es\/wp-json\/wp\/v2\/pages\/5591"}],"wp:featuredmedia":[{"embeddable":true,"href":"https:\/\/www.capgemini.com\/ar-es\/wp-json\/wp\/v2\/media\/9791"}],"wp:attachment":[{"href":"https:\/\/www.capgemini.com\/ar-es\/wp-json\/wp\/v2\/media?parent=5401"}],"wp:term":[{"taxonomy":"brand","embeddable":true,"href":"https:\/\/www.capgemini.com\/ar-es\/wp-json\/wp\/v2\/brand?post=5401"},{"taxonomy":"partner_type","embeddable":true,"href":"https:\/\/www.capgemini.com\/ar-es\/wp-json\/wp\/v2\/partner_type?post=5401"},{"taxonomy":"service","embeddable":true,"href":"https:\/\/www.capgemini.com\/ar-es\/wp-json\/wp\/v2\/service?post=5401"},{"taxonomy":"industry","embeddable":true,"href":"https:\/\/www.capgemini.com\/ar-es\/wp-json\/wp\/v2\/industry?post=5401"},{"taxonomy":"partners","embeddable":true,"href":"https:\/\/www.capgemini.com\/ar-es\/wp-json\/wp\/v2\/partners?post=5401"},{"taxonomy":"page-type","embeddable":true,"href":"https:\/\/www.capgemini.com\/ar-es\/wp-json\/wp\/v2\/page-type?post=5401"},{"taxonomy":"content-group","embeddable":true,"href":"https:\/\/www.capgemini.com\/ar-es\/wp-json\/wp\/v2\/content-group?post=5401"}],"curies":[{"name":"wp","href":"https:\/\/api.w.org\/{rel}","templated":true}]}}