{"id":5331,"date":"2022-04-22T13:58:02","date_gmt":"2022-04-22T13:58:02","guid":{"rendered":"https:\/\/www.capgemini.com\/?page_id=685785"},"modified":"2025-03-28T06:01:40","modified_gmt":"2025-03-28T06:01:40","slug":"ahorro-de-costes","status":"publish","type":"page","link":"https:\/\/www.capgemini.com\/ar-es\/solutions\/ahorro-de-costes\/","title":{"rendered":"Ahorro de Costes"},"content":{"rendered":"\n<header class=\"wp-block-cg-blocks-hero-reusable header heroReusable  \"><div class=\"header-bgs\"><picture><source srcset=\"https:\/\/www.capgemini.com\/wp-content\/uploads\/2021\/09\/Capgemini_Services_ADMnext-costs.jpg?w=2880&amp;quality=70 1x, https:\/\/www.capgemini.com\/wp-content\/uploads\/2021\/09\/Capgemini_Services_ADMnext-costs.jpg?w=2880&amp;quality=70 2x\" media=\"(min-width: 1500px)\"\/><source srcset=\"https:\/\/www.capgemini.com\/wp-content\/uploads\/2021\/09\/Capgemini_Services_ADMnext-costs.jpg?w=1440&amp;quality=70 1x, https:\/\/www.capgemini.com\/wp-content\/uploads\/2021\/09\/Capgemini_Services_ADMnext-costs.jpg?w=2880&amp;quality=70 2x\" media=\"(min-width: 992px)\"\/><source srcset=\"https:\/\/www.capgemini.com\/wp-content\/uploads\/2021\/09\/Capgemini_Services_ADMnext-costs.jpg?w=1024&amp;quality=70 1x, https:\/\/www.capgemini.com\/wp-content\/uploads\/2021\/09\/Capgemini_Services_ADMnext-costs.jpg?w=1024&amp;quality=70 2x\" media=\"(min-width: 768px)\"\/><source srcset=\"https:\/\/www.capgemini.com\/wp-content\/uploads\/2021\/09\/Capgemini_Services_ADMnext-costs.jpg?w=768&amp;quality=70 1x, https:\/\/www.capgemini.com\/wp-content\/uploads\/2021\/09\/Capgemini_Services_ADMnext-costs.jpg?w=768&amp;quality=70 2x\" media=\"(min-width: 0)\"\/><img decoding=\"async\" src=\"https:\/\/www.capgemini.com\/wp-content\/uploads\/2021\/09\/Capgemini_Services_ADMnext-costs.jpg\" class=\"header-img header-img-d\" alt=\"\" style=\"object-fit:cover;object-position:23% 44%\" loading=\"eager\"\/><\/picture><\/div><div class=\"heroPictureCardHeaderShape\"><\/div><div class=\"container\"><div class=\"row\"><div class=\"col-md-12\"><div class=\"box\"><div class=\"boxTagWrapper\"><div class=\"tagInfo\"><div><span class=\"box-tag\">Solution<\/span><\/div><\/div><\/div><div class=\"box-title\"><h1 data-maxlength=\"34\">Ahorro de Costes<\/h1><\/div><div class=\"inner-row-insight download-btn\"><div class=\"col-md-4 downloadFiles addPadding\"><a class=\"button-download--small\" type=\"download\" href=\"https:\/\/www.capgemini.com\/wp-content\/uploads\/2021\/09\/ADMnext-Cost-Optimization-3.pdf\" target=\"_blank\" rel=\"noopener noreferrer\" title=\"abrir en una nueva ventana\"><span>Download our brochure<\/span><span class=\"type\">2 MB  pdf<\/span><\/a><\/div><\/div><\/div><\/div><\/div><\/div><\/header>\n\n\n\n<section class=\"wp-block-cg-blocks-intro-para undefined section section--intro\"><div class=\"intro-para\"><div class=\"container\"><div class=\"row\"><div class=\"col-12 col-md-1\"><nav class=\"article-social\"><ul class=\"social-nav\"><li class=\"ip-order-fb\"><a href=\"https:\/\/www.facebook.com\/sharer\/sharer.php?u=https:\/\/www.capgemini.com\/ar-es\/solutions\/ahorro-de-costes\/\" target=\"_blank\" rel=\"noopener noreferrer\" title=\"abrir en una nueva ventana\"><i aria-hidden=\"true\" class=\"icon-fb\"><\/i><span class=\"sr-only\">Facebook<\/span><\/a><\/li><li class=\"ip-order-tw\"><a href=\"https:\/\/twitter.com\/intent\/tweet?url=https:\/\/www.capgemini.com\/ar-es\/solutions\/ahorro-de-costes\/&amp;text=Ahorro de Costes\" target=\"_blank\" rel=\"noopener noreferrer\" title=\"abrir en una nueva ventana\"><i aria-hidden=\"true\" class=\"icon-tw\"><\/i><span class=\"sr-only\">Twitter<\/span><\/a><\/li><li class=\"ip-order-li\"><a href=\"https:\/\/www.linkedin.com\/sharing\/share-offsite\/?url=https:\/\/www.capgemini.com\/ar-es\/solutions\/ahorro-de-costes\/&amp;text=Ahorro de Costes\" target=\"_blank\" rel=\"noopener noreferrer\" title=\"abrir en una nueva ventana\"><i aria-hidden=\"true\" class=\"icon-li\"><\/i><span class=\"sr-only\">Linkedin<\/span><\/a><\/li><\/ul><\/nav><\/div><div class=\"col-12 col-md-11 col-lg-10\"><h2 class=\"intro-para-title\">Un enfoque s\u00f3lido para combinar el ahorro de costos y la inversi\u00f3n en sus servicios de aplicaciones.<\/h2><p class=\"intro-para-content\"><strong>Tome el control en esta nueva normalidad<\/strong><br><br>La dificultad de los recientes tiempos econ\u00f3micos ha afectado a todos los sectores y a cada una de las empresas. Muchas personas no est\u00e1n seguras de c\u00f3mo proceder en esta nueva normalidad, ya que se enfrentan a olas de factores macroecon\u00f3micos negativos, que en gran medida est\u00e1n fuera de su control.<br><br>Para capear eficazmente esta tormenta, muchos CIOs de \u00e9xito se est\u00e1n concentrando en lo que est\u00e1 bajo su control. Esto significa ahorro de costes en el aqu\u00ed y ahora, y transformaci\u00f3n e inversi\u00f3n en su futuro.<\/p><\/div><\/div><\/div><\/div><\/section>\n\n\n\n<section class=\"wp-block-cg-blocks-group undefined section section--article-content\"><div class=\"article-main-content\"><div class=\"container\"><div class=\"row\"><div class=\"col-12 col-md-11 col-lg-10 offset-md-1 offset-lg-1\"><div class=\"article-text article-quote-text\">\n<h3 class=\"wp-block-heading\" id=\"h-la-oferta-de-ahorro-de-costes-de-capgemini-una-estrategia-integral-para-evaluar-analizar-y-activar-el-ahorro-de-costes\">La oferta de ahorro de costes de Capgemini: Una estrategia integral para evaluar, analizar y activar el ahorro de costes<\/h3>\n\n\n\n<p>La metodolog\u00eda de Capgemini para lograr el equilibrio m\u00e1s eficaz entre el ahorro de costes y la inversi\u00f3n es un enfoque en tres fases que aborda completamente su agenda de ahorro y transformaci\u00f3n, desde la estrategia hasta la ejecuci\u00f3n. Estas tres fases incluyen:<\/p>\n\n\n\n<ul class=\"wp-block-list\">\n<li>Evaluaci\u00f3n y definici\u00f3n de su estrategia y planificaci\u00f3n de TI con la estrategia de costes de TI de Capgemini<\/li>\n\n\n\n<li>Analizar y detallar su transformaci\u00f3n del panorama de TI con eAPM de Capgemini<\/li>\n\n\n\n<li>Activaci\u00f3n y entrega de sus servicios globales de TI con ADMnext de Capgemini<\/li>\n\n\n\n<li>Evaluar y definir la estrategia y planificaci\u00f3n de TI con IT Cost Strategy de Capgemini<\/li>\n\n\n\n<li>La Estrategia de Costes de TI de Capgemini emplea un enfoque inmediato e inventivo para obtener ahorros de costes. Esto le permite tomar el control total de sus TI y lograr un ahorro sustancial de una manera \u00e1gil y sostenible &#8211; para que su negocio pueda ajustarse &#8211; y luego seguir adelante y liderar en esta nueva normalidad.<\/li>\n\n\n\n<li>Analizar y detallar la transformaci\u00f3n del panorama de TI con eAPM de Capgemini<\/li>\n\n\n\n<li>La gesti\u00f3n econ\u00f3mica de la cartera de aplicaciones (eAPM) de Capgemini identifica los riesgos y vulnerabilidades potenciales y establece una l\u00ednea de base y un punto de referencia para su gasto en TI. eAPM le permite tomar el control de sus activos de TI, mejorar radicalmente el rendimiento de TI y hacer que las iniciativas de transformaci\u00f3n avancen a toda velocidad.<\/li>\n<\/ul>\n\n\n\n<h4 class=\"wp-block-heading\" id=\"h-activacion-y-prestacion-de-servicios-globales-de-ti-con-admnext-de-capgemini\"><em>Activaci\u00f3n y prestaci\u00f3n de servicios globales de TI con ADMnext de Capgemini<\/em><\/h4>\n\n\n\n<p>A continuaci\u00f3n, Capgemini activa todas las palancas disponibles y ofrece resultados sobre el terreno con ADMnext. ADMnext de Capgemini es una pila completa de servicios ADM disruptivos, de conocimiento del negocio, de transformaci\u00f3n y de adaptaci\u00f3n que impulsa la eficiencia y la mejora continua, junto con el compromiso de reducir su TCO en un 20-50%.<\/p>\n\n\n\n<p>Al combinar la Estrategia de Costes de TI de Capgemini, eAPM y ADMnext, podemos ayudarle a navegar en estos tiempos econ\u00f3micos dif\u00edciles y salir m\u00e1s resistente que nunca. Capgemini ya ha trabajado con clientes para conseguir un r\u00e1pido ahorro de costes aplicando nuestro modelo en las siguientes \u00e1reas clave<\/p>\n\n\n\n<ul class=\"wp-block-list\">\n<li>Eficiencia operativa [15-20%]<\/li>\n\n\n\n<li>Industrializaci\u00f3n [35-55%]<\/li>\n\n\n\n<li>Automatizaci\u00f3n inteligente [45-70%]<\/li>\n\n\n\n<li>Modelo de entrega distribuida a escala [5-10%]<\/li>\n\n\n\n<li>Desmantelamiento de aplicaciones [10-20%]<\/li>\n\n\n\n<li>Optimizaci\u00f3n de la cartera [20-25%]<\/li>\n\n\n\n<li>Consolidaci\u00f3n de proveedores [30-40%]<\/li>\n\n\n\n<li>Configuraci\u00f3n\/Integraci\u00f3n cautiva [30-40%]<\/li>\n<\/ul>\n\n\n\n<h4 class=\"wp-block-heading\" id=\"h-podcast-ahorrar-en-una-crisis\">Podcast: Ahorrar en una crisis<\/h4>\n\n\n\n<p>Los expertos de ADM Gary James, Randy Potter y Pavan Prabhakar le llevan a una inmersi\u00f3n profunda en la oferta de Ahorro de Costes de Capgemini en el podcast Ahorro a trav\u00e9s de una crisis.<\/p>\n\n\n\n<p>Hablan de c\u00f3mo la oferta de Ahorro de Costes de Capgemini puede aportarle una r\u00e1pida optimizaci\u00f3n de los costes en el presente y transformar sus servicios de aplicaciones -y el negocio futuro- en su conjunto.<\/p>\n\n\n\n<section class=\"wp-block-cg-blocks-latest-podcast undefined podcastBlock\"><div class=\"container\"><iframe loading=\"lazy\" title=\"Podcast\" src=\"https:\/\/w.soundcloud.com\/player\/?url=https:\/\/soundcloud.com\/capgemini\/saving-through-a-crisis-with-capgemini-a-sound-approach-for-blending-cost-savings-and-investment-in-your-application-services&amp;color=%23ff5500&amp;auto_play=false&amp;hide_related=false&amp;show_comments=true&amp;show_user=true&amp;show_reposts=false&amp;show_teaser=true\" width=\"100%\" height=\"166\" scrolling=\"no\" frameborder=\"no\" allow=\"autoplay\"><\/iframe><\/div><\/section>\n<\/div><\/div><\/div><\/div><\/div><\/section>\n\n\n<section class=\"section section--expert-perspectives\"><div class=\"container\"><div class=\"row\"><div class=\"content-title col-12 col-md-8\"><h2 class=\"expert-heading\">Perspectivas de expertos<\/h2><\/div><\/div><div class=\"expert-prospective-container\"><div class=\"row\"><div class=\"col-12 col-md-4 row-space\"><div class=\"box\"><div class=\"box-img-wrapper\"><a href=\"https:\/\/www.capgemini.com\/ar-es\/insights\/expert-perspectives\/cstrh\/\" aria-label=\"Capgemini y SuccessFactors\u00ae Transforman a Recursos Humanos\" tabindex=\"-1\"><img decoding=\"async\" class=\"box-img\" alt=\"\" src=\"https:\/\/www.capgemini.com\/ar-es\/wp-content\/uploads\/sites\/9\/2023\/02\/capgemini_and_successfactorsr_transform_human_resources.webp?w=600&#038;quality=70\" style=\"object-position: 50% 50%; object-fit: cover;\" loading=\"lazy\" \/><\/a><\/div><div class=\"box-inner\"><div class=\"box-tag\">Talent and people<\/div><a class=\"content-box-title\" href=\"https:\/\/www.capgemini.com\/ar-es\/insights\/expert-perspectives\/cstrh\/\" aria-label=\"Capgemini y SuccessFactors\u00ae Transforman a Recursos Humanos\"><h3 class=\"expert-subtitle\">Capgemini y SuccessFactors\u00ae Transforman a Recursos Humanos<\/h3><\/a><div class=\"box-bottom\">\n\t\t   <div class=\"box-logo\"><img decoding=\"async\" class=\"light\" loading=\"lazy\" alt=\"Capgemini\" src=\"https:\/\/www.capgemini.com\/ar-es\/wp-content\/themes\/capgemini2025\/assets\/images\/cg-logo-blue.svg\" \/><img decoding=\"async\" class=\"dark\" loading=\"lazy\" alt=\"Capgemini\" src=\"https:\/\/www.capgemini.com\/ar-es\/wp-content\/themes\/capgemini2025\/assets\/images\/cg-logo-white.svg\" \/><\/div><div class=\"date-name-info\"><div class=\"author-text\">Capgemini<\/div><div class=\"date-text\">feb. 5, 2023<\/div><\/div><\/div><\/div><\/div><\/div><div class=\"col-12 col-md-4 row-space\"><div class=\"box\"><div class=\"box-img-wrapper\"><a href=\"https:\/\/www.capgemini.com\/ar-es\/insights\/expert-perspectives\/sap-seguira-siendo-el-indicado-en-el-mundo-digital-2\/\" aria-label=\"\u00bfSAP seguir\u00e1 siendo el indicado en el mundo digital?\" tabindex=\"-1\"><img decoding=\"async\" class=\"box-img\" alt=\"\" src=\"https:\/\/www.capgemini.com\/ar-es\/wp-content\/uploads\/sites\/9\/2022\/12\/automotive_suppliers-driving_performance_in_the_digital_world.jpg?w=600&#038;quality=70\" style=\"object-position: 50% 50%; object-fit: cover;\" loading=\"lazy\" \/><\/a><\/div><div class=\"box-inner\"><div class=\"box-tag\">Technology<\/div><a class=\"content-box-title\" href=\"https:\/\/www.capgemini.com\/ar-es\/insights\/expert-perspectives\/sap-seguira-siendo-el-indicado-en-el-mundo-digital-2\/\" aria-label=\"\u00bfSAP seguir\u00e1 siendo el indicado en el mundo digital?\"><h3 class=\"expert-subtitle\">\u00bfSAP seguir\u00e1 siendo el indicado en el mundo digital?<\/h3><\/a><div class=\"box-bottom\">\n\t\t   <div class=\"box-logo\"><img decoding=\"async\" class=\"\" loading=\"lazy\" alt=\"\" src=\"https:\/\/www.capgemini.com\/ar-es\/wp-content\/uploads\/sites\/9\/2022\/12\/David-Lowson-17-1.jpg?w=500\" \/><\/div><div class=\"date-name-info\"><div class=\"author-text\">David Lowson<\/div><div class=\"date-text\">ene. 2, 2023<\/div><\/div><\/div><\/div><\/div><\/div><div class=\"col-12 col-md-4 row-space\"><div class=\"box\"><div class=\"box-img-wrapper\"><a href=\"https:\/\/www.capgemini.com\/ar-es\/insights\/expert-perspectives\/burning-hydrogen-in-internal-combustion-engines-a-smart-and-affordable-option-for-reducing-co2-emissions\/\" aria-label=\"Burning hydrogen in internal combustion engines: a smart and affordable option for reducing CO2 emissions\" tabindex=\"-1\"><img decoding=\"async\" class=\"box-img\" alt=\"\" src=\"https:\/\/www.capgemini.com\/ar-es\/wp-content\/uploads\/sites\/9\/2022\/10\/AdobeStock_5620674.jpeg?w=600&#038;quality=70\" style=\"object-position: 50% 50%; object-fit: cover;\" loading=\"lazy\" \/><\/a><\/div><div class=\"box-inner\"><div class=\"box-tag\">Engineering, Mobility, Sustainability<\/div><a class=\"content-box-title\" href=\"https:\/\/www.capgemini.com\/ar-es\/insights\/expert-perspectives\/burning-hydrogen-in-internal-combustion-engines-a-smart-and-affordable-option-for-reducing-co2-emissions\/\" aria-label=\"Burning hydrogen in internal combustion engines: a smart and affordable option for reducing CO2 emissions\"><h3 class=\"expert-subtitle\">Burning hydrogen in internal combustion engines: a smart and affordable option for reducing CO2 emissions<\/h3><\/a><div class=\"box-bottom\">\n\t\t   <div class=\"box-logo\"><img decoding=\"async\" class=\"light\" loading=\"lazy\" alt=\"Capgemini\" src=\"https:\/\/www.capgemini.com\/ar-es\/wp-content\/themes\/capgemini2025\/assets\/images\/cg-logo-blue.svg\" \/><img decoding=\"async\" class=\"dark\" loading=\"lazy\" alt=\"Capgemini\" src=\"https:\/\/www.capgemini.com\/ar-es\/wp-content\/themes\/capgemini2025\/assets\/images\/cg-logo-white.svg\" \/><\/div><div class=\"date-name-info\"><div class=\"author-text\">Capgemini<\/div><div class=\"date-text\">oct. 17, 2022<\/div><\/div><\/div><\/div><\/div><\/div><\/div><\/div><\/div><\/section>","protected":false},"excerpt":{"rendered":"","protected":false},"author":151,"featured_media":0,"parent":5720,"menu_order":0,"comment_status":"closed","ping_status":"closed","template":"","meta":{"cg_dt_proposed_to":[0],"cg_seo_hreflang_relations":"[]","cg_seo_canonical_relation":"","cg_seo_hreflang_x_default_relation":"","cg_dt_approved_content":false,"cg_dt_mandatory_content":false,"cg_dt_notes":"","cg_dg_source_changed":false,"cg_dt_link_disabled":false,"_yoast_wpseo_primary_brand":"","footnotes":"","featured_focal_points":"","partner_card_description":"","gsap_animation":0},"brand":[],"partner_type":[],"service":[],"industry":[],"partners":[],"page-type":[167],"content-group":[],"class_list":["post-5331","page","type-page","status-publish","hentry","page-type-solutions"],"yoast_head":"<!-- This site is optimized with the Yoast SEO Premium plugin v22.8 (Yoast SEO v22.8) - https:\/\/yoast.com\/wordpress\/plugins\/seo\/ -->\n<title>Ahorro de Costes | Capgemini<\/title>\n<meta name=\"description\" content=\"La oferta de ahorro de costes de Capgemini: Una estrategia integral para evaluar, analizar y activar el ahorro de costes\" \/>\n<meta name=\"robots\" content=\"index, follow, max-snippet:-1, max-image-preview:large, max-video-preview:-1\" \/>\n<link rel=\"canonical\" href=\"https:\/\/www.capgemini.com\/ar-es\/solutions\/ahorro-de-costes\/\" \/>\n<meta property=\"og:locale\" content=\"es_MX\" \/>\n<meta property=\"og:type\" content=\"article\" \/>\n<meta property=\"og:title\" content=\"Ahorro de Costes\" \/>\n<meta property=\"og:description\" content=\"La oferta de ahorro de costes de Capgemini: Una estrategia integral para evaluar, analizar y activar el ahorro de costes\" \/>\n<meta property=\"og:url\" content=\"https:\/\/www.capgemini.com\/ar-es\/solutions\/ahorro-de-costes\/\" \/>\n<meta property=\"og:site_name\" content=\"Capgemini Argentina\" \/>\n<meta property=\"article:modified_time\" content=\"2025-03-28T06:01:40+00:00\" \/>\n<meta property=\"og:image\" content=\"https:\/\/www.capgemini.com\/wp-content\/uploads\/2021\/09\/Capgemini_Services_ADMnext-costs.jpg\" \/>\n<meta name=\"twitter:card\" content=\"summary_large_image\" \/>\n<meta name=\"twitter:label1\" content=\"Est. reading time\" \/>\n\t<meta name=\"twitter:data1\" content=\"3 minutes\" \/>\n<script type=\"application\/ld+json\" class=\"yoast-schema-graph\">{\"@context\":\"https:\/\/schema.org\",\"@graph\":[{\"@type\":\"WebPage\",\"@id\":\"https:\/\/www.capgemini.com\/ar-es\/solutions\/ahorro-de-costes\/\",\"url\":\"https:\/\/www.capgemini.com\/ar-es\/solutions\/ahorro-de-costes\/\",\"name\":\"Ahorro de Costes | Capgemini\",\"isPartOf\":{\"@id\":\"https:\/\/www.capgemini.com\/ar-es\/#website\"},\"primaryImageOfPage\":{\"@id\":\"https:\/\/www.capgemini.com\/ar-es\/solutions\/ahorro-de-costes\/#primaryimage\"},\"image\":{\"@id\":\"https:\/\/www.capgemini.com\/ar-es\/solutions\/ahorro-de-costes\/#primaryimage\"},\"thumbnailUrl\":\"https:\/\/www.capgemini.com\/wp-content\/uploads\/2021\/09\/Capgemini_Services_ADMnext-costs.jpg\",\"datePublished\":\"2022-04-22T13:58:02+00:00\",\"dateModified\":\"2025-03-28T06:01:40+00:00\",\"description\":\"La oferta de ahorro de costes de Capgemini: Una estrategia integral para evaluar, analizar y activar el ahorro de costes\",\"breadcrumb\":{\"@id\":\"https:\/\/www.capgemini.com\/ar-es\/solutions\/ahorro-de-costes\/#breadcrumb\"},\"inLanguage\":\"es-MX\",\"potentialAction\":[{\"@type\":\"ReadAction\",\"target\":[\"https:\/\/www.capgemini.com\/ar-es\/solutions\/ahorro-de-costes\/\"]}]},{\"@type\":\"ImageObject\",\"inLanguage\":\"es-MX\",\"@id\":\"https:\/\/www.capgemini.com\/ar-es\/solutions\/ahorro-de-costes\/#primaryimage\",\"url\":\"https:\/\/www.capgemini.com\/wp-content\/uploads\/2021\/09\/Capgemini_Services_ADMnext-costs.jpg\",\"contentUrl\":\"https:\/\/www.capgemini.com\/wp-content\/uploads\/2021\/09\/Capgemini_Services_ADMnext-costs.jpg\"},{\"@type\":\"BreadcrumbList\",\"@id\":\"https:\/\/www.capgemini.com\/ar-es\/solutions\/ahorro-de-costes\/#breadcrumb\",\"itemListElement\":[{\"@type\":\"ListItem\",\"position\":1,\"name\":\"Home\",\"item\":\"https:\/\/www.capgemini.com\/ar-es\/\"},{\"@type\":\"ListItem\",\"position\":2,\"name\":\"Solutions\",\"item\":\"https:\/\/www.capgemini.com\/ar-es\/?page_id=5720&preview_id=5720\"},{\"@type\":\"ListItem\",\"position\":3,\"name\":\"Ahorro de Costes\"}]},{\"@type\":\"WebSite\",\"@id\":\"https:\/\/www.capgemini.com\/ar-es\/#website\",\"url\":\"https:\/\/www.capgemini.com\/ar-es\/\",\"name\":\"Capgemini Argentina\",\"description\":\"Capgemini\",\"potentialAction\":[{\"@type\":\"SearchAction\",\"target\":{\"@type\":\"EntryPoint\",\"urlTemplate\":\"https:\/\/www.capgemini.com\/ar-es\/?s={search_term_string}\"},\"query-input\":\"required name=search_term_string\"}],\"inLanguage\":\"es-MX\"}]}<\/script>\n<!-- \/ Yoast SEO Premium plugin. -->","yoast_head_json":{"title":"Ahorro de Costes | Capgemini","description":"La oferta de ahorro de costes de Capgemini: Una estrategia integral para evaluar, analizar y activar el ahorro de costes","robots":{"index":"index","follow":"follow","max-snippet":"max-snippet:-1","max-image-preview":"max-image-preview:large","max-video-preview":"max-video-preview:-1"},"canonical":"https:\/\/www.capgemini.com\/ar-es\/solutions\/ahorro-de-costes\/","og_locale":"es_MX","og_type":"article","og_title":"Ahorro de Costes","og_description":"La oferta de ahorro de costes de Capgemini: Una estrategia integral para evaluar, analizar y activar el ahorro de costes","og_url":"https:\/\/www.capgemini.com\/ar-es\/solutions\/ahorro-de-costes\/","og_site_name":"Capgemini Argentina","article_modified_time":"2025-03-28T06:01:40+00:00","og_image":[{"url":"https:\/\/www.capgemini.com\/wp-content\/uploads\/2021\/09\/Capgemini_Services_ADMnext-costs.jpg"}],"twitter_card":"summary_large_image","twitter_misc":{"Est. reading time":"3 minutes"},"schema":{"@context":"https:\/\/schema.org","@graph":[{"@type":"WebPage","@id":"https:\/\/www.capgemini.com\/ar-es\/solutions\/ahorro-de-costes\/","url":"https:\/\/www.capgemini.com\/ar-es\/solutions\/ahorro-de-costes\/","name":"Ahorro de Costes | Capgemini","isPartOf":{"@id":"https:\/\/www.capgemini.com\/ar-es\/#website"},"primaryImageOfPage":{"@id":"https:\/\/www.capgemini.com\/ar-es\/solutions\/ahorro-de-costes\/#primaryimage"},"image":{"@id":"https:\/\/www.capgemini.com\/ar-es\/solutions\/ahorro-de-costes\/#primaryimage"},"thumbnailUrl":"https:\/\/www.capgemini.com\/wp-content\/uploads\/2021\/09\/Capgemini_Services_ADMnext-costs.jpg","datePublished":"2022-04-22T13:58:02+00:00","dateModified":"2025-03-28T06:01:40+00:00","description":"La oferta de ahorro de costes de Capgemini: Una estrategia integral para evaluar, analizar y activar el ahorro de costes","breadcrumb":{"@id":"https:\/\/www.capgemini.com\/ar-es\/solutions\/ahorro-de-costes\/#breadcrumb"},"inLanguage":"es-MX","potentialAction":[{"@type":"ReadAction","target":["https:\/\/www.capgemini.com\/ar-es\/solutions\/ahorro-de-costes\/"]}]},{"@type":"ImageObject","inLanguage":"es-MX","@id":"https:\/\/www.capgemini.com\/ar-es\/solutions\/ahorro-de-costes\/#primaryimage","url":"https:\/\/www.capgemini.com\/wp-content\/uploads\/2021\/09\/Capgemini_Services_ADMnext-costs.jpg","contentUrl":"https:\/\/www.capgemini.com\/wp-content\/uploads\/2021\/09\/Capgemini_Services_ADMnext-costs.jpg"},{"@type":"BreadcrumbList","@id":"https:\/\/www.capgemini.com\/ar-es\/solutions\/ahorro-de-costes\/#breadcrumb","itemListElement":[{"@type":"ListItem","position":1,"name":"Home","item":"https:\/\/www.capgemini.com\/ar-es\/"},{"@type":"ListItem","position":2,"name":"Solutions","item":"https:\/\/www.capgemini.com\/ar-es\/?page_id=5720&preview_id=5720"},{"@type":"ListItem","position":3,"name":"Ahorro de Costes"}]},{"@type":"WebSite","@id":"https:\/\/www.capgemini.com\/ar-es\/#website","url":"https:\/\/www.capgemini.com\/ar-es\/","name":"Capgemini Argentina","description":"Capgemini","potentialAction":[{"@type":"SearchAction","target":{"@type":"EntryPoint","urlTemplate":"https:\/\/www.capgemini.com\/ar-es\/?s={search_term_string}"},"query-input":"required name=search_term_string"}],"inLanguage":"es-MX"}]}},"brand_term":[],"parsely":{"version":"1.1.0","canonical_url":"https:\/\/capgemini.com\/ar-es\/solutions\/ahorro-de-costes\/","smart_links":{"inbound":0,"outbound":0},"traffic_boost_suggestions_count":0,"meta":{"@context":"https:\/\/schema.org","@type":"WebPage","headline":"Ahorro de Costes","url":"https:\/\/www.capgemini.com\/ar-es\/solutions\/ahorro-de-costes\/","mainEntityOfPage":{"@type":"WebPage","@id":"https:\/\/www.capgemini.com\/ar-es\/solutions\/ahorro-de-costes\/"},"thumbnailUrl":"","image":{"@type":"ImageObject","url":""},"articleSection":"Uncategorized","author":[],"creator":[],"publisher":{"@type":"Organization","name":"Capgemini Argentina","logo":""},"keywords":[],"dateCreated":"2022-04-22T13:58:02Z","datePublished":"2022-04-22T13:58:02Z","dateModified":"2025-03-28T06:01:40Z"},"rendered":"<meta name=\"parsely-title\" content=\"Ahorro de Costes\" \/>\n<meta name=\"parsely-link\" content=\"https:\/\/www.capgemini.com\/ar-es\/solutions\/ahorro-de-costes\/\" \/>\n<meta name=\"parsely-type\" content=\"index\" \/>\n<meta name=\"parsely-pub-date\" content=\"2022-04-22T13:58:02Z\" \/>\n<meta name=\"parsely-section\" content=\"Uncategorized\" \/>","tracker_url":"https:\/\/cdn.parsely.com\/keys\/capgemini.com\/p.js"},"archive_status":false,"featured_image_src":"https:\/\/www.capgemini.com\/ar-es\/wp-content\/themes\/capgemini2025\/assets\/images\/mockup.png","featured_image_alt":false,"jetpack_sharing_enabled":true,"distributor_meta":false,"distributor_terms":false,"distributor_media":false,"distributor_original_site_name":"Capgemini Argentina","distributor_original_site_url":"https:\/\/www.capgemini.com\/ar-es","push-errors":false,"_links":{"self":[{"href":"https:\/\/www.capgemini.com\/ar-es\/wp-json\/wp\/v2\/pages\/5331","targetHints":{"allow":["GET"]}}],"collection":[{"href":"https:\/\/www.capgemini.com\/ar-es\/wp-json\/wp\/v2\/pages"}],"about":[{"href":"https:\/\/www.capgemini.com\/ar-es\/wp-json\/wp\/v2\/types\/page"}],"author":[{"embeddable":true,"href":"https:\/\/www.capgemini.com\/ar-es\/wp-json\/wp\/v2\/users\/151"}],"replies":[{"embeddable":true,"href":"https:\/\/www.capgemini.com\/ar-es\/wp-json\/wp\/v2\/comments?post=5331"}],"version-history":[{"count":5,"href":"https:\/\/www.capgemini.com\/ar-es\/wp-json\/wp\/v2\/pages\/5331\/revisions"}],"predecessor-version":[{"id":515953,"href":"https:\/\/www.capgemini.com\/ar-es\/wp-json\/wp\/v2\/pages\/5331\/revisions\/515953"}],"up":[{"embeddable":true,"href":"https:\/\/www.capgemini.com\/ar-es\/wp-json\/wp\/v2\/pages\/5720"}],"wp:attachment":[{"href":"https:\/\/www.capgemini.com\/ar-es\/wp-json\/wp\/v2\/media?parent=5331"}],"wp:term":[{"taxonomy":"brand","embeddable":true,"href":"https:\/\/www.capgemini.com\/ar-es\/wp-json\/wp\/v2\/brand?post=5331"},{"taxonomy":"partner_type","embeddable":true,"href":"https:\/\/www.capgemini.com\/ar-es\/wp-json\/wp\/v2\/partner_type?post=5331"},{"taxonomy":"service","embeddable":true,"href":"https:\/\/www.capgemini.com\/ar-es\/wp-json\/wp\/v2\/service?post=5331"},{"taxonomy":"industry","embeddable":true,"href":"https:\/\/www.capgemini.com\/ar-es\/wp-json\/wp\/v2\/industry?post=5331"},{"taxonomy":"partners","embeddable":true,"href":"https:\/\/www.capgemini.com\/ar-es\/wp-json\/wp\/v2\/partners?post=5331"},{"taxonomy":"page-type","embeddable":true,"href":"https:\/\/www.capgemini.com\/ar-es\/wp-json\/wp\/v2\/page-type?post=5331"},{"taxonomy":"content-group","embeddable":true,"href":"https:\/\/www.capgemini.com\/ar-es\/wp-json\/wp\/v2\/content-group?post=5331"}],"curies":[{"name":"wp","href":"https:\/\/api.w.org\/{rel}","templated":true}]}}