{"id":5290,"date":"2022-05-30T10:52:03","date_gmt":"2022-05-30T08:52:03","guid":{"rendered":"https:\/\/www.capgemini.com\/?page_id=715786"},"modified":"2025-03-28T05:59:57","modified_gmt":"2025-03-28T05:59:57","slug":"seguridad-para-tu-entorno-sap","status":"publish","type":"page","link":"https:\/\/www.capgemini.com\/ar-es\/solutions\/seguridad-para-tu-entorno-sap\/","title":{"rendered":"Seguridad para tu entorno SAP"},"content":{"rendered":"\n<header class=\"wp-block-cg-blocks-hero-reusable header heroReusable  \"><div class=\"header-bgs\"><picture><source srcset=\"https:\/\/www.capgemini.com\/wp-content\/uploads\/2022\/06\/SAP-Cybersecurity-Banners2-1.jpg?w=2880&amp;quality=70 1x, https:\/\/www.capgemini.com\/wp-content\/uploads\/2022\/06\/SAP-Cybersecurity-Banners2-1.jpg?w=2880&amp;quality=70 2x\" media=\"(min-width: 1500px)\"\/><source srcset=\"https:\/\/www.capgemini.com\/wp-content\/uploads\/2022\/06\/SAP-Cybersecurity-Banners2-1.jpg?w=1440&amp;quality=70 1x, https:\/\/www.capgemini.com\/wp-content\/uploads\/2022\/06\/SAP-Cybersecurity-Banners2-1.jpg?w=2880&amp;quality=70 2x\" media=\"(min-width: 992px)\"\/><source srcset=\"https:\/\/www.capgemini.com\/wp-content\/uploads\/2022\/06\/SAP-Cybersecurity-Banners2-1.jpg?w=1024&amp;quality=70 1x, https:\/\/www.capgemini.com\/wp-content\/uploads\/2022\/06\/SAP-Cybersecurity-Banners2-1.jpg?w=1024&amp;quality=70 2x\" media=\"(min-width: 768px)\"\/><source srcset=\"https:\/\/www.capgemini.com\/wp-content\/uploads\/2022\/06\/SAP-Cybersecurity-Banners2-1.jpg?w=768&amp;quality=70 1x, https:\/\/www.capgemini.com\/wp-content\/uploads\/2022\/06\/SAP-Cybersecurity-Banners2-1.jpg?w=768&amp;quality=70 2x\" media=\"(min-width: 0)\"\/><img decoding=\"async\" src=\"https:\/\/www.capgemini.com\/wp-content\/uploads\/2022\/06\/SAP-Cybersecurity-Banners2-1.jpg\" class=\"header-img header-img-d\" alt=\"SAP-Cybersecurity-Banners2 (1)\" style=\"object-fit:cover;object-position:48% 88%\" loading=\"eager\"\/><\/picture><\/div><div class=\"heroPictureCardHeaderShape\"><\/div><div class=\"container\"><div class=\"row\"><div class=\"col-md-12\"><div class=\"box\"><div class=\"boxTagWrapper\"><div class=\"tagInfo\"><div><span class=\"box-tag\">Solution<\/span><\/div><\/div><\/div><div class=\"box-title\"><h1 data-maxlength=\"34\">Seguridad para tu entorno SAP<\/h1><\/div><h2 class=\"reasearchInsightTitle\">La forma m\u00e1s segura de proteger tus entornos SAP<\/h2><div class=\"inner-row-insight download-btn\"><div class=\"col-md-4 downloadFiles addPadding\"><a class=\"button-download--small\" type=\"download\" href=\"https:\/\/www.capgemini.com\/wp-content\/uploads\/2022\/05\/SAP-security-brochure2.pdf\" target=\"_blank\" rel=\"noopener noreferrer\" title=\"abrir en una nueva ventana\"><span>Download the brochure<\/span><span class=\"type\">764 KB  pdf<\/span><\/a><\/div><\/div><\/div><\/div><\/div><\/div><\/header>\n\n\n\n<section class=\"wp-block-cg-blocks-intro-para undefined section section--intro\"><div class=\"intro-para\"><div class=\"container\"><div class=\"row\"><div class=\"col-12 col-md-1\"><nav class=\"article-social\"><ul class=\"social-nav\"><li class=\"ip-order-fb\"><a href=\"https:\/\/www.facebook.com\/sharer\/sharer.php?u=https:\/\/www.capgemini.com\/ar-es\/solutions\/seguridad-para-tu-entorno-sap\/\" target=\"_blank\" rel=\"noopener noreferrer\" title=\"abrir en una nueva ventana\"><i aria-hidden=\"true\" class=\"icon-fb\"><\/i><span class=\"sr-only\">Facebook<\/span><\/a><\/li><li class=\"ip-order-tw\"><a href=\"https:\/\/twitter.com\/intent\/tweet?url=https:\/\/www.capgemini.com\/ar-es\/solutions\/seguridad-para-tu-entorno-sap\/&amp;text=Seguridad para tu entorno SAP\" target=\"_blank\" rel=\"noopener noreferrer\" title=\"abrir en una nueva ventana\"><i aria-hidden=\"true\" class=\"icon-tw\"><\/i><span class=\"sr-only\">Twitter<\/span><\/a><\/li><li class=\"ip-order-li\"><a href=\"https:\/\/www.linkedin.com\/shareArticle?url=https:\/\/www.capgemini.com\/ar-es\/solutions\/seguridad-para-tu-entorno-sap\/&amp;text=Seguridad para tu entorno SAP\" target=\"_blank\" rel=\"noopener noreferrer\" title=\"abrir en una nueva ventana\"><i aria-hidden=\"true\" class=\"icon-li\"><\/i><span class=\"sr-only\">Linkedin<\/span><\/a><\/li><\/ul><\/nav><\/div><div class=\"col-12 col-md-11 col-lg-10\"><h2 class=\"intro-para-title\">Nuestra soluci\u00f3n de ciberseguridad SAP es la forma m\u00e1s segura de proteger tus entornos SAP.<\/h2><p class=\"intro-para-content\">SAP se ha convertido en un componente esencial de las empresas inteligentes, ya que las aplicaciones SAP les permiten gestionar f\u00e1cilmente sus distintos departamentos. Al mismo tiempo, los complejos sistemas SAP requieren una supervisi\u00f3n continua para detectar amenazas y vulnerabilidades.<\/p><\/div><\/div><\/div><\/div><\/section>\n\n\n\n<section class=\"wp-block-cg-blocks-group undefined section section--article-content\"><div class=\"article-main-content\"><div class=\"container\"><div class=\"row\"><div class=\"col-12 col-md-11 col-lg-10 offset-md-1 offset-lg-1\"><div class=\"article-text article-quote-text\">\n<p>Los principales retos a los que se enfrentan los clientes para mantener una postura eficaz de ciberseguridad en el entorno SAP son los siguientes:<\/p>\n\n\n\n<p>\u2022 Obtener una visi\u00f3n de las vulnerabilidades y amenazas en la aplicaci\u00f3n y base de datos SAP, incluyendo la seguridad (y el estado de cumplimiento).<br>\u2022 Evitar que los atacantes eludan la segregaci\u00f3n de funciones (SoD) y los controles de autorizaci\u00f3n.<br>\u2022 Gestionar el riesgo de c\u00f3digo o configuraci\u00f3n inseguros y establecer informes continuos sobre la postura de ciberseguridad de SAP.<br>\u2022 Mantener los controles en un estado de conformidad del entorno SAP y aplicar las l\u00edneas de base de seguridad para los entornos SAP ECC o S\/4 Hana.<\/p>\n\n\n\n<p>Capgemini proporciona una soluci\u00f3n hol\u00edstica para proteger tu sistema de filtraciones de datos y p\u00e9rdidas potenciales a trav\u00e9s de su soluci\u00f3n de Evaluaci\u00f3n de Vulnerabilidades y Gesti\u00f3n de Vulnerabilidades dise\u00f1ada para el entorno de SAP.<\/p>\n\n\n\n<p>Con la Evaluaci\u00f3n de Vulnerabilidad de Capgemini, proporcionamos una garant\u00eda de seguridad como ninguna otra. Nuestra soluci\u00f3n permite obtener informaci\u00f3n r\u00e1pida y en tiempo real con visibilidad en un entorno SAP existente para identificar las vulnerabilidades del sistema y de las aplicaciones.<\/p>\n\n\n\n<p>Obt\u00e9n m\u00e1s informaci\u00f3n sobre nuestra soluci\u00f3n de evaluaci\u00f3n y gesti\u00f3n de la vulnerabilidad de SAP descargando nuestro brochure.<\/p>\n<\/div><\/div><\/div><\/div><\/div><\/section>\n","protected":false},"excerpt":{"rendered":"<p>Our SAP cybersecurity solution is the safest way to protect your SAP landscapes.<\/p>\n","protected":false},"author":26,"featured_media":5291,"parent":5720,"menu_order":0,"comment_status":"closed","ping_status":"closed","template":"","meta":{"cg_dt_proposed_to":[0],"cg_seo_hreflang_relations":"[]","cg_seo_canonical_relation":"","cg_seo_hreflang_x_default_relation":"{\"uuid\":\"2311eca3-d5fb-4bbc-b2ab-0a3d5c777374\",\"blogId\":\"\",\"domain\":\"\",\"sitePath\":\"\",\"postLink\":\"\",\"postId\":null,\"isSaved\":false,\"isCrossLink\":false,\"hasCrossLink\":false}","cg_dt_approved_content":false,"cg_dt_mandatory_content":false,"cg_dt_notes":"","cg_dg_source_changed":false,"cg_dt_link_disabled":false,"_yoast_wpseo_primary_brand":"","footnotes":"","featured_focal_points":"{\"x\":\"0.70\",\"y\":\"0.31\"}","partner_card_description":"","gsap_animation":0},"brand":[],"partner_type":[],"service":[],"industry":[],"partners":[],"page-type":[167],"content-group":[],"class_list":["post-5290","page","type-page","status-publish","has-post-thumbnail","hentry","page-type-solutions"],"yoast_head":"<!-- This site is optimized with the Yoast SEO Premium plugin v22.8 (Yoast SEO v22.8) - https:\/\/yoast.com\/wordpress\/plugins\/seo\/ -->\n<title>Seguridad para tu entorno SAP - Capgemini Argentina<\/title>\n<meta name=\"description\" content=\"La forma m\u00e1s segura de proteger tus entornos SAP.\" \/>\n<meta name=\"robots\" content=\"index, follow, max-snippet:-1, max-image-preview:large, max-video-preview:-1\" \/>\n<link rel=\"canonical\" href=\"https:\/\/www.capgemini.com\/ar-es\/solutions\/seguridad-para-tu-entorno-sap\/\" \/>\n<meta property=\"og:locale\" content=\"es_MX\" \/>\n<meta property=\"og:type\" content=\"article\" \/>\n<meta property=\"og:title\" content=\"Seguridad para tu entorno SAP\" \/>\n<meta property=\"og:description\" content=\"La forma m\u00e1s segura de proteger tus entornos SAP.\" \/>\n<meta property=\"og:url\" content=\"https:\/\/www.capgemini.com\/ar-es\/solutions\/seguridad-para-tu-entorno-sap\/\" \/>\n<meta property=\"og:site_name\" content=\"Capgemini Argentina\" \/>\n<meta property=\"article:modified_time\" content=\"2025-03-28T05:59:57+00:00\" \/>\n<meta property=\"og:image\" content=\"https:\/\/www.capgemini.com\/ar-es\/wp-content\/uploads\/sites\/9\/2022\/05\/SAP-Cybersecurity-Banners2-1.jpg\" \/>\n\t<meta property=\"og:image:width\" content=\"2880\" \/>\n\t<meta property=\"og:image:height\" content=\"1800\" \/>\n\t<meta property=\"og:image:type\" content=\"image\/jpeg\" \/>\n<meta name=\"twitter:card\" content=\"summary_large_image\" \/>\n<meta name=\"twitter:label1\" content=\"Est. reading time\" \/>\n\t<meta name=\"twitter:data1\" content=\"2 minutes\" \/>\n<script type=\"application\/ld+json\" class=\"yoast-schema-graph\">{\"@context\":\"https:\/\/schema.org\",\"@graph\":[{\"@type\":\"WebPage\",\"@id\":\"https:\/\/www.capgemini.com\/ar-es\/solutions\/seguridad-para-tu-entorno-sap\/\",\"url\":\"https:\/\/www.capgemini.com\/ar-es\/solutions\/seguridad-para-tu-entorno-sap\/\",\"name\":\"Seguridad para tu entorno SAP - Capgemini Argentina\",\"isPartOf\":{\"@id\":\"https:\/\/www.capgemini.com\/ar-es\/#website\"},\"primaryImageOfPage\":{\"@id\":\"https:\/\/www.capgemini.com\/ar-es\/solutions\/seguridad-para-tu-entorno-sap\/#primaryimage\"},\"image\":{\"@id\":\"https:\/\/www.capgemini.com\/ar-es\/solutions\/seguridad-para-tu-entorno-sap\/#primaryimage\"},\"thumbnailUrl\":\"https:\/\/www.capgemini.com\/ar-es\/wp-content\/uploads\/sites\/9\/2022\/05\/SAP-Cybersecurity-Banners2-1.jpg\",\"datePublished\":\"2022-05-30T08:52:03+00:00\",\"dateModified\":\"2025-03-28T05:59:57+00:00\",\"description\":\"La forma m\u00e1s segura de proteger tus entornos SAP.\",\"breadcrumb\":{\"@id\":\"https:\/\/www.capgemini.com\/ar-es\/solutions\/seguridad-para-tu-entorno-sap\/#breadcrumb\"},\"inLanguage\":\"es-MX\",\"potentialAction\":[{\"@type\":\"ReadAction\",\"target\":[\"https:\/\/www.capgemini.com\/ar-es\/solutions\/seguridad-para-tu-entorno-sap\/\"]}]},{\"@type\":\"ImageObject\",\"inLanguage\":\"es-MX\",\"@id\":\"https:\/\/www.capgemini.com\/ar-es\/solutions\/seguridad-para-tu-entorno-sap\/#primaryimage\",\"url\":\"https:\/\/www.capgemini.com\/ar-es\/wp-content\/uploads\/sites\/9\/2022\/05\/SAP-Cybersecurity-Banners2-1.jpg\",\"contentUrl\":\"https:\/\/www.capgemini.com\/ar-es\/wp-content\/uploads\/sites\/9\/2022\/05\/SAP-Cybersecurity-Banners2-1.jpg\",\"width\":2880,\"height\":1800},{\"@type\":\"BreadcrumbList\",\"@id\":\"https:\/\/www.capgemini.com\/ar-es\/solutions\/seguridad-para-tu-entorno-sap\/#breadcrumb\",\"itemListElement\":[{\"@type\":\"ListItem\",\"position\":1,\"name\":\"Home\",\"item\":\"https:\/\/www.capgemini.com\/ar-es\/\"},{\"@type\":\"ListItem\",\"position\":2,\"name\":\"Solutions\",\"item\":\"https:\/\/www.capgemini.com\/ar-es\/?page_id=5720&preview_id=5720\"},{\"@type\":\"ListItem\",\"position\":3,\"name\":\"Seguridad para tu entorno SAP\"}]},{\"@type\":\"WebSite\",\"@id\":\"https:\/\/www.capgemini.com\/ar-es\/#website\",\"url\":\"https:\/\/www.capgemini.com\/ar-es\/\",\"name\":\"Capgemini Argentina\",\"description\":\"Capgemini\",\"potentialAction\":[{\"@type\":\"SearchAction\",\"target\":{\"@type\":\"EntryPoint\",\"urlTemplate\":\"https:\/\/www.capgemini.com\/ar-es\/?s={search_term_string}\"},\"query-input\":\"required name=search_term_string\"}],\"inLanguage\":\"es-MX\"}]}<\/script>\n<!-- \/ Yoast SEO Premium plugin. -->","yoast_head_json":{"title":"Seguridad para tu entorno SAP - Capgemini Argentina","description":"La forma m\u00e1s segura de proteger tus entornos SAP.","robots":{"index":"index","follow":"follow","max-snippet":"max-snippet:-1","max-image-preview":"max-image-preview:large","max-video-preview":"max-video-preview:-1"},"canonical":"https:\/\/www.capgemini.com\/ar-es\/solutions\/seguridad-para-tu-entorno-sap\/","og_locale":"es_MX","og_type":"article","og_title":"Seguridad para tu entorno SAP","og_description":"La forma m\u00e1s segura de proteger tus entornos SAP.","og_url":"https:\/\/www.capgemini.com\/ar-es\/solutions\/seguridad-para-tu-entorno-sap\/","og_site_name":"Capgemini Argentina","article_modified_time":"2025-03-28T05:59:57+00:00","og_image":[{"width":2880,"height":1800,"url":"https:\/\/www.capgemini.com\/ar-es\/wp-content\/uploads\/sites\/9\/2022\/05\/SAP-Cybersecurity-Banners2-1.jpg","type":"image\/jpeg"}],"twitter_card":"summary_large_image","twitter_misc":{"Est. reading time":"2 minutes"},"schema":{"@context":"https:\/\/schema.org","@graph":[{"@type":"WebPage","@id":"https:\/\/www.capgemini.com\/ar-es\/solutions\/seguridad-para-tu-entorno-sap\/","url":"https:\/\/www.capgemini.com\/ar-es\/solutions\/seguridad-para-tu-entorno-sap\/","name":"Seguridad para tu entorno SAP - Capgemini Argentina","isPartOf":{"@id":"https:\/\/www.capgemini.com\/ar-es\/#website"},"primaryImageOfPage":{"@id":"https:\/\/www.capgemini.com\/ar-es\/solutions\/seguridad-para-tu-entorno-sap\/#primaryimage"},"image":{"@id":"https:\/\/www.capgemini.com\/ar-es\/solutions\/seguridad-para-tu-entorno-sap\/#primaryimage"},"thumbnailUrl":"https:\/\/www.capgemini.com\/ar-es\/wp-content\/uploads\/sites\/9\/2022\/05\/SAP-Cybersecurity-Banners2-1.jpg","datePublished":"2022-05-30T08:52:03+00:00","dateModified":"2025-03-28T05:59:57+00:00","description":"La forma m\u00e1s segura de proteger tus entornos SAP.","breadcrumb":{"@id":"https:\/\/www.capgemini.com\/ar-es\/solutions\/seguridad-para-tu-entorno-sap\/#breadcrumb"},"inLanguage":"es-MX","potentialAction":[{"@type":"ReadAction","target":["https:\/\/www.capgemini.com\/ar-es\/solutions\/seguridad-para-tu-entorno-sap\/"]}]},{"@type":"ImageObject","inLanguage":"es-MX","@id":"https:\/\/www.capgemini.com\/ar-es\/solutions\/seguridad-para-tu-entorno-sap\/#primaryimage","url":"https:\/\/www.capgemini.com\/ar-es\/wp-content\/uploads\/sites\/9\/2022\/05\/SAP-Cybersecurity-Banners2-1.jpg","contentUrl":"https:\/\/www.capgemini.com\/ar-es\/wp-content\/uploads\/sites\/9\/2022\/05\/SAP-Cybersecurity-Banners2-1.jpg","width":2880,"height":1800},{"@type":"BreadcrumbList","@id":"https:\/\/www.capgemini.com\/ar-es\/solutions\/seguridad-para-tu-entorno-sap\/#breadcrumb","itemListElement":[{"@type":"ListItem","position":1,"name":"Home","item":"https:\/\/www.capgemini.com\/ar-es\/"},{"@type":"ListItem","position":2,"name":"Solutions","item":"https:\/\/www.capgemini.com\/ar-es\/?page_id=5720&preview_id=5720"},{"@type":"ListItem","position":3,"name":"Seguridad para tu entorno SAP"}]},{"@type":"WebSite","@id":"https:\/\/www.capgemini.com\/ar-es\/#website","url":"https:\/\/www.capgemini.com\/ar-es\/","name":"Capgemini Argentina","description":"Capgemini","potentialAction":[{"@type":"SearchAction","target":{"@type":"EntryPoint","urlTemplate":"https:\/\/www.capgemini.com\/ar-es\/?s={search_term_string}"},"query-input":"required name=search_term_string"}],"inLanguage":"es-MX"}]}},"brand_term":[],"parsely":{"version":"1.1.0","canonical_url":"https:\/\/capgemini.com\/ar-es\/solutions\/seguridad-para-tu-entorno-sap\/","smart_links":{"inbound":0,"outbound":0},"traffic_boost_suggestions_count":0,"meta":{"@context":"https:\/\/schema.org","@type":"WebPage","headline":"Seguridad para tu entorno SAP","url":"https:\/\/www.capgemini.com\/ar-es\/solutions\/seguridad-para-tu-entorno-sap\/","mainEntityOfPage":{"@type":"WebPage","@id":"https:\/\/www.capgemini.com\/ar-es\/solutions\/seguridad-para-tu-entorno-sap\/"},"thumbnailUrl":"https:\/\/www.capgemini.com\/ar-es\/wp-content\/uploads\/sites\/9\/2022\/05\/SAP-Cybersecurity-Banners2-1.jpg?w=150&h=150&crop=1","image":{"@type":"ImageObject","url":"https:\/\/www.capgemini.com\/ar-es\/wp-content\/uploads\/sites\/9\/2022\/05\/SAP-Cybersecurity-Banners2-1.jpg"},"articleSection":"Uncategorized","author":[],"creator":[],"publisher":{"@type":"Organization","name":"Capgemini Argentina","logo":""},"keywords":[],"dateCreated":"2022-05-30T08:52:03Z","datePublished":"2022-05-30T08:52:03Z","dateModified":"2025-03-28T05:59:57Z"},"rendered":"<meta name=\"parsely-title\" content=\"Seguridad para tu entorno SAP\" \/>\n<meta name=\"parsely-link\" content=\"https:\/\/www.capgemini.com\/ar-es\/solutions\/seguridad-para-tu-entorno-sap\/\" \/>\n<meta name=\"parsely-type\" content=\"index\" \/>\n<meta name=\"parsely-image-url\" content=\"https:\/\/www.capgemini.com\/ar-es\/wp-content\/uploads\/sites\/9\/2022\/05\/SAP-Cybersecurity-Banners2-1.jpg?w=150&amp;h=150&amp;crop=1\" \/>\n<meta name=\"parsely-pub-date\" content=\"2022-05-30T08:52:03Z\" \/>\n<meta name=\"parsely-section\" content=\"Uncategorized\" \/>","tracker_url":"https:\/\/cdn.parsely.com\/keys\/capgemini.com\/p.js"},"archive_status":false,"featured_image_src":"https:\/\/www.capgemini.com\/ar-es\/wp-content\/uploads\/sites\/9\/2022\/05\/SAP-Cybersecurity-Banners2-1.jpg","featured_image_alt":"","jetpack_sharing_enabled":true,"distributor_meta":false,"distributor_terms":false,"distributor_media":false,"distributor_original_site_name":"Capgemini Argentina","distributor_original_site_url":"https:\/\/www.capgemini.com\/ar-es","push-errors":false,"_links":{"self":[{"href":"https:\/\/www.capgemini.com\/ar-es\/wp-json\/wp\/v2\/pages\/5290","targetHints":{"allow":["GET"]}}],"collection":[{"href":"https:\/\/www.capgemini.com\/ar-es\/wp-json\/wp\/v2\/pages"}],"about":[{"href":"https:\/\/www.capgemini.com\/ar-es\/wp-json\/wp\/v2\/types\/page"}],"author":[{"embeddable":true,"href":"https:\/\/www.capgemini.com\/ar-es\/wp-json\/wp\/v2\/users\/26"}],"replies":[{"embeddable":true,"href":"https:\/\/www.capgemini.com\/ar-es\/wp-json\/wp\/v2\/comments?post=5290"}],"version-history":[{"count":4,"href":"https:\/\/www.capgemini.com\/ar-es\/wp-json\/wp\/v2\/pages\/5290\/revisions"}],"predecessor-version":[{"id":515947,"href":"https:\/\/www.capgemini.com\/ar-es\/wp-json\/wp\/v2\/pages\/5290\/revisions\/515947"}],"up":[{"embeddable":true,"href":"https:\/\/www.capgemini.com\/ar-es\/wp-json\/wp\/v2\/pages\/5720"}],"wp:featuredmedia":[{"embeddable":true,"href":"https:\/\/www.capgemini.com\/ar-es\/wp-json\/wp\/v2\/media\/5291"}],"wp:attachment":[{"href":"https:\/\/www.capgemini.com\/ar-es\/wp-json\/wp\/v2\/media?parent=5290"}],"wp:term":[{"taxonomy":"brand","embeddable":true,"href":"https:\/\/www.capgemini.com\/ar-es\/wp-json\/wp\/v2\/brand?post=5290"},{"taxonomy":"partner_type","embeddable":true,"href":"https:\/\/www.capgemini.com\/ar-es\/wp-json\/wp\/v2\/partner_type?post=5290"},{"taxonomy":"service","embeddable":true,"href":"https:\/\/www.capgemini.com\/ar-es\/wp-json\/wp\/v2\/service?post=5290"},{"taxonomy":"industry","embeddable":true,"href":"https:\/\/www.capgemini.com\/ar-es\/wp-json\/wp\/v2\/industry?post=5290"},{"taxonomy":"partners","embeddable":true,"href":"https:\/\/www.capgemini.com\/ar-es\/wp-json\/wp\/v2\/partners?post=5290"},{"taxonomy":"page-type","embeddable":true,"href":"https:\/\/www.capgemini.com\/ar-es\/wp-json\/wp\/v2\/page-type?post=5290"},{"taxonomy":"content-group","embeddable":true,"href":"https:\/\/www.capgemini.com\/ar-es\/wp-json\/wp\/v2\/content-group?post=5290"}],"curies":[{"name":"wp","href":"https:\/\/api.w.org\/{rel}","templated":true}]}}