{"id":5284,"date":"2022-06-15T06:55:58","date_gmt":"2022-06-15T04:55:58","guid":{"rendered":"https:\/\/www.capgemini.com\/?page_id=731118"},"modified":"2025-03-28T05:59:41","modified_gmt":"2025-03-28T05:59:41","slug":"operaciones-de-aprendizaje-inteligente","status":"publish","type":"page","link":"https:\/\/www.capgemini.com\/ar-es\/solutions\/operaciones-de-aprendizaje-inteligente\/","title":{"rendered":"Operaciones de aprendizaje inteligente"},"content":{"rendered":"\n<header class=\"wp-block-cg-blocks-hero-reusable header heroReusable  \"><div class=\"header-bgs\"><picture><source srcset=\"https:\/\/www.capgemini.com\/wp-content\/uploads\/2022\/06\/Intelligent-Learning-Operations-ILO-banner.jpg?w=2880&amp;quality=70 1x, https:\/\/www.capgemini.com\/wp-content\/uploads\/2022\/06\/Intelligent-Learning-Operations-ILO-banner.jpg?w=2880&amp;quality=70 2x\" media=\"(min-width: 1500px)\"\/><source srcset=\"https:\/\/www.capgemini.com\/wp-content\/uploads\/2022\/06\/Intelligent-Learning-Operations-ILO-banner.jpg?w=1440&amp;quality=70 1x, https:\/\/www.capgemini.com\/wp-content\/uploads\/2022\/06\/Intelligent-Learning-Operations-ILO-banner.jpg?w=2880&amp;quality=70 2x\" media=\"(min-width: 992px)\"\/><source srcset=\"https:\/\/www.capgemini.com\/wp-content\/uploads\/2022\/06\/Intelligent-Learning-Operations-ILO-banner.jpg?w=1024&amp;quality=70 1x, https:\/\/www.capgemini.com\/wp-content\/uploads\/2022\/06\/Intelligent-Learning-Operations-ILO-banner.jpg?w=1024&amp;quality=70 2x\" media=\"(min-width: 768px)\"\/><source srcset=\"https:\/\/www.capgemini.com\/wp-content\/uploads\/2022\/06\/Intelligent-Learning-Operations-ILO-banner.jpg?w=768&amp;quality=70 1x, https:\/\/www.capgemini.com\/wp-content\/uploads\/2022\/06\/Intelligent-Learning-Operations-ILO-banner.jpg?w=768&amp;quality=70 2x\" media=\"(min-width: 0)\"\/><img decoding=\"async\" src=\"https:\/\/www.capgemini.com\/wp-content\/uploads\/2022\/06\/Intelligent-Learning-Operations-ILO-banner.jpg\" class=\"header-img header-img-d\" alt=\"\" style=\"object-fit:cover;object-position:52% 18%\" loading=\"eager\"\/><\/picture><\/div><div class=\"heroPictureCardHeaderShape\"><\/div><div class=\"container\"><div class=\"row\"><div class=\"col-md-12\"><div class=\"box\"><div class=\"boxTagWrapper\"><div class=\"tagInfo\"><div><span class=\"box-tag\">Intelligent learning operation<\/span><\/div><\/div><\/div><div class=\"box-title\"><h1 data-maxlength=\"34\">Operaciones de aprendizaje inteligente<\/h1><\/div><div class=\"inner-row-insight download-btn\"><div class=\"col-md-4 downloadFiles addPadding\"><a class=\"button-download--small\" type=\"download\" href=\"https:\/\/www.capgemini.com\/wp-content\/uploads\/2022\/07\/Intelligent-Learning-Operations-ILO-factsheet-v2.pdf\" target=\"_blank\" rel=\"noopener noreferrer\" title=\"abrir en una nueva ventana\"><span>Descargar ficha t\u00e9cnica<\/span><span class=\"type\">13 MB  pdf<\/span><\/a><\/div><\/div><\/div><\/div><\/div><\/div><\/header>\n\n\n\n<section class=\"wp-block-cg-blocks-intro-para undefined section section--intro\"><div class=\"intro-para\"><div class=\"container\"><div class=\"row\"><div class=\"col-12 col-md-1\"><nav class=\"article-social\"><ul class=\"social-nav\"><li class=\"ip-order-fb\"><a href=\"https:\/\/www.facebook.com\/sharer\/sharer.php?u=https:\/\/www.capgemini.com\/ar-es\/solutions\/operaciones-de-aprendizaje-inteligente\/\" target=\"_blank\" rel=\"noopener noreferrer\" title=\"abrir en una nueva ventana\"><i aria-hidden=\"true\" class=\"icon-fb\"><\/i><span class=\"sr-only\">Facebook<\/span><\/a><\/li><li class=\"ip-order-li\"><a href=\"https:\/\/www.linkedin.com\/sharing\/share-offsite\/?url=https:\/\/www.capgemini.com\/ar-es\/solutions\/operaciones-de-aprendizaje-inteligente\/\" target=\"_blank\" rel=\"noopener noreferrer\" title=\"abrir en una nueva ventana\"><i aria-hidden=\"true\" class=\"icon-li\"><\/i><span class=\"sr-only\">Linkedin<\/span><\/a><\/li><\/ul><\/nav><\/div><div class=\"col-12 col-md-11 col-lg-10\"><h2 class=\"intro-para-title\">Impulse el aprendizaje mixto y multimodal con una plataforma de aprendizaje de \u00faltima generaci\u00f3n.<\/h2><\/div><\/div><\/div><\/div><\/section>\n\n\n\n<section class=\"wp-block-cg-blocks-intro-para-video section section--info-2cols section--insights section-video is-style-cg-blue\"><div class=\"bg-color video-align-left\"><div class=\"container\"><div class=\"row video-align-right\"><div class=\"col-md-12\"><div class=\"video-align-right row box box--4 box--mini\"><div class=\"col-md-1\"><\/div><div class=\"col-md-8 box-img-wrapper\"><div class=\"video-box\"><div class=\"video-wrapper\"><iframe title=\"video-section\" src=\"https:\/\/www.youtube.com\/embed\/PAp3tszUJhM\" frameborder=\"0\" rel=\"0\" allow=\"accelerometer; autoplay; encrypted-media; gyroscope; picture-in-picture\" allowfullscreen><\/iframe><\/div><\/div><\/div><div class=\"col-md-3\"><h3 class=\"Video-title\" data-maxlength=\"34\">Aprendizaje inteligente<\/h3><div class=\"video-info\"><p data-maxlength=\"68\">Aprendizaje personalizado en toda su organizaci\u00f3n.<\/p><\/div><\/div><div class=\"col-md-1\"><\/div><\/div><\/div><\/div><\/div><\/div><\/section>\n\n\n\n<section class=\"wp-block-cg-blocks-group undefined section section--article-content\"><div class=\"article-main-content\"><div class=\"container\"><div class=\"row\"><div class=\"col-12 col-md-11 col-lg-10 offset-md-1 offset-lg-1\"><div class=\"article-text article-quote-text\">\n<h4 class=\"wp-block-heading\" id=\"h-ofrezca-un-viaje-de-aprendizaje-continuo-personalizado-y-sin-fricciones-a-lo-largo-de-su-ciclo-de-gestion-del-talento\">Ofrezca un viaje de aprendizaje continuo, personalizado y sin fricciones a lo largo de su ciclo de gesti\u00f3n del talento<\/h4>\n\n\n\n<p>Intelligent Learning Operations de Capgemini es un conjunto completo y sin fricciones de plataformas de aprendizaje de activaci\u00f3n r\u00e1pida y gesti\u00f3n de servicios integrados que amplifican la experiencia de su personal y brindan un valor excepcional a su negocio, con:<\/p>\n\n\n\n<ul class=\"wp-block-list\">\n<li>Una fuerza laboral m\u00e1s competitiva y recalificada<\/li>\n\n\n\n<li>Mejor compromiso y experiencia de los empleados<\/li>\n\n\n\n<li>Mayor flexibilidad y operaciones de L&amp;D escalables<\/li>\n\n\n\n<li>Mayor eficiencia en las operaciones de aprendizaje<\/li>\n\n\n\n<li>Mayores ahorros en el costo de servicio.<\/li>\n<\/ul>\n\n\n\n<div class=\"wp-block-buttons is-layout-flex wp-block-buttons-is-layout-flex\">\n<div class=\"wp-block-button is-style-outline is-style-outline--1\"><a class=\"wp-block-button__link wp-element-button\" href=\"https:\/\/www.capgemini.com\/wp-content\/uploads\/2022\/07\/Intelligent-Learning-Operations-ILO-factsheet-v2.pdf\" target=\"_blank\" rel=\"noreferrer noopener\">Descargar ficha t\u00e9cnica<\/a><\/div>\n<\/div>\n<\/div><\/div><\/div><\/div><\/div><\/section>\n","protected":false},"excerpt":{"rendered":"<p>Drive multimodal, blended learning with a next-generation learning platform.<\/p>\n","protected":false},"author":33,"featured_media":5285,"parent":5772,"menu_order":0,"comment_status":"closed","ping_status":"closed","template":"","meta":{"cg_dt_proposed_to":[0],"cg_seo_hreflang_relations":"[]","cg_seo_canonical_relation":"","cg_seo_hreflang_x_default_relation":"","cg_dt_approved_content":false,"cg_dt_mandatory_content":false,"cg_dt_notes":"","cg_dg_source_changed":false,"cg_dt_link_disabled":false,"_yoast_wpseo_primary_brand":"","footnotes":"","featured_focal_points":"","partner_card_description":"","gsap_animation":0},"brand":[],"partner_type":[],"service":[155],"industry":[],"partners":[],"page-type":[167],"content-group":[],"class_list":["post-5284","page","type-page","status-publish","has-post-thumbnail","hentry","service-intelligent-business-operations","page-type-solutions"],"yoast_head":"<!-- This site is optimized with the Yoast SEO Premium plugin v22.8 (Yoast SEO v22.8) - https:\/\/yoast.com\/wordpress\/plugins\/seo\/ -->\n<title>Operaciones de aprendizaje inteligente | Capgemini<\/title>\n<meta name=\"description\" content=\"Ofrezca un viaje de aprendizaje continuo, personalizado y sin fricciones a lo largo de su ciclo de gesti\u00f3n del talento.\" \/>\n<meta name=\"robots\" content=\"index, follow, max-snippet:-1, max-image-preview:large, max-video-preview:-1\" \/>\n<link rel=\"canonical\" href=\"https:\/\/www.capgemini.com\/ar-es\/solutions\/operaciones-de-aprendizaje-inteligente\/\" \/>\n<meta property=\"og:locale\" content=\"es_MX\" \/>\n<meta property=\"og:type\" content=\"article\" \/>\n<meta property=\"og:title\" content=\"Operaciones de aprendizaje inteligente\" \/>\n<meta property=\"og:description\" content=\"Ofrezca un viaje de aprendizaje continuo, personalizado y sin fricciones a lo largo de su ciclo de gesti\u00f3n del talento.\" \/>\n<meta property=\"og:url\" content=\"https:\/\/www.capgemini.com\/ar-es\/solutions\/operaciones-de-aprendizaje-inteligente\/\" \/>\n<meta property=\"og:site_name\" content=\"Capgemini Argentina\" \/>\n<meta property=\"article:modified_time\" content=\"2025-03-28T05:59:41+00:00\" \/>\n<meta property=\"og:image\" content=\"https:\/\/www.capgemini.com\/ar-es\/wp-content\/uploads\/sites\/9\/2025\/10\/New-Web-preview-global.jpg\" \/>\n\t<meta property=\"og:image:width\" content=\"1200\" \/>\n\t<meta property=\"og:image:height\" content=\"627\" \/>\n\t<meta property=\"og:image:type\" content=\"image\/jpeg\" \/>\n<meta name=\"twitter:card\" content=\"summary_large_image\" \/>\n<meta name=\"twitter:label1\" content=\"Est. reading time\" \/>\n\t<meta name=\"twitter:data1\" content=\"2 minutes\" \/>\n<script type=\"application\/ld+json\" class=\"yoast-schema-graph\">{\"@context\":\"https:\/\/schema.org\",\"@graph\":[{\"@type\":\"WebPage\",\"@id\":\"https:\/\/www.capgemini.com\/ar-es\/solutions\/operaciones-de-aprendizaje-inteligente\/\",\"url\":\"https:\/\/www.capgemini.com\/ar-es\/solutions\/operaciones-de-aprendizaje-inteligente\/\",\"name\":\"Operaciones de aprendizaje inteligente | Capgemini\",\"isPartOf\":{\"@id\":\"https:\/\/www.capgemini.com\/ar-es\/#website\"},\"primaryImageOfPage\":{\"@id\":\"https:\/\/www.capgemini.com\/ar-es\/solutions\/operaciones-de-aprendizaje-inteligente\/#primaryimage\"},\"image\":{\"@id\":\"https:\/\/www.capgemini.com\/ar-es\/solutions\/operaciones-de-aprendizaje-inteligente\/#primaryimage\"},\"thumbnailUrl\":\"https:\/\/www.capgemini.com\/ar-es\/wp-content\/uploads\/sites\/9\/2022\/06\/Intelligent-Learning-Operations-ILO-banner.jpg\",\"datePublished\":\"2022-06-15T04:55:58+00:00\",\"dateModified\":\"2025-03-28T05:59:41+00:00\",\"description\":\"Ofrezca un viaje de aprendizaje continuo, personalizado y sin fricciones a lo largo de su ciclo de gesti\u00f3n del talento.\",\"breadcrumb\":{\"@id\":\"https:\/\/www.capgemini.com\/ar-es\/solutions\/operaciones-de-aprendizaje-inteligente\/#breadcrumb\"},\"inLanguage\":\"es-MX\",\"potentialAction\":[{\"@type\":\"ReadAction\",\"target\":[\"https:\/\/www.capgemini.com\/ar-es\/solutions\/operaciones-de-aprendizaje-inteligente\/\"]}]},{\"@type\":\"ImageObject\",\"inLanguage\":\"es-MX\",\"@id\":\"https:\/\/www.capgemini.com\/ar-es\/solutions\/operaciones-de-aprendizaje-inteligente\/#primaryimage\",\"url\":\"https:\/\/www.capgemini.com\/ar-es\/wp-content\/uploads\/sites\/9\/2022\/06\/Intelligent-Learning-Operations-ILO-banner.jpg\",\"contentUrl\":\"https:\/\/www.capgemini.com\/ar-es\/wp-content\/uploads\/sites\/9\/2022\/06\/Intelligent-Learning-Operations-ILO-banner.jpg\",\"width\":2880,\"height\":1800,\"caption\":\"Intelligent learning operations\"},{\"@type\":\"BreadcrumbList\",\"@id\":\"https:\/\/www.capgemini.com\/ar-es\/solutions\/operaciones-de-aprendizaje-inteligente\/#breadcrumb\",\"itemListElement\":[{\"@type\":\"ListItem\",\"position\":1,\"name\":\"Home\",\"item\":\"https:\/\/www.capgemini.com\/ar-es\/\"},{\"@type\":\"ListItem\",\"position\":2,\"name\":\"Servicios\",\"item\":\"https:\/\/www.capgemini.com\/ar-es\/servicios\/\"},{\"@type\":\"ListItem\",\"position\":3,\"name\":\"Gesti\u00f3n empresarial\",\"item\":\"https:\/\/www.capgemini.com\/ar-es\/servicios\/enterprise-management\/\"},{\"@type\":\"ListItem\",\"position\":4,\"name\":\"Operaciones comerciales inteligentes\",\"item\":\"https:\/\/www.capgemini.com\/ar-es\/servicios\/gestion-empresarial\/operaciones-comerciales-inteligentes\/\"},{\"@type\":\"ListItem\",\"position\":5,\"name\":\"Operaciones de personas inteligentes\",\"item\":\"https:\/\/www.capgemini.com\/ar-es\/servicios\/enterprise-management\/business-services\/operaciones-de-personas-inteligentes\/\"},{\"@type\":\"ListItem\",\"position\":6,\"name\":\"Operaciones de aprendizaje inteligente\"}]},{\"@type\":\"WebSite\",\"@id\":\"https:\/\/www.capgemini.com\/ar-es\/#website\",\"url\":\"https:\/\/www.capgemini.com\/ar-es\/\",\"name\":\"Capgemini Argentina\",\"description\":\"Capgemini\",\"potentialAction\":[{\"@type\":\"SearchAction\",\"target\":{\"@type\":\"EntryPoint\",\"urlTemplate\":\"https:\/\/www.capgemini.com\/ar-es\/?s={search_term_string}\"},\"query-input\":\"required name=search_term_string\"}],\"inLanguage\":\"es-MX\"}]}<\/script>\n<!-- \/ Yoast SEO Premium plugin. -->","yoast_head_json":{"title":"Operaciones de aprendizaje inteligente | Capgemini","description":"Ofrezca un viaje de aprendizaje continuo, personalizado y sin fricciones a lo largo de su ciclo de gesti\u00f3n del talento.","robots":{"index":"index","follow":"follow","max-snippet":"max-snippet:-1","max-image-preview":"max-image-preview:large","max-video-preview":"max-video-preview:-1"},"canonical":"https:\/\/www.capgemini.com\/ar-es\/solutions\/operaciones-de-aprendizaje-inteligente\/","og_locale":"es_MX","og_type":"article","og_title":"Operaciones de aprendizaje inteligente","og_description":"Ofrezca un viaje de aprendizaje continuo, personalizado y sin fricciones a lo largo de su ciclo de gesti\u00f3n del talento.","og_url":"https:\/\/www.capgemini.com\/ar-es\/solutions\/operaciones-de-aprendizaje-inteligente\/","og_site_name":"Capgemini Argentina","article_modified_time":"2025-03-28T05:59:41+00:00","og_image":[{"width":1200,"height":627,"url":"https:\/\/www.capgemini.com\/ar-es\/wp-content\/uploads\/sites\/9\/2025\/10\/New-Web-preview-global.jpg","type":"image\/jpeg"}],"twitter_card":"summary_large_image","twitter_misc":{"Est. reading time":"2 minutes"},"schema":{"@context":"https:\/\/schema.org","@graph":[{"@type":"WebPage","@id":"https:\/\/www.capgemini.com\/ar-es\/solutions\/operaciones-de-aprendizaje-inteligente\/","url":"https:\/\/www.capgemini.com\/ar-es\/solutions\/operaciones-de-aprendizaje-inteligente\/","name":"Operaciones de aprendizaje inteligente | Capgemini","isPartOf":{"@id":"https:\/\/www.capgemini.com\/ar-es\/#website"},"primaryImageOfPage":{"@id":"https:\/\/www.capgemini.com\/ar-es\/solutions\/operaciones-de-aprendizaje-inteligente\/#primaryimage"},"image":{"@id":"https:\/\/www.capgemini.com\/ar-es\/solutions\/operaciones-de-aprendizaje-inteligente\/#primaryimage"},"thumbnailUrl":"https:\/\/www.capgemini.com\/ar-es\/wp-content\/uploads\/sites\/9\/2022\/06\/Intelligent-Learning-Operations-ILO-banner.jpg","datePublished":"2022-06-15T04:55:58+00:00","dateModified":"2025-03-28T05:59:41+00:00","description":"Ofrezca un viaje de aprendizaje continuo, personalizado y sin fricciones a lo largo de su ciclo de gesti\u00f3n del talento.","breadcrumb":{"@id":"https:\/\/www.capgemini.com\/ar-es\/solutions\/operaciones-de-aprendizaje-inteligente\/#breadcrumb"},"inLanguage":"es-MX","potentialAction":[{"@type":"ReadAction","target":["https:\/\/www.capgemini.com\/ar-es\/solutions\/operaciones-de-aprendizaje-inteligente\/"]}]},{"@type":"ImageObject","inLanguage":"es-MX","@id":"https:\/\/www.capgemini.com\/ar-es\/solutions\/operaciones-de-aprendizaje-inteligente\/#primaryimage","url":"https:\/\/www.capgemini.com\/ar-es\/wp-content\/uploads\/sites\/9\/2022\/06\/Intelligent-Learning-Operations-ILO-banner.jpg","contentUrl":"https:\/\/www.capgemini.com\/ar-es\/wp-content\/uploads\/sites\/9\/2022\/06\/Intelligent-Learning-Operations-ILO-banner.jpg","width":2880,"height":1800,"caption":"Intelligent learning operations"},{"@type":"BreadcrumbList","@id":"https:\/\/www.capgemini.com\/ar-es\/solutions\/operaciones-de-aprendizaje-inteligente\/#breadcrumb","itemListElement":[{"@type":"ListItem","position":1,"name":"Home","item":"https:\/\/www.capgemini.com\/ar-es\/"},{"@type":"ListItem","position":2,"name":"Servicios","item":"https:\/\/www.capgemini.com\/ar-es\/servicios\/"},{"@type":"ListItem","position":3,"name":"Gesti\u00f3n empresarial","item":"https:\/\/www.capgemini.com\/ar-es\/servicios\/enterprise-management\/"},{"@type":"ListItem","position":4,"name":"Operaciones comerciales inteligentes","item":"https:\/\/www.capgemini.com\/ar-es\/servicios\/gestion-empresarial\/operaciones-comerciales-inteligentes\/"},{"@type":"ListItem","position":5,"name":"Operaciones de personas inteligentes","item":"https:\/\/www.capgemini.com\/ar-es\/servicios\/enterprise-management\/business-services\/operaciones-de-personas-inteligentes\/"},{"@type":"ListItem","position":6,"name":"Operaciones de aprendizaje inteligente"}]},{"@type":"WebSite","@id":"https:\/\/www.capgemini.com\/ar-es\/#website","url":"https:\/\/www.capgemini.com\/ar-es\/","name":"Capgemini Argentina","description":"Capgemini","potentialAction":[{"@type":"SearchAction","target":{"@type":"EntryPoint","urlTemplate":"https:\/\/www.capgemini.com\/ar-es\/?s={search_term_string}"},"query-input":"required name=search_term_string"}],"inLanguage":"es-MX"}]}},"brand_term":[],"parsely":{"version":"1.1.0","canonical_url":"https:\/\/capgemini.com\/ar-es\/solutions\/operaciones-de-aprendizaje-inteligente\/","smart_links":{"inbound":0,"outbound":0},"traffic_boost_suggestions_count":0,"meta":{"@context":"https:\/\/schema.org","@type":"WebPage","headline":"Operaciones de aprendizaje inteligente","url":"https:\/\/www.capgemini.com\/ar-es\/solutions\/operaciones-de-aprendizaje-inteligente\/","mainEntityOfPage":{"@type":"WebPage","@id":"https:\/\/www.capgemini.com\/ar-es\/solutions\/operaciones-de-aprendizaje-inteligente\/"},"thumbnailUrl":"https:\/\/www.capgemini.com\/ar-es\/wp-content\/uploads\/sites\/9\/2022\/06\/Intelligent-Learning-Operations-ILO-banner.jpg?w=150&h=150&crop=1","image":{"@type":"ImageObject","url":"https:\/\/www.capgemini.com\/ar-es\/wp-content\/uploads\/sites\/9\/2022\/06\/Intelligent-Learning-Operations-ILO-banner.jpg"},"articleSection":"Uncategorized","author":[],"creator":[],"publisher":{"@type":"Organization","name":"Capgemini Argentina","logo":""},"keywords":[],"dateCreated":"2022-06-15T04:55:58Z","datePublished":"2022-06-15T04:55:58Z","dateModified":"2025-03-28T05:59:41Z"},"rendered":"<meta name=\"parsely-title\" content=\"Operaciones de aprendizaje inteligente\" \/>\n<meta name=\"parsely-link\" content=\"https:\/\/www.capgemini.com\/ar-es\/solutions\/operaciones-de-aprendizaje-inteligente\/\" \/>\n<meta name=\"parsely-type\" content=\"index\" \/>\n<meta name=\"parsely-image-url\" content=\"https:\/\/www.capgemini.com\/ar-es\/wp-content\/uploads\/sites\/9\/2022\/06\/Intelligent-Learning-Operations-ILO-banner.jpg?w=150&amp;h=150&amp;crop=1\" \/>\n<meta name=\"parsely-pub-date\" content=\"2022-06-15T04:55:58Z\" \/>\n<meta name=\"parsely-section\" content=\"Uncategorized\" \/>","tracker_url":"https:\/\/cdn.parsely.com\/keys\/capgemini.com\/p.js"},"archive_status":false,"featured_image_src":"https:\/\/www.capgemini.com\/ar-es\/wp-content\/uploads\/sites\/9\/2022\/06\/Intelligent-Learning-Operations-ILO-banner.jpg","featured_image_alt":"Intelligent learning operations","jetpack_sharing_enabled":true,"distributor_meta":false,"distributor_terms":false,"distributor_media":false,"distributor_original_site_name":"Capgemini Argentina","distributor_original_site_url":"https:\/\/www.capgemini.com\/ar-es","push-errors":false,"_links":{"self":[{"href":"https:\/\/www.capgemini.com\/ar-es\/wp-json\/wp\/v2\/pages\/5284","targetHints":{"allow":["GET"]}}],"collection":[{"href":"https:\/\/www.capgemini.com\/ar-es\/wp-json\/wp\/v2\/pages"}],"about":[{"href":"https:\/\/www.capgemini.com\/ar-es\/wp-json\/wp\/v2\/types\/page"}],"author":[{"embeddable":true,"href":"https:\/\/www.capgemini.com\/ar-es\/wp-json\/wp\/v2\/users\/33"}],"replies":[{"embeddable":true,"href":"https:\/\/www.capgemini.com\/ar-es\/wp-json\/wp\/v2\/comments?post=5284"}],"version-history":[{"count":8,"href":"https:\/\/www.capgemini.com\/ar-es\/wp-json\/wp\/v2\/pages\/5284\/revisions"}],"predecessor-version":[{"id":515946,"href":"https:\/\/www.capgemini.com\/ar-es\/wp-json\/wp\/v2\/pages\/5284\/revisions\/515946"}],"up":[{"embeddable":true,"href":"https:\/\/www.capgemini.com\/ar-es\/wp-json\/wp\/v2\/pages\/5772"}],"wp:featuredmedia":[{"embeddable":true,"href":"https:\/\/www.capgemini.com\/ar-es\/wp-json\/wp\/v2\/media\/5285"}],"wp:attachment":[{"href":"https:\/\/www.capgemini.com\/ar-es\/wp-json\/wp\/v2\/media?parent=5284"}],"wp:term":[{"taxonomy":"brand","embeddable":true,"href":"https:\/\/www.capgemini.com\/ar-es\/wp-json\/wp\/v2\/brand?post=5284"},{"taxonomy":"partner_type","embeddable":true,"href":"https:\/\/www.capgemini.com\/ar-es\/wp-json\/wp\/v2\/partner_type?post=5284"},{"taxonomy":"service","embeddable":true,"href":"https:\/\/www.capgemini.com\/ar-es\/wp-json\/wp\/v2\/service?post=5284"},{"taxonomy":"industry","embeddable":true,"href":"https:\/\/www.capgemini.com\/ar-es\/wp-json\/wp\/v2\/industry?post=5284"},{"taxonomy":"partners","embeddable":true,"href":"https:\/\/www.capgemini.com\/ar-es\/wp-json\/wp\/v2\/partners?post=5284"},{"taxonomy":"page-type","embeddable":true,"href":"https:\/\/www.capgemini.com\/ar-es\/wp-json\/wp\/v2\/page-type?post=5284"},{"taxonomy":"content-group","embeddable":true,"href":"https:\/\/www.capgemini.com\/ar-es\/wp-json\/wp\/v2\/content-group?post=5284"}],"curies":[{"name":"wp","href":"https:\/\/api.w.org\/{rel}","templated":true}]}}