{"id":5281,"date":"2022-12-17T06:52:13","date_gmt":"2022-12-17T06:52:13","guid":{"rendered":"https:\/\/www.capgemini.com\/?page_id=742906"},"modified":"2025-03-28T05:16:35","modified_gmt":"2025-03-28T05:16:35","slug":"integracion-de-proveedores-en-automocion","status":"publish","type":"page","link":"https:\/\/www.capgemini.com\/ar-es\/solutions\/integracion-de-proveedores-en-automocion\/","title":{"rendered":"Integraci\u00f3n de Proveedores en Automoci\u00f3n"},"content":{"rendered":"\n<header class=\"wp-block-cg-blocks-hero-reusable header heroReusable  \"><div class=\"header-bgs\"><picture><source srcset=\"https:\/\/www.capgemini.com\/wp-content\/uploads\/2022\/06\/Capgemini_Solution_Supplier_integration-for-Automotive.jpg?w=2880&amp;quality=70 1x, https:\/\/www.capgemini.com\/wp-content\/uploads\/2022\/06\/Capgemini_Solution_Supplier_integration-for-Automotive.jpg?w=2880&amp;quality=70 2x\" media=\"(min-width: 1500px)\"\/><source srcset=\"https:\/\/www.capgemini.com\/wp-content\/uploads\/2022\/06\/Capgemini_Solution_Supplier_integration-for-Automotive.jpg?w=1440&amp;quality=70 1x, https:\/\/www.capgemini.com\/wp-content\/uploads\/2022\/06\/Capgemini_Solution_Supplier_integration-for-Automotive.jpg?w=2880&amp;quality=70 2x\" media=\"(min-width: 992px)\"\/><source srcset=\"https:\/\/www.capgemini.com\/wp-content\/uploads\/2022\/06\/Capgemini_Solution_Supplier_integration-for-Automotive.jpg?w=1024&amp;quality=70 1x, https:\/\/www.capgemini.com\/wp-content\/uploads\/2022\/06\/Capgemini_Solution_Supplier_integration-for-Automotive.jpg?w=1024&amp;quality=70 2x\" media=\"(min-width: 768px)\"\/><source srcset=\"https:\/\/www.capgemini.com\/wp-content\/uploads\/2022\/06\/Capgemini_Solution_Supplier_integration-for-Automotive.jpg?w=768&amp;quality=70 1x, https:\/\/www.capgemini.com\/wp-content\/uploads\/2022\/06\/Capgemini_Solution_Supplier_integration-for-Automotive.jpg?w=768&amp;quality=70 2x\" media=\"(min-width: 0)\"\/><img decoding=\"async\" src=\"https:\/\/www.capgemini.com\/wp-content\/uploads\/2022\/06\/Capgemini_Solution_Supplier_integration-for-Automotive.jpg\" class=\"header-img header-img-d\" alt=\"\" style=\"object-fit:cover;object-position:51% 46%\" loading=\"eager\"\/><\/picture><\/div><div class=\"heroPictureCardHeaderShape\"><\/div><div class=\"container\"><div class=\"row\"><div class=\"col-md-12\"><div class=\"box\"><div class=\"boxTagWrapper\"><div class=\"tagInfo\"><div><span class=\"box-tag\">Solution<\/span><\/div><\/div><\/div><div class=\"box-title\"><h1 data-maxlength=\"34\">Integraci\u00f3n de Proveedores en Automoci\u00f3n<\/h1><\/div><div class=\"inner-row-insight download-btn\"><\/div><\/div><\/div><\/div><\/div><\/header>\n\n\n\n<section class=\"wp-block-cg-blocks-intro-para undefined section section--intro\"><div class=\"intro-para\"><div class=\"container\"><div class=\"row\"><div class=\"col-12 col-md-1\"><nav class=\"article-social\"><ul class=\"social-nav\"><li class=\"ip-order-fb\"><a href=\"https:\/\/www.facebook.com\/sharer\/sharer.php?u=https:\/\/www.capgemini.com\/ar-es\/solutions\/integracion-de-proveedores-en-automocion\/\" target=\"_blank\" rel=\"noopener noreferrer\" title=\"abrir en una nueva ventana\"><i aria-hidden=\"true\" class=\"icon-fb\"><\/i><span class=\"sr-only\">Facebook<\/span><\/a><\/li><li class=\"ip-order-li\"><a href=\"https:\/\/www.linkedin.com\/sharing\/share-offsite\/?url=https:\/\/www.capgemini.com\/ar-es\/solutions\/integracion-de-proveedores-en-automocion\/\" target=\"_blank\" rel=\"noopener noreferrer\" title=\"abrir en una nueva ventana\"><i aria-hidden=\"true\" class=\"icon-li\"><\/i><span class=\"sr-only\">Linkedin<\/span><\/a><\/li><\/ul><\/nav><\/div><div class=\"col-12 col-md-11 col-lg-10\"><h2 class=\"intro-para-title\">Integraci\u00f3n de proveedores segura y sin fisuras para la industria del autom\u00f3vil.<\/h2><p class=\"intro-para-content\">Las empresas de automoci\u00f3n, especialmente, pueden tener un complejo ecosistema de proveedores. \u00bfC\u00f3mo se asegura de que sus proveedores puedan autogestionar su relaci\u00f3n con usted?<\/p><\/div><\/div><\/div><\/div><\/section>\n\n\n\n<section class=\"wp-block-cg-blocks-intro-para-video section section--info-2cols section--insights section-video is-style-cg-sapphire1\"><div class=\"bg-color video-align-right\"><div class=\"container\"><div class=\"row video-align-left\"><div class=\"col-md-12\"><div class=\"video-align-left row box box--4 box--mini\"><div class=\"col-md-3\"><h3 class=\"Video-title\" data-maxlength=\"34\"><\/h3><div class=\"video-info\"><p data-maxlength=\"68\">Capgemini Supplier Integration for Automotive <\/p><\/div><\/div><div class=\"col-md-8 box-img-wrapper\"><div class=\"video-box\"><div class=\"video-wrapper\"><iframe title=\"video-section\" src=\"https:\/\/www.youtube.com\/embed\/EganL1AbWDo\" frameborder=\"0\" rel=\"0\" allow=\"accelerometer; autoplay; encrypted-media; gyroscope; picture-in-picture\" allowfullscreen><\/iframe><\/div><\/div><\/div><div class=\"col-md-1\"><\/div><\/div><\/div><\/div><\/div><\/div><\/section>\n\n\n\n<section class=\"wp-block-cg-blocks-group undefined section section--article-content\"><div class=\"article-main-content\"><div class=\"container\"><div class=\"row\"><div class=\"col-12 col-md-11 col-lg-10 offset-md-1 offset-lg-1\"><div class=\"article-text article-quote-text\">\n<p>Capgemini Supplier Integration for Automotive es una aplicaci\u00f3n que ayuda a mejorar la colaboraci\u00f3n entre una empresa y sus proveedores. Proporciona tanto a la empresa como al proveedor un nivel adicional de transparencia que se refiere al papel del proveedor dentro de una entidad jur\u00eddica de la red de empresas del proveedor.<\/p>\n\n\n\n<p>Los beneficios son muchos y compartidos tanto por el empresario como por el proveedor. Entre ellos se incluyen:<\/p>\n\n\n\n<ul class=\"wp-block-list\">\n<li>Menos esfuerzo administrativo: Los usuarios crean sus cuentas a trav\u00e9s de un portal de autoservicio. Una vez creado un rol de administraci\u00f3n, todas las tareas posteriores pueden ser realizadas por el propio proveedor.<\/li>\n\n\n\n<li>Concepto de rol predefinido: Los usuarios pueden ser asignados a diferentes roles que les permiten acceder \u00fanicamente a datos y aplicaciones espec\u00edficos, incluso si trabajan para m\u00faltiples entidades legales.<\/li>\n\n\n\n<li>Concepto de flujo de trabajo integrado: Los flujos de trabajo de la aplicaci\u00f3n pueden integrarse en los servicios de flujo de trabajo de SAP existentes mediante un sencillo modelado del flujo de trabajo.<\/li>\n<\/ul>\n\n\n\n<p>Supplier Integration for Automotive forma parte de las soluciones SAP de Capgemini para el sector automoci\u00f3n. El conjunto completo de ofertas incluye SAP S\/4HANA Cloud for Automotive Suppliers y el acelerador AutoPath.<\/p>\n\n\n\n<p>SAP proporciona el potencial que nos permite cumplir nuestro compromiso con la industria de la automoci\u00f3n para ayudar a impulsar una r\u00e1pida innovaci\u00f3n y acelerar, desplegar y escalar nuevos modelos de negocio para convertirnos en una Empresa Renovable aprovechando la Plataforma en la Nube de SAP.&nbsp;&nbsp;&nbsp;<\/p>\n\n\n\n<h4 class=\"wp-block-heading\" id=\"h-integracion-de-proveedores-de-capgemini-para-automocion\"><strong>Integraci\u00f3n de proveedores de Capgemini para automoci\u00f3n<\/strong> <\/h4>\n\n\n\n<figure class=\"wp-block-image alignleft size-full\"><a href=\"https:\/\/store.sap.com\/dcp\/en\/product\/display-0000060634_live_v1\/Capgemini%20Supplier%20Integration%20for%20Automotive%20\" target=\"_blank\" rel=\"noopener\"><img decoding=\"async\" src=\"https:\/\/www.capgemini.com\/wp-content\/uploads\/2022\/01\/Endorsed-on-available-on-sap-store-wh-bg.png\" alt=\"\" class=\"wp-image-647017\"\/><\/a><\/figure>\n\n\n\n<p>iOS, Android y web-based, el Supplier Integration for Automotive de Capgemini funciona en cualquier entorno SAP &#8211; ECC o SAP S\/4HANA &#8211; sin importar el nivel de personalizaci\u00f3n.<\/p>\n<\/div><\/div><\/div><\/div><\/div><\/section>\n","protected":false},"excerpt":{"rendered":"","protected":false},"author":81,"featured_media":0,"parent":5720,"menu_order":0,"comment_status":"closed","ping_status":"closed","template":"","meta":{"cg_dt_proposed_to":[0],"cg_seo_hreflang_relations":"[]","cg_seo_canonical_relation":"","cg_seo_hreflang_x_default_relation":"","cg_dt_approved_content":false,"cg_dt_mandatory_content":false,"cg_dt_notes":"","cg_dg_source_changed":false,"cg_dt_link_disabled":false,"_yoast_wpseo_primary_brand":"","footnotes":"","featured_focal_points":"","partner_card_description":"","gsap_animation":0},"brand":[],"partner_type":[],"service":[],"industry":[109],"partners":[96],"page-type":[167],"content-group":[],"class_list":["post-5281","page","type-page","status-publish","hentry","industry-automotive","partners-sap","page-type-solutions"],"yoast_head":"<!-- This site is optimized with the Yoast SEO Premium plugin v22.8 (Yoast SEO v22.8) - https:\/\/yoast.com\/wordpress\/plugins\/seo\/ -->\n<title>Integraci\u00f3n de Proveedores en Automoci\u00f3n | Capgemini<\/title>\n<meta name=\"description\" content=\"Integraci\u00f3n de proveedores segura y sin fisuras para la industria del autom\u00f3vil.\" \/>\n<meta name=\"robots\" content=\"index, follow, max-snippet:-1, max-image-preview:large, max-video-preview:-1\" \/>\n<link rel=\"canonical\" href=\"https:\/\/www.capgemini.com\/ar-es\/solutions\/integracion-de-proveedores-en-automocion\/\" \/>\n<meta property=\"og:locale\" content=\"es_MX\" \/>\n<meta property=\"og:type\" content=\"article\" \/>\n<meta property=\"og:title\" content=\"Integraci\u00f3n de Proveedores en Automoci\u00f3n\" \/>\n<meta property=\"og:description\" content=\"Integraci\u00f3n de proveedores segura y sin fisuras para la industria del autom\u00f3vil.\" \/>\n<meta property=\"og:url\" content=\"https:\/\/www.capgemini.com\/ar-es\/solutions\/integracion-de-proveedores-en-automocion\/\" \/>\n<meta property=\"og:site_name\" content=\"Capgemini Argentina\" \/>\n<meta property=\"article:modified_time\" content=\"2025-03-28T05:16:35+00:00\" \/>\n<meta property=\"og:image\" content=\"https:\/\/www.capgemini.com\/wp-content\/uploads\/2022\/06\/Capgemini_Solution_Supplier_integration-for-Automotive.jpg\" \/>\n<meta name=\"twitter:card\" content=\"summary_large_image\" \/>\n<meta name=\"twitter:label1\" content=\"Est. reading time\" \/>\n\t<meta name=\"twitter:data1\" content=\"2 minutes\" \/>\n<script type=\"application\/ld+json\" class=\"yoast-schema-graph\">{\"@context\":\"https:\/\/schema.org\",\"@graph\":[{\"@type\":\"WebPage\",\"@id\":\"https:\/\/www.capgemini.com\/ar-es\/solutions\/integracion-de-proveedores-en-automocion\/\",\"url\":\"https:\/\/www.capgemini.com\/ar-es\/solutions\/integracion-de-proveedores-en-automocion\/\",\"name\":\"Integraci\u00f3n de Proveedores en Automoci\u00f3n | Capgemini\",\"isPartOf\":{\"@id\":\"https:\/\/www.capgemini.com\/ar-es\/#website\"},\"primaryImageOfPage\":{\"@id\":\"https:\/\/www.capgemini.com\/ar-es\/solutions\/integracion-de-proveedores-en-automocion\/#primaryimage\"},\"image\":{\"@id\":\"https:\/\/www.capgemini.com\/ar-es\/solutions\/integracion-de-proveedores-en-automocion\/#primaryimage\"},\"thumbnailUrl\":\"https:\/\/www.capgemini.com\/wp-content\/uploads\/2022\/06\/Capgemini_Solution_Supplier_integration-for-Automotive.jpg\",\"datePublished\":\"2022-12-17T06:52:13+00:00\",\"dateModified\":\"2025-03-28T05:16:35+00:00\",\"description\":\"Integraci\u00f3n de proveedores segura y sin fisuras para la industria del autom\u00f3vil.\",\"breadcrumb\":{\"@id\":\"https:\/\/www.capgemini.com\/ar-es\/solutions\/integracion-de-proveedores-en-automocion\/#breadcrumb\"},\"inLanguage\":\"es-MX\",\"potentialAction\":[{\"@type\":\"ReadAction\",\"target\":[\"https:\/\/www.capgemini.com\/ar-es\/solutions\/integracion-de-proveedores-en-automocion\/\"]}]},{\"@type\":\"ImageObject\",\"inLanguage\":\"es-MX\",\"@id\":\"https:\/\/www.capgemini.com\/ar-es\/solutions\/integracion-de-proveedores-en-automocion\/#primaryimage\",\"url\":\"https:\/\/www.capgemini.com\/wp-content\/uploads\/2022\/06\/Capgemini_Solution_Supplier_integration-for-Automotive.jpg\",\"contentUrl\":\"https:\/\/www.capgemini.com\/wp-content\/uploads\/2022\/06\/Capgemini_Solution_Supplier_integration-for-Automotive.jpg\"},{\"@type\":\"BreadcrumbList\",\"@id\":\"https:\/\/www.capgemini.com\/ar-es\/solutions\/integracion-de-proveedores-en-automocion\/#breadcrumb\",\"itemListElement\":[{\"@type\":\"ListItem\",\"position\":1,\"name\":\"Home\",\"item\":\"https:\/\/www.capgemini.com\/ar-es\/\"},{\"@type\":\"ListItem\",\"position\":2,\"name\":\"Solutions\",\"item\":\"https:\/\/www.capgemini.com\/ar-es\/?page_id=5720&preview_id=5720\"},{\"@type\":\"ListItem\",\"position\":3,\"name\":\"Integraci\u00f3n de Proveedores en Automoci\u00f3n\"}]},{\"@type\":\"WebSite\",\"@id\":\"https:\/\/www.capgemini.com\/ar-es\/#website\",\"url\":\"https:\/\/www.capgemini.com\/ar-es\/\",\"name\":\"Capgemini Argentina\",\"description\":\"Capgemini\",\"potentialAction\":[{\"@type\":\"SearchAction\",\"target\":{\"@type\":\"EntryPoint\",\"urlTemplate\":\"https:\/\/www.capgemini.com\/ar-es\/?s={search_term_string}\"},\"query-input\":\"required name=search_term_string\"}],\"inLanguage\":\"es-MX\"}]}<\/script>\n<!-- \/ Yoast SEO Premium plugin. -->","yoast_head_json":{"title":"Integraci\u00f3n de Proveedores en Automoci\u00f3n | Capgemini","description":"Integraci\u00f3n de proveedores segura y sin fisuras para la industria del autom\u00f3vil.","robots":{"index":"index","follow":"follow","max-snippet":"max-snippet:-1","max-image-preview":"max-image-preview:large","max-video-preview":"max-video-preview:-1"},"canonical":"https:\/\/www.capgemini.com\/ar-es\/solutions\/integracion-de-proveedores-en-automocion\/","og_locale":"es_MX","og_type":"article","og_title":"Integraci\u00f3n de Proveedores en Automoci\u00f3n","og_description":"Integraci\u00f3n de proveedores segura y sin fisuras para la industria del autom\u00f3vil.","og_url":"https:\/\/www.capgemini.com\/ar-es\/solutions\/integracion-de-proveedores-en-automocion\/","og_site_name":"Capgemini Argentina","article_modified_time":"2025-03-28T05:16:35+00:00","og_image":[{"url":"https:\/\/www.capgemini.com\/wp-content\/uploads\/2022\/06\/Capgemini_Solution_Supplier_integration-for-Automotive.jpg"}],"twitter_card":"summary_large_image","twitter_misc":{"Est. reading time":"2 minutes"},"schema":{"@context":"https:\/\/schema.org","@graph":[{"@type":"WebPage","@id":"https:\/\/www.capgemini.com\/ar-es\/solutions\/integracion-de-proveedores-en-automocion\/","url":"https:\/\/www.capgemini.com\/ar-es\/solutions\/integracion-de-proveedores-en-automocion\/","name":"Integraci\u00f3n de Proveedores en Automoci\u00f3n | Capgemini","isPartOf":{"@id":"https:\/\/www.capgemini.com\/ar-es\/#website"},"primaryImageOfPage":{"@id":"https:\/\/www.capgemini.com\/ar-es\/solutions\/integracion-de-proveedores-en-automocion\/#primaryimage"},"image":{"@id":"https:\/\/www.capgemini.com\/ar-es\/solutions\/integracion-de-proveedores-en-automocion\/#primaryimage"},"thumbnailUrl":"https:\/\/www.capgemini.com\/wp-content\/uploads\/2022\/06\/Capgemini_Solution_Supplier_integration-for-Automotive.jpg","datePublished":"2022-12-17T06:52:13+00:00","dateModified":"2025-03-28T05:16:35+00:00","description":"Integraci\u00f3n de proveedores segura y sin fisuras para la industria del autom\u00f3vil.","breadcrumb":{"@id":"https:\/\/www.capgemini.com\/ar-es\/solutions\/integracion-de-proveedores-en-automocion\/#breadcrumb"},"inLanguage":"es-MX","potentialAction":[{"@type":"ReadAction","target":["https:\/\/www.capgemini.com\/ar-es\/solutions\/integracion-de-proveedores-en-automocion\/"]}]},{"@type":"ImageObject","inLanguage":"es-MX","@id":"https:\/\/www.capgemini.com\/ar-es\/solutions\/integracion-de-proveedores-en-automocion\/#primaryimage","url":"https:\/\/www.capgemini.com\/wp-content\/uploads\/2022\/06\/Capgemini_Solution_Supplier_integration-for-Automotive.jpg","contentUrl":"https:\/\/www.capgemini.com\/wp-content\/uploads\/2022\/06\/Capgemini_Solution_Supplier_integration-for-Automotive.jpg"},{"@type":"BreadcrumbList","@id":"https:\/\/www.capgemini.com\/ar-es\/solutions\/integracion-de-proveedores-en-automocion\/#breadcrumb","itemListElement":[{"@type":"ListItem","position":1,"name":"Home","item":"https:\/\/www.capgemini.com\/ar-es\/"},{"@type":"ListItem","position":2,"name":"Solutions","item":"https:\/\/www.capgemini.com\/ar-es\/?page_id=5720&preview_id=5720"},{"@type":"ListItem","position":3,"name":"Integraci\u00f3n de Proveedores en Automoci\u00f3n"}]},{"@type":"WebSite","@id":"https:\/\/www.capgemini.com\/ar-es\/#website","url":"https:\/\/www.capgemini.com\/ar-es\/","name":"Capgemini Argentina","description":"Capgemini","potentialAction":[{"@type":"SearchAction","target":{"@type":"EntryPoint","urlTemplate":"https:\/\/www.capgemini.com\/ar-es\/?s={search_term_string}"},"query-input":"required name=search_term_string"}],"inLanguage":"es-MX"}]}},"brand_term":[],"parsely":{"version":"1.1.0","canonical_url":"https:\/\/capgemini.com\/ar-es\/solutions\/integracion-de-proveedores-en-automocion\/","smart_links":{"inbound":0,"outbound":0},"traffic_boost_suggestions_count":0,"meta":{"@context":"https:\/\/schema.org","@type":"WebPage","headline":"Integraci\u00f3n de Proveedores en Automoci\u00f3n","url":"https:\/\/www.capgemini.com\/ar-es\/solutions\/integracion-de-proveedores-en-automocion\/","mainEntityOfPage":{"@type":"WebPage","@id":"https:\/\/www.capgemini.com\/ar-es\/solutions\/integracion-de-proveedores-en-automocion\/"},"thumbnailUrl":"","image":{"@type":"ImageObject","url":""},"articleSection":"Uncategorized","author":[],"creator":[],"publisher":{"@type":"Organization","name":"Capgemini Argentina","logo":""},"keywords":[],"dateCreated":"2022-12-17T06:52:13Z","datePublished":"2022-12-17T06:52:13Z","dateModified":"2025-03-28T05:16:35Z"},"rendered":"<meta name=\"parsely-title\" content=\"Integraci\u00f3n de Proveedores en Automoci\u00f3n\" \/>\n<meta name=\"parsely-link\" content=\"https:\/\/www.capgemini.com\/ar-es\/solutions\/integracion-de-proveedores-en-automocion\/\" \/>\n<meta name=\"parsely-type\" content=\"index\" \/>\n<meta name=\"parsely-pub-date\" content=\"2022-12-17T06:52:13Z\" \/>\n<meta name=\"parsely-section\" content=\"Uncategorized\" \/>","tracker_url":"https:\/\/cdn.parsely.com\/keys\/capgemini.com\/p.js"},"archive_status":false,"featured_image_src":"https:\/\/www.capgemini.com\/ar-es\/wp-content\/themes\/capgemini2025\/assets\/images\/mockup.png","featured_image_alt":false,"jetpack_sharing_enabled":true,"distributor_meta":false,"distributor_terms":false,"distributor_media":false,"distributor_original_site_name":"Capgemini Argentina","distributor_original_site_url":"https:\/\/www.capgemini.com\/ar-es","push-errors":false,"_links":{"self":[{"href":"https:\/\/www.capgemini.com\/ar-es\/wp-json\/wp\/v2\/pages\/5281","targetHints":{"allow":["GET"]}}],"collection":[{"href":"https:\/\/www.capgemini.com\/ar-es\/wp-json\/wp\/v2\/pages"}],"about":[{"href":"https:\/\/www.capgemini.com\/ar-es\/wp-json\/wp\/v2\/types\/page"}],"author":[{"embeddable":true,"href":"https:\/\/www.capgemini.com\/ar-es\/wp-json\/wp\/v2\/users\/81"}],"replies":[{"embeddable":true,"href":"https:\/\/www.capgemini.com\/ar-es\/wp-json\/wp\/v2\/comments?post=5281"}],"version-history":[{"count":6,"href":"https:\/\/www.capgemini.com\/ar-es\/wp-json\/wp\/v2\/pages\/5281\/revisions"}],"predecessor-version":[{"id":515839,"href":"https:\/\/www.capgemini.com\/ar-es\/wp-json\/wp\/v2\/pages\/5281\/revisions\/515839"}],"up":[{"embeddable":true,"href":"https:\/\/www.capgemini.com\/ar-es\/wp-json\/wp\/v2\/pages\/5720"}],"wp:attachment":[{"href":"https:\/\/www.capgemini.com\/ar-es\/wp-json\/wp\/v2\/media?parent=5281"}],"wp:term":[{"taxonomy":"brand","embeddable":true,"href":"https:\/\/www.capgemini.com\/ar-es\/wp-json\/wp\/v2\/brand?post=5281"},{"taxonomy":"partner_type","embeddable":true,"href":"https:\/\/www.capgemini.com\/ar-es\/wp-json\/wp\/v2\/partner_type?post=5281"},{"taxonomy":"service","embeddable":true,"href":"https:\/\/www.capgemini.com\/ar-es\/wp-json\/wp\/v2\/service?post=5281"},{"taxonomy":"industry","embeddable":true,"href":"https:\/\/www.capgemini.com\/ar-es\/wp-json\/wp\/v2\/industry?post=5281"},{"taxonomy":"partners","embeddable":true,"href":"https:\/\/www.capgemini.com\/ar-es\/wp-json\/wp\/v2\/partners?post=5281"},{"taxonomy":"page-type","embeddable":true,"href":"https:\/\/www.capgemini.com\/ar-es\/wp-json\/wp\/v2\/page-type?post=5281"},{"taxonomy":"content-group","embeddable":true,"href":"https:\/\/www.capgemini.com\/ar-es\/wp-json\/wp\/v2\/content-group?post=5281"}],"curies":[{"name":"wp","href":"https:\/\/api.w.org\/{rel}","templated":true}]}}