{"id":5277,"date":"2022-06-30T12:08:32","date_gmt":"2022-06-30T10:08:32","guid":{"rendered":"https:\/\/www.capgemini.com\/?page_id=745372"},"modified":"2025-03-28T05:59:05","modified_gmt":"2025-03-28T05:59:05","slug":"amazon-finspace","status":"publish","type":"page","link":"https:\/\/www.capgemini.com\/ar-es\/solutions\/amazon-finspace\/","title":{"rendered":"Amazon FinSpace"},"content":{"rendered":"\n<header class=\"wp-block-cg-blocks-hero-reusable header heroReusable  \"><div class=\"header-bgs\"><picture><source srcset=\"https:\/\/www.capgemini.com\/wp-content\/uploads\/2022\/02\/Capgemini_Expert-perspectives_FinOps-what-when-and-why.jpg?w=2880&amp;quality=70 1x, https:\/\/www.capgemini.com\/wp-content\/uploads\/2022\/02\/Capgemini_Expert-perspectives_FinOps-what-when-and-why.jpg?w=2880&amp;quality=70 2x\" media=\"(min-width: 1500px)\"\/><source srcset=\"https:\/\/www.capgemini.com\/wp-content\/uploads\/2022\/02\/Capgemini_Expert-perspectives_FinOps-what-when-and-why.jpg?w=1440&amp;quality=70 1x, https:\/\/www.capgemini.com\/wp-content\/uploads\/2022\/02\/Capgemini_Expert-perspectives_FinOps-what-when-and-why.jpg?w=2880&amp;quality=70 2x\" media=\"(min-width: 992px)\"\/><source srcset=\"https:\/\/www.capgemini.com\/wp-content\/uploads\/2022\/02\/Capgemini_Expert-perspectives_FinOps-what-when-and-why.jpg?w=1024&amp;quality=70 1x, https:\/\/www.capgemini.com\/wp-content\/uploads\/2022\/02\/Capgemini_Expert-perspectives_FinOps-what-when-and-why.jpg?w=1024&amp;quality=70 2x\" media=\"(min-width: 768px)\"\/><source srcset=\"https:\/\/www.capgemini.com\/wp-content\/uploads\/2022\/02\/Capgemini_Expert-perspectives_FinOps-what-when-and-why.jpg?w=768&amp;quality=70 1x, https:\/\/www.capgemini.com\/wp-content\/uploads\/2022\/02\/Capgemini_Expert-perspectives_FinOps-what-when-and-why.jpg?w=768&amp;quality=70 2x\" media=\"(min-width: 0)\"\/><img decoding=\"async\" src=\"https:\/\/www.capgemini.com\/wp-content\/uploads\/2022\/02\/Capgemini_Expert-perspectives_FinOps-what-when-and-why.jpg\" class=\"header-img header-img-d\" alt=\"\" style=\"object-fit:cover;object-position:50% 50%\" loading=\"eager\"\/><\/picture><\/div><div class=\"heroPictureCardHeaderShape\"><\/div><div class=\"container\"><div class=\"row\"><div class=\"col-md-12\"><div class=\"box\"><div class=\"boxTagWrapper\"><div class=\"tagInfo\"><div><span class=\"box-tag\">Solution<\/span><\/div><\/div><\/div><div class=\"box-title\"><h1 data-maxlength=\"34\">Amazon FinSpace<\/h1><\/div><div class=\"inner-row-insight download-btn\"><\/div><\/div><\/div><\/div><\/div><\/header>\n\n\n\n<section class=\"wp-block-cg-blocks-intro-para undefined section section--intro\"><div class=\"intro-para\"><div class=\"container\"><div class=\"row\"><div class=\"col-12 col-md-1\"><nav class=\"article-social\"><ul class=\"social-nav\"><li class=\"ip-order-fb\"><a href=\"https:\/\/www.facebook.com\/sharer\/sharer.php?u=https:\/\/www.capgemini.com\/ar-es\/solutions\/amazon-finspace\/\" target=\"_blank\" rel=\"noopener noreferrer\" title=\"abrir en una nueva ventana\"><i aria-hidden=\"true\" class=\"icon-fb\"><\/i><span class=\"sr-only\">Facebook<\/span><\/a><\/li><li class=\"ip-order-tw\"><a href=\"https:\/\/twitter.com\/intent\/tweet?url=https:\/\/www.capgemini.com\/ar-es\/solutions\/amazon-finspace\/&amp;text=Amazon FinSpace\" target=\"_blank\" rel=\"noopener noreferrer\" title=\"abrir en una nueva ventana\"><i aria-hidden=\"true\" class=\"icon-tw\"><\/i><span class=\"sr-only\">Twitter<\/span><\/a><\/li><li class=\"ip-order-li\"><a href=\"https:\/\/www.linkedin.com\/shareArticle?url=https:\/\/www.capgemini.com\/ar-es\/solutions\/amazon-finspace\/&amp;text=Amazon FinSpace\" target=\"_blank\" rel=\"noopener noreferrer\" title=\"abrir en una nueva ventana\"><i aria-hidden=\"true\" class=\"icon-li\"><\/i><span class=\"sr-only\">Linkedin<\/span><\/a><\/li><\/ul><\/nav><\/div><div class=\"col-12 col-md-11 col-lg-10\"><h2 class=\"intro-para-title\">Los datos impulsan a las organizaciones de servicios financieros, Amazon FinSpace es un servicio de an\u00e1lisis y administraci\u00f3n de datos para la industria de servicios financieros (ISF) que reduce el tiempo para organizar, preparar y analizar grandes conjuntos de datos.<\/h2><p class=\"intro-para-content\">Las organizaciones de servicios financieros analizan los datos de los almacenes de datos internos, como los sistemas de gesti\u00f3n de riesgos, actuariales y de cartera, as\u00ed como los petabytes de datos de las fuentes de datos de terceros, como los precios hist\u00f3ricos de los valores de las bolsas de valores. Puede llevar meses encontrar los datos correctos, obtener permisos para acceder a los datos de manera compatible y prepararlos para el an\u00e1lisis.<br><br>Amazon FinSpace elimina el trabajo pesado de construir y mantener un sistema de administraci\u00f3n de datos para el an\u00e1lisis financiero. Con Amazon FinSpace, recopile datos y catalogarlos por conceptos comerciales relevantes, como clase de activo, clasificaci\u00f3n de riesgo o regi\u00f3n geogr\u00e1fica. Amazon FinSpace facilita el descubrimiento y el intercambio de datos en toda la organizaci\u00f3n de acuerdo con los requisitos de cumplimiento. Brinda la capacidad de especificar pol\u00edticas de acceso a datos en un solo lugar y las aplica mientras mantiene registros de auditor\u00eda para permitir el cumplimiento y los informes de actividad. Amazon FinSpace tambi\u00e9n incluye una biblioteca de m\u00e1s de 100 funciones, como barras de tiempo y bandas de Bollinger, para preparar datos para el an\u00e1lisis.<\/p><\/div><\/div><\/div><\/div><\/section>\n\n\n\n<section class=\"wp-block-cg-blocks-group undefined section section--article-content\"><div class=\"article-main-content\"><div class=\"container\"><div class=\"row\"><div class=\"col-12 col-md-11 col-lg-10 offset-md-1 offset-lg-1\"><div class=\"article-text article-quote-text\">\n<h3 class=\"wp-block-heading\" id=\"h-capgemini-como-socio-de-amazon-finspace\"><strong><strong>Capgemini como socio de Amazon FinSpace<\/strong><\/strong><\/h3>\n\n\n\n<p>Como socio consultor de APN desde hace mucho tiempo y socio de Amazon FinSpace, Capgemini ayuda a las empresas de servicios financieros a crear y mantener un sistema de gesti\u00f3n de datos con Amazon FinSpace para avanzar y acelerar su viaje basado en datos. Ayudamos a las empresas a configurar cat\u00e1logos de datos a escala de petabytes junto con la ejecuci\u00f3n de modelos ML para analizar estos datos.<\/p>\n\n\n\n<h4 class=\"wp-block-heading\" id=\"h-caracteristicas-de-la-solucion\">Caracter\u00edsticas de la soluci\u00f3n<\/h4>\n\n\n\n<p>En los mercados de capitales, el modelado cuantitativo es la pr\u00e1ctica de organizar e interpretar conjuntos de datos con f\u00f3rmulas matem\u00e1ticas para identificar tendencias en los mercados m\u00e1s amplios. Debido a que los datos sin procesar no siempre son descifrables, los analistas cuantitativos reorganizar\u00e1n los datos en representaciones visuales que comuniquen significados y patrones.<\/p>\n\n\n\n<p>Capgemini ha creado una soluci\u00f3n a medida para nuestros clientes del mercado de capitales en Amazon FinSpace \u2013 Quant Model Comparator. El comparador de modelos cuantitativos de Capgemini con tecnolog\u00eda de Amazon FinSpace le brinda la capacidad de comparar y analizar m\u00faltiples modelos cuantitativos comerciales en grandes conjuntos de datos. Aprovechando la rica interfaz de usuario y los informes, ayudando a los administradores de carteras y analistas comerciales a evaluar y seleccionar de manera efectiva el mejor modelo cuantitativo para el an\u00e1lisis y la toma de decisiones.<\/p>\n\n\n\n<ul class=\"wp-block-list\">\n<li><strong>Encuentre datos con solo unos pocos clics: <\/strong>la soluci\u00f3n basada en Amazon FinSpace facilita el almacenamiento, catalogaci\u00f3n y administraci\u00f3n de sus datos de acuerdo con conceptos comunes en la industria de servicios financieros, como la clase de activo y el tipo de instrumento.\u00a0<\/li>\n\n\n\n<li><strong>Comparaci\u00f3n de modelos cu\u00e1nticos, detecci\u00f3n de valores at\u00edpicos, reequilibrio de LSTM: <\/strong>plataforma altamente efectiva para comparar varios modelos cu\u00e1nticos utilizados para el comercio. Adem\u00e1s, realice la detecci\u00f3n de valores at\u00edpicos y ejecute el modelo de reequilibrio LSTM. El tablero enriquecido muestra informes de comparaciones de modelos. Completamente implementado en la infraestructura de AWS con tecnolog\u00eda de Amazon FinSpace.<\/li>\n\n\n\n<li>Integraciones con otras aplicaciones empresariales y servicios de AWS como Amazon S3 y Lambda.<\/li>\n<\/ul>\n\n\n\n<h4 class=\"wp-block-heading\" id=\"h-desafios-comunes-de-los-servicios-financieros-abordados\"><strong>Desaf\u00edos comunes de los servicios financieros abordados<\/strong><\/h4>\n\n\n\n<p>M\u00faltiples organizaciones utilizan t\u00e9cnicas de modelado cu\u00e1ntico para desarrollar e implementar estudios de mercado y carteras centradas en el cliente que brindan informaci\u00f3n e impulsan la mejora comercial.<\/p>\n\n\n\n<p>El volumen de los datos necesarios para la investigaci\u00f3n y el an\u00e1lisis de m\u00faltiples fuentes est\u00e1 aumentando de terabyte (TB) a petabyte (PB). Los modelos cuantitativos son m\u00e1s efectivos en grandes conjuntos de datos hist\u00f3ricos y brindan mejores perspectivas a los administradores de carteras, investigadores y analistas comerciales.<\/p>\n\n\n\n<p>Las organizaciones comparan varios modelos Quant utilizando diversas t\u00e9cnicas para averiguar qu\u00e9 modelo es m\u00e1s efectivo y se adapta mejor a los conjuntos de datos espec\u00edficos. En el mundo actual, estas t\u00e9cnicas de comparaci\u00f3n tienen muchos desaf\u00edos y dificultan el progreso y los resultados de los profesionales de an\u00e1lisis.<\/p>\n\n\n\n<p>Los siguientes son algunos de los desaf\u00edos que enfrenta la organizaci\u00f3n de servicios financieros que son abordados por nuestra soluci\u00f3n:<\/p>\n\n\n\n<ul class=\"wp-block-list\">\n<li><strong>Mantenimiento de datos: <\/strong>el mantenimiento de datos tradicional era un desaf\u00edo con respecto al tiempo y la precisi\u00f3n de los datos.<\/li>\n\n\n\n<li><strong>Selecci\u00f3n del modelo de datos: <\/strong>la capacidad de datos est\u00e1 creciendo a un ritmo tremendo y las empresas luchan por identificar qu\u00e9 modelo es bueno para el an\u00e1lisis de datos antes de extraer datos de varias tablas y consultas.<\/li>\n\n\n\n<li><strong>Integraci\u00f3n: <\/strong>la integraci\u00f3n compleja es un proceso doloroso para almacenar y administrar la comparaci\u00f3n de m\u00faltiples modelos de datos.<\/li>\n\n\n\n<li><strong>Configuraciones manuales:<\/strong> muchas empresas extraen manualmente software de datos que requiere muchas configuraciones manuales, lo que lo convierte en un proceso tedioso. Quant Model proporciona un esquema de datos inicial y una estructura de datos actual que ayudan al usuario a tomar mejores decisiones con Amazon FinSpace.<\/li>\n\n\n\n<li><strong>Escalabilidad:<\/strong> funci\u00f3n de escalado autom\u00e1tico. El an\u00e1lisis de datos utilizando grandes conjuntos de datos con m\u00faltiples cl\u00fasteres es un trabajo complejo y tedioso. Especialmente, analizando m\u00faltiples modelos sofisticados con conjuntos de datos hist\u00f3ricos\/en vivo. Quant Comparator Neural Network, modelo de ayuda para comparar f\u00e1cilmente el aprendizaje supervisado y no supervisado.<\/li>\n<\/ul>\n\n\n\n<p><\/p>\n\n\n\n<p><strong>Ahora los clientes del mercado de capitales pueden aprovechar nuestra plataforma Quant Model Comparator con tecnolog\u00eda de Amazon FinSpace para examinar dos o m\u00e1s modelos cuantitativos en conjunto, en funci\u00f3n de una o m\u00e1s variables\/indicadores, para evaluar las similitudes y diferencias en los datos que ayudan en el proceso de toma de decisiones. identificar y capitalizar las oportunidades comerciales disponibles en los mercados de capitales. Amazon FinSpace respalda los requisitos de cumplimiento de una organizaci\u00f3n mediante la aplicaci\u00f3n de controles de acceso a datos y el mantenimiento de registros de auditor\u00eda.&nbsp;<\/strong><\/p>\n\n\n\n<p>Para obtener m\u00e1s informaci\u00f3n sobre la soluci\u00f3n, comun\u00edquese con&nbsp;<a href=\"mailto:awsleadership.fssbu@capgemini.com\">awsleadership.fssbu@capgemini.com<\/a>.<\/p>\n<\/div><\/div><\/div><\/div><\/div><\/section>\n\n\n\n<section class=\"wp-block-cg-blocks-wrapper-people-slider section section--expert-slider wrapper-people-slider undefined\"><div class=\"container\"><div class=\"content-title\"><h3 data-maxlength=\"34\">Meet our experts<\/h3><\/div><\/div><div class=\"slider slider-boxed\"><div class=\"container\"><div class=\"slider-window\"><div class=\"slider-list\">\n\n\n<\/div><\/div><\/div><div class=\"slider-nav\"><button class=\"slider-prev inactive\" aria-label=\"Anterior\" tabindex=\"-1\"><\/button><ul class=\"slider-paginator\"><\/ul><button class=\"slider-next\" aria-label=\"Siguiente\"><\/button><\/div><\/div><\/section>\n","protected":false},"excerpt":{"rendered":"","protected":false},"author":81,"featured_media":0,"parent":0,"menu_order":0,"comment_status":"closed","ping_status":"closed","template":"","meta":{"cg_dt_proposed_to":[0],"cg_seo_hreflang_relations":"[]","cg_seo_canonical_relation":"","cg_seo_hreflang_x_default_relation":"","cg_dt_approved_content":false,"cg_dt_mandatory_content":false,"cg_dt_notes":"","cg_dg_source_changed":false,"cg_dt_link_disabled":false,"_yoast_wpseo_primary_brand":"","footnotes":"","featured_focal_points":"","partner_card_description":"","gsap_animation":0},"brand":[],"partner_type":[],"service":[],"industry":[171,118],"partners":[84],"page-type":[167],"content-group":[],"class_list":["post-5277","page","type-page","status-publish","hentry","industry-banking-capital-markets","industry-insurance","partners-aws","page-type-solutions"],"yoast_head":"<!-- This site is optimized with the Yoast SEO Premium plugin v22.8 (Yoast SEO v22.8) - https:\/\/yoast.com\/wordpress\/plugins\/seo\/ -->\n<title>Amazon FinSpace - Capgemini Argentina<\/title>\n<meta name=\"description\" content=\"Amazon FinSpace es un servicio de an\u00e1lisis y administraci\u00f3n de datos para la industria de servicios financieros (ISF) que reduce el tiempo para organizar, preparar y analizar grandes conjuntos de datos.\" \/>\n<meta name=\"robots\" content=\"index, follow, max-snippet:-1, max-image-preview:large, max-video-preview:-1\" \/>\n<link rel=\"canonical\" href=\"https:\/\/www.capgemini.com\/ar-es\/solutions\/amazon-finspace\/\" \/>\n<meta property=\"og:locale\" content=\"es_MX\" \/>\n<meta property=\"og:type\" content=\"article\" \/>\n<meta property=\"og:title\" content=\"Amazon FinSpace\" \/>\n<meta property=\"og:description\" content=\"Amazon FinSpace es un servicio de an\u00e1lisis y administraci\u00f3n de datos para la industria de servicios financieros (ISF) que reduce el tiempo para organizar, preparar y analizar grandes conjuntos de datos.\" \/>\n<meta property=\"og:url\" content=\"https:\/\/www.capgemini.com\/ar-es\/solutions\/amazon-finspace\/\" \/>\n<meta property=\"og:site_name\" content=\"Capgemini Argentina\" \/>\n<meta property=\"article:modified_time\" content=\"2025-03-28T05:59:05+00:00\" \/>\n<meta property=\"og:image\" content=\"https:\/\/www.capgemini.com\/wp-content\/uploads\/2022\/02\/Capgemini_Expert-perspectives_FinOps-what-when-and-why.jpg\" \/>\n<meta name=\"twitter:card\" content=\"summary_large_image\" \/>\n<script type=\"application\/ld+json\" class=\"yoast-schema-graph\">{\"@context\":\"https:\/\/schema.org\",\"@graph\":[{\"@type\":\"WebPage\",\"@id\":\"https:\/\/www.capgemini.com\/ar-es\/solutions\/amazon-finspace\/\",\"url\":\"https:\/\/www.capgemini.com\/ar-es\/solutions\/amazon-finspace\/\",\"name\":\"Amazon FinSpace - Capgemini Argentina\",\"isPartOf\":{\"@id\":\"https:\/\/www.capgemini.com\/ar-es\/#website\"},\"primaryImageOfPage\":{\"@id\":\"https:\/\/www.capgemini.com\/ar-es\/solutions\/amazon-finspace\/#primaryimage\"},\"image\":{\"@id\":\"https:\/\/www.capgemini.com\/ar-es\/solutions\/amazon-finspace\/#primaryimage\"},\"thumbnailUrl\":\"https:\/\/www.capgemini.com\/wp-content\/uploads\/2022\/02\/Capgemini_Expert-perspectives_FinOps-what-when-and-why.jpg\",\"datePublished\":\"2022-06-30T10:08:32+00:00\",\"dateModified\":\"2025-03-28T05:59:05+00:00\",\"description\":\"Amazon FinSpace es un servicio de an\u00e1lisis y administraci\u00f3n de datos para la industria de servicios financieros (ISF) que reduce el tiempo para organizar, preparar y analizar grandes conjuntos de datos.\",\"breadcrumb\":{\"@id\":\"https:\/\/www.capgemini.com\/ar-es\/solutions\/amazon-finspace\/#breadcrumb\"},\"inLanguage\":\"es-MX\",\"potentialAction\":[{\"@type\":\"ReadAction\",\"target\":[\"https:\/\/www.capgemini.com\/ar-es\/solutions\/amazon-finspace\/\"]}]},{\"@type\":\"ImageObject\",\"inLanguage\":\"es-MX\",\"@id\":\"https:\/\/www.capgemini.com\/ar-es\/solutions\/amazon-finspace\/#primaryimage\",\"url\":\"https:\/\/www.capgemini.com\/wp-content\/uploads\/2022\/02\/Capgemini_Expert-perspectives_FinOps-what-when-and-why.jpg\",\"contentUrl\":\"https:\/\/www.capgemini.com\/wp-content\/uploads\/2022\/02\/Capgemini_Expert-perspectives_FinOps-what-when-and-why.jpg\"},{\"@type\":\"BreadcrumbList\",\"@id\":\"https:\/\/www.capgemini.com\/ar-es\/solutions\/amazon-finspace\/#breadcrumb\",\"itemListElement\":[{\"@type\":\"ListItem\",\"position\":1,\"name\":\"Home\",\"item\":\"https:\/\/www.capgemini.com\/ar-es\/\"},{\"@type\":\"ListItem\",\"position\":2,\"name\":\"Amazon FinSpace\"}]},{\"@type\":\"WebSite\",\"@id\":\"https:\/\/www.capgemini.com\/ar-es\/#website\",\"url\":\"https:\/\/www.capgemini.com\/ar-es\/\",\"name\":\"Capgemini Argentina\",\"description\":\"Capgemini\",\"potentialAction\":[{\"@type\":\"SearchAction\",\"target\":{\"@type\":\"EntryPoint\",\"urlTemplate\":\"https:\/\/www.capgemini.com\/ar-es\/?s={search_term_string}\"},\"query-input\":\"required name=search_term_string\"}],\"inLanguage\":\"es-MX\"}]}<\/script>\n<!-- \/ Yoast SEO Premium plugin. -->","yoast_head_json":{"title":"Amazon FinSpace - Capgemini Argentina","description":"Amazon FinSpace es un servicio de an\u00e1lisis y administraci\u00f3n de datos para la industria de servicios financieros (ISF) que reduce el tiempo para organizar, preparar y analizar grandes conjuntos de datos.","robots":{"index":"index","follow":"follow","max-snippet":"max-snippet:-1","max-image-preview":"max-image-preview:large","max-video-preview":"max-video-preview:-1"},"canonical":"https:\/\/www.capgemini.com\/ar-es\/solutions\/amazon-finspace\/","og_locale":"es_MX","og_type":"article","og_title":"Amazon FinSpace","og_description":"Amazon FinSpace es un servicio de an\u00e1lisis y administraci\u00f3n de datos para la industria de servicios financieros (ISF) que reduce el tiempo para organizar, preparar y analizar grandes conjuntos de datos.","og_url":"https:\/\/www.capgemini.com\/ar-es\/solutions\/amazon-finspace\/","og_site_name":"Capgemini Argentina","article_modified_time":"2025-03-28T05:59:05+00:00","og_image":[{"url":"https:\/\/www.capgemini.com\/wp-content\/uploads\/2022\/02\/Capgemini_Expert-perspectives_FinOps-what-when-and-why.jpg"}],"twitter_card":"summary_large_image","schema":{"@context":"https:\/\/schema.org","@graph":[{"@type":"WebPage","@id":"https:\/\/www.capgemini.com\/ar-es\/solutions\/amazon-finspace\/","url":"https:\/\/www.capgemini.com\/ar-es\/solutions\/amazon-finspace\/","name":"Amazon FinSpace - Capgemini Argentina","isPartOf":{"@id":"https:\/\/www.capgemini.com\/ar-es\/#website"},"primaryImageOfPage":{"@id":"https:\/\/www.capgemini.com\/ar-es\/solutions\/amazon-finspace\/#primaryimage"},"image":{"@id":"https:\/\/www.capgemini.com\/ar-es\/solutions\/amazon-finspace\/#primaryimage"},"thumbnailUrl":"https:\/\/www.capgemini.com\/wp-content\/uploads\/2022\/02\/Capgemini_Expert-perspectives_FinOps-what-when-and-why.jpg","datePublished":"2022-06-30T10:08:32+00:00","dateModified":"2025-03-28T05:59:05+00:00","description":"Amazon FinSpace es un servicio de an\u00e1lisis y administraci\u00f3n de datos para la industria de servicios financieros (ISF) que reduce el tiempo para organizar, preparar y analizar grandes conjuntos de datos.","breadcrumb":{"@id":"https:\/\/www.capgemini.com\/ar-es\/solutions\/amazon-finspace\/#breadcrumb"},"inLanguage":"es-MX","potentialAction":[{"@type":"ReadAction","target":["https:\/\/www.capgemini.com\/ar-es\/solutions\/amazon-finspace\/"]}]},{"@type":"ImageObject","inLanguage":"es-MX","@id":"https:\/\/www.capgemini.com\/ar-es\/solutions\/amazon-finspace\/#primaryimage","url":"https:\/\/www.capgemini.com\/wp-content\/uploads\/2022\/02\/Capgemini_Expert-perspectives_FinOps-what-when-and-why.jpg","contentUrl":"https:\/\/www.capgemini.com\/wp-content\/uploads\/2022\/02\/Capgemini_Expert-perspectives_FinOps-what-when-and-why.jpg"},{"@type":"BreadcrumbList","@id":"https:\/\/www.capgemini.com\/ar-es\/solutions\/amazon-finspace\/#breadcrumb","itemListElement":[{"@type":"ListItem","position":1,"name":"Home","item":"https:\/\/www.capgemini.com\/ar-es\/"},{"@type":"ListItem","position":2,"name":"Amazon FinSpace"}]},{"@type":"WebSite","@id":"https:\/\/www.capgemini.com\/ar-es\/#website","url":"https:\/\/www.capgemini.com\/ar-es\/","name":"Capgemini Argentina","description":"Capgemini","potentialAction":[{"@type":"SearchAction","target":{"@type":"EntryPoint","urlTemplate":"https:\/\/www.capgemini.com\/ar-es\/?s={search_term_string}"},"query-input":"required name=search_term_string"}],"inLanguage":"es-MX"}]}},"brand_term":[],"parsely":{"version":"1.1.0","canonical_url":"https:\/\/capgemini.com\/ar-es\/solutions\/amazon-finspace\/","smart_links":{"inbound":0,"outbound":0},"traffic_boost_suggestions_count":0,"meta":{"@context":"https:\/\/schema.org","@type":"WebPage","headline":"Amazon FinSpace","url":"https:\/\/www.capgemini.com\/ar-es\/solutions\/amazon-finspace\/","mainEntityOfPage":{"@type":"WebPage","@id":"https:\/\/www.capgemini.com\/ar-es\/solutions\/amazon-finspace\/"},"thumbnailUrl":"","image":{"@type":"ImageObject","url":""},"articleSection":"Uncategorized","author":[],"creator":[],"publisher":{"@type":"Organization","name":"Capgemini Argentina","logo":""},"keywords":[],"dateCreated":"2022-06-30T10:08:32Z","datePublished":"2022-06-30T10:08:32Z","dateModified":"2025-03-28T05:59:05Z"},"rendered":"<meta name=\"parsely-title\" content=\"Amazon FinSpace\" \/>\n<meta name=\"parsely-link\" content=\"https:\/\/www.capgemini.com\/ar-es\/solutions\/amazon-finspace\/\" \/>\n<meta name=\"parsely-type\" content=\"index\" \/>\n<meta name=\"parsely-pub-date\" content=\"2022-06-30T10:08:32Z\" \/>\n<meta name=\"parsely-section\" content=\"Uncategorized\" \/>","tracker_url":"https:\/\/cdn.parsely.com\/keys\/capgemini.com\/p.js"},"archive_status":false,"featured_image_src":"https:\/\/www.capgemini.com\/ar-es\/wp-content\/themes\/capgemini2025\/assets\/images\/mockup.png","featured_image_alt":false,"jetpack_sharing_enabled":true,"distributor_meta":false,"distributor_terms":false,"distributor_media":false,"distributor_original_site_name":"Capgemini Argentina","distributor_original_site_url":"https:\/\/www.capgemini.com\/ar-es","push-errors":false,"_links":{"self":[{"href":"https:\/\/www.capgemini.com\/ar-es\/wp-json\/wp\/v2\/pages\/5277","targetHints":{"allow":["GET"]}}],"collection":[{"href":"https:\/\/www.capgemini.com\/ar-es\/wp-json\/wp\/v2\/pages"}],"about":[{"href":"https:\/\/www.capgemini.com\/ar-es\/wp-json\/wp\/v2\/types\/page"}],"author":[{"embeddable":true,"href":"https:\/\/www.capgemini.com\/ar-es\/wp-json\/wp\/v2\/users\/81"}],"replies":[{"embeddable":true,"href":"https:\/\/www.capgemini.com\/ar-es\/wp-json\/wp\/v2\/comments?post=5277"}],"version-history":[{"count":4,"href":"https:\/\/www.capgemini.com\/ar-es\/wp-json\/wp\/v2\/pages\/5277\/revisions"}],"predecessor-version":[{"id":515944,"href":"https:\/\/www.capgemini.com\/ar-es\/wp-json\/wp\/v2\/pages\/5277\/revisions\/515944"}],"wp:attachment":[{"href":"https:\/\/www.capgemini.com\/ar-es\/wp-json\/wp\/v2\/media?parent=5277"}],"wp:term":[{"taxonomy":"brand","embeddable":true,"href":"https:\/\/www.capgemini.com\/ar-es\/wp-json\/wp\/v2\/brand?post=5277"},{"taxonomy":"partner_type","embeddable":true,"href":"https:\/\/www.capgemini.com\/ar-es\/wp-json\/wp\/v2\/partner_type?post=5277"},{"taxonomy":"service","embeddable":true,"href":"https:\/\/www.capgemini.com\/ar-es\/wp-json\/wp\/v2\/service?post=5277"},{"taxonomy":"industry","embeddable":true,"href":"https:\/\/www.capgemini.com\/ar-es\/wp-json\/wp\/v2\/industry?post=5277"},{"taxonomy":"partners","embeddable":true,"href":"https:\/\/www.capgemini.com\/ar-es\/wp-json\/wp\/v2\/partners?post=5277"},{"taxonomy":"page-type","embeddable":true,"href":"https:\/\/www.capgemini.com\/ar-es\/wp-json\/wp\/v2\/page-type?post=5277"},{"taxonomy":"content-group","embeddable":true,"href":"https:\/\/www.capgemini.com\/ar-es\/wp-json\/wp\/v2\/content-group?post=5277"}],"curies":[{"name":"wp","href":"https:\/\/api.w.org\/{rel}","templated":true}]}}