{"id":5258,"date":"2022-08-12T11:03:05","date_gmt":"2022-08-12T09:03:05","guid":{"rendered":"https:\/\/www.capgemini.com\/?page_id=783089"},"modified":"2025-10-27T15:49:15","modified_gmt":"2025-10-27T15:49:15","slug":"pasion-por-el-deporte","status":"publish","type":"page","link":"https:\/\/www.capgemini.com\/ar-es\/sobre-nosotros\/pasion-por-el-deporte\/","title":{"rendered":"Pasi\u00f3n por el deporte"},"content":{"rendered":"\n<div class=\"wp-block-cg-blocks-hero-picture-card undefined  heroPictureCard\"><div class=\"heroPictureCardBgs\"><picture><source srcset=\"https:\/\/www.capgemini.com\/wp-content\/uploads\/2021\/10\/WhatsApp-Image-2020-02-01-at-23.13.31-e1634717197763.jpeg?w=2880&amp;quality=70 1x, https:\/\/www.capgemini.com\/wp-content\/uploads\/2021\/10\/WhatsApp-Image-2020-02-01-at-23.13.31-e1634717197763.jpeg?w=2880&amp;quality=70 2x\" media=\"(min-width: 1500px)\"\/><source srcset=\"https:\/\/www.capgemini.com\/wp-content\/uploads\/2021\/10\/WhatsApp-Image-2020-02-01-at-23.13.31-e1634717197763.jpeg?w=1440&amp;quality=70 1x, https:\/\/www.capgemini.com\/wp-content\/uploads\/2021\/10\/WhatsApp-Image-2020-02-01-at-23.13.31-e1634717197763.jpeg?w=2880&amp;quality=70 2x\" media=\"(min-width: 992px)\"\/><source srcset=\"https:\/\/www.capgemini.com\/wp-content\/uploads\/2021\/10\/WhatsApp-Image-2020-02-01-at-23.13.31-e1634717197763.jpeg?w=1024&amp;quality=70 1x, https:\/\/www.capgemini.com\/wp-content\/uploads\/2021\/10\/WhatsApp-Image-2020-02-01-at-23.13.31-e1634717197763.jpeg?w=1024&amp;quality=70 2x\" media=\"(min-width: 768px)\"\/><source srcset=\"https:\/\/www.capgemini.com\/wp-content\/uploads\/2021\/10\/WhatsApp-Image-2020-02-01-at-23.13.31-e1634717197763.jpeg?w=768&amp;quality=70 1x, https:\/\/www.capgemini.com\/wp-content\/uploads\/2021\/10\/WhatsApp-Image-2020-02-01-at-23.13.31-e1634717197763.jpeg?w=768&amp;quality=70 2x\" media=\"(min-width: 0)\"\/><img decoding=\"async\" src=\"https:\/\/www.capgemini.com\/wp-content\/uploads\/2021\/10\/WhatsApp-Image-2020-02-01-at-23.13.31-e1634717197763.jpeg\" class=\"desktopImage\" alt=\"\" style=\"object-fit:cover;object-position:44% 52%\" loading=\"eager\"\/><\/picture><picture><source srcset=\"https:\/\/www.capgemini.com\/wp-content\/uploads\/2021\/10\/WhatsApp-Image-2020-02-01-at-23.13.31-e1634717197763.jpeg?w=2880&amp;quality=70 1x, https:\/\/www.capgemini.com\/wp-content\/uploads\/2021\/10\/WhatsApp-Image-2020-02-01-at-23.13.31-e1634717197763.jpeg?w=2880&amp;quality=70 2x\" media=\"(min-width: 1500px)\"\/><source srcset=\"https:\/\/www.capgemini.com\/wp-content\/uploads\/2021\/10\/WhatsApp-Image-2020-02-01-at-23.13.31-e1634717197763.jpeg?w=1440&amp;quality=70 1x, https:\/\/www.capgemini.com\/wp-content\/uploads\/2021\/10\/WhatsApp-Image-2020-02-01-at-23.13.31-e1634717197763.jpeg?w=2880&amp;quality=70 2x\" media=\"(min-width: 992px)\"\/><source srcset=\"https:\/\/www.capgemini.com\/wp-content\/uploads\/2021\/10\/WhatsApp-Image-2020-02-01-at-23.13.31-e1634717197763.jpeg?w=1024&amp;quality=70 1x, https:\/\/www.capgemini.com\/wp-content\/uploads\/2021\/10\/WhatsApp-Image-2020-02-01-at-23.13.31-e1634717197763.jpeg?w=1024&amp;quality=70 2x\" media=\"(min-width: 768px)\"\/><source srcset=\"https:\/\/www.capgemini.com\/wp-content\/uploads\/2021\/10\/WhatsApp-Image-2020-02-01-at-23.13.31-e1634717197763.jpeg?w=768&amp;quality=70 1x, https:\/\/www.capgemini.com\/wp-content\/uploads\/2021\/10\/WhatsApp-Image-2020-02-01-at-23.13.31-e1634717197763.jpeg?w=768&amp;quality=70 2x\" media=\"(min-width: 0)\"\/><img decoding=\"async\" src=\"https:\/\/www.capgemini.com\/wp-content\/uploads\/2021\/10\/WhatsApp-Image-2020-02-01-at-23.13.31-e1634717197763.jpeg\" class=\"mobileImage\" alt=\"\" style=\"object-fit:cover;object-position:44% 52%\" loading=\"eager\"\/><\/picture><\/div><div class=\"heroPictureCardHeaderShape\"><\/div><div class=\"container\"><div class=\"row\"><div class=\"col-md-8 col-lg-6\"><div class=\"heroPictureCardBox\"><div class=\"heroPictureCardBoxTitle\"><h1 data-maxlength=\"144\">Pasi\u00f3n por el deporte<\/h1><\/div><\/div><\/div><\/div><\/div><div class=\"small-device\"><div class=\"brandLogoWrapper\"> <\/div><\/div><\/div>\n\n\n\n<section class=\"wp-block-cg-blocks-intro-para undefined section section--intro\"><div class=\"intro-para\"><div class=\"container\"><div class=\"row\"><div class=\"col-12 col-md-1\"><nav class=\"article-social\"><ul class=\"social-nav\"><li class=\"ip-order-fb\"><a href=\"https:\/\/www.facebook.com\/sharer\/sharer.php?u=https:\/\/www.capgemini.com\/ar-es\/sobre-nosotros\/pasion-por-el-deporte\/\" target=\"_blank\" rel=\"noopener noreferrer\" title=\"opens in a new window\"><i aria-hidden=\"true\" class=\"icon-fb\"><\/i><span class=\"sr-only\">Facebook<\/span><\/a><\/li><li class=\"ip-order-li\"><a href=\"https:\/\/www.linkedin.com\/sharing\/share-offsite\/?url=https:\/\/www.capgemini.com\/ar-es\/sobre-nosotros\/pasion-por-el-deporte\/\" target=\"_blank\" rel=\"noopener noreferrer\" title=\"opens in a new window\"><i aria-hidden=\"true\" class=\"icon-li\"><\/i><span class=\"sr-only\">Linkedin<\/span><\/a><\/li><\/ul><\/nav><\/div><div class=\"col-12 col-md-11 col-lg-10\"><h2 class=\"intro-para-title\">Estamos orgullosos de patrocinar eventos deportivos mundiales en l\u00ednea con nuestros valores de esp\u00edritu de equipo y diversi\u00f3n, as\u00ed como nuestro compromiso de construir un futuro diverso, inclusivo y sostenible, impulsado por la innovaci\u00f3n.<\/h2><p class=\"intro-para-content\">A trav\u00e9s de alianzas con grandes marcas y eventos deportivos de todo el mundo, aportamos nuestra experiencia tecnol\u00f3gica, digital y de innovaci\u00f3n a los eventos m\u00e1s prestigiosos, mejorando tanto el rendimiento como la experiencia de los aficionados. <\/p><\/div><\/div><\/div><\/div><\/section>\n\n\n\n<section class=\"wp-block-cg-blocks-wrapper-card-text-pic wrapperCardTextPic hero-bg-shape\"><div class=\"container\"><div class=\"row\"><div class=\"col-md-12\">\n<div class=\"wp-block-cg-blocks-card-text-pic-right\"><div class=\"row card-text-pic rightCard\"><div class=\"col-md-12\"><div class=\"box--section\"><div class=\"box  row-nobleed\"><div class=\"col-lg-8 col-md-12 box-inner\"><a href=\"\/ar-es\/sobre-nosotros\/pasion-por-el-deporte\/world-rugby\/\" aria-label=\"Capgemini y World Rugby\" target=\"\" rel=\"noopener noreferrer\" title=\"\"><h3 class=\"titlewithLink\" data-maxlength=\"144\">Capgemini y World Rugby<\/h3><\/a><p class=\"box-text\" data-maxlength=\"\">El rugby ha influido fuertemente en nuestra cultura y nuestros valores, especialmente en lo que respecta al esp\u00edritu de equipo y la diversi\u00f3n. Y, con su diversa y creciente base de fans, el rugby est\u00e1 alineado con la creencia de Capgemini de que la diversidad juega un papel clave en el desarrollo de soluciones innovadoras y en la creaci\u00f3n de valor.<\/p><div class=\"box-bottom\"><a aria-label=\"Read more about Capgemini y World Rugby\" class=\"more2\" data-maxlength=\"24\" href=\"\/ar-es\/sobre-nosotros\/pasion-por-el-deporte\/world-rugby\/\" target=\"\" rel=\"noopener noreferrer\" title=\"\">M\u00e1s informaci\u00f3n<\/a><\/div><\/div><div class=\"col-lg-5 col-md-12 box-img-wrapper\"><a href=\"\/ar-es\/sobre-nosotros\/pasion-por-el-deporte\/world-rugby\/\" aria-label=\"M\u00e1s informaci\u00f3n about Capgemini y World Rugby\" tabindex=\"-1\" target=\"\" rel=\"noopener noreferrer\" title=\"\"><picture><source srcset=\"https:\/\/www.capgemini.com\/wp-content\/uploads\/2022\/08\/canadawomen_can7s_-7083.webp?w=1000&amp;quality=70 1x, https:\/\/www.capgemini.com\/wp-content\/uploads\/2022\/08\/canadawomen_can7s_-7083.webp?w=1000&amp;quality=70 2x\" media=\"(min-width: 1500px)\"\/><source srcset=\"https:\/\/www.capgemini.com\/wp-content\/uploads\/2022\/08\/canadawomen_can7s_-7083.webp?w=500&amp;quality=70 1x, https:\/\/www.capgemini.com\/wp-content\/uploads\/2022\/08\/canadawomen_can7s_-7083.webp?w=1000&amp;quality=70 2x\" media=\"(min-width: 992px)\"\/><source srcset=\"https:\/\/www.capgemini.com\/wp-content\/uploads\/2022\/08\/canadawomen_can7s_-7083.webp?w=768&amp;quality=70 1x, https:\/\/www.capgemini.com\/wp-content\/uploads\/2022\/08\/canadawomen_can7s_-7083.webp?w=768&amp;quality=70 2x\" media=\"(min-width: 768px)\"\/><source srcset=\"https:\/\/www.capgemini.com\/wp-content\/uploads\/2022\/08\/canadawomen_can7s_-7083.webp?w=556&amp;quality=70 1x, https:\/\/www.capgemini.com\/wp-content\/uploads\/2022\/08\/canadawomen_can7s_-7083.webp?w=556&amp;quality=70 2x\" media=\"(min-width: 0)\"\/><img decoding=\"async\" src=\"https:\/\/www.capgemini.com\/wp-content\/uploads\/2022\/08\/canadawomen_can7s_-7083.webp\" class=\"box-img\" alt=\"\" style=\"object-fit:cover;object-position:44% 52%\" loading=\"lazy\"\/><\/picture><\/a><\/div><\/div><\/div><\/div><\/div><\/div>\n\n\n\n<div class=\"wp-block-cg-blocks-card-text-pic-left\"><div class=\"row card-text-pic leftCard\"><div class=\"col-md-12\"><div class=\"box--section\"><div class=\"box row-nobleed\"><div class=\"col-lg-5 col-md-12 box-img-wrapper \"><a href=\"\/ar-es\/sobre-nosotros\/pasion-por-el-deporte\/ryder-cup\/\" aria-label=\"Leer m\u00e1s sobre Capgemini y la Ryder Cup\" tabindex=\"-1\" target=\"\" rel=\"noopener noreferrer\" title=\"\"><picture><source srcset=\"https:\/\/www.capgemini.com\/wp-content\/uploads\/2022\/08\/ezgif-3-c0705e4a88.webp?w=1000&amp;quality=70 1x, https:\/\/www.capgemini.com\/wp-content\/uploads\/2022\/08\/ezgif-3-c0705e4a88.webp?w=1000&amp;quality=70 2x\" media=\"(min-width: 1500px)\"\/><source srcset=\"https:\/\/www.capgemini.com\/wp-content\/uploads\/2022\/08\/ezgif-3-c0705e4a88.webp?w=500&amp;quality=70 1x, https:\/\/www.capgemini.com\/wp-content\/uploads\/2022\/08\/ezgif-3-c0705e4a88.webp?w=1000&amp;quality=70 2x\" media=\"(min-width: 992px)\"\/><source srcset=\"https:\/\/www.capgemini.com\/wp-content\/uploads\/2022\/08\/ezgif-3-c0705e4a88.webp?w=768&amp;quality=70 1x, https:\/\/www.capgemini.com\/wp-content\/uploads\/2022\/08\/ezgif-3-c0705e4a88.webp?w=768&amp;quality=70 2x\" media=\"(min-width: 768px)\"\/><source srcset=\"https:\/\/www.capgemini.com\/wp-content\/uploads\/2022\/08\/ezgif-3-c0705e4a88.webp?w=556&amp;quality=70 1x, https:\/\/www.capgemini.com\/wp-content\/uploads\/2022\/08\/ezgif-3-c0705e4a88.webp?w=556&amp;quality=70 2x\" media=\"(min-width: 0)\"\/><img decoding=\"async\" src=\"https:\/\/www.capgemini.com\/wp-content\/uploads\/2022\/08\/ezgif-3-c0705e4a88.webp\" class=\"box-img\" alt=\"\" style=\"object-fit:cover;object-position:50% 50%\" loading=\"lazy\"\/><\/picture><\/a><\/div><div class=\"col-lg-8 col-md-12 box-inner \"><a href=\"\/ar-es\/sobre-nosotros\/pasion-por-el-deporte\/ryder-cup\/\" aria-label=\"Capgemini y la Ryder Cup\" target=\"\" rel=\"noopener noreferrer\" title=\"\"><h3 class=\"titlewithLink\" data-maxlength=\"144\">Capgemini y la Ryder Cup<\/h3><\/a><p class=\"box-text\" data-maxlength=\"\">Un primer paso en la historia del golf en Capgemini fue nuestra alianza con la prestigiosa Ryder Cup, que refleja nuestro enfoque en la construcci\u00f3n y la celebraci\u00f3n del talento, el esp\u00edritu de equipo y el alto rendimiento, valores presentes en ambas organizaciones.<\/p><div class=\"box-bottom\"><a aria-label=\"Leer m\u00e1s sobre Capgemini y la Ryder Cup\" class=\"more2\" data-maxlength=\"24\" href=\"\/ar-es\/sobre-nosotros\/pasion-por-el-deporte\/ryder-cup\/\" target=\"\" rel=\"noopener noreferrer\" title=\"\">M\u00e1s informaci\u00f3n<\/a><\/div><\/div><\/div><\/div><\/div><\/div><\/div>\n\n\n\n<div class=\"wp-block-cg-blocks-card-text-pic-right\"><div class=\"row card-text-pic rightCard\"><div class=\"col-md-12\"><div class=\"box--section\"><div class=\"box  row-nobleed\"><div class=\"col-lg-8 col-md-12 box-inner\"><a href=\"\/ar-es\/sobre-nosotros\/pasion-por-el-deporte\/peugeot-sport\/\" aria-label=\"Capgemini y Peugeot Sport\" target=\"\" rel=\"noopener noreferrer\" title=\"\"><h3 class=\"titlewithLink\" data-maxlength=\"144\">Capgemini y Peugeot Sport<\/h3><\/a><p class=\"box-text\" data-maxlength=\"\">Hemos firmado una alianza de varios a\u00f1os con Peugeot Sport para proporcionar herramientas digitales avanzadas al equipo PEUGEOT 9X8 del Campeonato Mundial de Resistencia de la FIA.<\/p><div class=\"box-bottom\"><a aria-label=\"Read more about Capgemini y Peugeot Sport\" class=\"more2\" data-maxlength=\"24\" href=\"\/ar-es\/sobre-nosotros\/pasion-por-el-deporte\/peugeot-sport\/\" target=\"\" rel=\"noopener noreferrer\" title=\"\">M\u00e1s informaci\u00f3n<\/a><\/div><\/div><div class=\"col-lg-5 col-md-12 box-img-wrapper\"><a href=\"\/ar-es\/sobre-nosotros\/pasion-por-el-deporte\/peugeot-sport\/\" aria-label=\"M\u00e1s informaci\u00f3n about Capgemini y Peugeot Sport\" tabindex=\"-1\" target=\"\" rel=\"noopener noreferrer\" title=\"\"><picture><source srcset=\"https:\/\/www.capgemini.com\/wp-content\/uploads\/2022\/04\/CAP7832-retouchee.webp?w=1000&amp;quality=70 1x, https:\/\/www.capgemini.com\/wp-content\/uploads\/2022\/04\/CAP7832-retouchee.webp?w=1000&amp;quality=70 2x\" media=\"(min-width: 1500px)\"\/><source srcset=\"https:\/\/www.capgemini.com\/wp-content\/uploads\/2022\/04\/CAP7832-retouchee.webp?w=500&amp;quality=70 1x, https:\/\/www.capgemini.com\/wp-content\/uploads\/2022\/04\/CAP7832-retouchee.webp?w=1000&amp;quality=70 2x\" media=\"(min-width: 992px)\"\/><source srcset=\"https:\/\/www.capgemini.com\/wp-content\/uploads\/2022\/04\/CAP7832-retouchee.webp?w=768&amp;quality=70 1x, https:\/\/www.capgemini.com\/wp-content\/uploads\/2022\/04\/CAP7832-retouchee.webp?w=768&amp;quality=70 2x\" media=\"(min-width: 768px)\"\/><source srcset=\"https:\/\/www.capgemini.com\/wp-content\/uploads\/2022\/04\/CAP7832-retouchee.webp?w=556&amp;quality=70 1x, https:\/\/www.capgemini.com\/wp-content\/uploads\/2022\/04\/CAP7832-retouchee.webp?w=556&amp;quality=70 2x\" media=\"(min-width: 0)\"\/><img decoding=\"async\" src=\"https:\/\/www.capgemini.com\/wp-content\/uploads\/2022\/04\/CAP7832-retouchee.webp\" class=\"box-img\" alt=\"\" style=\"object-fit:cover;object-position:18% 72%\" loading=\"lazy\"\/><\/picture><\/a><\/div><\/div><\/div><\/div><\/div><\/div>\n<\/div><\/div><\/div><\/section>\n","protected":false},"excerpt":{"rendered":"","protected":false},"author":23,"featured_media":0,"parent":5886,"menu_order":5,"comment_status":"closed","ping_status":"closed","template":"","meta":{"cg_dt_proposed_to":[0],"cg_seo_hreflang_relations":"[]","cg_seo_canonical_relation":"","cg_seo_hreflang_x_default_relation":"{\"uuid\":\"05e8bd0d-834d-48f2-96c9-1703fb903f4b\",\"blogId\":\"\",\"domain\":\"\",\"sitePath\":\"\",\"postLink\":\"\",\"postId\":null,\"isSaved\":false,\"isCrossLink\":false,\"hasCrossLink\":false}","cg_dt_approved_content":false,"cg_dt_mandatory_content":false,"cg_dt_notes":"","cg_dg_source_changed":false,"cg_dt_link_disabled":false,"_yoast_wpseo_primary_brand":"","footnotes":"","featured_focal_points":"","partner_card_description":"","gsap_animation":0},"brand":[],"partner_type":[],"service":[],"industry":[],"partners":[],"page-type":[168],"content-group":[],"class_list":["post-5258","page","type-page","status-publish","hentry","page-type-about-us"],"yoast_head":"<!-- This site is optimized with the Yoast SEO Premium plugin v22.8 (Yoast SEO v22.8) - https:\/\/yoast.com\/wordpress\/plugins\/seo\/ -->\n<title>Pasi\u00f3n por el deporte - Capgemini Argentina<\/title>\n<meta name=\"description\" content=\"Estamos orgullosos de patrocinar eventos deportivos mundiales en l\u00ednea con nuestros valores\" \/>\n<meta name=\"robots\" content=\"index, follow, max-snippet:-1, max-image-preview:large, max-video-preview:-1\" \/>\n<link rel=\"canonical\" href=\"https:\/\/www.capgemini.com\/ar-es\/sobre-nosotros\/pasion-por-el-deporte\/\" \/>\n<meta property=\"og:locale\" content=\"es_MX\" \/>\n<meta property=\"og:type\" content=\"article\" \/>\n<meta property=\"og:title\" content=\"Pasi\u00f3n por el deporte\" \/>\n<meta property=\"og:description\" content=\"Estamos orgullosos de patrocinar eventos deportivos mundiales en l\u00ednea con nuestros valores\" \/>\n<meta property=\"og:url\" content=\"https:\/\/www.capgemini.com\/ar-es\/sobre-nosotros\/pasion-por-el-deporte\/\" \/>\n<meta property=\"og:site_name\" content=\"Capgemini Argentina\" \/>\n<meta property=\"article:modified_time\" content=\"2025-10-27T15:49:15+00:00\" \/>\n<meta property=\"og:image\" content=\"https:\/\/www.capgemini.com\/wp-content\/uploads\/2021\/10\/WhatsApp-Image-2020-02-01-at-23.13.31-e1634717197763.jpeg\" \/>\n<meta name=\"twitter:card\" content=\"summary_large_image\" \/>\n<script type=\"application\/ld+json\" class=\"yoast-schema-graph\">{\"@context\":\"https:\/\/schema.org\",\"@graph\":[{\"@type\":\"WebPage\",\"@id\":\"https:\/\/www.capgemini.com\/ar-es\/sobre-nosotros\/pasion-por-el-deporte\/\",\"url\":\"https:\/\/www.capgemini.com\/ar-es\/sobre-nosotros\/pasion-por-el-deporte\/\",\"name\":\"Pasi\u00f3n por el deporte - Capgemini Argentina\",\"isPartOf\":{\"@id\":\"https:\/\/www.capgemini.com\/ar-es\/#website\"},\"primaryImageOfPage\":{\"@id\":\"https:\/\/www.capgemini.com\/ar-es\/sobre-nosotros\/pasion-por-el-deporte\/#primaryimage\"},\"image\":{\"@id\":\"https:\/\/www.capgemini.com\/ar-es\/sobre-nosotros\/pasion-por-el-deporte\/#primaryimage\"},\"thumbnailUrl\":\"https:\/\/www.capgemini.com\/wp-content\/uploads\/2021\/10\/WhatsApp-Image-2020-02-01-at-23.13.31-e1634717197763.jpeg\",\"datePublished\":\"2022-08-12T09:03:05+00:00\",\"dateModified\":\"2025-10-27T15:49:15+00:00\",\"description\":\"Estamos orgullosos de patrocinar eventos deportivos mundiales en l\u00ednea con nuestros valores\",\"breadcrumb\":{\"@id\":\"https:\/\/www.capgemini.com\/ar-es\/sobre-nosotros\/pasion-por-el-deporte\/#breadcrumb\"},\"inLanguage\":\"es-MX\",\"potentialAction\":[{\"@type\":\"ReadAction\",\"target\":[\"https:\/\/www.capgemini.com\/ar-es\/sobre-nosotros\/pasion-por-el-deporte\/\"]}]},{\"@type\":\"ImageObject\",\"inLanguage\":\"es-MX\",\"@id\":\"https:\/\/www.capgemini.com\/ar-es\/sobre-nosotros\/pasion-por-el-deporte\/#primaryimage\",\"url\":\"https:\/\/www.capgemini.com\/wp-content\/uploads\/2021\/10\/WhatsApp-Image-2020-02-01-at-23.13.31-e1634717197763.jpeg\",\"contentUrl\":\"https:\/\/www.capgemini.com\/wp-content\/uploads\/2021\/10\/WhatsApp-Image-2020-02-01-at-23.13.31-e1634717197763.jpeg\"},{\"@type\":\"BreadcrumbList\",\"@id\":\"https:\/\/www.capgemini.com\/ar-es\/sobre-nosotros\/pasion-por-el-deporte\/#breadcrumb\",\"itemListElement\":[{\"@type\":\"ListItem\",\"position\":1,\"name\":\"Home\",\"item\":\"https:\/\/www.capgemini.com\/ar-es\/\"},{\"@type\":\"ListItem\",\"position\":2,\"name\":\"Sobre nosotros\",\"item\":\"https:\/\/www.capgemini.com\/ar-es\/sobre-nosotros\/\"},{\"@type\":\"ListItem\",\"position\":3,\"name\":\"Pasi\u00f3n por el deporte\"}]},{\"@type\":\"WebSite\",\"@id\":\"https:\/\/www.capgemini.com\/ar-es\/#website\",\"url\":\"https:\/\/www.capgemini.com\/ar-es\/\",\"name\":\"Capgemini Argentina\",\"description\":\"Capgemini\",\"potentialAction\":[{\"@type\":\"SearchAction\",\"target\":{\"@type\":\"EntryPoint\",\"urlTemplate\":\"https:\/\/www.capgemini.com\/ar-es\/?s={search_term_string}\"},\"query-input\":\"required name=search_term_string\"}],\"inLanguage\":\"es-MX\"}]}<\/script>\n<!-- \/ Yoast SEO Premium plugin. -->","yoast_head_json":{"title":"Pasi\u00f3n por el deporte - Capgemini Argentina","description":"Estamos orgullosos de patrocinar eventos deportivos mundiales en l\u00ednea con nuestros valores","robots":{"index":"index","follow":"follow","max-snippet":"max-snippet:-1","max-image-preview":"max-image-preview:large","max-video-preview":"max-video-preview:-1"},"canonical":"https:\/\/www.capgemini.com\/ar-es\/sobre-nosotros\/pasion-por-el-deporte\/","og_locale":"es_MX","og_type":"article","og_title":"Pasi\u00f3n por el deporte","og_description":"Estamos orgullosos de patrocinar eventos deportivos mundiales en l\u00ednea con nuestros valores","og_url":"https:\/\/www.capgemini.com\/ar-es\/sobre-nosotros\/pasion-por-el-deporte\/","og_site_name":"Capgemini Argentina","article_modified_time":"2025-10-27T15:49:15+00:00","og_image":[{"url":"https:\/\/www.capgemini.com\/wp-content\/uploads\/2021\/10\/WhatsApp-Image-2020-02-01-at-23.13.31-e1634717197763.jpeg"}],"twitter_card":"summary_large_image","schema":{"@context":"https:\/\/schema.org","@graph":[{"@type":"WebPage","@id":"https:\/\/www.capgemini.com\/ar-es\/sobre-nosotros\/pasion-por-el-deporte\/","url":"https:\/\/www.capgemini.com\/ar-es\/sobre-nosotros\/pasion-por-el-deporte\/","name":"Pasi\u00f3n por el deporte - Capgemini Argentina","isPartOf":{"@id":"https:\/\/www.capgemini.com\/ar-es\/#website"},"primaryImageOfPage":{"@id":"https:\/\/www.capgemini.com\/ar-es\/sobre-nosotros\/pasion-por-el-deporte\/#primaryimage"},"image":{"@id":"https:\/\/www.capgemini.com\/ar-es\/sobre-nosotros\/pasion-por-el-deporte\/#primaryimage"},"thumbnailUrl":"https:\/\/www.capgemini.com\/wp-content\/uploads\/2021\/10\/WhatsApp-Image-2020-02-01-at-23.13.31-e1634717197763.jpeg","datePublished":"2022-08-12T09:03:05+00:00","dateModified":"2025-10-27T15:49:15+00:00","description":"Estamos orgullosos de patrocinar eventos deportivos mundiales en l\u00ednea con nuestros valores","breadcrumb":{"@id":"https:\/\/www.capgemini.com\/ar-es\/sobre-nosotros\/pasion-por-el-deporte\/#breadcrumb"},"inLanguage":"es-MX","potentialAction":[{"@type":"ReadAction","target":["https:\/\/www.capgemini.com\/ar-es\/sobre-nosotros\/pasion-por-el-deporte\/"]}]},{"@type":"ImageObject","inLanguage":"es-MX","@id":"https:\/\/www.capgemini.com\/ar-es\/sobre-nosotros\/pasion-por-el-deporte\/#primaryimage","url":"https:\/\/www.capgemini.com\/wp-content\/uploads\/2021\/10\/WhatsApp-Image-2020-02-01-at-23.13.31-e1634717197763.jpeg","contentUrl":"https:\/\/www.capgemini.com\/wp-content\/uploads\/2021\/10\/WhatsApp-Image-2020-02-01-at-23.13.31-e1634717197763.jpeg"},{"@type":"BreadcrumbList","@id":"https:\/\/www.capgemini.com\/ar-es\/sobre-nosotros\/pasion-por-el-deporte\/#breadcrumb","itemListElement":[{"@type":"ListItem","position":1,"name":"Home","item":"https:\/\/www.capgemini.com\/ar-es\/"},{"@type":"ListItem","position":2,"name":"Sobre nosotros","item":"https:\/\/www.capgemini.com\/ar-es\/sobre-nosotros\/"},{"@type":"ListItem","position":3,"name":"Pasi\u00f3n por el deporte"}]},{"@type":"WebSite","@id":"https:\/\/www.capgemini.com\/ar-es\/#website","url":"https:\/\/www.capgemini.com\/ar-es\/","name":"Capgemini Argentina","description":"Capgemini","potentialAction":[{"@type":"SearchAction","target":{"@type":"EntryPoint","urlTemplate":"https:\/\/www.capgemini.com\/ar-es\/?s={search_term_string}"},"query-input":"required name=search_term_string"}],"inLanguage":"es-MX"}]}},"brand_term":[],"parsely":{"version":"1.1.0","canonical_url":"https:\/\/capgemini.com\/ar-es\/sobre-nosotros\/pasion-por-el-deporte\/","smart_links":{"inbound":0,"outbound":0},"traffic_boost_suggestions_count":0,"meta":{"@context":"https:\/\/schema.org","@type":"WebPage","headline":"Pasi\u00f3n por el deporte","url":"https:\/\/www.capgemini.com\/ar-es\/sobre-nosotros\/pasion-por-el-deporte\/","mainEntityOfPage":{"@type":"WebPage","@id":"https:\/\/www.capgemini.com\/ar-es\/sobre-nosotros\/pasion-por-el-deporte\/"},"thumbnailUrl":"","image":{"@type":"ImageObject","url":""},"articleSection":"Uncategorized","author":[],"creator":[],"publisher":{"@type":"Organization","name":"Capgemini Argentina","logo":""},"keywords":[],"dateCreated":"2022-08-12T09:03:05Z","datePublished":"2022-08-12T09:03:05Z","dateModified":"2025-10-27T15:49:15Z"},"rendered":"<meta name=\"parsely-title\" content=\"Pasi\u00f3n por el deporte\" \/>\n<meta name=\"parsely-link\" content=\"https:\/\/www.capgemini.com\/ar-es\/sobre-nosotros\/pasion-por-el-deporte\/\" \/>\n<meta name=\"parsely-type\" content=\"index\" \/>\n<meta name=\"parsely-pub-date\" content=\"2022-08-12T09:03:05Z\" \/>\n<meta name=\"parsely-section\" content=\"Uncategorized\" \/>","tracker_url":"https:\/\/cdn.parsely.com\/keys\/capgemini.com\/p.js"},"archive_status":false,"featured_image_src":"https:\/\/www.capgemini.com\/ar-es\/wp-content\/themes\/capgemini2025\/assets\/images\/mockup.png","featured_image_alt":false,"jetpack_sharing_enabled":true,"distributor_meta":false,"distributor_terms":false,"distributor_media":false,"distributor_original_site_name":"Capgemini Argentina","distributor_original_site_url":"https:\/\/www.capgemini.com\/ar-es","push-errors":false,"_links":{"self":[{"href":"https:\/\/www.capgemini.com\/ar-es\/wp-json\/wp\/v2\/pages\/5258","targetHints":{"allow":["GET"]}}],"collection":[{"href":"https:\/\/www.capgemini.com\/ar-es\/wp-json\/wp\/v2\/pages"}],"about":[{"href":"https:\/\/www.capgemini.com\/ar-es\/wp-json\/wp\/v2\/types\/page"}],"author":[{"embeddable":true,"href":"https:\/\/www.capgemini.com\/ar-es\/wp-json\/wp\/v2\/users\/23"}],"replies":[{"embeddable":true,"href":"https:\/\/www.capgemini.com\/ar-es\/wp-json\/wp\/v2\/comments?post=5258"}],"version-history":[{"count":8,"href":"https:\/\/www.capgemini.com\/ar-es\/wp-json\/wp\/v2\/pages\/5258\/revisions"}],"predecessor-version":[{"id":520550,"href":"https:\/\/www.capgemini.com\/ar-es\/wp-json\/wp\/v2\/pages\/5258\/revisions\/520550"}],"up":[{"embeddable":true,"href":"https:\/\/www.capgemini.com\/ar-es\/wp-json\/wp\/v2\/pages\/5886"}],"wp:attachment":[{"href":"https:\/\/www.capgemini.com\/ar-es\/wp-json\/wp\/v2\/media?parent=5258"}],"wp:term":[{"taxonomy":"brand","embeddable":true,"href":"https:\/\/www.capgemini.com\/ar-es\/wp-json\/wp\/v2\/brand?post=5258"},{"taxonomy":"partner_type","embeddable":true,"href":"https:\/\/www.capgemini.com\/ar-es\/wp-json\/wp\/v2\/partner_type?post=5258"},{"taxonomy":"service","embeddable":true,"href":"https:\/\/www.capgemini.com\/ar-es\/wp-json\/wp\/v2\/service?post=5258"},{"taxonomy":"industry","embeddable":true,"href":"https:\/\/www.capgemini.com\/ar-es\/wp-json\/wp\/v2\/industry?post=5258"},{"taxonomy":"partners","embeddable":true,"href":"https:\/\/www.capgemini.com\/ar-es\/wp-json\/wp\/v2\/partners?post=5258"},{"taxonomy":"page-type","embeddable":true,"href":"https:\/\/www.capgemini.com\/ar-es\/wp-json\/wp\/v2\/page-type?post=5258"},{"taxonomy":"content-group","embeddable":true,"href":"https:\/\/www.capgemini.com\/ar-es\/wp-json\/wp\/v2\/content-group?post=5258"}],"curies":[{"name":"wp","href":"https:\/\/api.w.org\/{rel}","templated":true}]}}