{"id":5256,"date":"2022-10-12T13:18:05","date_gmt":"2022-10-12T13:18:05","guid":{"rendered":"https:\/\/www.capgemini.com\/?page_id=786322"},"modified":"2025-10-27T15:49:45","modified_gmt":"2025-10-27T15:49:45","slug":"peugeot-sport","status":"publish","type":"page","link":"https:\/\/www.capgemini.com\/ar-es\/sobre-nosotros\/pasion-por-el-deporte\/peugeot-sport\/","title":{"rendered":"Peugeot Sport"},"content":{"rendered":"\n<div class=\"wp-block-cg-blocks-hero-bleed-banner\"><div class=\"hero-bleed-mp-banner wp-block-cg-blocks-hero-bleed-banner overlay  is-image has-card \" data-nav-menu-position=\"overlay\" data-nav-menu-text-color=\"white\" data-fp-desktop-x=\"0.5\" data-fp-desktop-y=\"0.5\" data-fp-tablet-x=\"0.5\" data-fp-tablet-y=\"0.5\" data-fp-mobile-x=\"0.41\" data-fp-mobile-y=\"0.69\" data-hero-bleed-attributes=\"\"><div class=\"hero-image d-block \"><picture><source srcset=\"https:\/\/www.capgemini.com\/wp-content\/uploads\/2022\/08\/CAP7832-photo-credit-Capgemini.jpg?w=2880&amp;quality=70 1x, https:\/\/www.capgemini.com\/wp-content\/uploads\/2022\/08\/CAP7832-photo-credit-Capgemini.jpg?w=2880&amp;quality=70 2x\" media=\"(min-width: 1500px)\"\/><source srcset=\"https:\/\/www.capgemini.com\/wp-content\/uploads\/2022\/08\/CAP7832-photo-credit-Capgemini.jpg?w=1440&amp;quality=70 1x, https:\/\/www.capgemini.com\/wp-content\/uploads\/2022\/08\/CAP7832-photo-credit-Capgemini.jpg?w=2880&amp;quality=70 2x\" media=\"(min-width: 992px)\"\/><source srcset=\"https:\/\/www.capgemini.com\/wp-content\/uploads\/2022\/08\/CAP7832-photo-credit-Capgemini.jpg?w=768&amp;quality=70 1x, https:\/\/www.capgemini.com\/wp-content\/uploads\/2022\/08\/CAP7832-photo-credit-Capgemini.jpg?w=1536&amp;quality=70 2x\" media=\"(min-width: 768px)\"\/><source srcset=\"https:\/\/www.capgemini.com\/wp-content\/uploads\/2022\/08\/CAP7832-photo-credit-Capgemini.jpg?w=430&amp;quality=55 1x, https:\/\/www.capgemini.com\/wp-content\/uploads\/2022\/08\/CAP7832-photo-credit-Capgemini.jpg?w=1152&amp;quality=70 2x\" media=\"(min-width: 0)\"\/><img decoding=\"async\" width=\"100%\" height=\"100%\" src=\"https:\/\/www.capgemini.com\/wp-content\/uploads\/2022\/08\/CAP7832-photo-credit-Capgemini.jpg\" alt=\"\"\/><\/picture><\/div><div class=\"header-line hero-bg-shape\"><\/div><div class=\"container\"><div class=\"row\"><div class=\"col-12 col-md-6 col-lg-6\"><div class=\"content-box-wrapper\"><div class=\"content-box is-short centralized\"><h1 class=\"title\">Peugeot Sport<\/h1><\/div><\/div><\/div><\/div><\/div><\/div><\/div>\n\n\n\n<section class=\"wp-block-cg-blocks-intro-para undefined section section--intro\"><div class=\"intro-para\"><div class=\"container\"><div class=\"row\"><div class=\"col-12 col-md-1\"><nav class=\"article-social\"><ul class=\"social-nav\"><li class=\"ip-order-fb\"><a href=\"https:\/\/www.facebook.com\/sharer\/sharer.php?u=https:\/\/www.capgemini.com\/ar-es\/sobre-nosotros\/pasion-por-el-deporte\/peugeot-sport\/\" target=\"_blank\" rel=\"noopener noreferrer\" title=\"opens in a new window\"><i aria-hidden=\"true\" class=\"icon-fb\"><\/i><span class=\"sr-only\">Facebook<\/span><\/a><\/li><li class=\"ip-order-li\"><a href=\"https:\/\/www.linkedin.com\/sharing\/share-offsite\/?url=https:\/\/www.capgemini.com\/ar-es\/sobre-nosotros\/pasion-por-el-deporte\/peugeot-sport\/\" target=\"_blank\" rel=\"noopener noreferrer\" title=\"opens in a new window\"><i aria-hidden=\"true\" class=\"icon-li\"><\/i><span class=\"sr-only\">Linkedin<\/span><\/a><\/li><\/ul><\/nav><\/div><div class=\"col-12 col-md-11 col-lg-10\"><h2 class=\"intro-para-title\">Unimos fuerzas con Peugeot Sport<\/h2><p class=\"intro-para-content\">En abril de 2022 firmamos una asociaci\u00f3n plurianual con Peugeot Sport para proporcionar al equipo del programa PEUGEOT 9X8 FIA WEC herramientas digitales avanzadas.<br><br>Capgemini ha unido fuerzas con Peugeot Sport para acelerar y optimizar el desarrollo de su hipercoche h\u00edbrido, el Peugeot 9X8, compitiendo en el Campeonato Mundial de Resistencia (FIA WEC), una competici\u00f3n internacional de automovilismo con varias carreras, incluidas las 24 Horas de Le Mans.<br><br>Pondremos a disposici\u00f3n de los expertos de Peugeot Sport nuestra experiencia en an\u00e1lisis avanzado de datos e inteligencia artificial. Esta asociaci\u00f3n tiene una fuerte dimensi\u00f3n tecnol\u00f3gica y refuerza nuestra relaci\u00f3n con el Grupo Stellantis, al tiempo que da vida a nuestros valores y ambiciones compartidos para dar forma al futuro de la movilidad a trav\u00e9s de soluciones innovadoras y sostenibles.<br><br>El automovilismo, y m\u00e1s concretamente las carreras de resistencia, siempre ha sido un laboratorio de investigaci\u00f3n para los fabricantes de autom\u00f3viles. Por ejemplo, la colaboraci\u00f3n entre Capgemini y Peugeot Sport permitir\u00e1 una gesti\u00f3n m\u00e1s precisa de la energ\u00eda utilizada, tanto durante la fase de aceleraci\u00f3n como de regeneraci\u00f3n, que es uno de los elementos clave en el rendimiento y la fiabilidad del 9X8 en el campeonato. Los coches de producci\u00f3n de PEUGEOT se beneficiar\u00e1n de los avances realizados por los equipos Peugeot Sport y Capgemini para mejorar el rendimiento de los Hypercar en competici\u00f3n en el campeonato.<\/p><\/div><\/div><\/div><\/div><\/section>\n\n\n\n<div class=\"wp-block-buttons is-horizontal is-content-justification-center is-layout-flex wp-container-core-buttons-is-layout-03627597 wp-block-buttons-is-layout-flex\">\n<div class=\"wp-block-button is-style-outline is-style-outline--1\"><a class=\"wp-block-button__link wp-element-button\" href=\"\/ar-es\/news\/press-releases\/inteligencia-artificial-capgemini-y-peugeot-sport-se-alian-para-acelerar-y-optimizar-el-desarrollo-de-su-hiper-coche-hibrido\/\">Leer nota de prensa<\/a><\/div>\n<\/div>\n\n\n\n<section class=\"wp-block-cg-blocks-intro-para-video section section--info-2cols section--insights section-video \"><div class=\"bg-color video-align-right\"><div class=\"container\"><div class=\"row video-align-left\"><div class=\"col-md-12\"><div class=\"video-align-left row box box--4 box--mini\"><div class=\"col-md-3\"><h3 class=\"Video-title\" data-maxlength=\"34\">Capgemini y Peugeot Sports<\/h3><div class=\"video-info\"><p data-maxlength=\"68\"><\/p><\/div><\/div><div class=\"col-md-8 box-img-wrapper\"><div class=\"video-box\"><div class=\"video-wrapper\"><iframe referrerpolicy=\"strict-origin-when-cross-origin\" title=\"video-section\" src=\"https:\/\/www.youtube.com\/embed\/92aNUlltkvs?t=6\" frameborder=\"0\" rel=\"0\" allow=\"accelerometer; autoplay; encrypted-media; gyroscope; picture-in-picture\" allowfullscreen><\/iframe><\/div><\/div><\/div><div class=\"col-md-1\"><\/div><\/div><\/div><\/div><\/div><\/div><\/section>\n\n\n\n<section class=\"wp-block-cg-blocks-learn-more updated-new-sample-amal learnMoreBlock\"><div class=\"container\"><div class=\"content-title\"><h2 class=\"learnmore-heading\">Explorar alianzas<\/h2><\/div><div class=\"row\"><div class=\"col-md-4\"><div class=\"box\"><div class=\"box-wrapper\"><a class=\"box-title\" href=\"\/ar-es\/sobre-nosotros\/pasion-por-el-deporte\/world-rugby\/\" target=\"\" aria-label=\"World Rugby\" rel=\"noopener noreferrer\"><div class=\"box-img-wrapper\"><img decoding=\"async\" src=\"https:\/\/www.capgemini.com\/wp-content\/uploads\/2022\/08\/Launch-Selected-Key-Visual.jpg?w=500&amp;quality=70\" srcset=\"https:\/\/www.capgemini.com\/wp-content\/uploads\/2022\/08\/Launch-Selected-Key-Visual.jpg?w=500&amp;quality=70 1x, https:\/\/www.capgemini.com\/wp-content\/uploads\/2022\/08\/Launch-Selected-Key-Visual.jpg?w=1000&amp;quality=70 2x\" class=\"box-img\" alt=\"\" style=\"object-fit:cover;object-position:50% 50%\" loading=\"lazy\"\/><\/div><h3 class=\"titleWithoutLink_learnMore\">World Rugby<\/h3><\/a><\/div><\/div><div class=\"box-inner\"><\/div><\/div><div class=\"col-md-4\"><div class=\"box\"><div class=\"box-wrapper\"><a class=\"box-title\" href=\"\/ar-es\/sobre-nosotros\/pasion-por-el-deporte\/ryder-cup\/\" target=\"\" aria-label=\"Ryder Cup\" rel=\"noopener noreferrer\"><div class=\"box-img-wrapper\"><img decoding=\"async\" src=\"https:\/\/www.capgemini.com\/wp-content\/uploads\/2022\/08\/ezgif-3-c0705e4a88.jpg?w=500&amp;quality=70\" srcset=\"https:\/\/www.capgemini.com\/wp-content\/uploads\/2022\/08\/ezgif-3-c0705e4a88.jpg?w=500&amp;quality=70 1x, https:\/\/www.capgemini.com\/wp-content\/uploads\/2022\/08\/ezgif-3-c0705e4a88.jpg?w=1000&amp;quality=70 2x\" class=\"box-img\" alt=\"\" style=\"object-fit:cover;object-position:50% 50%\" loading=\"lazy\"\/><\/div><h3 class=\"titleWithoutLink_learnMore\">Ryder Cup<\/h3><\/a><\/div><\/div><div class=\"box-inner\"><\/div><\/div><div class=\"col-md-4\"><div class=\"box\"><div class=\"box-wrapper\"><a class=\"box-title\" href=\"\/ar-es\/sobre-nosotros\/quienes-somos\/nobel-partner\/\" target=\"\" aria-label=\"Nobel International Partner\" rel=\"noopener noreferrer\"><div class=\"box-img-wrapper\"><img decoding=\"async\" src=\"https:\/\/www.capgemini.com\/wp-content\/uploads\/2022\/08\/nobel.jpg?w=500&amp;quality=70\" srcset=\"https:\/\/www.capgemini.com\/wp-content\/uploads\/2022\/08\/nobel.jpg?w=500&amp;quality=70 1x, https:\/\/www.capgemini.com\/wp-content\/uploads\/2022\/08\/nobel.jpg?w=1000&amp;quality=70 2x\" class=\"box-img\" alt=\"\" style=\"object-fit:cover;object-position:50% 50%\" loading=\"lazy\"\/><\/div><h3 class=\"titleWithoutLink_learnMore\">Nobel International Partner<\/h3><\/a><\/div><\/div><div class=\"box-inner\"><\/div><\/div><\/div><\/div><\/section>\n","protected":false},"excerpt":{"rendered":"<p>In April 2022 we signed a multi-year partnership with Peugeot Sport to provide the PEUGEOT 9X8 FIA WEC program team with advanced digital tools.<\/p>\n","protected":false},"author":314,"featured_media":0,"parent":5258,"menu_order":3,"comment_status":"closed","ping_status":"closed","template":"","meta":{"cg_dt_proposed_to":[0],"cg_seo_hreflang_relations":"[]","cg_seo_canonical_relation":"","cg_seo_hreflang_x_default_relation":"","cg_dt_approved_content":false,"cg_dt_mandatory_content":false,"cg_dt_notes":"","cg_dg_source_changed":false,"cg_dt_link_disabled":false,"_yoast_wpseo_primary_brand":"","footnotes":"","featured_focal_points":"","partner_card_description":"","gsap_animation":0},"brand":[],"partner_type":[],"service":[],"industry":[],"partners":[],"page-type":[168],"content-group":[],"class_list":["post-5256","page","type-page","status-publish","hentry","page-type-about-us"],"yoast_head":"<!-- This site is optimized with the Yoast SEO Premium plugin v22.8 (Yoast SEO v22.8) - https:\/\/yoast.com\/wordpress\/plugins\/seo\/ -->\n<title>Peugeot Sport - Capgemini Argentina<\/title>\n<meta name=\"description\" content=\"Capgemini ha unido fuerzas con Peugeot Sport para acelerar y optimizar el desarrollo de su hipercoche h\u00edbrido .\" \/>\n<meta name=\"robots\" content=\"index, follow, max-snippet:-1, max-image-preview:large, max-video-preview:-1\" \/>\n<link rel=\"canonical\" href=\"https:\/\/www.capgemini.com\/ar-es\/sobre-nosotros\/pasion-por-el-deporte\/peugeot-sport\/\" \/>\n<meta property=\"og:locale\" content=\"es_MX\" \/>\n<meta property=\"og:type\" content=\"article\" \/>\n<meta property=\"og:title\" content=\"Peugeot Sport\" \/>\n<meta property=\"og:description\" content=\"Capgemini ha unido fuerzas con Peugeot Sport para acelerar y optimizar el desarrollo de su hipercoche h\u00edbrido .\" \/>\n<meta property=\"og:url\" content=\"https:\/\/www.capgemini.com\/ar-es\/sobre-nosotros\/pasion-por-el-deporte\/peugeot-sport\/\" \/>\n<meta property=\"og:site_name\" content=\"Capgemini Argentina\" \/>\n<meta property=\"article:modified_time\" content=\"2025-10-27T15:49:45+00:00\" \/>\n<meta property=\"og:image\" content=\"https:\/\/www.capgemini.com\/wp-content\/uploads\/2022\/08\/CAP7832-photo-credit-Capgemini.jpg\" \/>\n<meta name=\"twitter:card\" content=\"summary_large_image\" \/>\n<meta name=\"twitter:label1\" content=\"Est. reading time\" \/>\n\t<meta name=\"twitter:data1\" content=\"2 minutes\" \/>\n<script type=\"application\/ld+json\" class=\"yoast-schema-graph\">{\"@context\":\"https:\/\/schema.org\",\"@graph\":[{\"@type\":\"WebPage\",\"@id\":\"https:\/\/www.capgemini.com\/ar-es\/sobre-nosotros\/pasion-por-el-deporte\/peugeot-sport\/\",\"url\":\"https:\/\/www.capgemini.com\/ar-es\/sobre-nosotros\/pasion-por-el-deporte\/peugeot-sport\/\",\"name\":\"Peugeot Sport - Capgemini Argentina\",\"isPartOf\":{\"@id\":\"https:\/\/www.capgemini.com\/ar-es\/#website\"},\"primaryImageOfPage\":{\"@id\":\"https:\/\/www.capgemini.com\/ar-es\/sobre-nosotros\/pasion-por-el-deporte\/peugeot-sport\/#primaryimage\"},\"image\":{\"@id\":\"https:\/\/www.capgemini.com\/ar-es\/sobre-nosotros\/pasion-por-el-deporte\/peugeot-sport\/#primaryimage\"},\"thumbnailUrl\":\"https:\/\/www.capgemini.com\/wp-content\/uploads\/2022\/08\/CAP7832-photo-credit-Capgemini.jpg\",\"datePublished\":\"2022-10-12T13:18:05+00:00\",\"dateModified\":\"2025-10-27T15:49:45+00:00\",\"description\":\"Capgemini ha unido fuerzas con Peugeot Sport para acelerar y optimizar el desarrollo de su hipercoche h\u00edbrido .\",\"breadcrumb\":{\"@id\":\"https:\/\/www.capgemini.com\/ar-es\/sobre-nosotros\/pasion-por-el-deporte\/peugeot-sport\/#breadcrumb\"},\"inLanguage\":\"es-MX\",\"potentialAction\":[{\"@type\":\"ReadAction\",\"target\":[\"https:\/\/www.capgemini.com\/ar-es\/sobre-nosotros\/pasion-por-el-deporte\/peugeot-sport\/\"]}]},{\"@type\":\"ImageObject\",\"inLanguage\":\"es-MX\",\"@id\":\"https:\/\/www.capgemini.com\/ar-es\/sobre-nosotros\/pasion-por-el-deporte\/peugeot-sport\/#primaryimage\",\"url\":\"https:\/\/www.capgemini.com\/wp-content\/uploads\/2022\/08\/CAP7832-photo-credit-Capgemini.jpg\",\"contentUrl\":\"https:\/\/www.capgemini.com\/wp-content\/uploads\/2022\/08\/CAP7832-photo-credit-Capgemini.jpg\"},{\"@type\":\"BreadcrumbList\",\"@id\":\"https:\/\/www.capgemini.com\/ar-es\/sobre-nosotros\/pasion-por-el-deporte\/peugeot-sport\/#breadcrumb\",\"itemListElement\":[{\"@type\":\"ListItem\",\"position\":1,\"name\":\"Home\",\"item\":\"https:\/\/www.capgemini.com\/ar-es\/\"},{\"@type\":\"ListItem\",\"position\":2,\"name\":\"Sobre nosotros\",\"item\":\"https:\/\/www.capgemini.com\/ar-es\/sobre-nosotros\/\"},{\"@type\":\"ListItem\",\"position\":3,\"name\":\"Pasi\u00f3n por el deporte\",\"item\":\"https:\/\/www.capgemini.com\/ar-es\/sobre-nosotros\/pasion-por-el-deporte\/\"},{\"@type\":\"ListItem\",\"position\":4,\"name\":\"Peugeot Sport\"}]},{\"@type\":\"WebSite\",\"@id\":\"https:\/\/www.capgemini.com\/ar-es\/#website\",\"url\":\"https:\/\/www.capgemini.com\/ar-es\/\",\"name\":\"Capgemini Argentina\",\"description\":\"Capgemini\",\"potentialAction\":[{\"@type\":\"SearchAction\",\"target\":{\"@type\":\"EntryPoint\",\"urlTemplate\":\"https:\/\/www.capgemini.com\/ar-es\/?s={search_term_string}\"},\"query-input\":\"required name=search_term_string\"}],\"inLanguage\":\"es-MX\"}]}<\/script>\n<!-- \/ Yoast SEO Premium plugin. -->","yoast_head_json":{"title":"Peugeot Sport - Capgemini Argentina","description":"Capgemini ha unido fuerzas con Peugeot Sport para acelerar y optimizar el desarrollo de su hipercoche h\u00edbrido .","robots":{"index":"index","follow":"follow","max-snippet":"max-snippet:-1","max-image-preview":"max-image-preview:large","max-video-preview":"max-video-preview:-1"},"canonical":"https:\/\/www.capgemini.com\/ar-es\/sobre-nosotros\/pasion-por-el-deporte\/peugeot-sport\/","og_locale":"es_MX","og_type":"article","og_title":"Peugeot Sport","og_description":"Capgemini ha unido fuerzas con Peugeot Sport para acelerar y optimizar el desarrollo de su hipercoche h\u00edbrido .","og_url":"https:\/\/www.capgemini.com\/ar-es\/sobre-nosotros\/pasion-por-el-deporte\/peugeot-sport\/","og_site_name":"Capgemini Argentina","article_modified_time":"2025-10-27T15:49:45+00:00","og_image":[{"url":"https:\/\/www.capgemini.com\/wp-content\/uploads\/2022\/08\/CAP7832-photo-credit-Capgemini.jpg"}],"twitter_card":"summary_large_image","twitter_misc":{"Est. reading time":"2 minutes"},"schema":{"@context":"https:\/\/schema.org","@graph":[{"@type":"WebPage","@id":"https:\/\/www.capgemini.com\/ar-es\/sobre-nosotros\/pasion-por-el-deporte\/peugeot-sport\/","url":"https:\/\/www.capgemini.com\/ar-es\/sobre-nosotros\/pasion-por-el-deporte\/peugeot-sport\/","name":"Peugeot Sport - Capgemini Argentina","isPartOf":{"@id":"https:\/\/www.capgemini.com\/ar-es\/#website"},"primaryImageOfPage":{"@id":"https:\/\/www.capgemini.com\/ar-es\/sobre-nosotros\/pasion-por-el-deporte\/peugeot-sport\/#primaryimage"},"image":{"@id":"https:\/\/www.capgemini.com\/ar-es\/sobre-nosotros\/pasion-por-el-deporte\/peugeot-sport\/#primaryimage"},"thumbnailUrl":"https:\/\/www.capgemini.com\/wp-content\/uploads\/2022\/08\/CAP7832-photo-credit-Capgemini.jpg","datePublished":"2022-10-12T13:18:05+00:00","dateModified":"2025-10-27T15:49:45+00:00","description":"Capgemini ha unido fuerzas con Peugeot Sport para acelerar y optimizar el desarrollo de su hipercoche h\u00edbrido .","breadcrumb":{"@id":"https:\/\/www.capgemini.com\/ar-es\/sobre-nosotros\/pasion-por-el-deporte\/peugeot-sport\/#breadcrumb"},"inLanguage":"es-MX","potentialAction":[{"@type":"ReadAction","target":["https:\/\/www.capgemini.com\/ar-es\/sobre-nosotros\/pasion-por-el-deporte\/peugeot-sport\/"]}]},{"@type":"ImageObject","inLanguage":"es-MX","@id":"https:\/\/www.capgemini.com\/ar-es\/sobre-nosotros\/pasion-por-el-deporte\/peugeot-sport\/#primaryimage","url":"https:\/\/www.capgemini.com\/wp-content\/uploads\/2022\/08\/CAP7832-photo-credit-Capgemini.jpg","contentUrl":"https:\/\/www.capgemini.com\/wp-content\/uploads\/2022\/08\/CAP7832-photo-credit-Capgemini.jpg"},{"@type":"BreadcrumbList","@id":"https:\/\/www.capgemini.com\/ar-es\/sobre-nosotros\/pasion-por-el-deporte\/peugeot-sport\/#breadcrumb","itemListElement":[{"@type":"ListItem","position":1,"name":"Home","item":"https:\/\/www.capgemini.com\/ar-es\/"},{"@type":"ListItem","position":2,"name":"Sobre nosotros","item":"https:\/\/www.capgemini.com\/ar-es\/sobre-nosotros\/"},{"@type":"ListItem","position":3,"name":"Pasi\u00f3n por el deporte","item":"https:\/\/www.capgemini.com\/ar-es\/sobre-nosotros\/pasion-por-el-deporte\/"},{"@type":"ListItem","position":4,"name":"Peugeot Sport"}]},{"@type":"WebSite","@id":"https:\/\/www.capgemini.com\/ar-es\/#website","url":"https:\/\/www.capgemini.com\/ar-es\/","name":"Capgemini Argentina","description":"Capgemini","potentialAction":[{"@type":"SearchAction","target":{"@type":"EntryPoint","urlTemplate":"https:\/\/www.capgemini.com\/ar-es\/?s={search_term_string}"},"query-input":"required name=search_term_string"}],"inLanguage":"es-MX"}]}},"brand_term":[],"parsely":{"version":"1.1.0","canonical_url":"https:\/\/capgemini.com\/ar-es\/sobre-nosotros\/pasion-por-el-deporte\/peugeot-sport\/","smart_links":{"inbound":0,"outbound":0},"traffic_boost_suggestions_count":0,"meta":{"@context":"https:\/\/schema.org","@type":"WebPage","headline":"Peugeot Sport","url":"https:\/\/www.capgemini.com\/ar-es\/sobre-nosotros\/pasion-por-el-deporte\/peugeot-sport\/","mainEntityOfPage":{"@type":"WebPage","@id":"https:\/\/www.capgemini.com\/ar-es\/sobre-nosotros\/pasion-por-el-deporte\/peugeot-sport\/"},"thumbnailUrl":"","image":{"@type":"ImageObject","url":""},"articleSection":"Uncategorized","author":[],"creator":[],"publisher":{"@type":"Organization","name":"Capgemini Argentina","logo":""},"keywords":[],"dateCreated":"2022-10-12T13:18:05Z","datePublished":"2022-10-12T13:18:05Z","dateModified":"2025-10-27T15:49:45Z"},"rendered":"<meta name=\"parsely-title\" content=\"Peugeot Sport\" \/>\n<meta name=\"parsely-link\" content=\"https:\/\/www.capgemini.com\/ar-es\/sobre-nosotros\/pasion-por-el-deporte\/peugeot-sport\/\" \/>\n<meta name=\"parsely-type\" content=\"index\" \/>\n<meta name=\"parsely-pub-date\" content=\"2022-10-12T13:18:05Z\" \/>\n<meta name=\"parsely-section\" content=\"Uncategorized\" \/>","tracker_url":"https:\/\/cdn.parsely.com\/keys\/capgemini.com\/p.js"},"archive_status":false,"featured_image_src":"https:\/\/www.capgemini.com\/ar-es\/wp-content\/themes\/capgemini2025\/assets\/images\/mockup.png","featured_image_alt":false,"jetpack_sharing_enabled":true,"distributor_meta":false,"distributor_terms":false,"distributor_media":false,"distributor_original_site_name":"Capgemini Argentina","distributor_original_site_url":"https:\/\/www.capgemini.com\/ar-es","push-errors":false,"_links":{"self":[{"href":"https:\/\/www.capgemini.com\/ar-es\/wp-json\/wp\/v2\/pages\/5256","targetHints":{"allow":["GET"]}}],"collection":[{"href":"https:\/\/www.capgemini.com\/ar-es\/wp-json\/wp\/v2\/pages"}],"about":[{"href":"https:\/\/www.capgemini.com\/ar-es\/wp-json\/wp\/v2\/types\/page"}],"author":[{"embeddable":true,"href":"https:\/\/www.capgemini.com\/ar-es\/wp-json\/wp\/v2\/users\/314"}],"replies":[{"embeddable":true,"href":"https:\/\/www.capgemini.com\/ar-es\/wp-json\/wp\/v2\/comments?post=5256"}],"version-history":[{"count":17,"href":"https:\/\/www.capgemini.com\/ar-es\/wp-json\/wp\/v2\/pages\/5256\/revisions"}],"predecessor-version":[{"id":520551,"href":"https:\/\/www.capgemini.com\/ar-es\/wp-json\/wp\/v2\/pages\/5256\/revisions\/520551"}],"up":[{"embeddable":true,"href":"https:\/\/www.capgemini.com\/ar-es\/wp-json\/wp\/v2\/pages\/5258"}],"wp:attachment":[{"href":"https:\/\/www.capgemini.com\/ar-es\/wp-json\/wp\/v2\/media?parent=5256"}],"wp:term":[{"taxonomy":"brand","embeddable":true,"href":"https:\/\/www.capgemini.com\/ar-es\/wp-json\/wp\/v2\/brand?post=5256"},{"taxonomy":"partner_type","embeddable":true,"href":"https:\/\/www.capgemini.com\/ar-es\/wp-json\/wp\/v2\/partner_type?post=5256"},{"taxonomy":"service","embeddable":true,"href":"https:\/\/www.capgemini.com\/ar-es\/wp-json\/wp\/v2\/service?post=5256"},{"taxonomy":"industry","embeddable":true,"href":"https:\/\/www.capgemini.com\/ar-es\/wp-json\/wp\/v2\/industry?post=5256"},{"taxonomy":"partners","embeddable":true,"href":"https:\/\/www.capgemini.com\/ar-es\/wp-json\/wp\/v2\/partners?post=5256"},{"taxonomy":"page-type","embeddable":true,"href":"https:\/\/www.capgemini.com\/ar-es\/wp-json\/wp\/v2\/page-type?post=5256"},{"taxonomy":"content-group","embeddable":true,"href":"https:\/\/www.capgemini.com\/ar-es\/wp-json\/wp\/v2\/content-group?post=5256"}],"curies":[{"name":"wp","href":"https:\/\/api.w.org\/{rel}","templated":true}]}}