{"id":515502,"date":"2025-02-13T17:15:16","date_gmt":"2025-02-14T12:04:45","guid":{"rendered":"https:\/\/www.capgemini.com\/ar-es\/?page_id=515502&#038;preview_id=515502"},"modified":"2025-07-10T06:35:41","modified_gmt":"2025-07-10T06:35:41","slug":"fraud-alert","status":"publish","type":"page","link":"https:\/\/www.capgemini.com\/ar-es\/aviso-fraudes\/","title":{"rendered":"Fraud alert"},"content":{"rendered":"\n<header class=\"wp-block-cg-blocks-hero-reusable is-style-default header heroReusable  \"><div class=\"header-bgs\"><\/div><div class=\"heroPictureCardHeaderShape\"><\/div><div class=\"container\"><div class=\"row\"><div class=\"col-md-12\"><div class=\"box\"><div class=\"boxTagWrapper\"><div class=\"tagInfo\"><div><span class=\"box-tag\">Fraud alert<\/span><\/div><\/div><\/div><div class=\"box-title\"><h1 data-maxlength=\"34\">Beware of phishing emails and fraudulent scams<\/h1><\/div><div class=\"inner-row-insight download-btn\"><\/div><\/div><\/div><\/div><\/div><\/header>\n\n\n\n<section class=\"wp-block-cg-blocks-group undefined section section--article-content\"><div class=\"article-main-content\"><div class=\"container\"><div class=\"grid-container\"><div><div class=\"article-text article-quote-text\">\n<p>Currently, a number of major brands are being impersonated by fraudsters. We have been made aware of scams in the market that promise easy income in exchange for simple professional activities such as following profiles and pages on social networks, posting comments and likes on reported photos and videos, or posting reviews on various online services. This is then followed by financial conditions and requests such as small additional payments to unlock further payment for the work done.<\/p>\n\n\n\n<p>As responsible global leader, <strong>Capgemini will never send you an unsolicited instant message via your personal social platforms, with no introduction and an open question such as &#8220;<em>Hello, can I talk to you for a moment?\u201d <\/em>&nbsp;followed by asking for payments to unlock further monetary rewards.<\/strong><\/p>\n\n\n\n<p>Do not respond to such messages sent by unknown users, do not click on suspicious links that can compromise your devices, do not provide your passwords to access your bank accounts and email and, above all, protect your personal data.<\/p>\n\n\n\n<div class=\"wp-block-anchor-block-standard\" id=\"recruitment\" data-anchor-padding=\"\" style=\"--data-anchor-padding: 0px\"><\/div>\n\n\n\n<p>It is advisable to block these fraudulent numbers and report such messages using any official reporting mechanism available in your country.<\/p>\n\n\n\n<h2 class=\"wp-block-heading\" id=\"h-important-notice-recruitment-scams\"><strong>Important notice: Recruitment scams<\/strong><\/h2>\n\n\n\n<p>Recently, we&#8217;ve seen an increase in recruitment fraud involving scammers posting fake job openings or contacting job seekers with fraudulent job offers. These individuals may even conduct fake interviews to obtain personal information or money from applicants. Some scammers may impersonate Capgemini recruiters, offering job opportunities in exchange for payment.\u200b<\/p>\n\n\n\n<p>At Capgemini, we follow a structured recruitment process with thorough screening steps. We never charge or accept any fees from job seekers during the recruitment process. If you receive any unsolicited or suspicious communication regarding a job offer or interview call that requests money, please recognize it as a scam.\u200b<\/p>\n\n\n\n<p><strong>How to identify recruitment fraud\u200b<\/strong><\/p>\n\n\n\n<ul class=\"wp-block-list\">\n<li>Capgemini never requests fees for any purpose during or after the hiring process. We will never ask for money to apply or work.\u200b<\/li>\n<\/ul>\n\n\n\n<ul class=\"wp-block-list\">\n<li>Our hiring process always includes at least one interview (virtual or in-person). We will not conduct interviews via instant messaging applications.\u200b<\/li>\n<\/ul>\n\n\n\n<ul class=\"wp-block-list\">\n<li>Our recruitment teams communicate using email addresses with the domain @capgemini.com, @sogeti.com, or @frog.co. Be cautious of emails from generic domains like Gmail or Yahoo, as they may be fraudulent.\u200b<\/li>\n<\/ul>\n\n\n\n<ul class=\"wp-block-list\">\n<li>We do not request personal documents such as bank account details, tax forms, or credit card information during the recruitment process.\u200b<\/li>\n<\/ul>\n\n\n\n<ul class=\"wp-block-list\">\n<li>Do not submit job applications or send resumes to this contact form, it is not monitored for applications.\u200b<\/li>\n<\/ul>\n\n\n\n<ul class=\"wp-block-list\">\n<li>If you encounter any suspicious emails, advertisements, or individuals offering jobs at Capgemini, please click on the contact us button below. <\/li>\n<\/ul>\n\n\n\n<div class=\"wp-block-cg-blocks-cta-popin-form\"><section class=\"cta-popin-form-block\"><div class=\"container\"><div class=\"cta-popin-btn-wrapper cta-popin-btn-align-left\"><a class=\"cta-popin-btn  cta-popin-btn--outline\" data-bs-toggle=\"modal\" data-bs-target=\"#cta-popin-9d780074-cb09-49de-909e-997de1b12706\" tabindex=\"0\" href=\"#\">Contact us<\/a><\/div><div class=\"call-to-action-block\"><div class=\"modal cta-frontend-modal-wrapper\" id=\"cta-popin-9d780074-cb09-49de-909e-997de1b12706\"><div class=\"modal-dialog modal-lg modal-dialog-centered modal-dialog-scrollable cta-frontend-modal landing-page-modals\"><div class=\"modal-content\"><div class=\"modal-header\"><button type=\"button\" class=\"btn-close\" data-bs-dismiss=\"modal\" aria-label=\"close\"> <\/button><\/div><div class=\"modal-body\"> <h4 class=\"form-title\">Contact us<\/h4>\t\t<div class=\"mf_forms__container \">\n\t\t\t\t\t\t\t\t<form id=\"mf_form_627823_167203041\" class=\"mf_form__form row needs-validation\" action=\"\" method=\"post\" enctype=\"multipart\/form-data\" data-nosnippet>\n\n\t\t\t\t\t\t\t\t<input type=\"hidden\" name=\"form_id\" data-validate=\"number\" class=\"mf_form__id\" value=\"627823\" \/>\n\t\t\t\t<input type=\"hidden\" name=\"form_title\" class=\"mf_form__title\" value=\"\" \/>\n\t\t\t\t<input type=\"hidden\" name=\"wp_rest_nonce\" class=\"mf_form__wp_rest_nonce\" value=\"89bd0b5290\" \/>\n\n\t\t\t\t<input type=\"hidden\" name=\"mf_form_conditional_logic\" class=\"mf_form__title conditional_logic\" value=\"\" \/>\n\t\t\t\t\n\t\t\t\t<input type=\"hidden\" name=\"mf_form_fields_country_dpo_field\" class=\"mf_form__title conditional_logic mf_form_fields_country_dpo_field\" value=\"\" \/>\n\n\t\t\t\t<!-- Anti-spam field -->\n\t\t\t\t<input type=\"text\" \n\t\t\t\t\tname=\"website_url\" \n\t\t\t\t\tclass=\"mf_field__url\" \n\t\t\t\t\tautocomplete=\"off\"\n\t\t\t\t\ttabindex=\"-1\"\n\t\t\t\t\taria-hidden=\"true\"\n\t\t\t\t\tstyle=\"position:absolute;left:-9999px;width:1px;height:1px;opacity:0;pointer-events:none;\" \n\t\t\t\t\/>\n\t\t\t<\/form>\n\n\t\t\t<div class=\"mf_form__success\" tabindex=\"0\" role=\"alert\">\n\t\t\t\t\t\t\t\t<p>Gracias! Hemos recibido tu formulario.\t\t\t\t<\/p>\n\t\t\t<\/div>\n\t\t\t<div class=\"mf_form__errors\">\n\t\t\t\t<p>Lo sentimos, el env\u00edo del formulario fall\u00f3. Int\u00e9ntalo de nuevo.<\/p>\n\t\t\t<\/div>\n\t\t\t\t<\/div>\n\n\t\t<script>\n\t\t\twindow.MF_CONFIG627823 = {\"627823\":{\"errors\":[],\"redirect\":\"\"}};\n\t\t<\/script>\n\t<\/div><\/div><\/div><\/div><\/div><\/div><\/section><\/div>\n\n\n\n<div style=\"height:63px\" aria-hidden=\"true\" class=\"wp-block-spacer\"><\/div>\n\n\n\n<p>We are committed to a transparent hiring process and are not connected with these types of services or individuals. We are not liable for any loss or damage incurred as a result of dealing with such entities.\u200b<\/p>\n\n\n\n<p>If you are unsure about the authenticity of a job offer, please visit our official Capgemini career website to verify the source. If you believe you have been a victim of recruitment fraud, we urge you to contact your local law enforcement agencies immediately.\u200b<\/p>\n<\/div><\/div><\/div><\/div><\/div><\/section>\n\n\n\n<p><\/p>\n","protected":false},"excerpt":{"rendered":"","protected":false},"author":58,"featured_media":0,"parent":0,"menu_order":0,"comment_status":"closed","ping_status":"closed","template":"","meta":{"cg_dt_proposed_to":[],"cg_seo_hreflang_relations":"[]","cg_seo_canonical_relation":"","cg_seo_hreflang_x_default_relation":"{\"uuid\":\"6bc6fa60-54e9-4e7e-9e4f-3d54f39e29ef\",\"blogId\":\"1\",\"domain\":\"www.capgemini.com\",\"sitePath\":\"\/\",\"postLink\":\"https:\/\/www.capgemini.com\/fraud-alert\/\",\"postId\":1099302,\"isSaved\":true,\"isCrossLink\":false,\"hasCrossLink\":false,\"isEnabled\":true}","cg_dt_approved_content":true,"cg_dt_mandatory_content":false,"cg_dt_notes":"","cg_dg_source_changed":false,"cg_dt_link_disabled":false,"_yoast_wpseo_primary_brand":"","footnotes":"","featured_focal_points":"","partner_card_description":"","gsap_animation":0},"brand":[],"partner_type":[],"service":[],"industry":[],"partners":[],"page-type":[],"content-group":[],"class_list":["post-515502","page","type-page","status-publish","hentry"],"yoast_head":"<!-- This site is optimized with the Yoast SEO Premium plugin v22.8 (Yoast SEO v22.8) - https:\/\/yoast.com\/wordpress\/plugins\/seo\/ -->\n<title>Fraud alert - Capgemini Argentina<\/title>\n<meta name=\"robots\" content=\"index, follow, max-snippet:-1, max-image-preview:large, max-video-preview:-1\" \/>\n<link rel=\"canonical\" href=\"https:\/\/www.capgemini.com\/fraud-alert\/\" \/>\n<meta property=\"og:locale\" content=\"es_MX\" \/>\n<meta property=\"og:type\" content=\"article\" \/>\n<meta property=\"og:title\" content=\"Fraud alert\" \/>\n<meta property=\"og:url\" content=\"https:\/\/www.capgemini.com\/ar-es\/aviso-fraudes\/\" \/>\n<meta property=\"og:site_name\" content=\"Capgemini Argentina\" \/>\n<meta property=\"article:modified_time\" content=\"2025-07-10T06:35:41+00:00\" \/>\n<meta property=\"og:image\" content=\"https:\/\/www.capgemini.com\/ar-es\/wp-content\/uploads\/sites\/9\/2025\/10\/New-Web-preview-global.jpg\" \/>\n\t<meta property=\"og:image:width\" content=\"1200\" \/>\n\t<meta property=\"og:image:height\" content=\"627\" \/>\n\t<meta property=\"og:image:type\" content=\"image\/jpeg\" \/>\n<meta name=\"twitter:card\" content=\"summary_large_image\" \/>\n<script type=\"application\/ld+json\" class=\"yoast-schema-graph\">{\"@context\":\"https:\/\/schema.org\",\"@graph\":[{\"@type\":\"WebPage\",\"@id\":\"https:\/\/www.capgemini.com\/ar-es\/aviso-fraudes\/\",\"url\":\"https:\/\/www.capgemini.com\/ar-es\/aviso-fraudes\/\",\"name\":\"Fraud alert - Capgemini Argentina\",\"isPartOf\":{\"@id\":\"https:\/\/www.capgemini.com\/ar-es\/#website\"},\"datePublished\":\"2025-02-14T12:04:45+00:00\",\"dateModified\":\"2025-07-10T06:35:41+00:00\",\"breadcrumb\":{\"@id\":\"https:\/\/www.capgemini.com\/ar-es\/aviso-fraudes\/#breadcrumb\"},\"inLanguage\":\"es-MX\",\"potentialAction\":[{\"@type\":\"ReadAction\",\"target\":[\"https:\/\/www.capgemini.com\/ar-es\/aviso-fraudes\/\"]}]},{\"@type\":\"BreadcrumbList\",\"@id\":\"https:\/\/www.capgemini.com\/ar-es\/aviso-fraudes\/#breadcrumb\",\"itemListElement\":[{\"@type\":\"ListItem\",\"position\":1,\"name\":\"Home\",\"item\":\"https:\/\/www.capgemini.com\/ar-es\/\"},{\"@type\":\"ListItem\",\"position\":2,\"name\":\"Fraud alert\"}]},{\"@type\":\"WebSite\",\"@id\":\"https:\/\/www.capgemini.com\/ar-es\/#website\",\"url\":\"https:\/\/www.capgemini.com\/ar-es\/\",\"name\":\"Capgemini Argentina\",\"description\":\"Capgemini\",\"potentialAction\":[{\"@type\":\"SearchAction\",\"target\":{\"@type\":\"EntryPoint\",\"urlTemplate\":\"https:\/\/www.capgemini.com\/ar-es\/?s={search_term_string}\"},\"query-input\":\"required name=search_term_string\"}],\"inLanguage\":\"es-MX\"}]}<\/script>\n<!-- \/ Yoast SEO Premium plugin. -->","yoast_head_json":{"title":"Fraud alert - Capgemini Argentina","robots":{"index":"index","follow":"follow","max-snippet":"max-snippet:-1","max-image-preview":"max-image-preview:large","max-video-preview":"max-video-preview:-1"},"canonical":"https:\/\/www.capgemini.com\/fraud-alert\/","og_locale":"es_MX","og_type":"article","og_title":"Fraud alert","og_url":"https:\/\/www.capgemini.com\/ar-es\/aviso-fraudes\/","og_site_name":"Capgemini Argentina","article_modified_time":"2025-07-10T06:35:41+00:00","og_image":[{"width":1200,"height":627,"url":"https:\/\/www.capgemini.com\/ar-es\/wp-content\/uploads\/sites\/9\/2025\/10\/New-Web-preview-global.jpg","type":"image\/jpeg"}],"twitter_card":"summary_large_image","schema":{"@context":"https:\/\/schema.org","@graph":[{"@type":"WebPage","@id":"https:\/\/www.capgemini.com\/ar-es\/aviso-fraudes\/","url":"https:\/\/www.capgemini.com\/ar-es\/aviso-fraudes\/","name":"Fraud alert - Capgemini Argentina","isPartOf":{"@id":"https:\/\/www.capgemini.com\/ar-es\/#website"},"datePublished":"2025-02-14T12:04:45+00:00","dateModified":"2025-07-10T06:35:41+00:00","breadcrumb":{"@id":"https:\/\/www.capgemini.com\/ar-es\/aviso-fraudes\/#breadcrumb"},"inLanguage":"es-MX","potentialAction":[{"@type":"ReadAction","target":["https:\/\/www.capgemini.com\/ar-es\/aviso-fraudes\/"]}]},{"@type":"BreadcrumbList","@id":"https:\/\/www.capgemini.com\/ar-es\/aviso-fraudes\/#breadcrumb","itemListElement":[{"@type":"ListItem","position":1,"name":"Home","item":"https:\/\/www.capgemini.com\/ar-es\/"},{"@type":"ListItem","position":2,"name":"Fraud alert"}]},{"@type":"WebSite","@id":"https:\/\/www.capgemini.com\/ar-es\/#website","url":"https:\/\/www.capgemini.com\/ar-es\/","name":"Capgemini Argentina","description":"Capgemini","potentialAction":[{"@type":"SearchAction","target":{"@type":"EntryPoint","urlTemplate":"https:\/\/www.capgemini.com\/ar-es\/?s={search_term_string}"},"query-input":"required name=search_term_string"}],"inLanguage":"es-MX"}]}},"brand_term":[],"parsely":{"version":"1.1.0","canonical_url":"https:\/\/capgemini.com\/ar-es\/aviso-fraudes\/","smart_links":{"inbound":0,"outbound":0},"traffic_boost_suggestions_count":0,"meta":{"@context":"https:\/\/schema.org","@type":"WebPage","headline":"Fraud alert","url":"https:\/\/www.capgemini.com\/ar-es\/aviso-fraudes\/","mainEntityOfPage":{"@type":"WebPage","@id":"https:\/\/www.capgemini.com\/ar-es\/aviso-fraudes\/"},"thumbnailUrl":"","image":{"@type":"ImageObject","url":""},"articleSection":"Uncategorized","author":[],"creator":[],"publisher":{"@type":"Organization","name":"Capgemini Argentina","logo":""},"keywords":[],"dateCreated":"2025-02-14T12:04:45Z","datePublished":"2025-02-14T12:04:45Z","dateModified":"2025-07-10T06:35:41Z"},"rendered":"<meta name=\"parsely-title\" content=\"Fraud alert\" \/>\n<meta name=\"parsely-link\" content=\"https:\/\/www.capgemini.com\/ar-es\/aviso-fraudes\/\" \/>\n<meta name=\"parsely-type\" content=\"index\" \/>\n<meta name=\"parsely-pub-date\" content=\"2025-02-14T12:04:45Z\" \/>\n<meta name=\"parsely-section\" content=\"Uncategorized\" \/>","tracker_url":"https:\/\/cdn.parsely.com\/keys\/capgemini.com\/p.js"},"archive_status":false,"featured_image_src":"https:\/\/www.capgemini.com\/ar-es\/wp-content\/themes\/capgemini2025\/assets\/images\/mockup.png","featured_image_alt":false,"jetpack_sharing_enabled":true,"distributor_meta":false,"distributor_terms":false,"distributor_media":false,"distributor_original_site_name":"Capgemini Argentina","distributor_original_site_url":"https:\/\/www.capgemini.com\/ar-es","push-errors":false,"_links":{"self":[{"href":"https:\/\/www.capgemini.com\/ar-es\/wp-json\/wp\/v2\/pages\/515502","targetHints":{"allow":["GET"]}}],"collection":[{"href":"https:\/\/www.capgemini.com\/ar-es\/wp-json\/wp\/v2\/pages"}],"about":[{"href":"https:\/\/www.capgemini.com\/ar-es\/wp-json\/wp\/v2\/types\/page"}],"author":[{"embeddable":true,"href":"https:\/\/www.capgemini.com\/ar-es\/wp-json\/wp\/v2\/users\/58"}],"replies":[{"embeddable":true,"href":"https:\/\/www.capgemini.com\/ar-es\/wp-json\/wp\/v2\/comments?post=515502"}],"version-history":[{"count":4,"href":"https:\/\/www.capgemini.com\/ar-es\/wp-json\/wp\/v2\/pages\/515502\/revisions"}],"predecessor-version":[{"id":520812,"href":"https:\/\/www.capgemini.com\/ar-es\/wp-json\/wp\/v2\/pages\/515502\/revisions\/520812"}],"wp:attachment":[{"href":"https:\/\/www.capgemini.com\/ar-es\/wp-json\/wp\/v2\/media?parent=515502"}],"wp:term":[{"taxonomy":"brand","embeddable":true,"href":"https:\/\/www.capgemini.com\/ar-es\/wp-json\/wp\/v2\/brand?post=515502"},{"taxonomy":"partner_type","embeddable":true,"href":"https:\/\/www.capgemini.com\/ar-es\/wp-json\/wp\/v2\/partner_type?post=515502"},{"taxonomy":"service","embeddable":true,"href":"https:\/\/www.capgemini.com\/ar-es\/wp-json\/wp\/v2\/service?post=515502"},{"taxonomy":"industry","embeddable":true,"href":"https:\/\/www.capgemini.com\/ar-es\/wp-json\/wp\/v2\/industry?post=515502"},{"taxonomy":"partners","embeddable":true,"href":"https:\/\/www.capgemini.com\/ar-es\/wp-json\/wp\/v2\/partners?post=515502"},{"taxonomy":"page-type","embeddable":true,"href":"https:\/\/www.capgemini.com\/ar-es\/wp-json\/wp\/v2\/page-type?post=515502"},{"taxonomy":"content-group","embeddable":true,"href":"https:\/\/www.capgemini.com\/ar-es\/wp-json\/wp\/v2\/content-group?post=515502"}],"curies":[{"name":"wp","href":"https:\/\/api.w.org\/{rel}","templated":true}]}}