{"id":515468,"date":"2024-12-10T18:12:15","date_gmt":"2024-12-10T18:12:15","guid":{"rendered":"https:\/\/www.capgemini.com\/ar-es\/?page_id=515468"},"modified":"2024-12-10T18:32:09","modified_gmt":"2024-12-10T18:32:09","slug":"politica-de-calidad-y-seguridad","status":"publish","type":"page","link":"https:\/\/www.capgemini.com\/ar-es\/sobre-nosotros\/gestion-y-gobierno\/politicas\/politica-de-calidad-y-seguridad\/","title":{"rendered":"Pol\u00edtica de Calidad y Seguridad"},"content":{"rendered":"\n<header class=\"wp-block-cg-blocks-hero-reusable header header--sub2 header--sub2b header--insights1  \"><div class=\"header-bgs\"><\/div><div class=\"heroPictureCardHeaderShape\"><\/div><div class=\"container\"><div class=\"row\"><div class=\"col-md-10 offset-md-1\"><div class=\"box\"><div class=\"box-title\"><h1 data-maxlength=\"34\">Pol\u00edtica de Calidad y Seguridad<\/h1><\/div><div class=\"inner-row-insight download-btn\"><div class=\"col-md-4\"><div><a href=\"https:\/\/www.capgemini.com\/ar-es\/wp-content\/uploads\/sites\/9\/2024\/12\/QA-PO-02-Politica-de-Calidad-y-Seguridad-V1.2-Capgemini-Argentina.pdf\" target=\"_blank\" rel=\"noopener noreferrer\" title=\"abrir en una nueva ventana\">QA-PO-02 Pol\u00edtica de Calidad y Seguridad V1.2 Capgemini Argentina.pdf<\/a><\/div><a class=\"button-download--small button--turquois  \" type=\"download\" href=\"https:\/\/www.capgemini.com\/ar-es\/wp-content\/uploads\/sites\/9\/2024\/12\/QA-PO-02-Politica-de-Calidad-y-Seguridad-V1.2-Capgemini-Argentina.pdf\" target=\"_blank\" title=\"abrir en una nueva ventana\" rel=\"noopener noreferrer\"><span>Tama\u00f1o del archivo: 160 KB<\/span><span>Tipo de archivo: application\/pdf<\/span><\/a><\/div><\/div><\/div><\/div><\/div><\/div><\/header>\n\n\n\n<section class=\"wp-block-cg-blocks-intro-para undefined section section--intro\"><div class=\"intro-para\"><div class=\"container\"><div class=\"row\"><div class=\"col-12 col-md-1\"><nav class=\"article-social\"><ul class=\"social-nav\"><li class=\"ip-order-fb\"><a href=\"https:\/\/www.facebook.com\/sharer\/sharer.php?u=https:\/\/www.capgemini.com\/ar-es\/sobre-nosotros\/gestion-y-gobierno\/politicas\/politica-de-calidad-y-seguridad\/\" target=\"_blank\" rel=\"noopener noreferrer\" title=\"abrir en una nueva ventana\"><i aria-hidden=\"true\" class=\"icon-fb\"><\/i><span class=\"sr-only\">Facebook<\/span><\/a><\/li><li class=\"ip-order-li\"><a href=\"https:\/\/www.linkedin.com\/sharing\/share-offsite\/?url=https:\/\/www.capgemini.com\/ar-es\/sobre-nosotros\/gestion-y-gobierno\/politicas\/politica-de-calidad-y-seguridad\/\" target=\"_blank\" rel=\"noopener noreferrer\" title=\"abrir en una nueva ventana\"><i aria-hidden=\"true\" class=\"icon-li\"><\/i><span class=\"sr-only\">Linkedin<\/span><\/a><\/li><\/ul><\/nav><\/div><div class=\"col-12 col-md-11 col-lg-10\"><h2 class=\"intro-para-title\">Pol\u00edtica del Sistema de Gesti\u00f3n Integrado de Capgemini Argentina<\/h2><p class=\"intro-para-content\"><br>Conscientes de las necesidades actuales, Capgemini Argentina desarrolla, implementa y mantiene un sistema de gesti\u00f3n integral enmarcado dentro del foco de calidad y de la seguridad de la informaci\u00f3n, mediante el cual reitera su <strong>compromiso de satisfacer las expectativas de los clientes mediante la entrega de soluciones y servicios<\/strong> confiables y seguros, <strong>a trav\u00e9s de procesos de vanguardia<\/strong> y buscando continuamente la identificaci\u00f3n y minimizaci\u00f3n de los riesgos a los cuales se expone la informaci\u00f3n propia y de partes interesadas, <strong>en el marco de la mejora continua, alineado con los requisitos contractuales, estatutarios y regulatorios.<\/strong><br><br>Todas las partes interesadas que tengan responsabilidades sobre las fuentes, repositorios y recursos de procesamiento de la informaci\u00f3n de Capgemini, deben adoptar los lineamientos contenidos en el presente documento y en todos los documentos relacionados con el sistema de gesti\u00f3n integrado, <strong>con el fin de mantener la confidencialidad, la integridad y asegurar la disponibilidad de la informaci\u00f3n<\/strong>; para ello, Capgemini Argentina ha desarrollado un compendio de pol\u00edticas y procedimientos, al alcance de todas estas partes interesadas y mediante capacitaciones y entrenamientos continuos, se refuerza la importancia de su cumplimiento y las<br>consecuencias de las violaciones de los mismos.<br><br><strong>V1.2<br>18 de mayo de 2023<\/strong><\/p><\/div><\/div><\/div><\/div><\/section>\n","protected":false},"excerpt":{"rendered":"","protected":false},"author":549,"featured_media":1000001079551,"parent":5591,"menu_order":3,"comment_status":"closed","ping_status":"closed","template":"","meta":{"cg_dt_proposed_to":[],"cg_seo_hreflang_relations":"[]","cg_seo_canonical_relation":"{\"uuid\":\"b6f57d60-a680-4d09-82fc-519a7f32ddf2\",\"blogId\":\"\",\"domain\":\"\",\"sitePath\":\"\",\"postLink\":\"\",\"postId\":null,\"isSaved\":true,\"isCrossLink\":false,\"hasCrossLink\":false}","cg_seo_hreflang_x_default_relation":"{\"uuid\":\"a60b076b-5c2c-4d29-a939-31b19957d29c\",\"blogId\":\"\",\"domain\":\"\",\"sitePath\":\"\",\"postLink\":\"\",\"postId\":null,\"isSaved\":true,\"isCrossLink\":false,\"hasCrossLink\":false}","cg_dt_approved_content":true,"cg_dt_mandatory_content":false,"cg_dt_notes":"","cg_dg_source_changed":false,"cg_dt_link_disabled":false,"_yoast_wpseo_primary_brand":"","footnotes":"","featured_focal_points":"","partner_card_description":"","gsap_animation":0},"brand":[],"partner_type":[],"service":[],"industry":[],"partners":[],"page-type":[],"content-group":[],"class_list":["post-515468","page","type-page","status-publish","has-post-thumbnail","hentry"],"yoast_head":"<!-- This site is optimized with the Yoast SEO Premium plugin v22.8 (Yoast SEO v22.8) - https:\/\/yoast.com\/wordpress\/plugins\/seo\/ -->\n<title>Pol\u00edtica de Calidad y Seguridad - Capgemini Argentina<\/title>\n<meta name=\"robots\" content=\"index, follow, max-snippet:-1, max-image-preview:large, max-video-preview:-1\" \/>\n<link rel=\"canonical\" href=\"https:\/\/www.capgemini.com\/ar-es\/sobre-nosotros\/gestion-y-gobierno\/politicas\/politica-de-calidad-y-seguridad\/\" \/>\n<meta property=\"og:locale\" content=\"es_MX\" \/>\n<meta property=\"og:type\" content=\"article\" \/>\n<meta property=\"og:title\" content=\"Pol\u00edtica de Calidad y Seguridad\" \/>\n<meta property=\"og:url\" content=\"https:\/\/www.capgemini.com\/ar-es\/sobre-nosotros\/gestion-y-gobierno\/politicas\/politica-de-calidad-y-seguridad\/\" \/>\n<meta property=\"og:site_name\" content=\"Capgemini Argentina\" \/>\n<meta property=\"article:modified_time\" content=\"2024-12-10T18:32:09+00:00\" \/>\n<meta property=\"og:image\" content=\"https:\/\/www.capgemini.com\/ar-es\/wp-content\/uploads\/sites\/9\/2025\/10\/New-Web-preview-global.jpg\" \/>\n\t<meta property=\"og:image:width\" content=\"1200\" \/>\n\t<meta property=\"og:image:height\" content=\"627\" \/>\n\t<meta property=\"og:image:type\" content=\"image\/jpeg\" \/>\n<meta name=\"twitter:card\" content=\"summary_large_image\" \/>\n<meta name=\"twitter:label1\" content=\"Est. reading time\" \/>\n\t<meta name=\"twitter:data1\" content=\"2 minutes\" \/>\n<script type=\"application\/ld+json\" class=\"yoast-schema-graph\">{\"@context\":\"https:\/\/schema.org\",\"@graph\":[{\"@type\":\"WebPage\",\"@id\":\"https:\/\/www.capgemini.com\/ar-es\/sobre-nosotros\/gestion-y-gobierno\/politicas\/politica-de-calidad-y-seguridad\/\",\"url\":\"https:\/\/www.capgemini.com\/ar-es\/sobre-nosotros\/gestion-y-gobierno\/politicas\/politica-de-calidad-y-seguridad\/\",\"name\":\"Pol\u00edtica de Calidad y Seguridad - Capgemini Argentina\",\"isPartOf\":{\"@id\":\"https:\/\/www.capgemini.com\/ar-es\/#website\"},\"primaryImageOfPage\":{\"@id\":\"https:\/\/www.capgemini.com\/ar-es\/sobre-nosotros\/gestion-y-gobierno\/politicas\/politica-de-calidad-y-seguridad\/#primaryimage\"},\"image\":{\"@id\":\"https:\/\/www.capgemini.com\/ar-es\/sobre-nosotros\/gestion-y-gobierno\/politicas\/politica-de-calidad-y-seguridad\/#primaryimage\"},\"thumbnailUrl\":\"https:\/\/www.capgemini.com\/wp-content\/uploads\/2024\/12\/connected-health-pov_Web-preview-640x360px_ddfed3.jpg\",\"datePublished\":\"2024-12-10T18:12:15+00:00\",\"dateModified\":\"2024-12-10T18:32:09+00:00\",\"breadcrumb\":{\"@id\":\"https:\/\/www.capgemini.com\/ar-es\/sobre-nosotros\/gestion-y-gobierno\/politicas\/politica-de-calidad-y-seguridad\/#breadcrumb\"},\"inLanguage\":\"es-MX\",\"potentialAction\":[{\"@type\":\"ReadAction\",\"target\":[\"https:\/\/www.capgemini.com\/ar-es\/sobre-nosotros\/gestion-y-gobierno\/politicas\/politica-de-calidad-y-seguridad\/\"]}]},{\"@type\":\"ImageObject\",\"inLanguage\":\"es-MX\",\"@id\":\"https:\/\/www.capgemini.com\/ar-es\/sobre-nosotros\/gestion-y-gobierno\/politicas\/politica-de-calidad-y-seguridad\/#primaryimage\",\"url\":\"https:\/\/www.capgemini.com\/wp-content\/uploads\/2024\/12\/connected-health-pov_Web-preview-640x360px_ddfed3.jpg\",\"contentUrl\":\"https:\/\/www.capgemini.com\/wp-content\/uploads\/2024\/12\/connected-health-pov_Web-preview-640x360px_ddfed3.jpg\"},{\"@type\":\"BreadcrumbList\",\"@id\":\"https:\/\/www.capgemini.com\/ar-es\/sobre-nosotros\/gestion-y-gobierno\/politicas\/politica-de-calidad-y-seguridad\/#breadcrumb\",\"itemListElement\":[{\"@type\":\"ListItem\",\"position\":1,\"name\":\"Home\",\"item\":\"https:\/\/www.capgemini.com\/ar-es\/\"},{\"@type\":\"ListItem\",\"position\":2,\"name\":\"Sobre nosotros\",\"item\":\"https:\/\/www.capgemini.com\/ar-es\/sobre-nosotros\/\"},{\"@type\":\"ListItem\",\"position\":3,\"name\":\"Gesti\u00f3n y gobierno\",\"item\":\"https:\/\/www.capgemini.com\/ar-es\/sobre-nosotros\/gestion-y-gobierno\/\"},{\"@type\":\"ListItem\",\"position\":4,\"name\":\"Pol\u00edticas\",\"item\":\"https:\/\/www.capgemini.com\/ar-es\/sobre-nosotros\/gestion-y-gobierno\/politicas\/\"},{\"@type\":\"ListItem\",\"position\":5,\"name\":\"Pol\u00edtica de Calidad y Seguridad\"}]},{\"@type\":\"WebSite\",\"@id\":\"https:\/\/www.capgemini.com\/ar-es\/#website\",\"url\":\"https:\/\/www.capgemini.com\/ar-es\/\",\"name\":\"Capgemini Argentina\",\"description\":\"Capgemini\",\"potentialAction\":[{\"@type\":\"SearchAction\",\"target\":{\"@type\":\"EntryPoint\",\"urlTemplate\":\"https:\/\/www.capgemini.com\/ar-es\/?s={search_term_string}\"},\"query-input\":\"required name=search_term_string\"}],\"inLanguage\":\"es-MX\"}]}<\/script>\n<!-- \/ Yoast SEO Premium plugin. -->","yoast_head_json":{"title":"Pol\u00edtica de Calidad y Seguridad - Capgemini Argentina","robots":{"index":"index","follow":"follow","max-snippet":"max-snippet:-1","max-image-preview":"max-image-preview:large","max-video-preview":"max-video-preview:-1"},"canonical":"https:\/\/www.capgemini.com\/ar-es\/sobre-nosotros\/gestion-y-gobierno\/politicas\/politica-de-calidad-y-seguridad\/","og_locale":"es_MX","og_type":"article","og_title":"Pol\u00edtica de Calidad y Seguridad","og_url":"https:\/\/www.capgemini.com\/ar-es\/sobre-nosotros\/gestion-y-gobierno\/politicas\/politica-de-calidad-y-seguridad\/","og_site_name":"Capgemini Argentina","article_modified_time":"2024-12-10T18:32:09+00:00","og_image":[{"width":1200,"height":627,"url":"https:\/\/www.capgemini.com\/ar-es\/wp-content\/uploads\/sites\/9\/2025\/10\/New-Web-preview-global.jpg","type":"image\/jpeg"}],"twitter_card":"summary_large_image","twitter_misc":{"Est. reading time":"2 minutes"},"schema":{"@context":"https:\/\/schema.org","@graph":[{"@type":"WebPage","@id":"https:\/\/www.capgemini.com\/ar-es\/sobre-nosotros\/gestion-y-gobierno\/politicas\/politica-de-calidad-y-seguridad\/","url":"https:\/\/www.capgemini.com\/ar-es\/sobre-nosotros\/gestion-y-gobierno\/politicas\/politica-de-calidad-y-seguridad\/","name":"Pol\u00edtica de Calidad y Seguridad - Capgemini Argentina","isPartOf":{"@id":"https:\/\/www.capgemini.com\/ar-es\/#website"},"primaryImageOfPage":{"@id":"https:\/\/www.capgemini.com\/ar-es\/sobre-nosotros\/gestion-y-gobierno\/politicas\/politica-de-calidad-y-seguridad\/#primaryimage"},"image":{"@id":"https:\/\/www.capgemini.com\/ar-es\/sobre-nosotros\/gestion-y-gobierno\/politicas\/politica-de-calidad-y-seguridad\/#primaryimage"},"thumbnailUrl":"https:\/\/www.capgemini.com\/wp-content\/uploads\/2024\/12\/connected-health-pov_Web-preview-640x360px_ddfed3.jpg","datePublished":"2024-12-10T18:12:15+00:00","dateModified":"2024-12-10T18:32:09+00:00","breadcrumb":{"@id":"https:\/\/www.capgemini.com\/ar-es\/sobre-nosotros\/gestion-y-gobierno\/politicas\/politica-de-calidad-y-seguridad\/#breadcrumb"},"inLanguage":"es-MX","potentialAction":[{"@type":"ReadAction","target":["https:\/\/www.capgemini.com\/ar-es\/sobre-nosotros\/gestion-y-gobierno\/politicas\/politica-de-calidad-y-seguridad\/"]}]},{"@type":"ImageObject","inLanguage":"es-MX","@id":"https:\/\/www.capgemini.com\/ar-es\/sobre-nosotros\/gestion-y-gobierno\/politicas\/politica-de-calidad-y-seguridad\/#primaryimage","url":"https:\/\/www.capgemini.com\/wp-content\/uploads\/2024\/12\/connected-health-pov_Web-preview-640x360px_ddfed3.jpg","contentUrl":"https:\/\/www.capgemini.com\/wp-content\/uploads\/2024\/12\/connected-health-pov_Web-preview-640x360px_ddfed3.jpg"},{"@type":"BreadcrumbList","@id":"https:\/\/www.capgemini.com\/ar-es\/sobre-nosotros\/gestion-y-gobierno\/politicas\/politica-de-calidad-y-seguridad\/#breadcrumb","itemListElement":[{"@type":"ListItem","position":1,"name":"Home","item":"https:\/\/www.capgemini.com\/ar-es\/"},{"@type":"ListItem","position":2,"name":"Sobre nosotros","item":"https:\/\/www.capgemini.com\/ar-es\/sobre-nosotros\/"},{"@type":"ListItem","position":3,"name":"Gesti\u00f3n y gobierno","item":"https:\/\/www.capgemini.com\/ar-es\/sobre-nosotros\/gestion-y-gobierno\/"},{"@type":"ListItem","position":4,"name":"Pol\u00edticas","item":"https:\/\/www.capgemini.com\/ar-es\/sobre-nosotros\/gestion-y-gobierno\/politicas\/"},{"@type":"ListItem","position":5,"name":"Pol\u00edtica de Calidad y Seguridad"}]},{"@type":"WebSite","@id":"https:\/\/www.capgemini.com\/ar-es\/#website","url":"https:\/\/www.capgemini.com\/ar-es\/","name":"Capgemini Argentina","description":"Capgemini","potentialAction":[{"@type":"SearchAction","target":{"@type":"EntryPoint","urlTemplate":"https:\/\/www.capgemini.com\/ar-es\/?s={search_term_string}"},"query-input":"required name=search_term_string"}],"inLanguage":"es-MX"}]}},"brand_term":[],"parsely":{"version":"1.1.0","canonical_url":"https:\/\/capgemini.com\/ar-es\/sobre-nosotros\/gestion-y-gobierno\/politicas\/politica-de-calidad-y-seguridad\/","smart_links":{"inbound":0,"outbound":0},"traffic_boost_suggestions_count":0,"meta":{"@context":"https:\/\/schema.org","@type":"WebPage","headline":"Pol\u00edtica de Calidad y Seguridad","url":"https:\/\/www.capgemini.com\/ar-es\/sobre-nosotros\/gestion-y-gobierno\/politicas\/politica-de-calidad-y-seguridad\/","mainEntityOfPage":{"@type":"WebPage","@id":"https:\/\/www.capgemini.com\/ar-es\/sobre-nosotros\/gestion-y-gobierno\/politicas\/politica-de-calidad-y-seguridad\/"},"thumbnailUrl":"https:\/\/www.capgemini.com\/wp-content\/uploads\/2024\/12\/connected-health-pov_Web-preview-640x360px_ddfed3.jpg?w=150&h=150&crop=1","image":{"@type":"ImageObject","url":"https:\/\/www.capgemini.com\/wp-content\/uploads\/2024\/12\/connected-health-pov_Web-preview-640x360px_ddfed3.jpg"},"articleSection":"Uncategorized","author":[],"creator":[],"publisher":{"@type":"Organization","name":"Capgemini Argentina","logo":""},"keywords":[],"dateCreated":"2024-12-10T18:12:15Z","datePublished":"2024-12-10T18:12:15Z","dateModified":"2024-12-10T18:32:09Z"},"rendered":"<meta name=\"parsely-title\" content=\"Pol\u00edtica de Calidad y Seguridad\" \/>\n<meta name=\"parsely-link\" content=\"https:\/\/www.capgemini.com\/ar-es\/sobre-nosotros\/gestion-y-gobierno\/politicas\/politica-de-calidad-y-seguridad\/\" \/>\n<meta name=\"parsely-type\" content=\"index\" \/>\n<meta name=\"parsely-image-url\" content=\"https:\/\/www.capgemini.com\/wp-content\/uploads\/2024\/12\/connected-health-pov_Web-preview-640x360px_ddfed3.jpg?w=150&amp;h=150&amp;crop=1\" \/>\n<meta name=\"parsely-pub-date\" content=\"2024-12-10T18:12:15Z\" \/>\n<meta name=\"parsely-section\" content=\"Uncategorized\" \/>","tracker_url":"https:\/\/cdn.parsely.com\/keys\/capgemini.com\/p.js"},"archive_status":false,"featured_image_src":"https:\/\/www.capgemini.com\/wp-content\/uploads\/2024\/12\/connected-health-pov_Web-preview-640x360px_ddfed3.jpg","featured_image_alt":"","jetpack_sharing_enabled":true,"distributor_meta":false,"distributor_terms":false,"distributor_media":false,"distributor_original_site_name":"Capgemini Argentina","distributor_original_site_url":"https:\/\/www.capgemini.com\/ar-es","push-errors":false,"_links":{"self":[{"href":"https:\/\/www.capgemini.com\/ar-es\/wp-json\/wp\/v2\/pages\/515468","targetHints":{"allow":["GET"]}}],"collection":[{"href":"https:\/\/www.capgemini.com\/ar-es\/wp-json\/wp\/v2\/pages"}],"about":[{"href":"https:\/\/www.capgemini.com\/ar-es\/wp-json\/wp\/v2\/types\/page"}],"author":[{"embeddable":true,"href":"https:\/\/www.capgemini.com\/ar-es\/wp-json\/wp\/v2\/users\/549"}],"replies":[{"embeddable":true,"href":"https:\/\/www.capgemini.com\/ar-es\/wp-json\/wp\/v2\/comments?post=515468"}],"version-history":[{"count":3,"href":"https:\/\/www.capgemini.com\/ar-es\/wp-json\/wp\/v2\/pages\/515468\/revisions"}],"predecessor-version":[{"id":515475,"href":"https:\/\/www.capgemini.com\/ar-es\/wp-json\/wp\/v2\/pages\/515468\/revisions\/515475"}],"up":[{"embeddable":true,"href":"https:\/\/www.capgemini.com\/ar-es\/wp-json\/wp\/v2\/pages\/5591"}],"wp:featuredmedia":[{"embeddable":true,"href":"https:\/\/www.capgemini.com\/ar-es\/wp-json\/"}],"wp:attachment":[{"href":"https:\/\/www.capgemini.com\/ar-es\/wp-json\/wp\/v2\/media?parent=515468"}],"wp:term":[{"taxonomy":"brand","embeddable":true,"href":"https:\/\/www.capgemini.com\/ar-es\/wp-json\/wp\/v2\/brand?post=515468"},{"taxonomy":"partner_type","embeddable":true,"href":"https:\/\/www.capgemini.com\/ar-es\/wp-json\/wp\/v2\/partner_type?post=515468"},{"taxonomy":"service","embeddable":true,"href":"https:\/\/www.capgemini.com\/ar-es\/wp-json\/wp\/v2\/service?post=515468"},{"taxonomy":"industry","embeddable":true,"href":"https:\/\/www.capgemini.com\/ar-es\/wp-json\/wp\/v2\/industry?post=515468"},{"taxonomy":"partners","embeddable":true,"href":"https:\/\/www.capgemini.com\/ar-es\/wp-json\/wp\/v2\/partners?post=515468"},{"taxonomy":"page-type","embeddable":true,"href":"https:\/\/www.capgemini.com\/ar-es\/wp-json\/wp\/v2\/page-type?post=515468"},{"taxonomy":"content-group","embeddable":true,"href":"https:\/\/www.capgemini.com\/ar-es\/wp-json\/wp\/v2\/content-group?post=515468"}],"curies":[{"name":"wp","href":"https:\/\/api.w.org\/{rel}","templated":true}]}}