{"id":510911,"date":"2023-05-03T11:24:19","date_gmt":"2023-05-03T09:24:19","guid":{"rendered":"https:\/\/www.capgemini.com\/?page_id=892923"},"modified":"2025-03-28T04:49:53","modified_gmt":"2025-03-28T04:49:53","slug":"ia-generativa-personalizada-para-empresas","status":"publish","type":"page","link":"https:\/\/www.capgemini.com\/ar-es\/solutions\/ia-generativa-personalizada-para-empresas\/","title":{"rendered":"IA Generativa Personalizada para Empresas"},"content":{"rendered":"\n<header class=\"wp-block-cg-blocks-hero-reusable header heroReusable  \"><div class=\"header-bgs\"><picture><source srcset=\"https:\/\/www.capgemini.com\/wp-content\/uploads\/2023\/06\/Web-Banner_v2.png?w=2880&amp;quality=70 1x, https:\/\/www.capgemini.com\/wp-content\/uploads\/2023\/06\/Web-Banner_v2.png?w=2880&amp;quality=70 2x\" media=\"(min-width: 1500px)\"\/><source srcset=\"https:\/\/www.capgemini.com\/wp-content\/uploads\/2023\/06\/Web-Banner_v2.png?w=1440&amp;quality=70 1x, https:\/\/www.capgemini.com\/wp-content\/uploads\/2023\/06\/Web-Banner_v2.png?w=2880&amp;quality=70 2x\" media=\"(min-width: 992px)\"\/><source srcset=\"https:\/\/www.capgemini.com\/wp-content\/uploads\/2023\/06\/Web-Banner_v2.png?w=1024&amp;quality=70 1x, https:\/\/www.capgemini.com\/wp-content\/uploads\/2023\/06\/Web-Banner_v2.png?w=1024&amp;quality=70 2x\" media=\"(min-width: 768px)\"\/><source srcset=\"https:\/\/www.capgemini.com\/wp-content\/uploads\/2023\/06\/Web-Banner_v2.png?w=768&amp;quality=70 1x, https:\/\/www.capgemini.com\/wp-content\/uploads\/2023\/06\/Web-Banner_v2.png?w=768&amp;quality=70 2x\" media=\"(min-width: 0)\"\/><img decoding=\"async\" src=\"https:\/\/www.capgemini.com\/wp-content\/uploads\/2023\/06\/Web-Banner_v2.png\" class=\"header-img header-img-d\" alt=\"\" style=\"object-fit:cover;object-position:56.99999999999999% 59%\" loading=\"eager\"\/><\/picture><\/div><div class=\"heroPictureCardHeaderShape\"><\/div><div class=\"container\"><div class=\"row\"><div class=\"col-md-12\"><div class=\"box\"><div class=\"boxTagWrapper\"><div class=\"tagInfo\"><div><span class=\"box-tag\">Solution<\/span><\/div><\/div><\/div><div class=\"box-title\"><h1 data-maxlength=\"34\">IA Generativa Personalizada para Empresas<\/h1><\/div><h2 class=\"reasearchInsightTitle\">Crea lo imposible<\/h2><div class=\"inner-row-insight download-btn\"><\/div><\/div><\/div><\/div><\/div><\/header>\n\n\n\n<section class=\"wp-block-cg-blocks-group undefined section section--article-content\"><div class=\"article-main-content\"><div class=\"container\"><div class=\"row\"><div class=\"col-12 col-md-1\"><nav class=\"article-social\"><ul class=\"social-nav\"><li class=\"ip-order-fb\"><a href=\"https:\/\/www.facebook.com\/sharer\/sharer.php?u=https:\/\/www.capgemini.com\/generative-ai-content-draft-only\/\" target=\"_blank\" rel=\"noopener noreferrer\" title=\"abrir en una nueva ventana\"><i aria-hidden=\"true\" class=\"icon-fb\"><\/i><span class=\"sr-only\">Facebook<\/span><\/a><\/li><li class=\"ip-order-tw\"><a href=\"https:\/\/twitter.com\/intent\/tweet?url=https:\/\/www.capgemini.com\/generative-ai-content-draft-only\/&amp;text=Generative%20AI%20content%20-%20DRAFT%20ONLY\" target=\"_blank\" rel=\"noopener noreferrer\" title=\"abrir en una nueva ventana\"><i aria-hidden=\"true\" class=\"icon-tw\"><\/i><span class=\"sr-only\">Twitter<\/span><\/a><\/li><li class=\"ip-order-li\"><a href=\"https:\/\/www.linkedin.com\/shareArticle?url=https:\/\/www.capgemini.com\/generative-ai-content-draft-only\/&amp;text=Generative%20AI%20content%20-%20DRAFT%20ONLY\" target=\"_blank\" rel=\"noopener noreferrer\" title=\"abrir en una nueva ventana\"><i aria-hidden=\"true\" class=\"icon-li\"><\/i><span class=\"sr-only\">Linkedin<\/span><\/a><\/li><\/ul><\/nav><\/div><div class=\"col-12 col-md-11 col-lg-10\"><div class=\"article-text article-quote-text\">\n<h2 class=\"wp-block-heading\" id=\"h-preparate-para-sorprenderte-con-el-poder-colectivo-de-la-inteligencia-humana-y-la-ia-generativa-personalizada-para-empresas\">Prep\u00e1rate para sorprenderte con el poder colectivo de la inteligencia humana y la IA generativa personalizada para empresas.<\/h2>\n\n\n\n<p>Es dif\u00edcil ser creativo en un entorno inseguro mientras se ignoran las habilidades \u00fanicas que te hacen ser t\u00fa mismo. Esta es una realidad que experimentan la mayor\u00eda de las empresas que prueban Gen AI por primera vez.&nbsp;<\/p>\n\n\n\n<p>Custom Generative for Enterprise de Capgemini es diferente. Es un entorno seguro y protegido que eleva y se enfoca en su excelencia para dar rienda suelta a la creatividad a trav\u00e9s del poder de la tecnolog\u00eda.<\/p>\n\n\n\n<p><strong>Es un lugar donde realmente creamos lo imposible.&nbsp;<\/strong><\/p>\n<\/div><\/div><\/div><\/div><\/div><\/section>\n\n\n\n<section class=\"wp-block-cg-blocks-group undefined section section--article-content\" id=\"quoteWrapper\"><div class=\"article-main-content\"><div class=\"container\"><div class=\"row\"><div class=\"col-12 col-md-11 col-lg-10 offset-md-1 offset-lg-1\"><div class=\"article-text article-quote-text\">\n\n<h4 class=\"wp-block-heading\" id=\"h-cambia-el-adn-de-tu-empresa\">Cambia el ADN de tu empresa<\/h4>\n\n\n<p>Seg\u00fan <a href=\"https:\/\/www.gartner.com\/en\/newsroom\/press-releases\/2023-05-03-gartner-poll-finds-45-percent-of-executives-say-chatgpt-has-prompted-an-increase-in-ai-investment\">Gartner<\/a>, se espera que la IA generativa madure por completo en 2 a 5 a\u00f1os, pero el mercado ya est\u00e1 cambiando para acercar la IA generativa a los casos de uso empresarial, ya que el 70% de las organizaciones globales exploran actualmente la IA generativa.&nbsp;<\/p>\n\n\n<p>PERO&#8230; para las empresas, hay muchos problemas detr\u00e1s de los modelos grandes Gen AI disponibles p\u00fablicamente. Estos est\u00e1n demasiado desvinculados de la realidad empresarial y son demasiado incontrolables, demasiado riesgosos para los datos y la privacidad, y demasiado dif\u00edciles de adoptar y escalar.<\/p>\n\n\n<p>Por lo tanto, los CXO deben comprender c\u00f3mo aprovechar Gen AI, en toda su organizaci\u00f3n, de manera segura y controlada, para adaptarse a la realidad de su negocio.&nbsp;<\/p>\n\n\n<p><strong>Te ayudamos a cambiar el ADN de tu empresa a trav\u00e9s de la IA Generativa.<\/strong> <\/p>\n\n\n<p>Con Custom Generative AI for Enterprise, ayudamos a las empresas a pasar de un uso est\u00e1ndar de riesgo de grandes modelos p\u00fablicos gen\u00e9ricos a una soluci\u00f3n personalizada y confiable basada en el uso de tus datos y el conocimiento de tu empresa, con resultados confiables que crean resultados tangibles significativos.&nbsp;<\/p>\n\n<\/div><\/div><\/div><\/div><\/div><\/section>\n\n\n\n\n<section class=\"section section--expert-perspectives\"><div class=\"container\"><div class=\"row\"><div class=\"content-title col-12 col-md-8\"><h2 class=\"expert-heading\">Perspectivas de expertos<\/h2><\/div><\/div><div class=\"expert-prospective-container\"><div class=\"row\"><div class=\"col-12 col-md-4 row-space\"><div class=\"box\"><div class=\"box-img-wrapper\"><a href=\"https:\/\/www.capgemini.com\/ar-es\/insights\/expert-perspectives\/como-elegir-a-la-firma-consultora-ideal-para-tu-transformacion-digital\/\" aria-label=\"\u00bfC\u00f3mo elegir a la firma consultora ideal para tu transformaci\u00f3n digital?\" tabindex=\"-1\"><img decoding=\"async\" class=\"box-img\" alt=\"\" src=\"https:\/\/www.capgemini.com\/ar-es\/wp-content\/uploads\/sites\/9\/2023\/01\/firma-consultora-banner.png?w=600&#038;quality=70\" style=\"object-position: 50% 50%; object-fit: cover;\" loading=\"lazy\" \/><\/a><\/div><div class=\"box-inner\"><div class=\"box-tag\">Trends<\/div><a class=\"content-box-title\" href=\"https:\/\/www.capgemini.com\/ar-es\/insights\/expert-perspectives\/como-elegir-a-la-firma-consultora-ideal-para-tu-transformacion-digital\/\" aria-label=\"\u00bfC\u00f3mo elegir a la firma consultora ideal para tu transformaci\u00f3n digital?\"><h3 class=\"expert-subtitle\">\u00bfC\u00f3mo elegir a la firma consultora ideal para tu transformaci\u00f3n digital?<\/h3><\/a><div class=\"box-bottom\">\n\t\t   <div class=\"box-logo\"><img decoding=\"async\" class=\"light\" loading=\"lazy\" alt=\"Capgemini\" src=\"https:\/\/www.capgemini.com\/ar-es\/wp-content\/themes\/capgemini2025\/assets\/images\/cg-logo-blue.svg\" \/><img decoding=\"async\" class=\"dark\" loading=\"lazy\" alt=\"Capgemini\" src=\"https:\/\/www.capgemini.com\/ar-es\/wp-content\/themes\/capgemini2025\/assets\/images\/cg-logo-white.svg\" \/><\/div><div class=\"date-name-info\"><div class=\"author-text\">Capgemini<\/div><div class=\"date-text\">ene. 30, 2020<\/div><\/div><\/div><\/div><\/div><\/div><div class=\"col-12 col-md-4 row-space\"><div class=\"box\"><div class=\"box-img-wrapper\"><a href=\"https:\/\/www.capgemini.com\/ar-es\/insights\/expert-perspectives\/como-podra-la-banca-afrontar-las-demandas-de-las-nuevas-generaciones-potencializando-fortalezas\/\" aria-label=\"\u00bfC\u00f3mo podr\u00e1 la banca afrontar las demandas de las nuevas generaciones? potencializando fortalezas\" tabindex=\"-1\"><img decoding=\"async\" class=\"box-img\" alt=\"\" src=\"https:\/\/www.capgemini.com\/ar-es\/wp-content\/uploads\/sites\/9\/2023\/01\/millenials-banca-web-banner.png?w=600&#038;quality=70\" style=\"object-position: 50% 50%; object-fit: cover;\" loading=\"lazy\" \/><\/a><\/div><div class=\"box-inner\"><div class=\"box-tag\">Trends<\/div><a class=\"content-box-title\" href=\"https:\/\/www.capgemini.com\/ar-es\/insights\/expert-perspectives\/como-podra-la-banca-afrontar-las-demandas-de-las-nuevas-generaciones-potencializando-fortalezas\/\" aria-label=\"\u00bfC\u00f3mo podr\u00e1 la banca afrontar las demandas de las nuevas generaciones? potencializando fortalezas\"><h3 class=\"expert-subtitle\">\u00bfC\u00f3mo podr\u00e1 la banca afrontar las demandas de las nuevas generaciones? potencializando fortalezas<\/h3><\/a><div class=\"box-bottom\">\n\t\t   <div class=\"box-logo\"><img decoding=\"async\" class=\"light\" loading=\"lazy\" alt=\"Capgemini\" src=\"https:\/\/www.capgemini.com\/ar-es\/wp-content\/themes\/capgemini2025\/assets\/images\/cg-logo-blue.svg\" \/><img decoding=\"async\" class=\"dark\" loading=\"lazy\" alt=\"Capgemini\" src=\"https:\/\/www.capgemini.com\/ar-es\/wp-content\/themes\/capgemini2025\/assets\/images\/cg-logo-white.svg\" \/><\/div><div class=\"date-name-info\"><div class=\"author-text\">Capgemini<\/div><div class=\"date-text\">ene. 30, 2020<\/div><\/div><\/div><\/div><\/div><\/div><div class=\"col-12 col-md-4 row-space\"><div class=\"box\"><div class=\"box-img-wrapper\"><a href=\"https:\/\/www.capgemini.com\/ar-es\/insights\/expert-perspectives\/cual-es-la-respuesta-a-los-desafios-de-sostenibilidad\/\" aria-label=\"\u00bfCu\u00e1l es la respuesta a los desaf\u00edos de sostenibilidad?\" tabindex=\"-1\"><img decoding=\"async\" class=\"box-img\" alt=\"\" src=\"https:\/\/www.capgemini.com\/ar-es\/wp-content\/uploads\/sites\/9\/2023\/01\/Environment-Sustainability.jpg?w=600&#038;quality=70\" style=\"object-position: 50% 50%; object-fit: cover;\" loading=\"lazy\" \/><\/a><\/div><div class=\"box-inner\"><div class=\"box-tag\">Sustainability<\/div><a class=\"content-box-title\" href=\"https:\/\/www.capgemini.com\/ar-es\/insights\/expert-perspectives\/cual-es-la-respuesta-a-los-desafios-de-sostenibilidad\/\" aria-label=\"\u00bfCu\u00e1l es la respuesta a los desaf\u00edos de sostenibilidad?\"><h3 class=\"expert-subtitle\">\u00bfCu\u00e1l es la respuesta a los desaf\u00edos de sostenibilidad?<\/h3><\/a><div class=\"box-bottom\">\n\t\t   <div class=\"box-logo\"><img decoding=\"async\" class=\"light\" loading=\"lazy\" alt=\"Capgemini\" src=\"https:\/\/www.capgemini.com\/ar-es\/wp-content\/themes\/capgemini2025\/assets\/images\/cg-logo-blue.svg\" \/><img decoding=\"async\" class=\"dark\" loading=\"lazy\" alt=\"Capgemini\" src=\"https:\/\/www.capgemini.com\/ar-es\/wp-content\/themes\/capgemini2025\/assets\/images\/cg-logo-white.svg\" \/><\/div><div class=\"date-name-info\"><div class=\"author-text\">Capgemini<\/div><div class=\"date-text\">jun. 7, 2019<\/div><\/div><\/div><\/div><\/div><\/div><\/div><\/div><\/div><\/section>\n\n\n<section class=\"wp-block-cg-blocks-wrapper-partners undefined section section--partners-small\"><div class=\"container\"><div class=\"content-title\"><h2 class=\"partner-heading\">Socios<\/h2><\/div><div class=\"row\">\n<div class=\"col-6 col-md-4 \">\n            <a href=\"https:\/\/www.capgemini.com\/ar-es\/sobre-nosotros\/partnerships\/google-cloud\/\" class=\"partner-box-title\" aria-label=\"\">\n        <div class=\"partner-box\">\n                                                                     <\/div>\n            <\/a>\n    <\/div>\n\n\n\n\n<div class=\"col-6 col-md-4 \">\n            <a href=\"https:\/\/www.capgemini.com\/ar-es\/sobre-nosotros\/partnerships\/microsoft\/\" class=\"partner-box-title\" aria-label=\"\">\n        <div class=\"partner-box\">\n                                                                     <\/div>\n            <\/a>\n    <\/div>\n\n<\/div><\/div><\/section>\n","protected":false},"excerpt":{"rendered":"<p>Create the impossible.<\/p>\n","protected":false},"author":81,"featured_media":0,"parent":0,"menu_order":0,"comment_status":"closed","ping_status":"closed","template":"","meta":{"cg_dt_proposed_to":[],"cg_seo_hreflang_relations":"[]","cg_seo_canonical_relation":"","cg_seo_hreflang_x_default_relation":"{\"uuid\":\"8f5d30cc-4588-494d-b217-0d53d1fbf4d9\",\"blogId\":\"\",\"domain\":\"\",\"sitePath\":\"\",\"postLink\":\"\",\"postId\":null,\"isSaved\":true,\"isCrossLink\":false,\"hasCrossLink\":false}","cg_dt_approved_content":true,"cg_dt_mandatory_content":false,"cg_dt_notes":"","cg_dg_source_changed":true,"cg_dt_link_disabled":false,"_yoast_wpseo_primary_brand":"","footnotes":"","featured_focal_points":"","partner_card_description":"","gsap_animation":0},"brand":[],"partner_type":[],"service":[162],"industry":[],"partners":[],"page-type":[167],"content-group":[],"class_list":["post-510911","page","type-page","status-publish","hentry","service-data-ai","page-type-solutions"],"yoast_head":"<!-- This site is optimized with the Yoast SEO Premium plugin v22.8 (Yoast SEO v22.8) - https:\/\/yoast.com\/wordpress\/plugins\/seo\/ -->\n<title>Inteligencia Artificial personalizada para empresas | Capgemini<\/title>\n<meta name=\"description\" content=\"Un entorno seguro y protegido para que las empresas prueben y experimenten con el potencial de la inteligencia artificial\" \/>\n<meta name=\"robots\" content=\"index, follow, max-snippet:-1, max-image-preview:large, max-video-preview:-1\" \/>\n<link rel=\"canonical\" href=\"https:\/\/www.capgemini.com\/ar-es\/solutions\/ia-generativa-personalizada-para-empresas\/\" \/>\n<meta property=\"og:locale\" content=\"es_MX\" \/>\n<meta property=\"og:type\" content=\"article\" \/>\n<meta property=\"og:title\" content=\"IA Generativa Personalizada para Empresas\" \/>\n<meta property=\"og:description\" content=\"Un entorno seguro y protegido para que las empresas prueben y experimenten con el potencial de la inteligencia artificial\" \/>\n<meta property=\"og:url\" content=\"https:\/\/www.capgemini.com\/ar-es\/solutions\/ia-generativa-personalizada-para-empresas\/\" \/>\n<meta property=\"og:site_name\" content=\"Capgemini Argentina\" \/>\n<meta property=\"article:modified_time\" content=\"2025-03-28T04:49:53+00:00\" \/>\n<meta property=\"og:image\" content=\"https:\/\/www.capgemini.com\/ar-es\/wp-content\/uploads\/sites\/9\/2025\/10\/New-Web-preview-global.jpg\" \/>\n\t<meta property=\"og:image:width\" content=\"1200\" \/>\n\t<meta property=\"og:image:height\" content=\"627\" \/>\n\t<meta property=\"og:image:type\" content=\"image\/jpeg\" \/>\n<meta name=\"twitter:card\" content=\"summary_large_image\" \/>\n<meta name=\"twitter:label1\" content=\"Est. reading time\" \/>\n\t<meta name=\"twitter:data1\" content=\"2 minutes\" \/>\n<script type=\"application\/ld+json\" class=\"yoast-schema-graph\">{\"@context\":\"https:\/\/schema.org\",\"@graph\":[{\"@type\":\"WebPage\",\"@id\":\"https:\/\/www.capgemini.com\/ar-es\/solutions\/ia-generativa-personalizada-para-empresas\/\",\"url\":\"https:\/\/www.capgemini.com\/ar-es\/solutions\/ia-generativa-personalizada-para-empresas\/\",\"name\":\"Inteligencia Artificial personalizada para empresas | Capgemini\",\"isPartOf\":{\"@id\":\"https:\/\/www.capgemini.com\/ar-es\/#website\"},\"primaryImageOfPage\":{\"@id\":\"https:\/\/www.capgemini.com\/ar-es\/solutions\/ia-generativa-personalizada-para-empresas\/#primaryimage\"},\"image\":{\"@id\":\"https:\/\/www.capgemini.com\/ar-es\/solutions\/ia-generativa-personalizada-para-empresas\/#primaryimage\"},\"thumbnailUrl\":\"https:\/\/www.capgemini.com\/wp-content\/uploads\/2023\/06\/Web-Banner_v2.png\",\"datePublished\":\"2023-05-03T09:24:19+00:00\",\"dateModified\":\"2025-03-28T04:49:53+00:00\",\"description\":\"Un entorno seguro y protegido para que las empresas prueben y experimenten con el potencial de la inteligencia artificial\",\"breadcrumb\":{\"@id\":\"https:\/\/www.capgemini.com\/ar-es\/solutions\/ia-generativa-personalizada-para-empresas\/#breadcrumb\"},\"inLanguage\":\"es-MX\",\"potentialAction\":[{\"@type\":\"ReadAction\",\"target\":[\"https:\/\/www.capgemini.com\/ar-es\/solutions\/ia-generativa-personalizada-para-empresas\/\"]}]},{\"@type\":\"ImageObject\",\"inLanguage\":\"es-MX\",\"@id\":\"https:\/\/www.capgemini.com\/ar-es\/solutions\/ia-generativa-personalizada-para-empresas\/#primaryimage\",\"url\":\"https:\/\/www.capgemini.com\/wp-content\/uploads\/2023\/06\/Web-Banner_v2.png\",\"contentUrl\":\"https:\/\/www.capgemini.com\/wp-content\/uploads\/2023\/06\/Web-Banner_v2.png\"},{\"@type\":\"BreadcrumbList\",\"@id\":\"https:\/\/www.capgemini.com\/ar-es\/solutions\/ia-generativa-personalizada-para-empresas\/#breadcrumb\",\"itemListElement\":[{\"@type\":\"ListItem\",\"position\":1,\"name\":\"Home\",\"item\":\"https:\/\/www.capgemini.com\/ar-es\/\"},{\"@type\":\"ListItem\",\"position\":2,\"name\":\"IA Generativa Personalizada para Empresas\"}]},{\"@type\":\"WebSite\",\"@id\":\"https:\/\/www.capgemini.com\/ar-es\/#website\",\"url\":\"https:\/\/www.capgemini.com\/ar-es\/\",\"name\":\"Capgemini Argentina\",\"description\":\"Capgemini\",\"potentialAction\":[{\"@type\":\"SearchAction\",\"target\":{\"@type\":\"EntryPoint\",\"urlTemplate\":\"https:\/\/www.capgemini.com\/ar-es\/?s={search_term_string}\"},\"query-input\":\"required name=search_term_string\"}],\"inLanguage\":\"es-MX\"}]}<\/script>\n<!-- \/ Yoast SEO Premium plugin. -->","yoast_head_json":{"title":"Inteligencia Artificial personalizada para empresas | Capgemini","description":"Un entorno seguro y protegido para que las empresas prueben y experimenten con el potencial de la inteligencia artificial","robots":{"index":"index","follow":"follow","max-snippet":"max-snippet:-1","max-image-preview":"max-image-preview:large","max-video-preview":"max-video-preview:-1"},"canonical":"https:\/\/www.capgemini.com\/ar-es\/solutions\/ia-generativa-personalizada-para-empresas\/","og_locale":"es_MX","og_type":"article","og_title":"IA Generativa Personalizada para Empresas","og_description":"Un entorno seguro y protegido para que las empresas prueben y experimenten con el potencial de la inteligencia artificial","og_url":"https:\/\/www.capgemini.com\/ar-es\/solutions\/ia-generativa-personalizada-para-empresas\/","og_site_name":"Capgemini Argentina","article_modified_time":"2025-03-28T04:49:53+00:00","og_image":[{"width":1200,"height":627,"url":"https:\/\/www.capgemini.com\/ar-es\/wp-content\/uploads\/sites\/9\/2025\/10\/New-Web-preview-global.jpg","type":"image\/jpeg"}],"twitter_card":"summary_large_image","twitter_misc":{"Est. reading time":"2 minutes"},"schema":{"@context":"https:\/\/schema.org","@graph":[{"@type":"WebPage","@id":"https:\/\/www.capgemini.com\/ar-es\/solutions\/ia-generativa-personalizada-para-empresas\/","url":"https:\/\/www.capgemini.com\/ar-es\/solutions\/ia-generativa-personalizada-para-empresas\/","name":"Inteligencia Artificial personalizada para empresas | Capgemini","isPartOf":{"@id":"https:\/\/www.capgemini.com\/ar-es\/#website"},"primaryImageOfPage":{"@id":"https:\/\/www.capgemini.com\/ar-es\/solutions\/ia-generativa-personalizada-para-empresas\/#primaryimage"},"image":{"@id":"https:\/\/www.capgemini.com\/ar-es\/solutions\/ia-generativa-personalizada-para-empresas\/#primaryimage"},"thumbnailUrl":"https:\/\/www.capgemini.com\/wp-content\/uploads\/2023\/06\/Web-Banner_v2.png","datePublished":"2023-05-03T09:24:19+00:00","dateModified":"2025-03-28T04:49:53+00:00","description":"Un entorno seguro y protegido para que las empresas prueben y experimenten con el potencial de la inteligencia artificial","breadcrumb":{"@id":"https:\/\/www.capgemini.com\/ar-es\/solutions\/ia-generativa-personalizada-para-empresas\/#breadcrumb"},"inLanguage":"es-MX","potentialAction":[{"@type":"ReadAction","target":["https:\/\/www.capgemini.com\/ar-es\/solutions\/ia-generativa-personalizada-para-empresas\/"]}]},{"@type":"ImageObject","inLanguage":"es-MX","@id":"https:\/\/www.capgemini.com\/ar-es\/solutions\/ia-generativa-personalizada-para-empresas\/#primaryimage","url":"https:\/\/www.capgemini.com\/wp-content\/uploads\/2023\/06\/Web-Banner_v2.png","contentUrl":"https:\/\/www.capgemini.com\/wp-content\/uploads\/2023\/06\/Web-Banner_v2.png"},{"@type":"BreadcrumbList","@id":"https:\/\/www.capgemini.com\/ar-es\/solutions\/ia-generativa-personalizada-para-empresas\/#breadcrumb","itemListElement":[{"@type":"ListItem","position":1,"name":"Home","item":"https:\/\/www.capgemini.com\/ar-es\/"},{"@type":"ListItem","position":2,"name":"IA Generativa Personalizada para Empresas"}]},{"@type":"WebSite","@id":"https:\/\/www.capgemini.com\/ar-es\/#website","url":"https:\/\/www.capgemini.com\/ar-es\/","name":"Capgemini Argentina","description":"Capgemini","potentialAction":[{"@type":"SearchAction","target":{"@type":"EntryPoint","urlTemplate":"https:\/\/www.capgemini.com\/ar-es\/?s={search_term_string}"},"query-input":"required name=search_term_string"}],"inLanguage":"es-MX"}]}},"brand_term":[],"parsely":{"version":"1.1.0","canonical_url":"https:\/\/capgemini.com\/ar-es\/solutions\/ia-generativa-personalizada-para-empresas\/","smart_links":{"inbound":0,"outbound":0},"traffic_boost_suggestions_count":0,"meta":{"@context":"https:\/\/schema.org","@type":"WebPage","headline":"IA Generativa Personalizada para Empresas","url":"https:\/\/www.capgemini.com\/ar-es\/solutions\/ia-generativa-personalizada-para-empresas\/","mainEntityOfPage":{"@type":"WebPage","@id":"https:\/\/www.capgemini.com\/ar-es\/solutions\/ia-generativa-personalizada-para-empresas\/"},"thumbnailUrl":"","image":{"@type":"ImageObject","url":""},"articleSection":"Uncategorized","author":[],"creator":[],"publisher":{"@type":"Organization","name":"Capgemini Argentina","logo":""},"keywords":[],"dateCreated":"2023-05-03T09:24:19Z","datePublished":"2023-05-03T09:24:19Z","dateModified":"2025-03-28T04:49:53Z"},"rendered":"<meta name=\"parsely-title\" content=\"IA Generativa Personalizada para Empresas\" \/>\n<meta name=\"parsely-link\" content=\"https:\/\/www.capgemini.com\/ar-es\/solutions\/ia-generativa-personalizada-para-empresas\/\" \/>\n<meta name=\"parsely-type\" content=\"index\" \/>\n<meta name=\"parsely-pub-date\" content=\"2023-05-03T09:24:19Z\" \/>\n<meta name=\"parsely-section\" content=\"Uncategorized\" \/>","tracker_url":"https:\/\/cdn.parsely.com\/keys\/capgemini.com\/p.js"},"archive_status":false,"featured_image_src":"https:\/\/www.capgemini.com\/ar-es\/wp-content\/themes\/capgemini2025\/assets\/images\/mockup.png","featured_image_alt":false,"jetpack_sharing_enabled":true,"distributor_meta":false,"distributor_terms":false,"distributor_media":false,"distributor_original_site_name":"Capgemini Argentina","distributor_original_site_url":"https:\/\/www.capgemini.com\/ar-es","push-errors":false,"_links":{"self":[{"href":"https:\/\/www.capgemini.com\/ar-es\/wp-json\/wp\/v2\/pages\/510911","targetHints":{"allow":["GET"]}}],"collection":[{"href":"https:\/\/www.capgemini.com\/ar-es\/wp-json\/wp\/v2\/pages"}],"about":[{"href":"https:\/\/www.capgemini.com\/ar-es\/wp-json\/wp\/v2\/types\/page"}],"author":[{"embeddable":true,"href":"https:\/\/www.capgemini.com\/ar-es\/wp-json\/wp\/v2\/users\/81"}],"replies":[{"embeddable":true,"href":"https:\/\/www.capgemini.com\/ar-es\/wp-json\/wp\/v2\/comments?post=510911"}],"version-history":[{"count":2,"href":"https:\/\/www.capgemini.com\/ar-es\/wp-json\/wp\/v2\/pages\/510911\/revisions"}],"predecessor-version":[{"id":515764,"href":"https:\/\/www.capgemini.com\/ar-es\/wp-json\/wp\/v2\/pages\/510911\/revisions\/515764"}],"wp:attachment":[{"href":"https:\/\/www.capgemini.com\/ar-es\/wp-json\/wp\/v2\/media?parent=510911"}],"wp:term":[{"taxonomy":"brand","embeddable":true,"href":"https:\/\/www.capgemini.com\/ar-es\/wp-json\/wp\/v2\/brand?post=510911"},{"taxonomy":"partner_type","embeddable":true,"href":"https:\/\/www.capgemini.com\/ar-es\/wp-json\/wp\/v2\/partner_type?post=510911"},{"taxonomy":"service","embeddable":true,"href":"https:\/\/www.capgemini.com\/ar-es\/wp-json\/wp\/v2\/service?post=510911"},{"taxonomy":"industry","embeddable":true,"href":"https:\/\/www.capgemini.com\/ar-es\/wp-json\/wp\/v2\/industry?post=510911"},{"taxonomy":"partners","embeddable":true,"href":"https:\/\/www.capgemini.com\/ar-es\/wp-json\/wp\/v2\/partners?post=510911"},{"taxonomy":"page-type","embeddable":true,"href":"https:\/\/www.capgemini.com\/ar-es\/wp-json\/wp\/v2\/page-type?post=510911"},{"taxonomy":"content-group","embeddable":true,"href":"https:\/\/www.capgemini.com\/ar-es\/wp-json\/wp\/v2\/content-group?post=510911"}],"curies":[{"name":"wp","href":"https:\/\/api.w.org\/{rel}","templated":true}]}}