{"id":505911,"date":"2023-02-09T05:26:42","date_gmt":"2023-02-09T05:26:42","guid":{"rendered":"https:\/\/www.capgemini.com\/ar-es\/?page_id=505911"},"modified":"2025-03-28T04:50:33","modified_gmt":"2025-03-28T04:50:33","slug":"digital-transformation-review-11-inteligencia-artificial-decodificada","status":"publish","type":"page","link":"https:\/\/www.capgemini.com\/ar-es\/servicios\/digital-transformation-review-11-inteligencia-artificial-decodificada\/","title":{"rendered":"Digital Transformation Review 11 \u2013 Inteligencia Artificial Decodificada"},"content":{"rendered":"\n<div class=\"wp-block-cg-blocks-hero-picture-card undefined  heroPictureCard\"><div class=\"heroPictureCardBgs\"><picture><source srcset=\"https:\/\/www.capgemini.com\/ar-es\/wp-content\/uploads\/sites\/28\/2023\/02\/webpage-banner-1540x866-18.webp?w=2880&amp;quality=70 1x, https:\/\/www.capgemini.com\/ar-es\/wp-content\/uploads\/sites\/28\/2023\/02\/webpage-banner-1540x866-18.webp?w=2880&amp;quality=70 2x\" media=\"(min-width: 1500px)\"\/><source srcset=\"https:\/\/www.capgemini.com\/ar-es\/wp-content\/uploads\/sites\/28\/2023\/02\/webpage-banner-1540x866-18.webp?w=1440&amp;quality=70 1x, https:\/\/www.capgemini.com\/ar-es\/wp-content\/uploads\/sites\/28\/2023\/02\/webpage-banner-1540x866-18.webp?w=2880&amp;quality=70 2x\" media=\"(min-width: 992px)\"\/><source srcset=\"https:\/\/www.capgemini.com\/ar-es\/wp-content\/uploads\/sites\/28\/2023\/02\/webpage-banner-1540x866-18.webp?w=1024&amp;quality=70 1x, https:\/\/www.capgemini.com\/ar-es\/wp-content\/uploads\/sites\/28\/2023\/02\/webpage-banner-1540x866-18.webp?w=1024&amp;quality=70 2x\" media=\"(min-width: 768px)\"\/><source srcset=\"https:\/\/www.capgemini.com\/ar-es\/wp-content\/uploads\/sites\/28\/2023\/02\/webpage-banner-1540x866-18.webp?w=768&amp;quality=70 1x, https:\/\/www.capgemini.com\/ar-es\/wp-content\/uploads\/sites\/28\/2023\/02\/webpage-banner-1540x866-18.webp?w=768&amp;quality=70 2x\" media=\"(min-width: 0)\"\/><img decoding=\"async\" src=\"https:\/\/www.capgemini.com\/ar-es\/wp-content\/uploads\/sites\/28\/2023\/02\/webpage-banner-1540x866-18.webp\" class=\"desktopImage\" alt=\"\" style=\"object-fit:cover;object-position:62% 28.000000000000004%\" loading=\"eager\"\/><\/picture><picture><source srcset=\"https:\/\/www.capgemini.com\/ar-es\/wp-content\/uploads\/sites\/28\/2023\/02\/webpage-banner-1540x866-18.webp?w=2880&amp;quality=70 1x, https:\/\/www.capgemini.com\/ar-es\/wp-content\/uploads\/sites\/28\/2023\/02\/webpage-banner-1540x866-18.webp?w=2880&amp;quality=70 2x\" media=\"(min-width: 1500px)\"\/><source srcset=\"https:\/\/www.capgemini.com\/ar-es\/wp-content\/uploads\/sites\/28\/2023\/02\/webpage-banner-1540x866-18.webp?w=1440&amp;quality=70 1x, https:\/\/www.capgemini.com\/ar-es\/wp-content\/uploads\/sites\/28\/2023\/02\/webpage-banner-1540x866-18.webp?w=2880&amp;quality=70 2x\" media=\"(min-width: 992px)\"\/><source srcset=\"https:\/\/www.capgemini.com\/ar-es\/wp-content\/uploads\/sites\/28\/2023\/02\/webpage-banner-1540x866-18.webp?w=1024&amp;quality=70 1x, https:\/\/www.capgemini.com\/ar-es\/wp-content\/uploads\/sites\/28\/2023\/02\/webpage-banner-1540x866-18.webp?w=1024&amp;quality=70 2x\" media=\"(min-width: 768px)\"\/><source srcset=\"https:\/\/www.capgemini.com\/ar-es\/wp-content\/uploads\/sites\/28\/2023\/02\/webpage-banner-1540x866-18.webp?w=768&amp;quality=70 1x, https:\/\/www.capgemini.com\/ar-es\/wp-content\/uploads\/sites\/28\/2023\/02\/webpage-banner-1540x866-18.webp?w=768&amp;quality=70 2x\" media=\"(min-width: 0)\"\/><img decoding=\"async\" src=\"https:\/\/www.capgemini.com\/ar-es\/wp-content\/uploads\/sites\/28\/2023\/02\/webpage-banner-1540x866-18.webp\" class=\"mobileImage\" alt=\"\" style=\"object-fit:cover;object-position:62% 28.000000000000004%\" loading=\"eager\"\/><\/picture><\/div><div class=\"heroPictureCardHeaderShape\"><\/div><div class=\"container\"><div class=\"row\"><div class=\"col-md-8 col-lg-6\"><div class=\"heroPictureCardBox\"><div class=\"heroPictureCardBoxTitle\"><h1 data-maxlength=\"144\">Digital Transformation Review 11 \u2013 Inteligencia Artificial Decodificada<\/h1><\/div><\/div><\/div><\/div><\/div><div class=\"small-device\"><div class=\"brandLogoWrapper\"> <\/div><\/div><\/div>\n\n\n\n<section class=\"wp-block-cg-blocks-group undefined section section--article-content\"><div class=\"article-main-content\"><div class=\"container\"><div class=\"row\"><div class=\"col-12 col-md-11 col-lg-10 offset-md-1 offset-lg-1\"><div class=\"article-text article-quote-text\"><\/div><\/div><\/div><\/div><\/div><\/section>\n\n\n\n<section class=\"wp-block-cg-blocks-group undefined section section--article-content\" id=\"quoteWrapper\"><div class=\"article-main-content\"><div class=\"container\"><div class=\"row\"><div class=\"col-12 col-md-11 col-lg-10 offset-md-1 offset-lg-1\"><div class=\"article-text article-quote-text\">\n\n<h4 class=\"wp-block-heading\" id=\"h-inteligencia-artificial-ya-seas-un-entusiasta-proactivo-o-un-observador-lee-este-reporte\">Inteligencia Artificial \u2013 Ya seas un entusiasta proactivo o un observador, lee este reporte.<\/h4>\n\n\n<p>La 11va&nbsp;edici\u00f3n de la principal publicaci\u00f3n de Capgemini, el&nbsp;<strong>Digital Transformation Review<\/strong>, se enfoca en la Inteligencia Artificial (IA). Es un tema de inter\u00e9s tanto para los consumidores como para las empresas.<\/p>\n\n\n<p>Esta edici\u00f3n \u2013&nbsp;<strong>Digital Transformation Review: Artificial Intelligence Decoded<\/strong>&nbsp;\u2013 presenta una perspectiva matizada en la IA para ayudar a eliminar las confusiones y exageraciones.<\/p>\n\n\n<p>Hablamos con l\u00edderes y expertos de un amplio espectro: grandes corporaciones, start-ups tecnol\u00f3gicas, acad\u00e9micos, capitalistas de riesgo y proveedores de tecnolog\u00eda. Tambi\u00e9n cubrimos a los asistentes de voz, un punto de entrada com\u00fan para las organizaciones que buscan explorar los beneficios de la inteligencia artificial.<\/p>\n\n\n<p>\u201c<em>La IA ser\u00e1 la tendencia tecnol\u00f3gica m\u00e1s debatida, disruptiva y con mayor inversi\u00f3n en los pr\u00f3ximos a\u00f1os. Las organizaciones deben de evitar la confusi\u00f3n y comprender c\u00f3mo aplicar esta innovaci\u00f3n, para convertirse en una empresa verdaderamente inteligente.<\/em>\u201d&nbsp;<strong>Lanny Cohen<\/strong>, Chief Innovation Officer, Capgemini.<\/p>\n\n\n<p><strong>&nbsp;<\/strong>Explora las variadas perspectivas en las siguientes secciones.<\/p>\n\n\n<div class=\"wp-block-buttons is-layout-flex wp-block-buttons-is-layout-flex\">\n\n<div class=\"wp-block-button\"><a class=\"wp-block-button__link\" href=\"https:\/\/www.capgemini.com\/ar-es\/wp-content\/uploads\/sites\/28\/2023\/02\/dtr-11_final_web.pdf\" target=\"_blank\" rel=\"noreferrer noopener\">Descargar el informe<\/a><\/div>\n\n<\/div>\n\n<\/div><\/div><\/div><\/div><\/div><\/section>\n","protected":false},"excerpt":{"rendered":"","protected":false},"author":367,"featured_media":505912,"parent":5801,"menu_order":0,"comment_status":"closed","ping_status":"closed","template":"","meta":{"cg_dt_proposed_to":[0],"cg_seo_hreflang_relations":"[]","cg_seo_canonical_relation":"","cg_seo_hreflang_x_default_relation":"","cg_dt_approved_content":false,"cg_dt_mandatory_content":false,"cg_dt_notes":"","cg_dg_source_changed":false,"cg_dt_link_disabled":false,"_yoast_wpseo_primary_brand":"","footnotes":"","featured_focal_points":"","partner_card_description":"","gsap_animation":0},"brand":[],"partner_type":[],"service":[107],"industry":[],"partners":[],"page-type":[183],"content-group":[],"class_list":["post-505911","page","type-page","status-publish","has-post-thumbnail","hentry","service-transformation-innovation","page-type-service"],"yoast_head":"<!-- This site is optimized with the Yoast SEO Premium plugin v22.8 (Yoast SEO v22.8) - https:\/\/yoast.com\/wordpress\/plugins\/seo\/ -->\n<title>Digital Transformation Review 11 \u2013 Inteligencia Artificial Decodificada | Capgemini<\/title>\n<meta name=\"robots\" content=\"index, follow, max-snippet:-1, max-image-preview:large, max-video-preview:-1\" \/>\n<link rel=\"canonical\" href=\"https:\/\/www.capgemini.com\/ar-es\/servicios\/digital-transformation-review-11-inteligencia-artificial-decodificada\/\" \/>\n<meta property=\"og:locale\" content=\"es_MX\" \/>\n<meta property=\"og:type\" content=\"article\" \/>\n<meta property=\"og:title\" content=\"Digital Transformation Review 11 \u2013 Inteligencia Artificial Decodificada\" \/>\n<meta property=\"og:url\" content=\"https:\/\/www.capgemini.com\/ar-es\/servicios\/digital-transformation-review-11-inteligencia-artificial-decodificada\/\" \/>\n<meta property=\"og:site_name\" content=\"Capgemini Argentina\" \/>\n<meta property=\"article:modified_time\" content=\"2025-03-28T04:50:33+00:00\" \/>\n<meta property=\"og:image\" content=\"https:\/\/www.capgemini.com\/ar-es\/wp-content\/uploads\/sites\/9\/2023\/02\/webpage-banner-1540x866-18.webp\" \/>\n\t<meta property=\"og:image:width\" content=\"1540\" \/>\n\t<meta property=\"og:image:height\" content=\"480\" \/>\n\t<meta property=\"og:image:type\" content=\"image\/webp\" \/>\n<meta name=\"twitter:card\" content=\"summary_large_image\" \/>\n<meta name=\"twitter:label1\" content=\"Est. reading time\" \/>\n\t<meta name=\"twitter:data1\" content=\"2 minutes\" \/>\n<script type=\"application\/ld+json\" class=\"yoast-schema-graph\">{\"@context\":\"https:\/\/schema.org\",\"@graph\":[{\"@type\":\"WebPage\",\"@id\":\"https:\/\/www.capgemini.com\/ar-es\/servicios\/digital-transformation-review-11-inteligencia-artificial-decodificada\/\",\"url\":\"https:\/\/www.capgemini.com\/ar-es\/servicios\/digital-transformation-review-11-inteligencia-artificial-decodificada\/\",\"name\":\"Digital Transformation Review 11 \u2013 Inteligencia Artificial Decodificada | Capgemini\",\"isPartOf\":{\"@id\":\"https:\/\/www.capgemini.com\/ar-es\/#website\"},\"primaryImageOfPage\":{\"@id\":\"https:\/\/www.capgemini.com\/ar-es\/servicios\/digital-transformation-review-11-inteligencia-artificial-decodificada\/#primaryimage\"},\"image\":{\"@id\":\"https:\/\/www.capgemini.com\/ar-es\/servicios\/digital-transformation-review-11-inteligencia-artificial-decodificada\/#primaryimage\"},\"thumbnailUrl\":\"https:\/\/www.capgemini.com\/ar-es\/wp-content\/uploads\/sites\/9\/2023\/02\/webpage-banner-1540x866-18.webp\",\"datePublished\":\"2023-02-09T05:26:42+00:00\",\"dateModified\":\"2025-03-28T04:50:33+00:00\",\"breadcrumb\":{\"@id\":\"https:\/\/www.capgemini.com\/ar-es\/servicios\/digital-transformation-review-11-inteligencia-artificial-decodificada\/#breadcrumb\"},\"inLanguage\":\"es-MX\",\"potentialAction\":[{\"@type\":\"ReadAction\",\"target\":[\"https:\/\/www.capgemini.com\/ar-es\/servicios\/digital-transformation-review-11-inteligencia-artificial-decodificada\/\"]}]},{\"@type\":\"ImageObject\",\"inLanguage\":\"es-MX\",\"@id\":\"https:\/\/www.capgemini.com\/ar-es\/servicios\/digital-transformation-review-11-inteligencia-artificial-decodificada\/#primaryimage\",\"url\":\"https:\/\/www.capgemini.com\/ar-es\/wp-content\/uploads\/sites\/9\/2023\/02\/webpage-banner-1540x866-18.webp\",\"contentUrl\":\"https:\/\/www.capgemini.com\/ar-es\/wp-content\/uploads\/sites\/9\/2023\/02\/webpage-banner-1540x866-18.webp\",\"width\":1540,\"height\":480},{\"@type\":\"BreadcrumbList\",\"@id\":\"https:\/\/www.capgemini.com\/ar-es\/servicios\/digital-transformation-review-11-inteligencia-artificial-decodificada\/#breadcrumb\",\"itemListElement\":[{\"@type\":\"ListItem\",\"position\":1,\"name\":\"Home\",\"item\":\"https:\/\/www.capgemini.com\/ar-es\/\"},{\"@type\":\"ListItem\",\"position\":2,\"name\":\"Servicios\",\"item\":\"https:\/\/www.capgemini.com\/ar-es\/servicios\/\"},{\"@type\":\"ListItem\",\"position\":3,\"name\":\"Digital Transformation Review 11 \u2013 Inteligencia Artificial Decodificada\"}]},{\"@type\":\"WebSite\",\"@id\":\"https:\/\/www.capgemini.com\/ar-es\/#website\",\"url\":\"https:\/\/www.capgemini.com\/ar-es\/\",\"name\":\"Capgemini Argentina\",\"description\":\"Capgemini\",\"potentialAction\":[{\"@type\":\"SearchAction\",\"target\":{\"@type\":\"EntryPoint\",\"urlTemplate\":\"https:\/\/www.capgemini.com\/ar-es\/?s={search_term_string}\"},\"query-input\":\"required name=search_term_string\"}],\"inLanguage\":\"es-MX\"}]}<\/script>\n<!-- \/ Yoast SEO Premium plugin. -->","yoast_head_json":{"title":"Digital Transformation Review 11 \u2013 Inteligencia Artificial Decodificada | Capgemini","robots":{"index":"index","follow":"follow","max-snippet":"max-snippet:-1","max-image-preview":"max-image-preview:large","max-video-preview":"max-video-preview:-1"},"canonical":"https:\/\/www.capgemini.com\/ar-es\/servicios\/digital-transformation-review-11-inteligencia-artificial-decodificada\/","og_locale":"es_MX","og_type":"article","og_title":"Digital Transformation Review 11 \u2013 Inteligencia Artificial Decodificada","og_url":"https:\/\/www.capgemini.com\/ar-es\/servicios\/digital-transformation-review-11-inteligencia-artificial-decodificada\/","og_site_name":"Capgemini Argentina","article_modified_time":"2025-03-28T04:50:33+00:00","og_image":[{"width":1540,"height":480,"url":"https:\/\/www.capgemini.com\/ar-es\/wp-content\/uploads\/sites\/9\/2023\/02\/webpage-banner-1540x866-18.webp","type":"image\/webp"}],"twitter_card":"summary_large_image","twitter_misc":{"Est. reading time":"2 minutes"},"schema":{"@context":"https:\/\/schema.org","@graph":[{"@type":"WebPage","@id":"https:\/\/www.capgemini.com\/ar-es\/servicios\/digital-transformation-review-11-inteligencia-artificial-decodificada\/","url":"https:\/\/www.capgemini.com\/ar-es\/servicios\/digital-transformation-review-11-inteligencia-artificial-decodificada\/","name":"Digital Transformation Review 11 \u2013 Inteligencia Artificial Decodificada | Capgemini","isPartOf":{"@id":"https:\/\/www.capgemini.com\/ar-es\/#website"},"primaryImageOfPage":{"@id":"https:\/\/www.capgemini.com\/ar-es\/servicios\/digital-transformation-review-11-inteligencia-artificial-decodificada\/#primaryimage"},"image":{"@id":"https:\/\/www.capgemini.com\/ar-es\/servicios\/digital-transformation-review-11-inteligencia-artificial-decodificada\/#primaryimage"},"thumbnailUrl":"https:\/\/www.capgemini.com\/ar-es\/wp-content\/uploads\/sites\/9\/2023\/02\/webpage-banner-1540x866-18.webp","datePublished":"2023-02-09T05:26:42+00:00","dateModified":"2025-03-28T04:50:33+00:00","breadcrumb":{"@id":"https:\/\/www.capgemini.com\/ar-es\/servicios\/digital-transformation-review-11-inteligencia-artificial-decodificada\/#breadcrumb"},"inLanguage":"es-MX","potentialAction":[{"@type":"ReadAction","target":["https:\/\/www.capgemini.com\/ar-es\/servicios\/digital-transformation-review-11-inteligencia-artificial-decodificada\/"]}]},{"@type":"ImageObject","inLanguage":"es-MX","@id":"https:\/\/www.capgemini.com\/ar-es\/servicios\/digital-transformation-review-11-inteligencia-artificial-decodificada\/#primaryimage","url":"https:\/\/www.capgemini.com\/ar-es\/wp-content\/uploads\/sites\/9\/2023\/02\/webpage-banner-1540x866-18.webp","contentUrl":"https:\/\/www.capgemini.com\/ar-es\/wp-content\/uploads\/sites\/9\/2023\/02\/webpage-banner-1540x866-18.webp","width":1540,"height":480},{"@type":"BreadcrumbList","@id":"https:\/\/www.capgemini.com\/ar-es\/servicios\/digital-transformation-review-11-inteligencia-artificial-decodificada\/#breadcrumb","itemListElement":[{"@type":"ListItem","position":1,"name":"Home","item":"https:\/\/www.capgemini.com\/ar-es\/"},{"@type":"ListItem","position":2,"name":"Servicios","item":"https:\/\/www.capgemini.com\/ar-es\/servicios\/"},{"@type":"ListItem","position":3,"name":"Digital Transformation Review 11 \u2013 Inteligencia Artificial Decodificada"}]},{"@type":"WebSite","@id":"https:\/\/www.capgemini.com\/ar-es\/#website","url":"https:\/\/www.capgemini.com\/ar-es\/","name":"Capgemini Argentina","description":"Capgemini","potentialAction":[{"@type":"SearchAction","target":{"@type":"EntryPoint","urlTemplate":"https:\/\/www.capgemini.com\/ar-es\/?s={search_term_string}"},"query-input":"required name=search_term_string"}],"inLanguage":"es-MX"}]}},"brand_term":[],"parsely":{"version":"1.1.0","canonical_url":"https:\/\/capgemini.com\/ar-es\/servicios\/digital-transformation-review-11-inteligencia-artificial-decodificada\/","smart_links":{"inbound":0,"outbound":0},"traffic_boost_suggestions_count":0,"meta":{"@context":"https:\/\/schema.org","@type":"WebPage","headline":"Digital Transformation Review 11 \u2013 Inteligencia Artificial Decodificada","url":"https:\/\/www.capgemini.com\/ar-es\/servicios\/digital-transformation-review-11-inteligencia-artificial-decodificada\/","mainEntityOfPage":{"@type":"WebPage","@id":"https:\/\/www.capgemini.com\/ar-es\/servicios\/digital-transformation-review-11-inteligencia-artificial-decodificada\/"},"thumbnailUrl":"https:\/\/www.capgemini.com\/ar-es\/wp-content\/uploads\/sites\/9\/2023\/02\/webpage-banner-1540x866-18.webp?w=150&h=150&crop=1","image":{"@type":"ImageObject","url":"https:\/\/www.capgemini.com\/ar-es\/wp-content\/uploads\/sites\/9\/2023\/02\/webpage-banner-1540x866-18.webp"},"articleSection":"Uncategorized","author":[],"creator":[],"publisher":{"@type":"Organization","name":"Capgemini Argentina","logo":""},"keywords":[],"dateCreated":"2023-02-09T05:26:42Z","datePublished":"2023-02-09T05:26:42Z","dateModified":"2025-03-28T04:50:33Z"},"rendered":"<meta name=\"parsely-title\" content=\"Digital Transformation Review 11 \u2013 Inteligencia Artificial Decodificada\" \/>\n<meta name=\"parsely-link\" content=\"https:\/\/www.capgemini.com\/ar-es\/servicios\/digital-transformation-review-11-inteligencia-artificial-decodificada\/\" \/>\n<meta name=\"parsely-type\" content=\"index\" \/>\n<meta name=\"parsely-image-url\" content=\"https:\/\/www.capgemini.com\/ar-es\/wp-content\/uploads\/sites\/9\/2023\/02\/webpage-banner-1540x866-18.webp?w=150&amp;h=150&amp;crop=1\" \/>\n<meta name=\"parsely-pub-date\" content=\"2023-02-09T05:26:42Z\" \/>\n<meta name=\"parsely-section\" content=\"Uncategorized\" \/>","tracker_url":"https:\/\/cdn.parsely.com\/keys\/capgemini.com\/p.js"},"archive_status":false,"featured_image_src":"https:\/\/www.capgemini.com\/ar-es\/wp-content\/uploads\/sites\/9\/2023\/02\/webpage-banner-1540x866-18.webp","featured_image_alt":"","jetpack_sharing_enabled":true,"distributor_meta":false,"distributor_terms":false,"distributor_media":false,"distributor_original_site_name":"Capgemini Argentina","distributor_original_site_url":"https:\/\/www.capgemini.com\/ar-es","push-errors":false,"_links":{"self":[{"href":"https:\/\/www.capgemini.com\/ar-es\/wp-json\/wp\/v2\/pages\/505911","targetHints":{"allow":["GET"]}}],"collection":[{"href":"https:\/\/www.capgemini.com\/ar-es\/wp-json\/wp\/v2\/pages"}],"about":[{"href":"https:\/\/www.capgemini.com\/ar-es\/wp-json\/wp\/v2\/types\/page"}],"author":[{"embeddable":true,"href":"https:\/\/www.capgemini.com\/ar-es\/wp-json\/wp\/v2\/users\/367"}],"replies":[{"embeddable":true,"href":"https:\/\/www.capgemini.com\/ar-es\/wp-json\/wp\/v2\/comments?post=505911"}],"version-history":[{"count":4,"href":"https:\/\/www.capgemini.com\/ar-es\/wp-json\/wp\/v2\/pages\/505911\/revisions"}],"predecessor-version":[{"id":515766,"href":"https:\/\/www.capgemini.com\/ar-es\/wp-json\/wp\/v2\/pages\/505911\/revisions\/515766"}],"up":[{"embeddable":true,"href":"https:\/\/www.capgemini.com\/ar-es\/wp-json\/wp\/v2\/pages\/5801"}],"wp:featuredmedia":[{"embeddable":true,"href":"https:\/\/www.capgemini.com\/ar-es\/wp-json\/wp\/v2\/media\/505912"}],"wp:attachment":[{"href":"https:\/\/www.capgemini.com\/ar-es\/wp-json\/wp\/v2\/media?parent=505911"}],"wp:term":[{"taxonomy":"brand","embeddable":true,"href":"https:\/\/www.capgemini.com\/ar-es\/wp-json\/wp\/v2\/brand?post=505911"},{"taxonomy":"partner_type","embeddable":true,"href":"https:\/\/www.capgemini.com\/ar-es\/wp-json\/wp\/v2\/partner_type?post=505911"},{"taxonomy":"service","embeddable":true,"href":"https:\/\/www.capgemini.com\/ar-es\/wp-json\/wp\/v2\/service?post=505911"},{"taxonomy":"industry","embeddable":true,"href":"https:\/\/www.capgemini.com\/ar-es\/wp-json\/wp\/v2\/industry?post=505911"},{"taxonomy":"partners","embeddable":true,"href":"https:\/\/www.capgemini.com\/ar-es\/wp-json\/wp\/v2\/partners?post=505911"},{"taxonomy":"page-type","embeddable":true,"href":"https:\/\/www.capgemini.com\/ar-es\/wp-json\/wp\/v2\/page-type?post=505911"},{"taxonomy":"content-group","embeddable":true,"href":"https:\/\/www.capgemini.com\/ar-es\/wp-json\/wp\/v2\/content-group?post=505911"}],"curies":[{"name":"wp","href":"https:\/\/api.w.org\/{rel}","templated":true}]}}