{"id":505870,"date":"2023-02-09T04:02:44","date_gmt":"2023-02-09T04:02:44","guid":{"rendered":"https:\/\/www.capgemini.com\/ar-es\/?page_id=505870"},"modified":"2026-01-09T14:14:26","modified_gmt":"2026-01-09T14:14:26","slug":"gdpr-readiness","status":"publish","type":"page","link":"https:\/\/www.capgemini.com\/ar-es\/servicios\/gdpr-readiness\/","title":{"rendered":"Prep\u00e1rate para el GDPR"},"content":{"rendered":"\n<div class=\"wp-block-cg-blocks-hero-picture-card undefined  heroPictureCard\"><div class=\"heroPictureCardBgs\"><picture><source srcset=\"https:\/\/www.capgemini.com\/ar-es\/wp-content\/uploads\/sites\/28\/2023\/02\/990-x-316px.webp?w=2880&amp;quality=70 1x, https:\/\/www.capgemini.com\/ar-es\/wp-content\/uploads\/sites\/28\/2023\/02\/990-x-316px.webp?w=2880&amp;quality=70 2x\" media=\"(min-width: 1500px)\"\/><source srcset=\"https:\/\/www.capgemini.com\/ar-es\/wp-content\/uploads\/sites\/28\/2023\/02\/990-x-316px.webp?w=1440&amp;quality=70 1x, https:\/\/www.capgemini.com\/ar-es\/wp-content\/uploads\/sites\/28\/2023\/02\/990-x-316px.webp?w=2880&amp;quality=70 2x\" media=\"(min-width: 992px)\"\/><source srcset=\"https:\/\/www.capgemini.com\/ar-es\/wp-content\/uploads\/sites\/28\/2023\/02\/990-x-316px.webp?w=1024&amp;quality=70 1x, https:\/\/www.capgemini.com\/ar-es\/wp-content\/uploads\/sites\/28\/2023\/02\/990-x-316px.webp?w=1024&amp;quality=70 2x\" media=\"(min-width: 768px)\"\/><source srcset=\"https:\/\/www.capgemini.com\/ar-es\/wp-content\/uploads\/sites\/28\/2023\/02\/990-x-316px.webp?w=768&amp;quality=70 1x, https:\/\/www.capgemini.com\/ar-es\/wp-content\/uploads\/sites\/28\/2023\/02\/990-x-316px.webp?w=768&amp;quality=70 2x\" media=\"(min-width: 0)\"\/><img decoding=\"async\" src=\"https:\/\/www.capgemini.com\/ar-es\/wp-content\/uploads\/sites\/28\/2023\/02\/990-x-316px.webp\" class=\"desktopImage\" alt=\"\" style=\"object-fit:cover;object-position:62% 28.000000000000004%\" loading=\"eager\"\/><\/picture><picture><source srcset=\"https:\/\/www.capgemini.com\/ar-es\/wp-content\/uploads\/sites\/28\/2023\/02\/990-x-316px.webp?w=2880&amp;quality=70 1x, https:\/\/www.capgemini.com\/ar-es\/wp-content\/uploads\/sites\/28\/2023\/02\/990-x-316px.webp?w=2880&amp;quality=70 2x\" media=\"(min-width: 1500px)\"\/><source srcset=\"https:\/\/www.capgemini.com\/ar-es\/wp-content\/uploads\/sites\/28\/2023\/02\/990-x-316px.webp?w=1440&amp;quality=70 1x, https:\/\/www.capgemini.com\/ar-es\/wp-content\/uploads\/sites\/28\/2023\/02\/990-x-316px.webp?w=2880&amp;quality=70 2x\" media=\"(min-width: 992px)\"\/><source srcset=\"https:\/\/www.capgemini.com\/ar-es\/wp-content\/uploads\/sites\/28\/2023\/02\/990-x-316px.webp?w=1024&amp;quality=70 1x, https:\/\/www.capgemini.com\/ar-es\/wp-content\/uploads\/sites\/28\/2023\/02\/990-x-316px.webp?w=1024&amp;quality=70 2x\" media=\"(min-width: 768px)\"\/><source srcset=\"https:\/\/www.capgemini.com\/ar-es\/wp-content\/uploads\/sites\/28\/2023\/02\/990-x-316px.webp?w=768&amp;quality=70 1x, https:\/\/www.capgemini.com\/ar-es\/wp-content\/uploads\/sites\/28\/2023\/02\/990-x-316px.webp?w=768&amp;quality=70 2x\" media=\"(min-width: 0)\"\/><img decoding=\"async\" src=\"https:\/\/www.capgemini.com\/ar-es\/wp-content\/uploads\/sites\/28\/2023\/02\/990-x-316px.webp\" class=\"mobileImage\" alt=\"\" style=\"object-fit:cover;object-position:62% 28.000000000000004%\" loading=\"eager\"\/><\/picture><\/div><div class=\"heroPictureCardHeaderShape\"><\/div><div class=\"container\"><div class=\"row\"><div class=\"col-md-8 col-lg-6\"><div class=\"heroPictureCardBox\"><div class=\"heroPictureCardBoxTitle\"><h1 data-maxlength=\"144\">Prep\u00e1rate para el GDPR<\/h1><\/div><\/div><\/div><\/div><\/div><div class=\"small-device\"><div class=\"brandLogoWrapper\"> <\/div><\/div><\/div>\n\n\n\n<section class=\"wp-block-cg-blocks-group undefined section section--article-content\"><div class=\"article-main-content\"><div class=\"container\"><div class=\"row\"><div class=\"col-12 col-md-11 col-lg-10 offset-md-1 offset-lg-1\"><div class=\"article-text article-quote-text\"><\/div><\/div><\/div><\/div><\/div><\/section>\n\n\n\n<section class=\"wp-block-cg-blocks-group undefined section section--article-content\"><div class=\"article-main-content\"><div class=\"container\"><div class=\"row\"><div class=\"col-12 col-md-11 col-lg-10 offset-md-1 offset-lg-1\"><div class=\"article-text article-quote-text\">\n<p>El GDPR no es solo un requisito normativo. Es una oportunidad para generar confianza con tus clientes y empleados.<\/p>\n\n\n\n<p>Si se hace mal, te arriesgas a recibir sanciones econ\u00f3micas y a que la gente se aleje. Si se hace bien, ir\u00e1s por delante de los dem\u00e1s.<\/p>\n\n\n\n<p>Capgemini puede ayudarte a aprovechar al m\u00e1ximo la inevitable oportunidad del GDPR. Cualquiera que sea la etapa del viaje en la que te encuentres, podemos implementar soluciones pr\u00e1cticas para ayudarte a cumplir con la normativa y utilizar los datos de forma m\u00e1s estrat\u00e9gica para beneficiar a tu organizaci\u00f3n.<\/p>\n\n\n\n<h3 class=\"wp-block-heading\" id=\"h-todo-el-mundo-habla-del-cumplimiento\"><strong>Todo el mundo habla del cumplimiento\u2026<\/strong><\/h3>\n\n\n\n<p>S\u00ed, hay grandes requisitos del GDPR, y graves riesgos y sanciones econ\u00f3micas por no cumplirlo.<\/p>\n\n\n\n<p>En toda la empresa digital, hay varios retos:<\/p>\n\n\n\n<ul class=\"wp-block-list\">\n<li>El incumplimiento puede da\u00f1ar la reputaci\u00f3n de tu marca y tus resultados<\/li>\n\n\n\n<li>Los entornos de aplicaciones, datos y seguridad pueden necesitar mucho trabajo para cumplir con la normativa<\/li>\n\n\n\n<li>Si las personas activan sus nuevos derechos, podr\u00eda haber un gran cambio en la forma en que quieren que se comunique con ellos<\/li>\n\n\n\n<li>C\u00f3mo lograr el cumplimiento de los datos personales de los empleados futuros, pasados y actuales<\/li>\n<\/ul>\n\n\n\n<h3 class=\"wp-block-heading\" id=\"h-pero-tambien-hay-una-oportunidad\"><strong>\u2026 pero tambi\u00e9n hay una oportunidad<\/strong><\/h3>\n\n\n\n<p>Los datos son el combustible de toda organizaci\u00f3n. Y si sus datos son limpios, seguros, organizados y accesibles, la gente tendr\u00e1 m\u00e1s confianza en tu organizaci\u00f3n. Lejos de frenar la forma de monetizar los datos o de construir estrategias digitales en torno al valor de tus datos, el GDPR puede ayudar a impulsarlos. Puede ayudarte a ser m\u00e1s competitivo y productivo, y permitirte buscar posibilidades digitales m\u00e1s amplias.<\/p>\n\n\n\n<p>Sin embargo, la mayor\u00eda de los proveedores solo se centran en el cumplimiento. Y ese enfoque socava las estrategias de datos planificadas y futuras, como consecuencia, podr\u00edas perder esas oportunidades m\u00e1s amplias.<\/p>\n\n\n\n<h3 class=\"wp-block-heading\" id=\"h-te-ayudaremos-a-sacar-el-maximo-provecho-de-ambos\"><strong>Te ayudaremos a sacar el m\u00e1ximo provecho de ambos<\/strong><\/h3>\n\n\n\n<p>Capgemini puede ayudarte a aprovechar las dos caras del GDPR. Combinamos una forma \u00e1gil de trabajar con una selecci\u00f3n de servicios flexibles, para que puedas:<\/p>\n\n\n\n<ul class=\"wp-block-list\">\n<li>Cumplir con las necesidades de los reguladores, clientes, ciudadanos y empleados<\/li>\n\n\n\n<li>Incorporar la confianza digital a tus procesos y sistemas mediante el dise\u00f1o<\/li>\n\n\n\n<li>Equipar a los equipos empresariales y de TI con servicios digitales inteligentes y automatizados.<\/li>\n<\/ul>\n\n\n\n<p>Como resultado, no s\u00f3lo cumplir\u00e1s con la normativa, sino que tambi\u00e9n ir\u00e1s por delante.<\/p>\n\n\n\n<h3 class=\"wp-block-heading\" id=\"h-como\"><strong>\u00bfC\u00f3mo?<\/strong><\/h3>\n\n\n\n<ul class=\"wp-block-list\">\n<li>Adoptamos un enfoque estrat\u00e9gico para el GDPR, ayud\u00e1ndote a avanzar hacia el cumplimiento, pero tambi\u00e9n a aprovechar la oportunidad de negocio<\/li>\n\n\n\n<li>Construimos la confianza mediante el dise\u00f1o, utilizando una lente centrada en el individuo para impulsar la privacidad, protecci\u00f3n y transparencia<\/li>\n\n\n\n<li>Nuestra metodolog\u00eda \u00e1gil nos permite centrarnos en tus retos y prioridades espec\u00edficas del GDPR. As\u00ed que tu defines los par\u00e1metros, no nosotros<\/li>\n\n\n\n<li>A diferencia de otros, podemos ayudarte en todo, desde la evaluaci\u00f3n de la preparaci\u00f3n para el GDPR, pasando por la implantaci\u00f3n, hasta la supervisi\u00f3n. Nuestros consultores y profesionales est\u00e1n preparados para poner manos a la obra e implementarlo.<\/li>\n<\/ul>\n\n\n\n<section class=\"wp-block-cg-blocks-intro-para-video section section--info-2cols section-invent-info is-style-cg-sapphire2\"><div class=\"container article-text\"><div class=\"video-box\"><div class=\"video-wrapper\"><iframe title=\"video section\" src=\"https:\/\/www.youtube.com\/embed\/_CtetS5snaY\" frameborder=\"0\" rel=\"0\" allow=\"accelerometer; autoplay; encrypted-media; gyroscope; picture-in-picture\" allowfullscreen><\/iframe><\/div><\/div><\/div><\/section>\n\n\n\n<h4 class=\"wp-block-heading\" id=\"h-un-dia-en-la-vida-de-un-ciso-tres-puntos-de-vista-sobre-el-camino-hacia-el-cumplimiento-del-gdpr\"><strong>Un d\u00eda en la vida de un CISO: tres puntos de vista sobre el camino hacia el cumplimiento del GDPR<\/strong><\/h4>\n\n\n\n<p>En el per\u00edodo previo al cumplimiento del GDPR, Jane, nuestra bloguera CISO, entrevista a tres expertos para encontrar respuestas a las preguntas clave. Tres puntos de vista diferentes para cubrir todas las bases sobre los retos del GDPR.<\/p>\n\n\n\n<figure class=\"wp-block-image alignleft\"><img decoding=\"async\" src=\"https:\/\/www.capgemini.com\/ar-es\/wp-content\/uploads\/sites\/39\/2018\/01\/bojana_thumbnail.jpg?w=300\" alt=\"\" class=\"wp-image-103006\"\/><\/figure>\n\n\n\n<h4 class=\"wp-block-heading\" id=\"h-bojana-bellamy-presidenta-del-nbsp-centro-de-liderazgo-en-politicas-de-informacion\"><strong>Bojana Bellamy, Presidenta del&nbsp;<a href=\"https:\/\/www.informationpolicycentre.com\/\">Centro de Liderazgo en Pol\u00edticas de Informaci\u00f3n<\/a><\/strong><\/h4>\n\n\n\n<p>Jane se re\u00fane con Bojana para hablar del papel fundamental que desempe\u00f1ar\u00e1n los CISO para que sus organizaciones cumplan con el GDPR.<\/p>\n\n\n\n<p><a href=\"\/ar-es\/servicios\/\">\u00a1Visualiza el v\u00eddeo aqu\u00ed!<\/a><\/p>\n\n\n\n<figure class=\"wp-block-image alignleft\"><img decoding=\"async\" src=\"https:\/\/www.capgemini.com\/ar-es\/wp-content\/uploads\/sites\/39\/2018\/01\/sarah_thumbnail.jpg?w=300\" alt=\"\" class=\"wp-image-103007\"\/><\/figure>\n\n\n\n<h4 class=\"wp-block-heading\" id=\"h-sarah-taieb-responsable-de-proteccion-de-datos-del-grupo-ipsen\"><strong>Sarah Ta\u00efeb, responsable de protecci\u00f3n de datos del grupo Ipsen<\/strong><\/h4>\n\n\n\n<p>Jane se re\u00fane con Sarah para hablar de por qu\u00e9 la colaboraci\u00f3n entre el CISO y el responsable de protecci\u00f3n de datos es esencial para cualquier programa de GDPR.<\/p>\n\n\n\n<p><a href=\"\/ar-es\/servicios\/\">\u00a1Visualiza el v\u00eddeo aqu\u00ed!<\/a><\/p>\n\n\n\n<figure class=\"wp-block-image alignleft\"><img decoding=\"async\" src=\"https:\/\/www.capgemini.com\/ar-es\/wp-content\/uploads\/sites\/39\/2018\/01\/enja_thumbnail.jpg?w=300\" alt=\"\" class=\"wp-image-103008\"\/><\/figure>\n\n\n\n<h4 class=\"wp-block-heading\" id=\"h-enza-iannopollo-analista-de-negocios-en-forrester-research\"><strong>Enza Iannopollo, analista de negocios en Forrester Research<\/strong><\/h4>\n\n\n\n<p>Jane se re\u00fane con Enza para hablar de por qu\u00e9 el descubrimiento de datos y la clasificaci\u00f3n de datos son el punto de partida, no solo para el cumplimiento del GDPR, sino para cualquier programa de privacidad o seguridad de datos.<\/p>\n\n\n\n<p><a href=\"\/ar-es\/servicios\/\">\u00a1Visualiza el v\u00eddeo aqu\u00ed!<\/a><\/p>\n<\/div><\/div><\/div><\/div><\/div><\/section>\n","protected":false},"excerpt":{"rendered":"","protected":false},"author":367,"featured_media":505872,"parent":5801,"menu_order":0,"comment_status":"closed","ping_status":"closed","template":"","meta":{"cg_dt_proposed_to":[0],"cg_seo_hreflang_relations":"[]","cg_seo_canonical_relation":"","cg_seo_hreflang_x_default_relation":"","cg_dt_approved_content":false,"cg_dt_mandatory_content":false,"cg_dt_notes":"","cg_dg_source_changed":false,"cg_dt_link_disabled":false,"_yoast_wpseo_primary_brand":"","footnotes":"","featured_focal_points":"","partner_card_description":"","gsap_animation":0},"brand":[],"partner_type":[],"service":[155],"industry":[],"partners":[],"page-type":[183],"content-group":[],"class_list":["post-505870","page","type-page","status-publish","has-post-thumbnail","hentry","service-intelligent-business-operations","page-type-service"],"yoast_head":"<!-- This site is optimized with the Yoast SEO Premium plugin v22.8 (Yoast SEO v22.8) - https:\/\/yoast.com\/wordpress\/plugins\/seo\/ -->\n<title>Prep\u00e1rate para el GDPR | Capgemini<\/title>\n<meta name=\"robots\" content=\"index, follow, max-snippet:-1, max-image-preview:large, max-video-preview:-1\" \/>\n<link rel=\"canonical\" href=\"https:\/\/www.capgemini.com\/ar-es\/servicios\/gdpr-readiness\/\" \/>\n<meta property=\"og:locale\" content=\"es_MX\" \/>\n<meta property=\"og:type\" content=\"article\" \/>\n<meta property=\"og:title\" content=\"Prep\u00e1rate para el GDPR\" \/>\n<meta property=\"og:url\" content=\"https:\/\/www.capgemini.com\/ar-es\/servicios\/gdpr-readiness\/\" \/>\n<meta property=\"og:site_name\" content=\"Capgemini Argentina\" \/>\n<meta property=\"article:modified_time\" content=\"2026-01-09T14:14:26+00:00\" \/>\n<meta property=\"og:image\" content=\"https:\/\/www.capgemini.com\/ar-es\/wp-content\/uploads\/sites\/9\/2023\/02\/990-x-316px.webp\" \/>\n\t<meta property=\"og:image:width\" content=\"990\" \/>\n\t<meta property=\"og:image:height\" content=\"316\" \/>\n\t<meta property=\"og:image:type\" content=\"image\/webp\" \/>\n<meta name=\"twitter:card\" content=\"summary_large_image\" \/>\n<meta name=\"twitter:label1\" content=\"Est. reading time\" \/>\n\t<meta name=\"twitter:data1\" content=\"5 minutes\" \/>\n<script type=\"application\/ld+json\" class=\"yoast-schema-graph\">{\"@context\":\"https:\/\/schema.org\",\"@graph\":[{\"@type\":\"WebPage\",\"@id\":\"https:\/\/www.capgemini.com\/ar-es\/servicios\/gdpr-readiness\/\",\"url\":\"https:\/\/www.capgemini.com\/ar-es\/servicios\/gdpr-readiness\/\",\"name\":\"Prep\u00e1rate para el GDPR | Capgemini\",\"isPartOf\":{\"@id\":\"https:\/\/www.capgemini.com\/ar-es\/#website\"},\"primaryImageOfPage\":{\"@id\":\"https:\/\/www.capgemini.com\/ar-es\/servicios\/gdpr-readiness\/#primaryimage\"},\"image\":{\"@id\":\"https:\/\/www.capgemini.com\/ar-es\/servicios\/gdpr-readiness\/#primaryimage\"},\"thumbnailUrl\":\"https:\/\/www.capgemini.com\/ar-es\/wp-content\/uploads\/sites\/9\/2023\/02\/990-x-316px.webp\",\"datePublished\":\"2023-02-09T04:02:44+00:00\",\"dateModified\":\"2026-01-09T14:14:26+00:00\",\"breadcrumb\":{\"@id\":\"https:\/\/www.capgemini.com\/ar-es\/servicios\/gdpr-readiness\/#breadcrumb\"},\"inLanguage\":\"es-MX\",\"potentialAction\":[{\"@type\":\"ReadAction\",\"target\":[\"https:\/\/www.capgemini.com\/ar-es\/servicios\/gdpr-readiness\/\"]}]},{\"@type\":\"ImageObject\",\"inLanguage\":\"es-MX\",\"@id\":\"https:\/\/www.capgemini.com\/ar-es\/servicios\/gdpr-readiness\/#primaryimage\",\"url\":\"https:\/\/www.capgemini.com\/ar-es\/wp-content\/uploads\/sites\/9\/2023\/02\/990-x-316px.webp\",\"contentUrl\":\"https:\/\/www.capgemini.com\/ar-es\/wp-content\/uploads\/sites\/9\/2023\/02\/990-x-316px.webp\",\"width\":990,\"height\":316},{\"@type\":\"BreadcrumbList\",\"@id\":\"https:\/\/www.capgemini.com\/ar-es\/servicios\/gdpr-readiness\/#breadcrumb\",\"itemListElement\":[{\"@type\":\"ListItem\",\"position\":1,\"name\":\"Home\",\"item\":\"https:\/\/www.capgemini.com\/ar-es\/\"},{\"@type\":\"ListItem\",\"position\":2,\"name\":\"Servicios\",\"item\":\"https:\/\/www.capgemini.com\/ar-es\/servicios\/\"},{\"@type\":\"ListItem\",\"position\":3,\"name\":\"Prep\u00e1rate para el GDPR\"}]},{\"@type\":\"WebSite\",\"@id\":\"https:\/\/www.capgemini.com\/ar-es\/#website\",\"url\":\"https:\/\/www.capgemini.com\/ar-es\/\",\"name\":\"Capgemini Argentina\",\"description\":\"Capgemini\",\"potentialAction\":[{\"@type\":\"SearchAction\",\"target\":{\"@type\":\"EntryPoint\",\"urlTemplate\":\"https:\/\/www.capgemini.com\/ar-es\/?s={search_term_string}\"},\"query-input\":\"required name=search_term_string\"}],\"inLanguage\":\"es-MX\"}]}<\/script>\n<!-- \/ Yoast SEO Premium plugin. -->","yoast_head_json":{"title":"Prep\u00e1rate para el GDPR | Capgemini","robots":{"index":"index","follow":"follow","max-snippet":"max-snippet:-1","max-image-preview":"max-image-preview:large","max-video-preview":"max-video-preview:-1"},"canonical":"https:\/\/www.capgemini.com\/ar-es\/servicios\/gdpr-readiness\/","og_locale":"es_MX","og_type":"article","og_title":"Prep\u00e1rate para el GDPR","og_url":"https:\/\/www.capgemini.com\/ar-es\/servicios\/gdpr-readiness\/","og_site_name":"Capgemini Argentina","article_modified_time":"2026-01-09T14:14:26+00:00","og_image":[{"width":990,"height":316,"url":"https:\/\/www.capgemini.com\/ar-es\/wp-content\/uploads\/sites\/9\/2023\/02\/990-x-316px.webp","type":"image\/webp"}],"twitter_card":"summary_large_image","twitter_misc":{"Est. reading time":"5 minutes"},"schema":{"@context":"https:\/\/schema.org","@graph":[{"@type":"WebPage","@id":"https:\/\/www.capgemini.com\/ar-es\/servicios\/gdpr-readiness\/","url":"https:\/\/www.capgemini.com\/ar-es\/servicios\/gdpr-readiness\/","name":"Prep\u00e1rate para el GDPR | Capgemini","isPartOf":{"@id":"https:\/\/www.capgemini.com\/ar-es\/#website"},"primaryImageOfPage":{"@id":"https:\/\/www.capgemini.com\/ar-es\/servicios\/gdpr-readiness\/#primaryimage"},"image":{"@id":"https:\/\/www.capgemini.com\/ar-es\/servicios\/gdpr-readiness\/#primaryimage"},"thumbnailUrl":"https:\/\/www.capgemini.com\/ar-es\/wp-content\/uploads\/sites\/9\/2023\/02\/990-x-316px.webp","datePublished":"2023-02-09T04:02:44+00:00","dateModified":"2026-01-09T14:14:26+00:00","breadcrumb":{"@id":"https:\/\/www.capgemini.com\/ar-es\/servicios\/gdpr-readiness\/#breadcrumb"},"inLanguage":"es-MX","potentialAction":[{"@type":"ReadAction","target":["https:\/\/www.capgemini.com\/ar-es\/servicios\/gdpr-readiness\/"]}]},{"@type":"ImageObject","inLanguage":"es-MX","@id":"https:\/\/www.capgemini.com\/ar-es\/servicios\/gdpr-readiness\/#primaryimage","url":"https:\/\/www.capgemini.com\/ar-es\/wp-content\/uploads\/sites\/9\/2023\/02\/990-x-316px.webp","contentUrl":"https:\/\/www.capgemini.com\/ar-es\/wp-content\/uploads\/sites\/9\/2023\/02\/990-x-316px.webp","width":990,"height":316},{"@type":"BreadcrumbList","@id":"https:\/\/www.capgemini.com\/ar-es\/servicios\/gdpr-readiness\/#breadcrumb","itemListElement":[{"@type":"ListItem","position":1,"name":"Home","item":"https:\/\/www.capgemini.com\/ar-es\/"},{"@type":"ListItem","position":2,"name":"Servicios","item":"https:\/\/www.capgemini.com\/ar-es\/servicios\/"},{"@type":"ListItem","position":3,"name":"Prep\u00e1rate para el GDPR"}]},{"@type":"WebSite","@id":"https:\/\/www.capgemini.com\/ar-es\/#website","url":"https:\/\/www.capgemini.com\/ar-es\/","name":"Capgemini Argentina","description":"Capgemini","potentialAction":[{"@type":"SearchAction","target":{"@type":"EntryPoint","urlTemplate":"https:\/\/www.capgemini.com\/ar-es\/?s={search_term_string}"},"query-input":"required name=search_term_string"}],"inLanguage":"es-MX"}]}},"brand_term":[],"parsely":{"version":"1.1.0","canonical_url":"https:\/\/capgemini.com\/ar-es\/servicios\/gdpr-readiness\/","smart_links":{"inbound":0,"outbound":0},"traffic_boost_suggestions_count":0,"meta":{"@context":"https:\/\/schema.org","@type":"WebPage","headline":"Prep\u00e1rate para el GDPR","url":"https:\/\/www.capgemini.com\/ar-es\/servicios\/gdpr-readiness\/","mainEntityOfPage":{"@type":"WebPage","@id":"https:\/\/www.capgemini.com\/ar-es\/servicios\/gdpr-readiness\/"},"thumbnailUrl":"https:\/\/www.capgemini.com\/ar-es\/wp-content\/uploads\/sites\/9\/2023\/02\/990-x-316px.webp?w=150&h=150&crop=1","image":{"@type":"ImageObject","url":"https:\/\/www.capgemini.com\/ar-es\/wp-content\/uploads\/sites\/9\/2023\/02\/990-x-316px.webp"},"articleSection":"Uncategorized","author":[],"creator":[],"publisher":{"@type":"Organization","name":"Capgemini Argentina","logo":""},"keywords":[],"dateCreated":"2023-02-09T04:02:44Z","datePublished":"2023-02-09T04:02:44Z","dateModified":"2026-01-09T14:14:26Z"},"rendered":"<meta name=\"parsely-title\" content=\"Prep\u00e1rate para el GDPR\" \/>\n<meta name=\"parsely-link\" content=\"https:\/\/www.capgemini.com\/ar-es\/servicios\/gdpr-readiness\/\" \/>\n<meta name=\"parsely-type\" content=\"index\" \/>\n<meta name=\"parsely-image-url\" content=\"https:\/\/www.capgemini.com\/ar-es\/wp-content\/uploads\/sites\/9\/2023\/02\/990-x-316px.webp?w=150&amp;h=150&amp;crop=1\" \/>\n<meta name=\"parsely-pub-date\" content=\"2023-02-09T04:02:44Z\" \/>\n<meta name=\"parsely-section\" content=\"Uncategorized\" \/>","tracker_url":"https:\/\/cdn.parsely.com\/keys\/capgemini.com\/p.js"},"archive_status":false,"featured_image_src":"https:\/\/www.capgemini.com\/ar-es\/wp-content\/uploads\/sites\/9\/2023\/02\/990-x-316px.webp","featured_image_alt":"","jetpack_sharing_enabled":true,"distributor_meta":false,"distributor_terms":false,"distributor_media":false,"distributor_original_site_name":"Capgemini Argentina","distributor_original_site_url":"https:\/\/www.capgemini.com\/ar-es","push-errors":false,"_links":{"self":[{"href":"https:\/\/www.capgemini.com\/ar-es\/wp-json\/wp\/v2\/pages\/505870","targetHints":{"allow":["GET"]}}],"collection":[{"href":"https:\/\/www.capgemini.com\/ar-es\/wp-json\/wp\/v2\/pages"}],"about":[{"href":"https:\/\/www.capgemini.com\/ar-es\/wp-json\/wp\/v2\/types\/page"}],"author":[{"embeddable":true,"href":"https:\/\/www.capgemini.com\/ar-es\/wp-json\/wp\/v2\/users\/367"}],"replies":[{"embeddable":true,"href":"https:\/\/www.capgemini.com\/ar-es\/wp-json\/wp\/v2\/comments?post=505870"}],"version-history":[{"count":4,"href":"https:\/\/www.capgemini.com\/ar-es\/wp-json\/wp\/v2\/pages\/505870\/revisions"}],"predecessor-version":[{"id":520712,"href":"https:\/\/www.capgemini.com\/ar-es\/wp-json\/wp\/v2\/pages\/505870\/revisions\/520712"}],"up":[{"embeddable":true,"href":"https:\/\/www.capgemini.com\/ar-es\/wp-json\/wp\/v2\/pages\/5801"}],"wp:featuredmedia":[{"embeddable":true,"href":"https:\/\/www.capgemini.com\/ar-es\/wp-json\/wp\/v2\/media\/505872"}],"wp:attachment":[{"href":"https:\/\/www.capgemini.com\/ar-es\/wp-json\/wp\/v2\/media?parent=505870"}],"wp:term":[{"taxonomy":"brand","embeddable":true,"href":"https:\/\/www.capgemini.com\/ar-es\/wp-json\/wp\/v2\/brand?post=505870"},{"taxonomy":"partner_type","embeddable":true,"href":"https:\/\/www.capgemini.com\/ar-es\/wp-json\/wp\/v2\/partner_type?post=505870"},{"taxonomy":"service","embeddable":true,"href":"https:\/\/www.capgemini.com\/ar-es\/wp-json\/wp\/v2\/service?post=505870"},{"taxonomy":"industry","embeddable":true,"href":"https:\/\/www.capgemini.com\/ar-es\/wp-json\/wp\/v2\/industry?post=505870"},{"taxonomy":"partners","embeddable":true,"href":"https:\/\/www.capgemini.com\/ar-es\/wp-json\/wp\/v2\/partners?post=505870"},{"taxonomy":"page-type","embeddable":true,"href":"https:\/\/www.capgemini.com\/ar-es\/wp-json\/wp\/v2\/page-type?post=505870"},{"taxonomy":"content-group","embeddable":true,"href":"https:\/\/www.capgemini.com\/ar-es\/wp-json\/wp\/v2\/content-group?post=505870"}],"curies":[{"name":"wp","href":"https:\/\/api.w.org\/{rel}","templated":true}]}}