{"id":505847,"date":"2023-02-08T15:30:16","date_gmt":"2023-02-08T15:30:16","guid":{"rendered":"https:\/\/www.capgemini.com\/ar-es\/?page_id=505847"},"modified":"2026-01-09T14:14:50","modified_gmt":"2026-01-09T14:14:50","slug":"readyupstream-eua","status":"publish","type":"page","link":"https:\/\/www.capgemini.com\/ar-es\/servicios\/readyupstream-eua\/","title":{"rendered":"READYUpstream E.U.A."},"content":{"rendered":"\n<div class=\"wp-block-cg-blocks-hero-picture-card undefined  heroPictureCard\"><div class=\"heroPictureCardBgs\"><picture><source srcset=\"https:\/\/www.capgemini.com\/ar-es\/wp-content\/uploads\/sites\/28\/2023\/02\/related-solutions-desktop_1.jpg?w=2880&amp;quality=70 1x, https:\/\/www.capgemini.com\/ar-es\/wp-content\/uploads\/sites\/28\/2023\/02\/related-solutions-desktop_1.jpg?w=2880&amp;quality=70 2x\" media=\"(min-width: 1500px)\"\/><source srcset=\"https:\/\/www.capgemini.com\/ar-es\/wp-content\/uploads\/sites\/28\/2023\/02\/related-solutions-desktop_1.jpg?w=1440&amp;quality=70 1x, https:\/\/www.capgemini.com\/ar-es\/wp-content\/uploads\/sites\/28\/2023\/02\/related-solutions-desktop_1.jpg?w=2880&amp;quality=70 2x\" media=\"(min-width: 992px)\"\/><source srcset=\"https:\/\/www.capgemini.com\/ar-es\/wp-content\/uploads\/sites\/28\/2023\/02\/related-solutions-desktop_1.jpg?w=1024&amp;quality=70 1x, https:\/\/www.capgemini.com\/ar-es\/wp-content\/uploads\/sites\/28\/2023\/02\/related-solutions-desktop_1.jpg?w=1024&amp;quality=70 2x\" media=\"(min-width: 768px)\"\/><source srcset=\"https:\/\/www.capgemini.com\/ar-es\/wp-content\/uploads\/sites\/28\/2023\/02\/related-solutions-desktop_1.jpg?w=768&amp;quality=70 1x, https:\/\/www.capgemini.com\/ar-es\/wp-content\/uploads\/sites\/28\/2023\/02\/related-solutions-desktop_1.jpg?w=768&amp;quality=70 2x\" media=\"(min-width: 0)\"\/><img decoding=\"async\" src=\"https:\/\/www.capgemini.com\/ar-es\/wp-content\/uploads\/sites\/28\/2023\/02\/related-solutions-desktop_1.jpg\" class=\"desktopImage\" alt=\"\" style=\"object-fit:cover;object-position:62% 28.000000000000004%\" loading=\"eager\"\/><\/picture><picture><source srcset=\"https:\/\/www.capgemini.com\/ar-es\/wp-content\/uploads\/sites\/28\/2023\/02\/related-solutions-desktop_1.jpg?w=2880&amp;quality=70 1x, https:\/\/www.capgemini.com\/ar-es\/wp-content\/uploads\/sites\/28\/2023\/02\/related-solutions-desktop_1.jpg?w=2880&amp;quality=70 2x\" media=\"(min-width: 1500px)\"\/><source srcset=\"https:\/\/www.capgemini.com\/ar-es\/wp-content\/uploads\/sites\/28\/2023\/02\/related-solutions-desktop_1.jpg?w=1440&amp;quality=70 1x, https:\/\/www.capgemini.com\/ar-es\/wp-content\/uploads\/sites\/28\/2023\/02\/related-solutions-desktop_1.jpg?w=2880&amp;quality=70 2x\" media=\"(min-width: 992px)\"\/><source srcset=\"https:\/\/www.capgemini.com\/ar-es\/wp-content\/uploads\/sites\/28\/2023\/02\/related-solutions-desktop_1.jpg?w=1024&amp;quality=70 1x, https:\/\/www.capgemini.com\/ar-es\/wp-content\/uploads\/sites\/28\/2023\/02\/related-solutions-desktop_1.jpg?w=1024&amp;quality=70 2x\" media=\"(min-width: 768px)\"\/><source srcset=\"https:\/\/www.capgemini.com\/ar-es\/wp-content\/uploads\/sites\/28\/2023\/02\/related-solutions-desktop_1.jpg?w=768&amp;quality=70 1x, https:\/\/www.capgemini.com\/ar-es\/wp-content\/uploads\/sites\/28\/2023\/02\/related-solutions-desktop_1.jpg?w=768&amp;quality=70 2x\" media=\"(min-width: 0)\"\/><img decoding=\"async\" src=\"https:\/\/www.capgemini.com\/ar-es\/wp-content\/uploads\/sites\/28\/2023\/02\/related-solutions-desktop_1.jpg\" class=\"mobileImage\" alt=\"\" style=\"object-fit:cover;object-position:62% 28.000000000000004%\" loading=\"eager\"\/><\/picture><\/div><div class=\"heroPictureCardHeaderShape\"><\/div><div class=\"container\"><div class=\"row\"><div class=\"col-md-8 col-lg-6\"><div class=\"heroPictureCardBox\"><div class=\"heroPictureCardBoxTitle\"><h1 data-maxlength=\"144\">READYUpstream E.U.A.<\/h1><\/div><\/div><\/div><\/div><\/div><div class=\"small-device\"><div class=\"brandLogoWrapper\"> <\/div><\/div><\/div>\n\n\n\n<section class=\"wp-block-cg-blocks-group undefined section section--article-content\"><div class=\"article-main-content\"><div class=\"container\"><div class=\"row\"><div class=\"col-12 col-md-11 col-lg-10 offset-md-1 offset-lg-1\"><div class=\"article-text article-quote-text\">\n<h3 class=\"wp-block-heading\" id=\"h-implementando-la-tecnologia-sap-para-las-industrias-de-petroleo-y-gas\">Implementando la tecnolog\u00eda SAP para las industrias de Petr\u00f3leo y Gas<\/h3>\n\n\n\n<p><strong>Las compa\u00f1\u00edas upstream de petr\u00f3leo y gas est\u00e1n buscando nuevas formas de mejorar sus negocios para evaluar nuevas inversiones e incrementar su velocidad de salida al mercado.<\/strong><\/p>\n\n\n\n<p>La complejidad del ambiente de producci\u00f3n impulsa la necesidad de mejorar el acceso en tiempo real a datos y anal\u00edticos a trav\u00e9s de la cadena de valor. Por ejemplo, elegir donde invertir capital requiere la habilidad de predecir el rendimiento futuro, basado en resultados hist\u00f3ricos. Esos resultados a trav\u00e9s de producci\u00f3n, mantenimiento y cadena de suministro pueden ayudar a detectar zonas de producci\u00f3n por debajo del est\u00e1ndar, y migrar los recursos a \u00e1reas que prometen un mayor retorno de inversi\u00f3n.La tecnolog\u00eda SAP puede entregar estos beneficios a las compa\u00f1\u00edas de energ\u00eda que operan en un ambiente de riesgo y de capital intensivo. Sin embargo, la complejidad de una implementaci\u00f3n de SAP requiere tiempo y recursos.<\/p>\n\n\n\n<p>READYUpstream es nuestra soluci\u00f3n de SAP Oil &amp; Gas preconfigurada basada en las mejores pr\u00e1cticas de la industria que pueden utilizarse r\u00e1pidamente para implementar la soluci\u00f3n ERP SAP a un precio fijo. Nuestra soluci\u00f3n permite a las empresas de Petr\u00f3leo y Gas lograr una implementaci\u00f3n SAP acelerada con menor riesgo, costo y un calendario de implementaci\u00f3n predecible.<\/p>\n\n\n\n<h2 class=\"wp-block-heading\">Hacia un futuro m\u00e1s \u00e1gil,&nbsp; y eficiente<\/h2>\n\n\n\n<h3 class=\"wp-block-heading\"><em>READY<\/em>Upstream aprovecha la tecnolog\u00eda &nbsp;SAP y plantillas preconfiguradas para la industria para:<\/h3>\n\n\n\n<ul class=\"wp-block-list\">\n<li>Mejorar los procesos de negocio<\/li>\n\n\n\n<li>Incrementar la eficiencia<\/li>\n\n\n\n<li>Alcanzar niveles m\u00e1s altos de integraci\u00f3n de sistemas<\/li>\n<\/ul>\n\n\n\n<h3 class=\"wp-block-heading\">Usamos los siguientes componentes base para integrar todas las \u00e1reas de contabilidad de upstream de petr\u00f3leo y gas:<\/h3>\n\n\n\n<ul class=\"wp-block-list\">\n<li>Contabilidad de recursos<\/li>\n\n\n\n<li>Contabilidad y reporteo de costos<\/li>\n\n\n\n<li>Contabilidad y control financiero<\/li>\n\n\n\n<li>Contabilidad de operaciones en conjunto<\/li>\n\n\n\n<li>Administraci\u00f3n de producci\u00f3n<\/li>\n\n\n\n<li>Contabilidad de ingresos<\/li>\n\n\n\n<li>Regulaciones, impuestos y regal\u00edas<\/li>\n<\/ul>\n\n\n\n<h3 class=\"wp-block-heading\">Beneficios:<\/h3>\n\n\n\n<ul class=\"wp-block-list\">\n<li>Mayor agilidad para responder mejor a las oportunidades del mercado<\/li>\n\n\n\n<li>Reducci\u00f3n de tiempo y recursos necesarios para la implementaci\u00f3n<\/li>\n\n\n\n<li>Una plataforma escalable para el crecimiento<\/li>\n\n\n\n<li>Menor costo total de operaciones<\/li>\n\n\n\n<li>Mejor rentabilidad y gesti\u00f3n del rendimiento<\/li>\n<\/ul>\n\n\n\n<section class=\"wp-block-cg-blocks-intro-para-video section section--info-2cols section-invent-info\"><div class=\"container article-text\"><div class=\"video-box\"><div class=\"video-wrapper\"><iframe title=\"video-section\" src=\"https:\/\/www.youtube.com\/embed\/FL8LwSr98EI?rel=0&amp;modestbranding=1&amp;playsinline=1&amp;enablejsapi=1\" frameborder=\"0\" allow=\"accelerometer; autoplay; clipboard-write; encrypted-media; gyroscope; picture-in-picture\" allowfullscreen loading=\"lazy\" referrerpolicy=\"strict-origin-when-cross-origin\"><\/iframe><\/div><\/div><\/div><\/section>\n\n\n\n<h3 class=\"wp-block-heading\">Experiencia SAP sin rival<\/h3>\n\n\n\n<p>Basamos las plantillas READYUpstream en el conocimiento adquirido de nuestra vasta experiencia de implementaci\u00f3n SAP en varias compa\u00f1\u00edas de petr\u00f3leo y gas, tanto grandes como peque\u00f1as. Somos uno de los m\u00e1s grandes y experimentados integradores de sistemas SAP a nivel mundial, gracias a m\u00e1s de 40 a\u00f1os de experiencia.<\/p>\n\n\n\n<h3 class=\"wp-block-heading\">Nuestras implementaciones estrat\u00e9gicas SAP han ganado varios reconocimientos:<\/h3>\n\n\n\n<ul class=\"wp-block-list\">\n<li>2016 SAP Pinnacle Award Winner for Customer\u2019s Choice&nbsp;en la categor\u00eda de SERVICIOS<\/li>\n\n\n\n<li>2016 SAP Pinnacle Award Finalist for Customer\u2019s Choice en la categor\u00eda BUILD &nbsp;| Customer\u2019s Choice en la categor\u00eda SELL &nbsp;| Quality Partner of the Year<\/li>\n\n\n\n<li>2016 SAP North America Partner Excellence Award for Industry Services<\/li>\n\n\n\n<li>READYUpstream 2017-2018 Certificaci\u00f3n \u2013 S\/4HANA<\/li>\n<\/ul>\n\n\n\n<h3 class=\"wp-block-heading\">Para m\u00e1s informaci\u00f3n contacta a:<\/h3>\n\n\n\n<ul class=\"wp-block-list\">\n<li><a href=\"mailto:hugh.forque@capgemini.com\">Hugh Forque<\/a>&nbsp;\u2013 North America Energy Leader<\/li>\n\n\n\n<li><a href=\"mailto:Karina.Shatsman@capgemini.com\">Karina Zide<\/a>&nbsp;\u2013 North America Upstream Oil &amp; Gas Go To Market Leader<\/li>\n\n\n\n<li><a href=\"mailto:leonardo.cuneo@capgemini.com\">Leonardo Cuneo Ravotto<\/a>&nbsp;\u2013 North Latam Commercial Director Energy<\/li>\n\n\n\n<li><a href=\"mailto:miguel.fonseca-perez@capgemini.com\">Miguel Fonseca<\/a>&nbsp;\u2013 North Latam Director Energy<\/li>\n<\/ul>\n<\/div><\/div><\/div><\/div><\/div><\/section>\n","protected":false},"excerpt":{"rendered":"","protected":false},"author":367,"featured_media":505848,"parent":5801,"menu_order":0,"comment_status":"closed","ping_status":"closed","template":"","meta":{"cg_dt_proposed_to":[0],"cg_seo_hreflang_relations":"[]","cg_seo_canonical_relation":"","cg_seo_hreflang_x_default_relation":"","cg_dt_approved_content":false,"cg_dt_mandatory_content":false,"cg_dt_notes":"","cg_dg_source_changed":false,"cg_dt_link_disabled":false,"_yoast_wpseo_primary_brand":"","footnotes":"","featured_focal_points":"","partner_card_description":"","gsap_animation":0},"brand":[],"partner_type":[],"service":[325],"industry":[],"partners":[],"page-type":[183],"content-group":[],"class_list":["post-505847","page","type-page","status-publish","has-post-thumbnail","hentry","service-digital-workplace","page-type-service"],"yoast_head":"<!-- This site is optimized with the Yoast SEO Premium plugin v22.8 (Yoast SEO v22.8) - https:\/\/yoast.com\/wordpress\/plugins\/seo\/ -->\n<title>READYUpstream E.U.A.<\/title>\n<meta name=\"robots\" content=\"index, follow, max-snippet:-1, max-image-preview:large, max-video-preview:-1\" \/>\n<link rel=\"canonical\" href=\"https:\/\/www.capgemini.com\/ar-es\/servicios\/readyupstream-eua\/\" \/>\n<meta property=\"og:locale\" content=\"es_MX\" \/>\n<meta property=\"og:type\" content=\"article\" \/>\n<meta property=\"og:title\" content=\"READYUpstream E.U.A.\" \/>\n<meta property=\"og:url\" content=\"https:\/\/www.capgemini.com\/ar-es\/servicios\/readyupstream-eua\/\" \/>\n<meta property=\"og:site_name\" content=\"Capgemini Argentina\" \/>\n<meta property=\"article:modified_time\" content=\"2026-01-09T14:14:50+00:00\" \/>\n<meta property=\"og:image\" content=\"https:\/\/www.capgemini.com\/ar-es\/wp-content\/uploads\/sites\/9\/2023\/02\/related-solutions-desktop_1.jpg\" \/>\n\t<meta property=\"og:image:width\" content=\"1900\" \/>\n\t<meta property=\"og:image:height\" content=\"557\" \/>\n\t<meta property=\"og:image:type\" content=\"image\/jpeg\" \/>\n<meta name=\"twitter:card\" content=\"summary_large_image\" \/>\n<meta name=\"twitter:label1\" content=\"Est. reading time\" \/>\n\t<meta name=\"twitter:data1\" content=\"3 minutes\" \/>\n<script type=\"application\/ld+json\" class=\"yoast-schema-graph\">{\"@context\":\"https:\/\/schema.org\",\"@graph\":[{\"@type\":\"WebPage\",\"@id\":\"https:\/\/www.capgemini.com\/ar-es\/servicios\/readyupstream-eua\/\",\"url\":\"https:\/\/www.capgemini.com\/ar-es\/servicios\/readyupstream-eua\/\",\"name\":\"READYUpstream E.U.A.\",\"isPartOf\":{\"@id\":\"https:\/\/www.capgemini.com\/ar-es\/#website\"},\"primaryImageOfPage\":{\"@id\":\"https:\/\/www.capgemini.com\/ar-es\/servicios\/readyupstream-eua\/#primaryimage\"},\"image\":{\"@id\":\"https:\/\/www.capgemini.com\/ar-es\/servicios\/readyupstream-eua\/#primaryimage\"},\"thumbnailUrl\":\"https:\/\/www.capgemini.com\/ar-es\/wp-content\/uploads\/sites\/9\/2023\/02\/related-solutions-desktop_1.jpg\",\"datePublished\":\"2023-02-08T15:30:16+00:00\",\"dateModified\":\"2026-01-09T14:14:50+00:00\",\"breadcrumb\":{\"@id\":\"https:\/\/www.capgemini.com\/ar-es\/servicios\/readyupstream-eua\/#breadcrumb\"},\"inLanguage\":\"es-MX\",\"potentialAction\":[{\"@type\":\"ReadAction\",\"target\":[\"https:\/\/www.capgemini.com\/ar-es\/servicios\/readyupstream-eua\/\"]}]},{\"@type\":\"ImageObject\",\"inLanguage\":\"es-MX\",\"@id\":\"https:\/\/www.capgemini.com\/ar-es\/servicios\/readyupstream-eua\/#primaryimage\",\"url\":\"https:\/\/www.capgemini.com\/ar-es\/wp-content\/uploads\/sites\/9\/2023\/02\/related-solutions-desktop_1.jpg\",\"contentUrl\":\"https:\/\/www.capgemini.com\/ar-es\/wp-content\/uploads\/sites\/9\/2023\/02\/related-solutions-desktop_1.jpg\",\"width\":1900,\"height\":557},{\"@type\":\"BreadcrumbList\",\"@id\":\"https:\/\/www.capgemini.com\/ar-es\/servicios\/readyupstream-eua\/#breadcrumb\",\"itemListElement\":[{\"@type\":\"ListItem\",\"position\":1,\"name\":\"Home\",\"item\":\"https:\/\/www.capgemini.com\/ar-es\/\"},{\"@type\":\"ListItem\",\"position\":2,\"name\":\"Servicios\",\"item\":\"https:\/\/www.capgemini.com\/ar-es\/servicios\/\"},{\"@type\":\"ListItem\",\"position\":3,\"name\":\"READYUpstream E.U.A.\"}]},{\"@type\":\"WebSite\",\"@id\":\"https:\/\/www.capgemini.com\/ar-es\/#website\",\"url\":\"https:\/\/www.capgemini.com\/ar-es\/\",\"name\":\"Capgemini Argentina\",\"description\":\"Capgemini\",\"potentialAction\":[{\"@type\":\"SearchAction\",\"target\":{\"@type\":\"EntryPoint\",\"urlTemplate\":\"https:\/\/www.capgemini.com\/ar-es\/?s={search_term_string}\"},\"query-input\":\"required name=search_term_string\"}],\"inLanguage\":\"es-MX\"}]}<\/script>\n<!-- \/ Yoast SEO Premium plugin. -->","yoast_head_json":{"title":"READYUpstream E.U.A.","robots":{"index":"index","follow":"follow","max-snippet":"max-snippet:-1","max-image-preview":"max-image-preview:large","max-video-preview":"max-video-preview:-1"},"canonical":"https:\/\/www.capgemini.com\/ar-es\/servicios\/readyupstream-eua\/","og_locale":"es_MX","og_type":"article","og_title":"READYUpstream E.U.A.","og_url":"https:\/\/www.capgemini.com\/ar-es\/servicios\/readyupstream-eua\/","og_site_name":"Capgemini Argentina","article_modified_time":"2026-01-09T14:14:50+00:00","og_image":[{"width":1900,"height":557,"url":"https:\/\/www.capgemini.com\/ar-es\/wp-content\/uploads\/sites\/9\/2023\/02\/related-solutions-desktop_1.jpg","type":"image\/jpeg"}],"twitter_card":"summary_large_image","twitter_misc":{"Est. reading time":"3 minutes"},"schema":{"@context":"https:\/\/schema.org","@graph":[{"@type":"WebPage","@id":"https:\/\/www.capgemini.com\/ar-es\/servicios\/readyupstream-eua\/","url":"https:\/\/www.capgemini.com\/ar-es\/servicios\/readyupstream-eua\/","name":"READYUpstream E.U.A.","isPartOf":{"@id":"https:\/\/www.capgemini.com\/ar-es\/#website"},"primaryImageOfPage":{"@id":"https:\/\/www.capgemini.com\/ar-es\/servicios\/readyupstream-eua\/#primaryimage"},"image":{"@id":"https:\/\/www.capgemini.com\/ar-es\/servicios\/readyupstream-eua\/#primaryimage"},"thumbnailUrl":"https:\/\/www.capgemini.com\/ar-es\/wp-content\/uploads\/sites\/9\/2023\/02\/related-solutions-desktop_1.jpg","datePublished":"2023-02-08T15:30:16+00:00","dateModified":"2026-01-09T14:14:50+00:00","breadcrumb":{"@id":"https:\/\/www.capgemini.com\/ar-es\/servicios\/readyupstream-eua\/#breadcrumb"},"inLanguage":"es-MX","potentialAction":[{"@type":"ReadAction","target":["https:\/\/www.capgemini.com\/ar-es\/servicios\/readyupstream-eua\/"]}]},{"@type":"ImageObject","inLanguage":"es-MX","@id":"https:\/\/www.capgemini.com\/ar-es\/servicios\/readyupstream-eua\/#primaryimage","url":"https:\/\/www.capgemini.com\/ar-es\/wp-content\/uploads\/sites\/9\/2023\/02\/related-solutions-desktop_1.jpg","contentUrl":"https:\/\/www.capgemini.com\/ar-es\/wp-content\/uploads\/sites\/9\/2023\/02\/related-solutions-desktop_1.jpg","width":1900,"height":557},{"@type":"BreadcrumbList","@id":"https:\/\/www.capgemini.com\/ar-es\/servicios\/readyupstream-eua\/#breadcrumb","itemListElement":[{"@type":"ListItem","position":1,"name":"Home","item":"https:\/\/www.capgemini.com\/ar-es\/"},{"@type":"ListItem","position":2,"name":"Servicios","item":"https:\/\/www.capgemini.com\/ar-es\/servicios\/"},{"@type":"ListItem","position":3,"name":"READYUpstream E.U.A."}]},{"@type":"WebSite","@id":"https:\/\/www.capgemini.com\/ar-es\/#website","url":"https:\/\/www.capgemini.com\/ar-es\/","name":"Capgemini Argentina","description":"Capgemini","potentialAction":[{"@type":"SearchAction","target":{"@type":"EntryPoint","urlTemplate":"https:\/\/www.capgemini.com\/ar-es\/?s={search_term_string}"},"query-input":"required name=search_term_string"}],"inLanguage":"es-MX"}]}},"brand_term":[],"parsely":{"version":"1.1.0","canonical_url":"https:\/\/capgemini.com\/ar-es\/servicios\/readyupstream-eua\/","smart_links":{"inbound":0,"outbound":0},"traffic_boost_suggestions_count":0,"meta":{"@context":"https:\/\/schema.org","@type":"WebPage","headline":"READYUpstream E.U.A.","url":"https:\/\/www.capgemini.com\/ar-es\/servicios\/readyupstream-eua\/","mainEntityOfPage":{"@type":"WebPage","@id":"https:\/\/www.capgemini.com\/ar-es\/servicios\/readyupstream-eua\/"},"thumbnailUrl":"https:\/\/www.capgemini.com\/ar-es\/wp-content\/uploads\/sites\/9\/2023\/02\/related-solutions-desktop_1.jpg?w=150&h=150&crop=1","image":{"@type":"ImageObject","url":"https:\/\/www.capgemini.com\/ar-es\/wp-content\/uploads\/sites\/9\/2023\/02\/related-solutions-desktop_1.jpg"},"articleSection":"Uncategorized","author":[],"creator":[],"publisher":{"@type":"Organization","name":"Capgemini Argentina","logo":""},"keywords":[],"dateCreated":"2023-02-08T15:30:16Z","datePublished":"2023-02-08T15:30:16Z","dateModified":"2026-01-09T14:14:50Z"},"rendered":"<meta name=\"parsely-title\" content=\"READYUpstream E.U.A.\" \/>\n<meta name=\"parsely-link\" content=\"https:\/\/www.capgemini.com\/ar-es\/servicios\/readyupstream-eua\/\" \/>\n<meta name=\"parsely-type\" content=\"index\" \/>\n<meta name=\"parsely-image-url\" content=\"https:\/\/www.capgemini.com\/ar-es\/wp-content\/uploads\/sites\/9\/2023\/02\/related-solutions-desktop_1.jpg?w=150&amp;h=150&amp;crop=1\" \/>\n<meta name=\"parsely-pub-date\" content=\"2023-02-08T15:30:16Z\" \/>\n<meta name=\"parsely-section\" content=\"Uncategorized\" \/>","tracker_url":"https:\/\/cdn.parsely.com\/keys\/capgemini.com\/p.js"},"archive_status":false,"featured_image_src":"https:\/\/www.capgemini.com\/ar-es\/wp-content\/uploads\/sites\/9\/2023\/02\/related-solutions-desktop_1.jpg","featured_image_alt":"","jetpack_sharing_enabled":true,"distributor_meta":false,"distributor_terms":false,"distributor_media":false,"distributor_original_site_name":"Capgemini Argentina","distributor_original_site_url":"https:\/\/www.capgemini.com\/ar-es","push-errors":false,"_links":{"self":[{"href":"https:\/\/www.capgemini.com\/ar-es\/wp-json\/wp\/v2\/pages\/505847","targetHints":{"allow":["GET"]}}],"collection":[{"href":"https:\/\/www.capgemini.com\/ar-es\/wp-json\/wp\/v2\/pages"}],"about":[{"href":"https:\/\/www.capgemini.com\/ar-es\/wp-json\/wp\/v2\/types\/page"}],"author":[{"embeddable":true,"href":"https:\/\/www.capgemini.com\/ar-es\/wp-json\/wp\/v2\/users\/367"}],"replies":[{"embeddable":true,"href":"https:\/\/www.capgemini.com\/ar-es\/wp-json\/wp\/v2\/comments?post=505847"}],"version-history":[{"count":4,"href":"https:\/\/www.capgemini.com\/ar-es\/wp-json\/wp\/v2\/pages\/505847\/revisions"}],"predecessor-version":[{"id":520713,"href":"https:\/\/www.capgemini.com\/ar-es\/wp-json\/wp\/v2\/pages\/505847\/revisions\/520713"}],"up":[{"embeddable":true,"href":"https:\/\/www.capgemini.com\/ar-es\/wp-json\/wp\/v2\/pages\/5801"}],"wp:featuredmedia":[{"embeddable":true,"href":"https:\/\/www.capgemini.com\/ar-es\/wp-json\/wp\/v2\/media\/505848"}],"wp:attachment":[{"href":"https:\/\/www.capgemini.com\/ar-es\/wp-json\/wp\/v2\/media?parent=505847"}],"wp:term":[{"taxonomy":"brand","embeddable":true,"href":"https:\/\/www.capgemini.com\/ar-es\/wp-json\/wp\/v2\/brand?post=505847"},{"taxonomy":"partner_type","embeddable":true,"href":"https:\/\/www.capgemini.com\/ar-es\/wp-json\/wp\/v2\/partner_type?post=505847"},{"taxonomy":"service","embeddable":true,"href":"https:\/\/www.capgemini.com\/ar-es\/wp-json\/wp\/v2\/service?post=505847"},{"taxonomy":"industry","embeddable":true,"href":"https:\/\/www.capgemini.com\/ar-es\/wp-json\/wp\/v2\/industry?post=505847"},{"taxonomy":"partners","embeddable":true,"href":"https:\/\/www.capgemini.com\/ar-es\/wp-json\/wp\/v2\/partners?post=505847"},{"taxonomy":"page-type","embeddable":true,"href":"https:\/\/www.capgemini.com\/ar-es\/wp-json\/wp\/v2\/page-type?post=505847"},{"taxonomy":"content-group","embeddable":true,"href":"https:\/\/www.capgemini.com\/ar-es\/wp-json\/wp\/v2\/content-group?post=505847"}],"curies":[{"name":"wp","href":"https:\/\/api.w.org\/{rel}","templated":true}]}}