{"id":505839,"date":"2023-02-08T14:18:49","date_gmt":"2023-02-08T14:18:49","guid":{"rendered":"https:\/\/www.capgemini.com\/ar-es\/?page_id=505839"},"modified":"2025-03-28T04:51:59","modified_gmt":"2025-03-28T04:51:59","slug":"readyupstream","status":"publish","type":"page","link":"https:\/\/www.capgemini.com\/ar-es\/servicios\/readyupstream\/","title":{"rendered":"READYUpstream M\u00e9xico"},"content":{"rendered":"\n<div class=\"wp-block-cg-blocks-hero-picture-card undefined  heroPictureCard\"><div class=\"heroPictureCardBgs\"><picture><source srcset=\"https:\/\/www.capgemini.com\/ar-es\/wp-content\/uploads\/sites\/28\/2023\/02\/sin-shapsde.webp?w=2880&amp;quality=70 1x, https:\/\/www.capgemini.com\/ar-es\/wp-content\/uploads\/sites\/28\/2023\/02\/sin-shapsde.webp?w=2880&amp;quality=70 2x\" media=\"(min-width: 1500px)\"\/><source srcset=\"https:\/\/www.capgemini.com\/ar-es\/wp-content\/uploads\/sites\/28\/2023\/02\/sin-shapsde.webp?w=1440&amp;quality=70 1x, https:\/\/www.capgemini.com\/ar-es\/wp-content\/uploads\/sites\/28\/2023\/02\/sin-shapsde.webp?w=2880&amp;quality=70 2x\" media=\"(min-width: 992px)\"\/><source srcset=\"https:\/\/www.capgemini.com\/ar-es\/wp-content\/uploads\/sites\/28\/2023\/02\/sin-shapsde.webp?w=1024&amp;quality=70 1x, https:\/\/www.capgemini.com\/ar-es\/wp-content\/uploads\/sites\/28\/2023\/02\/sin-shapsde.webp?w=1024&amp;quality=70 2x\" media=\"(min-width: 768px)\"\/><source srcset=\"https:\/\/www.capgemini.com\/ar-es\/wp-content\/uploads\/sites\/28\/2023\/02\/sin-shapsde.webp?w=768&amp;quality=70 1x, https:\/\/www.capgemini.com\/ar-es\/wp-content\/uploads\/sites\/28\/2023\/02\/sin-shapsde.webp?w=768&amp;quality=70 2x\" media=\"(min-width: 0)\"\/><img decoding=\"async\" src=\"https:\/\/www.capgemini.com\/ar-es\/wp-content\/uploads\/sites\/28\/2023\/02\/sin-shapsde.webp\" class=\"desktopImage\" alt=\"\" style=\"object-fit:cover;object-position:62% 28.000000000000004%\" loading=\"eager\"\/><\/picture><picture><source srcset=\"https:\/\/www.capgemini.com\/ar-es\/wp-content\/uploads\/sites\/28\/2023\/02\/sin-shapsde.webp?w=2880&amp;quality=70 1x, https:\/\/www.capgemini.com\/ar-es\/wp-content\/uploads\/sites\/28\/2023\/02\/sin-shapsde.webp?w=2880&amp;quality=70 2x\" media=\"(min-width: 1500px)\"\/><source srcset=\"https:\/\/www.capgemini.com\/ar-es\/wp-content\/uploads\/sites\/28\/2023\/02\/sin-shapsde.webp?w=1440&amp;quality=70 1x, https:\/\/www.capgemini.com\/ar-es\/wp-content\/uploads\/sites\/28\/2023\/02\/sin-shapsde.webp?w=2880&amp;quality=70 2x\" media=\"(min-width: 992px)\"\/><source srcset=\"https:\/\/www.capgemini.com\/ar-es\/wp-content\/uploads\/sites\/28\/2023\/02\/sin-shapsde.webp?w=1024&amp;quality=70 1x, https:\/\/www.capgemini.com\/ar-es\/wp-content\/uploads\/sites\/28\/2023\/02\/sin-shapsde.webp?w=1024&amp;quality=70 2x\" media=\"(min-width: 768px)\"\/><source srcset=\"https:\/\/www.capgemini.com\/ar-es\/wp-content\/uploads\/sites\/28\/2023\/02\/sin-shapsde.webp?w=768&amp;quality=70 1x, https:\/\/www.capgemini.com\/ar-es\/wp-content\/uploads\/sites\/28\/2023\/02\/sin-shapsde.webp?w=768&amp;quality=70 2x\" media=\"(min-width: 0)\"\/><img decoding=\"async\" src=\"https:\/\/www.capgemini.com\/ar-es\/wp-content\/uploads\/sites\/28\/2023\/02\/sin-shapsde.webp\" class=\"mobileImage\" alt=\"\" style=\"object-fit:cover;object-position:62% 28.000000000000004%\" loading=\"eager\"\/><\/picture><\/div><div class=\"heroPictureCardHeaderShape\"><\/div><div class=\"container\"><div class=\"row\"><div class=\"col-md-8 col-lg-6\"><div class=\"heroPictureCardBox\"><div class=\"heroPictureCardBoxTitle\"><h1 data-maxlength=\"144\">READYUpstream M\u00e9xico<\/h1><\/div><\/div><\/div><\/div><\/div><div class=\"small-device\"><div class=\"brandLogoWrapper\"> <\/div><\/div><\/div>\n\n\n\n<section class=\"wp-block-cg-blocks-group undefined section section--article-content\"><div class=\"article-main-content\"><div class=\"container\"><div class=\"row\"><div class=\"col-12 col-md-11 col-lg-10 offset-md-1 offset-lg-1\"><div class=\"article-text article-quote-text\">\n<h3 class=\"wp-block-heading\" id=\"h-las-mejores-practicas-de-la-industria-eficiencia-y-velocidad-de-mercado-con-readyupstream-las-companias-de-exploracion-y-produccion-e-amp-p-obtienen-la-mejor-tecnologia-sap-con-menor-tiempo-y-esfuerzo\">Las mejores pr\u00e1cticas de la industria, eficiencia y velocidad de mercado: con READYUpstream, las compa\u00f1\u00edas de Exploraci\u00f3n y Producci\u00f3n (E&amp;P) obtienen la mejor tecnolog\u00eda SAP con menor tiempo y esfuerzo.<\/h3>\n\n\n\n<h4 class=\"wp-block-heading\"><strong><a href=\"\/ar-es\/servicios\/readyupstream\/\">M\u00e9xico<\/a>&nbsp; &nbsp; &nbsp; &nbsp;&nbsp;<a href=\"\/ar-es\/servicios\/readyupstream-eua\/\">E.U.A.<\/a><\/strong><\/h4>\n\n\n\n<h4 class=\"wp-block-heading\">Implementando la tecnolog\u00eda SAP para las industrias de Petr\u00f3leo y Gas<\/h4>\n\n\n\n<p>Con la nueva reforma energ\u00e9tica, las compa\u00f1\u00edas de exploraci\u00f3n y producci\u00f3n entran por primera vez al mercado Mexicano de Upstream para petr\u00f3leo y gas para aprovechar las nuevas oportunidades y las reservas sin explorar.<\/p>\n\n\n\n<p>La complejidad del mercado mexicano del petr\u00f3leo y&nbsp; gas est\u00e1 impulsando la necesidad de una soluci\u00f3n escalable que permita el crecimiento a futuro de las compa\u00f1\u00edas, mientras que aborde los requerimientos legales de la Comisi\u00f3n Nacional de Hidrocarburos (CNH), Fondo Mexicano del Petr\u00f3leo (FMP), y el Servicio de Administraci\u00f3n Tributaria (SAT).&nbsp; Las compa\u00f1\u00edas de E&amp;P est\u00e1n buscando formas innovadoras de optimizar sus negocios para ser capaces de evaluar nuevos proyectos de negocio, incrementar su velocidad de mercado y cumplir con las estrictas regulaciones de M\u00e9xico. Por ejemplo, elegir d\u00f3nde invertir capital en \u00e1reas requiere la habilidad de predecir el desempe\u00f1o futuro basado en resultados hist\u00f3ricos. Esos resultados a trav\u00e9s de producci\u00f3n, mantenimiento y&nbsp; cadena de suministro pueden ayudar a identificar zonas de producci\u00f3n pobre y migrar los activos a \u00e1reas m\u00e1s productivas que prometen un mayor retorno de la inversi\u00f3n.<\/p>\n\n\n\n<p>La tecnolog\u00eda SAP puede otorgar estos beneficios a las compa\u00f1\u00edas energ\u00e9ticas que operan en un ambiente de alto riesgo y que requieren altas inversiones de capital. Sin embargo, se necesitan recursos y tiempo significativos para implementar SAP. Estas compa\u00f1\u00edas E&amp;P, nuevas en el mercado mexicano de Petr\u00f3leo y Gas Upstream, buscan una soluci\u00f3n r\u00e1pida, confiable y de precios fijos que cumpla con sus necesidades. READYUpstream M\u00e9xico brinda una soluci\u00f3n predecible y comprobada, basada en S\/4HANA y pr\u00e1cticas l\u00edderes de la industria para acelerar sus esfuerzos de implementaci\u00f3n SAP. La soluci\u00f3n es completamente operacional para el mercado mexicano, y sus requerimientos espec\u00edficos de idioma, legales y de producci\u00f3n compartida con Pemex.<\/p>\n\n\n\n<h4 class=\"wp-block-heading\">Hacia un futuro m\u00e1s \u00e1gil y eficiente<\/h4>\n\n\n\n<h4 class=\"wp-block-heading\"><em>READY<\/em>Upstream aprovecha la tecnolog\u00eda &nbsp;SAP y plantillas preconfiguradas para la industria para:<\/h4>\n\n\n\n<ul class=\"wp-block-list\">\n<li>Mejorar los procesos de negocio<\/li>\n\n\n\n<li>Incrementar la eficiencia<\/li>\n\n\n\n<li>Alcanzar niveles m\u00e1s altos de integraci\u00f3n de sistemas<\/li>\n\n\n\n<li>Cumplir con los requerimientos legales, regulatorios y de banca electr\u00f3nica de M\u00e9xico<\/li>\n<\/ul>\n\n\n\n<h4 class=\"wp-block-heading\">Usamos los siguientes componentes base para integrar todas las \u00e1reas de contabilidad de upstream de petr\u00f3leo y gas:<\/h4>\n\n\n\n<ul class=\"wp-block-list\">\n<li>Contabilidad de recursos<\/li>\n\n\n\n<li>Contabilidad y reporteo de costos<\/li>\n\n\n\n<li>Contabilidad y control financiero<\/li>\n\n\n\n<li>Sistemas de proyecto<\/li>\n\n\n\n<li>Abastecimiento<\/li>\n\n\n\n<li>Administraci\u00f3n de materiales<\/li>\n\n\n\n<li>Mantenimiento deplantas<\/li>\n\n\n\n<li>Contabilidad de operaciones en conjunto<\/li>\n\n\n\n<li>Administraci\u00f3n de producci\u00f3n<\/li>\n<\/ul>\n\n\n\n<h4 class=\"wp-block-heading\">Beneficios:<\/h4>\n\n\n\n<ul class=\"wp-block-list\">\n<li>Mayor agilidad para responder mejor a las oportunidades del mercado<\/li>\n\n\n\n<li>Reducci\u00f3n de tiempo y recursos necesarios para la implementaci\u00f3n<\/li>\n\n\n\n<li>Una plataforma escalable para el crecimiento<\/li>\n\n\n\n<li>Menor costo total de operaciones<\/li>\n\n\n\n<li>Mejor rentabilidad y gesti\u00f3n del rendimiento<\/li>\n\n\n\n<li>Maximizaci\u00f3n de ahorros a trav\u00e9s de las adquisiciones<\/li>\n\n\n\n<li>Optimizar los procesos de reparaci\u00f3n de facilidades y solicitudes de mantenimiento<\/li>\n\n\n\n<li>Cumplimiento total con las regulaciones espec\u00edficas de M\u00e9xico, impuestas por\u00a0 las entidades regulatorias<\/li>\n<\/ul>\n\n\n\n<figure class=\"wp-block-image\"><img decoding=\"async\" src=\"https:\/\/www.capgemini.com\/ar-es\/wp-content\/uploads\/sites\/24\/2017\/07\/ru-mx-graphic.jpg?w=960\" alt=\"Infogr\u00e1fico ReadyUpstream M\u00e9xico\" class=\"wp-image-17572\"\/><\/figure>\n\n\n\n<h4 class=\"wp-block-heading\">Experiencia SAP sin rival<\/h4>\n\n\n\n<p>READYUpstream M\u00e9xico es la \u00fanica soluci\u00f3n certificada SAP Upstream implementada en M\u00e9xico. Basamos las plantillas de READYUpstream en la experiencia que hemos adquirido en la primer implementaci\u00f3n de SAP para upstream despu\u00e9s de la reforma energ\u00e9tica, y la primer implementaci\u00f3n &nbsp;S\/4 HANA para upstream en la segunda compa\u00f1\u00eda m\u00e1s grande de E&amp;P en M\u00e9xico. Nuestro equipo de expertos en la materia han dise\u00f1ado y desarrollado READYUpstream M\u00e9xico para cumplir con las necesidades de la industria, con m\u00e1s de 40 mejoras a la medida para administrar las variaciones de participaci\u00f3n de producci\u00f3n, participaci\u00f3n de ganancias y contratos de licencia en M\u00e9xico.<\/p>\n\n\n\n<p>Somos un de los m\u00e1s grandes y experimentados integradores de sistemas SAP del mundo, gracias a m\u00e1s de 40 a\u00f1os de experiencia y m\u00e1s de 17,800 profesionales.<\/p>\n\n\n\n<h4 class=\"wp-block-heading\">Nuestras implementaciones estrat\u00e9gicas SAP han ganado varios reconocimientos:<\/h4>\n\n\n\n<ul class=\"wp-block-list\">\n<li>2016 SAP Pinnacle Award Winner for Customer\u2019s Choice\u00a0en la categor\u00eda de SERVICIOS<\/li>\n\n\n\n<li>2016 SAP Pinnacle Award Finalist for Customer\u2019s Choice en la categor\u00eda BUILD \u00a0| Customer\u2019s Choice en la categor\u00eda SELL \u00a0| Quality Partner of the Year<\/li>\n\n\n\n<li>2016 SAP North America Partner Excellence Award for Industry Services<\/li>\n\n\n\n<li>READYUpstream 2017-2018 Certificaci\u00f3n \u2013 S\/4HANA<\/li>\n<\/ul>\n\n\n\n<p>Con nuestro modelo Capgemini&nbsp;OnePath\u00ae,&nbsp;&nbsp;Capgemini puede ser tu \u00fanico aliado para el licenciamiento SAP S\/4HANA, infraestructura cloud, soporte e implementaci\u00f3n de aplicaciones, consumo TI como servicio para minimizar la inversi\u00f3n inicial.&nbsp;<em>READY<\/em>Upstream est\u00e1 comprobado, basado en las mejores pr\u00e1cticas de la industria y es la soluci\u00f3n certificada SAP todo-en-uno para el negocio upstream de petr\u00f3leo y gas.<\/p>\n\n\n\n<h4 class=\"wp-block-heading\">Para m\u00e1s informaci\u00f3n contacta a:<\/h4>\n\n\n\n<ul class=\"wp-block-list\">\n<li><a href=\"mailto:hugh.forque@capgemini.com\">Hugh Forque<\/a>\u00a0\u2013 North America Energy Leader<\/li>\n\n\n\n<li><a href=\"mailto:Karina.Shatsman@capgemini.com\">Karina Zide<\/a>\u00a0\u2013 North America Upstream Oil &amp; Gas Go To Market Leader<\/li>\n\n\n\n<li><a href=\"mailto:leonardo.cuneo@capgemini.com\">Leonardo Cuneo Ravotto<\/a>\u00a0\u2013 North Latam Commercial Director Energy<\/li>\n<\/ul>\n<\/div><\/div><\/div><\/div><\/div><\/section>\n","protected":false},"excerpt":{"rendered":"","protected":false},"author":367,"featured_media":505841,"parent":5801,"menu_order":0,"comment_status":"closed","ping_status":"closed","template":"","meta":{"cg_dt_proposed_to":[0],"cg_seo_hreflang_relations":"[]","cg_seo_canonical_relation":"","cg_seo_hreflang_x_default_relation":"","cg_dt_approved_content":false,"cg_dt_mandatory_content":false,"cg_dt_notes":"","cg_dg_source_changed":false,"cg_dt_link_disabled":false,"_yoast_wpseo_primary_brand":"","footnotes":"","featured_focal_points":"","partner_card_description":"","gsap_animation":0},"brand":[],"partner_type":[],"service":[103],"industry":[],"partners":[],"page-type":[183],"content-group":[],"class_list":["post-505839","page","type-page","status-publish","has-post-thumbnail","hentry","service-engineering","page-type-service"],"yoast_head":"<!-- This site is optimized with the Yoast SEO Premium plugin v22.8 (Yoast SEO v22.8) - https:\/\/yoast.com\/wordpress\/plugins\/seo\/ -->\n<title>READYUpstream M\u00e9xico | Capgemini<\/title>\n<meta name=\"robots\" content=\"index, follow, max-snippet:-1, max-image-preview:large, max-video-preview:-1\" \/>\n<link rel=\"canonical\" href=\"https:\/\/www.capgemini.com\/ar-es\/servicios\/readyupstream\/\" \/>\n<meta property=\"og:locale\" content=\"es_MX\" \/>\n<meta property=\"og:type\" content=\"article\" \/>\n<meta property=\"og:title\" content=\"READYUpstream M\u00e9xico\" \/>\n<meta property=\"og:url\" content=\"https:\/\/www.capgemini.com\/ar-es\/servicios\/readyupstream\/\" \/>\n<meta property=\"og:site_name\" content=\"Capgemini Argentina\" \/>\n<meta property=\"article:modified_time\" content=\"2025-03-28T04:51:59+00:00\" \/>\n<meta property=\"og:image\" content=\"https:\/\/www.capgemini.com\/ar-es\/wp-content\/uploads\/sites\/9\/2023\/02\/sin-shapsde.webp\" \/>\n\t<meta property=\"og:image:width\" content=\"1540\" \/>\n\t<meta property=\"og:image:height\" content=\"480\" \/>\n\t<meta property=\"og:image:type\" content=\"image\/webp\" \/>\n<meta name=\"twitter:card\" content=\"summary_large_image\" \/>\n<meta name=\"twitter:label1\" content=\"Est. reading time\" \/>\n\t<meta name=\"twitter:data1\" content=\"5 minutes\" \/>\n<script type=\"application\/ld+json\" class=\"yoast-schema-graph\">{\"@context\":\"https:\/\/schema.org\",\"@graph\":[{\"@type\":\"WebPage\",\"@id\":\"https:\/\/www.capgemini.com\/ar-es\/servicios\/readyupstream\/\",\"url\":\"https:\/\/www.capgemini.com\/ar-es\/servicios\/readyupstream\/\",\"name\":\"READYUpstream M\u00e9xico | Capgemini\",\"isPartOf\":{\"@id\":\"https:\/\/www.capgemini.com\/ar-es\/#website\"},\"primaryImageOfPage\":{\"@id\":\"https:\/\/www.capgemini.com\/ar-es\/servicios\/readyupstream\/#primaryimage\"},\"image\":{\"@id\":\"https:\/\/www.capgemini.com\/ar-es\/servicios\/readyupstream\/#primaryimage\"},\"thumbnailUrl\":\"https:\/\/www.capgemini.com\/ar-es\/wp-content\/uploads\/sites\/9\/2023\/02\/sin-shapsde.webp\",\"datePublished\":\"2023-02-08T14:18:49+00:00\",\"dateModified\":\"2025-03-28T04:51:59+00:00\",\"breadcrumb\":{\"@id\":\"https:\/\/www.capgemini.com\/ar-es\/servicios\/readyupstream\/#breadcrumb\"},\"inLanguage\":\"es-MX\",\"potentialAction\":[{\"@type\":\"ReadAction\",\"target\":[\"https:\/\/www.capgemini.com\/ar-es\/servicios\/readyupstream\/\"]}]},{\"@type\":\"ImageObject\",\"inLanguage\":\"es-MX\",\"@id\":\"https:\/\/www.capgemini.com\/ar-es\/servicios\/readyupstream\/#primaryimage\",\"url\":\"https:\/\/www.capgemini.com\/ar-es\/wp-content\/uploads\/sites\/9\/2023\/02\/sin-shapsde.webp\",\"contentUrl\":\"https:\/\/www.capgemini.com\/ar-es\/wp-content\/uploads\/sites\/9\/2023\/02\/sin-shapsde.webp\",\"width\":1540,\"height\":480},{\"@type\":\"BreadcrumbList\",\"@id\":\"https:\/\/www.capgemini.com\/ar-es\/servicios\/readyupstream\/#breadcrumb\",\"itemListElement\":[{\"@type\":\"ListItem\",\"position\":1,\"name\":\"Home\",\"item\":\"https:\/\/www.capgemini.com\/ar-es\/\"},{\"@type\":\"ListItem\",\"position\":2,\"name\":\"Servicios\",\"item\":\"https:\/\/www.capgemini.com\/ar-es\/servicios\/\"},{\"@type\":\"ListItem\",\"position\":3,\"name\":\"READYUpstream M\u00e9xico\"}]},{\"@type\":\"WebSite\",\"@id\":\"https:\/\/www.capgemini.com\/ar-es\/#website\",\"url\":\"https:\/\/www.capgemini.com\/ar-es\/\",\"name\":\"Capgemini Argentina\",\"description\":\"Capgemini\",\"potentialAction\":[{\"@type\":\"SearchAction\",\"target\":{\"@type\":\"EntryPoint\",\"urlTemplate\":\"https:\/\/www.capgemini.com\/ar-es\/?s={search_term_string}\"},\"query-input\":\"required name=search_term_string\"}],\"inLanguage\":\"es-MX\"}]}<\/script>\n<!-- \/ Yoast SEO Premium plugin. -->","yoast_head_json":{"title":"READYUpstream M\u00e9xico | Capgemini","robots":{"index":"index","follow":"follow","max-snippet":"max-snippet:-1","max-image-preview":"max-image-preview:large","max-video-preview":"max-video-preview:-1"},"canonical":"https:\/\/www.capgemini.com\/ar-es\/servicios\/readyupstream\/","og_locale":"es_MX","og_type":"article","og_title":"READYUpstream M\u00e9xico","og_url":"https:\/\/www.capgemini.com\/ar-es\/servicios\/readyupstream\/","og_site_name":"Capgemini Argentina","article_modified_time":"2025-03-28T04:51:59+00:00","og_image":[{"width":1540,"height":480,"url":"https:\/\/www.capgemini.com\/ar-es\/wp-content\/uploads\/sites\/9\/2023\/02\/sin-shapsde.webp","type":"image\/webp"}],"twitter_card":"summary_large_image","twitter_misc":{"Est. reading time":"5 minutes"},"schema":{"@context":"https:\/\/schema.org","@graph":[{"@type":"WebPage","@id":"https:\/\/www.capgemini.com\/ar-es\/servicios\/readyupstream\/","url":"https:\/\/www.capgemini.com\/ar-es\/servicios\/readyupstream\/","name":"READYUpstream M\u00e9xico | Capgemini","isPartOf":{"@id":"https:\/\/www.capgemini.com\/ar-es\/#website"},"primaryImageOfPage":{"@id":"https:\/\/www.capgemini.com\/ar-es\/servicios\/readyupstream\/#primaryimage"},"image":{"@id":"https:\/\/www.capgemini.com\/ar-es\/servicios\/readyupstream\/#primaryimage"},"thumbnailUrl":"https:\/\/www.capgemini.com\/ar-es\/wp-content\/uploads\/sites\/9\/2023\/02\/sin-shapsde.webp","datePublished":"2023-02-08T14:18:49+00:00","dateModified":"2025-03-28T04:51:59+00:00","breadcrumb":{"@id":"https:\/\/www.capgemini.com\/ar-es\/servicios\/readyupstream\/#breadcrumb"},"inLanguage":"es-MX","potentialAction":[{"@type":"ReadAction","target":["https:\/\/www.capgemini.com\/ar-es\/servicios\/readyupstream\/"]}]},{"@type":"ImageObject","inLanguage":"es-MX","@id":"https:\/\/www.capgemini.com\/ar-es\/servicios\/readyupstream\/#primaryimage","url":"https:\/\/www.capgemini.com\/ar-es\/wp-content\/uploads\/sites\/9\/2023\/02\/sin-shapsde.webp","contentUrl":"https:\/\/www.capgemini.com\/ar-es\/wp-content\/uploads\/sites\/9\/2023\/02\/sin-shapsde.webp","width":1540,"height":480},{"@type":"BreadcrumbList","@id":"https:\/\/www.capgemini.com\/ar-es\/servicios\/readyupstream\/#breadcrumb","itemListElement":[{"@type":"ListItem","position":1,"name":"Home","item":"https:\/\/www.capgemini.com\/ar-es\/"},{"@type":"ListItem","position":2,"name":"Servicios","item":"https:\/\/www.capgemini.com\/ar-es\/servicios\/"},{"@type":"ListItem","position":3,"name":"READYUpstream M\u00e9xico"}]},{"@type":"WebSite","@id":"https:\/\/www.capgemini.com\/ar-es\/#website","url":"https:\/\/www.capgemini.com\/ar-es\/","name":"Capgemini Argentina","description":"Capgemini","potentialAction":[{"@type":"SearchAction","target":{"@type":"EntryPoint","urlTemplate":"https:\/\/www.capgemini.com\/ar-es\/?s={search_term_string}"},"query-input":"required name=search_term_string"}],"inLanguage":"es-MX"}]}},"brand_term":[],"parsely":{"version":"1.1.0","canonical_url":"https:\/\/capgemini.com\/ar-es\/servicios\/readyupstream\/","smart_links":{"inbound":0,"outbound":0},"traffic_boost_suggestions_count":0,"meta":{"@context":"https:\/\/schema.org","@type":"WebPage","headline":"READYUpstream M\u00e9xico","url":"https:\/\/www.capgemini.com\/ar-es\/servicios\/readyupstream\/","mainEntityOfPage":{"@type":"WebPage","@id":"https:\/\/www.capgemini.com\/ar-es\/servicios\/readyupstream\/"},"thumbnailUrl":"https:\/\/www.capgemini.com\/ar-es\/wp-content\/uploads\/sites\/9\/2023\/02\/sin-shapsde.webp?w=150&h=150&crop=1","image":{"@type":"ImageObject","url":"https:\/\/www.capgemini.com\/ar-es\/wp-content\/uploads\/sites\/9\/2023\/02\/sin-shapsde.webp"},"articleSection":"Uncategorized","author":[],"creator":[],"publisher":{"@type":"Organization","name":"Capgemini Argentina","logo":""},"keywords":[],"dateCreated":"2023-02-08T14:18:49Z","datePublished":"2023-02-08T14:18:49Z","dateModified":"2025-03-28T04:51:59Z"},"rendered":"<meta name=\"parsely-title\" content=\"READYUpstream M\u00e9xico\" \/>\n<meta name=\"parsely-link\" content=\"https:\/\/www.capgemini.com\/ar-es\/servicios\/readyupstream\/\" \/>\n<meta name=\"parsely-type\" content=\"index\" \/>\n<meta name=\"parsely-image-url\" content=\"https:\/\/www.capgemini.com\/ar-es\/wp-content\/uploads\/sites\/9\/2023\/02\/sin-shapsde.webp?w=150&amp;h=150&amp;crop=1\" \/>\n<meta name=\"parsely-pub-date\" content=\"2023-02-08T14:18:49Z\" \/>\n<meta name=\"parsely-section\" content=\"Uncategorized\" \/>","tracker_url":"https:\/\/cdn.parsely.com\/keys\/capgemini.com\/p.js"},"archive_status":false,"featured_image_src":"https:\/\/www.capgemini.com\/ar-es\/wp-content\/uploads\/sites\/9\/2023\/02\/sin-shapsde.webp","featured_image_alt":"","jetpack_sharing_enabled":true,"distributor_meta":false,"distributor_terms":false,"distributor_media":false,"distributor_original_site_name":"Capgemini Argentina","distributor_original_site_url":"https:\/\/www.capgemini.com\/ar-es","push-errors":false,"_links":{"self":[{"href":"https:\/\/www.capgemini.com\/ar-es\/wp-json\/wp\/v2\/pages\/505839","targetHints":{"allow":["GET"]}}],"collection":[{"href":"https:\/\/www.capgemini.com\/ar-es\/wp-json\/wp\/v2\/pages"}],"about":[{"href":"https:\/\/www.capgemini.com\/ar-es\/wp-json\/wp\/v2\/types\/page"}],"author":[{"embeddable":true,"href":"https:\/\/www.capgemini.com\/ar-es\/wp-json\/wp\/v2\/users\/367"}],"replies":[{"embeddable":true,"href":"https:\/\/www.capgemini.com\/ar-es\/wp-json\/wp\/v2\/comments?post=505839"}],"version-history":[{"count":5,"href":"https:\/\/www.capgemini.com\/ar-es\/wp-json\/wp\/v2\/pages\/505839\/revisions"}],"predecessor-version":[{"id":515770,"href":"https:\/\/www.capgemini.com\/ar-es\/wp-json\/wp\/v2\/pages\/505839\/revisions\/515770"}],"up":[{"embeddable":true,"href":"https:\/\/www.capgemini.com\/ar-es\/wp-json\/wp\/v2\/pages\/5801"}],"wp:featuredmedia":[{"embeddable":true,"href":"https:\/\/www.capgemini.com\/ar-es\/wp-json\/wp\/v2\/media\/505841"}],"wp:attachment":[{"href":"https:\/\/www.capgemini.com\/ar-es\/wp-json\/wp\/v2\/media?parent=505839"}],"wp:term":[{"taxonomy":"brand","embeddable":true,"href":"https:\/\/www.capgemini.com\/ar-es\/wp-json\/wp\/v2\/brand?post=505839"},{"taxonomy":"partner_type","embeddable":true,"href":"https:\/\/www.capgemini.com\/ar-es\/wp-json\/wp\/v2\/partner_type?post=505839"},{"taxonomy":"service","embeddable":true,"href":"https:\/\/www.capgemini.com\/ar-es\/wp-json\/wp\/v2\/service?post=505839"},{"taxonomy":"industry","embeddable":true,"href":"https:\/\/www.capgemini.com\/ar-es\/wp-json\/wp\/v2\/industry?post=505839"},{"taxonomy":"partners","embeddable":true,"href":"https:\/\/www.capgemini.com\/ar-es\/wp-json\/wp\/v2\/partners?post=505839"},{"taxonomy":"page-type","embeddable":true,"href":"https:\/\/www.capgemini.com\/ar-es\/wp-json\/wp\/v2\/page-type?post=505839"},{"taxonomy":"content-group","embeddable":true,"href":"https:\/\/www.capgemini.com\/ar-es\/wp-json\/wp\/v2\/content-group?post=505839"}],"curies":[{"name":"wp","href":"https:\/\/api.w.org\/{rel}","templated":true}]}}