{"id":505809,"date":"2023-02-08T10:48:24","date_gmt":"2023-02-08T10:48:24","guid":{"rendered":"https:\/\/www.capgemini.com\/ar-es\/?page_id=505809"},"modified":"2025-03-28T04:52:20","modified_gmt":"2025-03-28T04:52:20","slug":"cloud-native","status":"publish","type":"page","link":"https:\/\/www.capgemini.com\/ar-es\/servicios\/cloud-native\/","title":{"rendered":"Cloud Native se consolida"},"content":{"rendered":"\n<div class=\"wp-block-cg-blocks-hero-picture-card undefined  heroPictureCard\"><div class=\"heroPictureCardBgs\"><picture><source srcset=\"https:\/\/www.capgemini.com\/ar-es\/wp-content\/uploads\/sites\/28\/2023\/02\/native-1.webp?w=2880&amp;quality=70 1x, https:\/\/www.capgemini.com\/ar-es\/wp-content\/uploads\/sites\/28\/2023\/02\/native-1.webp?w=2880&amp;quality=70 2x\" media=\"(min-width: 1500px)\"\/><source srcset=\"https:\/\/www.capgemini.com\/ar-es\/wp-content\/uploads\/sites\/28\/2023\/02\/native-1.webp?w=1440&amp;quality=70 1x, https:\/\/www.capgemini.com\/ar-es\/wp-content\/uploads\/sites\/28\/2023\/02\/native-1.webp?w=2880&amp;quality=70 2x\" media=\"(min-width: 992px)\"\/><source srcset=\"https:\/\/www.capgemini.com\/ar-es\/wp-content\/uploads\/sites\/28\/2023\/02\/native-1.webp?w=1024&amp;quality=70 1x, https:\/\/www.capgemini.com\/ar-es\/wp-content\/uploads\/sites\/28\/2023\/02\/native-1.webp?w=1024&amp;quality=70 2x\" media=\"(min-width: 768px)\"\/><source srcset=\"https:\/\/www.capgemini.com\/ar-es\/wp-content\/uploads\/sites\/28\/2023\/02\/native-1.webp?w=768&amp;quality=70 1x, https:\/\/www.capgemini.com\/ar-es\/wp-content\/uploads\/sites\/28\/2023\/02\/native-1.webp?w=768&amp;quality=70 2x\" media=\"(min-width: 0)\"\/><img decoding=\"async\" src=\"https:\/\/www.capgemini.com\/ar-es\/wp-content\/uploads\/sites\/28\/2023\/02\/native-1.webp\" class=\"desktopImage\" alt=\"\" style=\"object-fit:cover;object-position:62% 28.000000000000004%\" loading=\"eager\"\/><\/picture><picture><source srcset=\"https:\/\/www.capgemini.com\/ar-es\/wp-content\/uploads\/sites\/28\/2023\/02\/native-1.webp?w=2880&amp;quality=70 1x, https:\/\/www.capgemini.com\/ar-es\/wp-content\/uploads\/sites\/28\/2023\/02\/native-1.webp?w=2880&amp;quality=70 2x\" media=\"(min-width: 1500px)\"\/><source srcset=\"https:\/\/www.capgemini.com\/ar-es\/wp-content\/uploads\/sites\/28\/2023\/02\/native-1.webp?w=1440&amp;quality=70 1x, https:\/\/www.capgemini.com\/ar-es\/wp-content\/uploads\/sites\/28\/2023\/02\/native-1.webp?w=2880&amp;quality=70 2x\" media=\"(min-width: 992px)\"\/><source srcset=\"https:\/\/www.capgemini.com\/ar-es\/wp-content\/uploads\/sites\/28\/2023\/02\/native-1.webp?w=1024&amp;quality=70 1x, https:\/\/www.capgemini.com\/ar-es\/wp-content\/uploads\/sites\/28\/2023\/02\/native-1.webp?w=1024&amp;quality=70 2x\" media=\"(min-width: 768px)\"\/><source srcset=\"https:\/\/www.capgemini.com\/ar-es\/wp-content\/uploads\/sites\/28\/2023\/02\/native-1.webp?w=768&amp;quality=70 1x, https:\/\/www.capgemini.com\/ar-es\/wp-content\/uploads\/sites\/28\/2023\/02\/native-1.webp?w=768&amp;quality=70 2x\" media=\"(min-width: 0)\"\/><img decoding=\"async\" src=\"https:\/\/www.capgemini.com\/ar-es\/wp-content\/uploads\/sites\/28\/2023\/02\/native-1.webp\" class=\"mobileImage\" alt=\"\" style=\"object-fit:cover;object-position:62% 28.000000000000004%\" loading=\"eager\"\/><\/picture><\/div><div class=\"heroPictureCardHeaderShape\"><\/div><div class=\"container\"><div class=\"row\"><div class=\"col-md-8 col-lg-6\"><div class=\"heroPictureCardBox\"><div class=\"heroPictureCardBoxTitle\"><h1 data-maxlength=\"144\">Cloud Native se consolida<\/h1><\/div><\/div><\/div><\/div><\/div><div class=\"small-device\"><div class=\"brandLogoWrapper\"> <\/div><\/div><\/div>\n\n\n\n<section class=\"wp-block-cg-blocks-group undefined section section--article-content\"><div class=\"article-main-content\"><div class=\"container\"><div class=\"row\"><div class=\"col-12 col-md-11 col-lg-10 offset-md-1 offset-lg-1\"><div class=\"article-text article-quote-text\">\n<h3 class=\"wp-block-heading\" id=\"h-hablamos-con-900-ejecutivos-para-concluir-que-la-necesidad-de-agilidad-y-capacidad-de-innovacion-acelera-la-adopcion-de-aplicaciones-nativas-de-la-nube-la-cual-se-duplicara-para-el-ano-2020\">Hablamos con 900 ejecutivos para concluir que la necesidad de agilidad y capacidad de innovaci\u00f3n acelera la adopci\u00f3n de aplicaciones nativas de la nube, la cual se duplicar\u00e1 para el a\u00f1o 2020<\/h3>\n\n\n\n<h4 class=\"wp-block-heading\"><strong>Las aplicaciones nativas de la nube est\u00e1n impulsando un cambio transformador en el mundo de los negocios.<\/strong><\/h4>\n\n\n\n<p>Hablamos con 900 ejecutivos para ver c\u00f3mo un enfoque tecnol\u00f3gico basado en la nube est\u00e1 impulsando el cambio en sus organizaciones. Descubrimos un grupo de lo que llamamos los \u201cl\u00edderes\u201d en la apuesta por estrategias cloud-native. Los \u201cl\u00edderes\u201d son aquellos que m\u00e1s del 20% de sus aplicaciones est\u00e1n en la nube, y atribuyen el salto en la adopci\u00f3n de la nube al inter\u00e9s de sus empresas por mejorar la velocidad,&nbsp;incrementar su capacidad de colaboraci\u00f3n con&nbsp;<em>partners&nbsp;<\/em>y la experiencia del cliente. Las aplicaciones nativas en la nube permiten a los l\u00edderes responder mejor a las cambiantes demandas del mercado y aprovechar m\u00e1s r\u00e1pidamente las oportunidades que ofrece el mercado.<\/p>\n\n\n\n<p>Seg\u00fan las previsiones, de aqu\u00ed a 2020 las arquitecturas nativas de la nube ser\u00e1n la opci\u00f3n por defecto de las empresas, especialmente para las aplicaciones utilizadas en la interacci\u00f3n con los clientes.<em>&nbsp;<\/em>Sin embargo, esto traer\u00e1 su propio conjunto de desaf\u00edos. Los CIOs y los l\u00edderes empresariales a menudo no est\u00e1n alineados con el departamento de tecnolog\u00eda. Otros desaf\u00edos incluyen la escasez de habilidades y la lucha contra la culturas arraigada que se oponen a un enfoque nativo de la nube.<\/p>\n\n\n\n<div class=\"wp-block-cg-blocks-autocloud-form undefined autocloudform\"><div class=\"section--autoCloud-form\"><div class=\"wrapperAutoCloudSection\" id=\"linkToForm\"><div class=\"container\"><div class=\"row\"><div class=\"col-md-12 col-lg-6 left-img align-self-center escaper-left\"><\/div><div class=\"  col-md-12\"><div class=\"autoCloudForm\">\t\t<div class=\"mf_forms__container \">\n\t\t\t\t\t\t\t\t<form id=\"mf_form_505816_1035845896\" class=\"mf_form__form row needs-validation\" action=\"\" method=\"post\" enctype=\"multipart\/form-data\" data-nosnippet>\n\n\t\t\t\t<div class=\"mf-field-wrapper form-floating col-sm-12\"><input type=\"text\" class=\"form-control\" id=\"_mf_9256_3440_1508197855\" name=\"_mf_9256_3440\" placeholder=\"Nombre\" required \/><label for=\"_mf_9256_3440_1508197855\" class=\"form-label\">Nombre <span class=\"star-required\">*<\/span><\/label><div class=\"invalid-feedback-frm\" role=\"alert\">Nombre no es v\u00e1lido.<\/div><\/div><div class=\"mf-field-wrapper form-floating col-sm-12\"><input type=\"text\" class=\"form-control\" id=\"_mf_9256_5466_4205679947\" name=\"_mf_9256_5466\" placeholder=\"Apellido\" required \/><label for=\"_mf_9256_5466_4205679947\" class=\"form-label\">Apellido <span class=\"star-required\">*<\/span><\/label><div class=\"invalid-feedback-frm\" role=\"alert\">Apellido no es v\u00e1lido.<\/div><\/div><div class=\"mf-field-wrapper form-floating col-sm-12\"><input type=\"text\" class=\"form-control\" id=\"_mf_9256_8835_1414493151\" name=\"_mf_9256_8835\" placeholder=\"Compa\u00f1\u00eda\" required \/><label for=\"_mf_9256_8835_1414493151\" class=\"form-label\">Compa\u00f1\u00eda <span class=\"star-required\">*<\/span><\/label><div class=\"invalid-feedback-frm\" role=\"alert\">Compa\u00f1\u00eda no es v\u00e1lido.<\/div><\/div><div class=\"mf-field-wrapper form-floating col-sm-12\"><input type=\"email\" class=\"form-control\" id=\"_mf_9256_8281_691991289\" name=\"_mf_9256_8281\" placeholder=\"Email\" required \/><label for=\"_mf_9256_8281_691991289\" class=\"form-label\">Email <span class=\"star-required\">*<\/span><\/label><div class=\"invalid-feedback-frm\" role=\"alert\">Email no es v\u00e1lido.<\/div><\/div><div class=\"mf-field-wrapper  col-sm-12\">\n\t\t<div class=\"form-check checkbox-controls\">\n\n\t\t\t<input type=\"checkbox\" id=\"_mf_9256_2781_1440182972\" class=\"form-check-input\"\n\t\t\t\tname=\"_mf_9256_2781[]\"\n\t\t\t\tvalue=\"1\"\n\t\t\t\trequired\n\t\t\t>\n\n\t\t\t<label for=\"_mf_9256_2781_1440182972\" class=\"form-check-label consent-text\">\n\t\t\t\tAl enviar este formulario, entiendo que mi informaci\u00f3n ser\u00e1 procesada por Capgemini como se indica arriba, y como se describe en los <a href=\"https:\/\/www.capgemini.com\/terms-of-use\/\">t\u00e9rminos de uso<\/a>.  &nbsp;\t\t\t<\/label>\n\n\t\t<\/div>\n\t\t<\/div>\t\t\t<div class=\"mf_field mf_field--recaptcha\">\n\t\t\t\t<div class=\"g-recaptcha\" data-sitekey=\"6Lc3OpIUAAAAADY4ErEHF0HF6Tr7vuknduDU-fbl\"><\/div>\n\t\t\t<\/div>\n\t\t\t\n\t\t\t<div class=\"mf_field mf_field--submit\" >\n\t\t\t\t<div class=\"slide-button-background button-background\">\n\t\t\t\t\t<label for=\"slider-submit-_mf_9256_6840\" class=\"slide-text\">\n\t\t\t\t\t\tSlide to submit\t\t\t\t\t<\/label>\n\t\t\t\t\t<input\n\t\t\t\t\t\tid=\"slider-submit-_mf_9256_6840\"\n\t\t\t\t\t\ttype=\"range\"\n\t\t\t\t\t\tclass=\"mf_field__input slider-frm-btn\"\n\t\t\t\t\t\trel=\"_mf_9256_6840\"\n\t\t\t\t\t\tmin=\"0\"\n\t\t\t\t\t\tmax=\"100\"\n\t\t\t\t\t\tvalue=\"0\"\n\t\t\t\t\t\taria-label=\"Slide to submit\"\n\t\t\t\t\t\taria-describedby=\"slide-instruction-_mf_9256_6840\"\n\t\t\t\t\t\taria-valuenow=\"0\"\n\t\t\t\t\t\taria-valuemin=\"0\"\n\t\t\t\t\t\taria-valuemax=\"100\"\n\t\t\t\t\t\taria-orientation=\"horizontal\"\n\t\t\t\t\t\trole=\"slider\"\n\t\t\t\t\t\ttabindex=\"0\"\n\t\t\t\t\t\/>\n\t\t\t\t\t<!-- Icon element for Firefox (doesn't support ::before\/::after on inputs) -->\n\t\t\t\t\t<span class=\"slider-icon\" aria-hidden=\"true\"><\/span>\n\t\t\t\t\t<span id=\"slide-instruction-_mf_9256_6840\" class=\"sr-only\">\n\t\t\t\t\t\tUse right arrow keys to slide, or drag right with your finger. When you reach 100 percent, the form is submitted.\t\t\t\t\t<\/span>\n\t\t\t\t\t<!-- Mobile-only submit button fallback -->\n\t\t\t\t\t<button type=\"submit\" class=\"mf-mobile-submit-btn\" disabled>\n\t\t\t\t\t\t<span class=\"sr-only\">If you use a screen reader or VoiceOver, double-tap this button to submit the form.<\/span>\n\t\t\t\t\t\tSlide to submit\t\t\t\t\t<\/button>\n\t\t\t\t<\/div>\n\t\t\t\t<input type=\"hidden\" name=\"submit_btn_txt\" class=\"submit_btn_txt\" value=\"Slide to submit\"\/>\n\t\t\t\t<input type=\"hidden\" name=\"submitted_state_txt\" class=\"submitted_state_txt\" value=\"Submitted\"\/>\n\t\t\t<\/div>\n\t\t\t\t\t\t<input type=\"hidden\" name=\"form_id\" data-validate=\"number\" class=\"mf_form__id\" value=\"505816\" \/>\n\t\t\t\t<input type=\"hidden\" name=\"form_title\" class=\"mf_form__title\" value=\"cloud-native-se-consolida\" \/>\n\t\t\t\t<input type=\"hidden\" name=\"wp_rest_nonce\" class=\"mf_form__wp_rest_nonce\" value=\"9a66ab9465\" \/>\n\n\t\t\t\t<input type=\"hidden\" name=\"mf_form_conditional_logic\" class=\"mf_form__title conditional_logic\" value=\"\" \/>\n\t\t\t\t\n\t\t\t\t<input type=\"hidden\" name=\"mf_form_fields_country_dpo_field\" class=\"mf_form__title conditional_logic mf_form_fields_country_dpo_field\" value=\"\" \/>\n\n\t\t\t\t<!-- Anti-spam field -->\n\t\t\t\t<input type=\"text\" \n\t\t\t\t\tname=\"website_url\" \n\t\t\t\t\tclass=\"mf_field__url\" \n\t\t\t\t\tautocomplete=\"off\"\n\t\t\t\t\ttabindex=\"-1\"\n\t\t\t\t\taria-hidden=\"true\"\n\t\t\t\t\tstyle=\"position:absolute;left:-9999px;width:1px;height:1px;opacity:0;pointer-events:none;\" \n\t\t\t\t\/>\n\t\t\t<\/form>\n\n\t\t\t<div class=\"mf_form__success\" tabindex=\"0\" role=\"alert\">\n\t\t\t\t\t\t\t\t<p>Gracias! Hemos recibido tu formulario.\t\t\t\t<\/p>\n\t\t\t<\/div>\n\t\t\t<div class=\"mf_form__errors\">\n\t\t\t\t<p>Lo sentimos, el env\u00edo del formulario fall\u00f3. Int\u00e9ntalo de nuevo.<\/p>\n\t\t\t<\/div>\n\t\t\t\t<\/div>\n\n\t\t<script>\n\t\t\twindow.MF_CONFIG505816 = {\"505816\":{\"errors\":[],\"redirect\":\"\"}};\n\t\t<\/script>\n\t\n<\/div><\/div><\/div><\/div><\/div><\/div><\/div>\n<\/div><\/div><\/div><\/div><\/div><\/section>\n","protected":false},"excerpt":{"rendered":"","protected":false},"author":367,"featured_media":505813,"parent":5801,"menu_order":0,"comment_status":"closed","ping_status":"closed","template":"","meta":{"cg_dt_proposed_to":[0],"cg_seo_hreflang_relations":"[]","cg_seo_canonical_relation":"","cg_seo_hreflang_x_default_relation":"","cg_dt_approved_content":false,"cg_dt_mandatory_content":false,"cg_dt_notes":"","cg_dg_source_changed":false,"cg_dt_link_disabled":false,"_yoast_wpseo_primary_brand":"","footnotes":"","featured_focal_points":"","partner_card_description":"","gsap_animation":0},"brand":[],"partner_type":[],"service":[197,99],"industry":[],"partners":[],"page-type":[183],"content-group":[],"class_list":["post-505809","page","type-page","status-publish","has-post-thumbnail","hentry","service-cloud","service-cloud-services","page-type-service"],"yoast_head":"<!-- This site is optimized with the Yoast SEO Premium plugin v22.8 (Yoast SEO v22.8) - https:\/\/yoast.com\/wordpress\/plugins\/seo\/ -->\n<title>Cloud Native se consolida | Capgemini<\/title>\n<meta name=\"robots\" content=\"index, follow, max-snippet:-1, max-image-preview:large, max-video-preview:-1\" \/>\n<link rel=\"canonical\" href=\"https:\/\/www.capgemini.com\/ar-es\/servicios\/cloud-native\/\" \/>\n<meta property=\"og:locale\" content=\"es_MX\" \/>\n<meta property=\"og:type\" content=\"article\" \/>\n<meta property=\"og:title\" content=\"Cloud Native se consolida\" \/>\n<meta property=\"og:url\" content=\"https:\/\/www.capgemini.com\/ar-es\/servicios\/cloud-native\/\" \/>\n<meta property=\"og:site_name\" content=\"Capgemini Argentina\" \/>\n<meta property=\"article:modified_time\" content=\"2025-03-28T04:52:20+00:00\" \/>\n<meta property=\"og:image\" content=\"https:\/\/www.capgemini.com\/ar-es\/wp-content\/uploads\/sites\/9\/2023\/02\/native-1.webp\" \/>\n\t<meta property=\"og:image:width\" content=\"1920\" \/>\n\t<meta property=\"og:image:height\" content=\"480\" \/>\n\t<meta property=\"og:image:type\" content=\"image\/webp\" \/>\n<meta name=\"twitter:card\" content=\"summary_large_image\" \/>\n<meta name=\"twitter:label1\" content=\"Est. reading time\" \/>\n\t<meta name=\"twitter:data1\" content=\"2 minutes\" \/>\n<script type=\"application\/ld+json\" class=\"yoast-schema-graph\">{\"@context\":\"https:\/\/schema.org\",\"@graph\":[{\"@type\":\"WebPage\",\"@id\":\"https:\/\/www.capgemini.com\/ar-es\/servicios\/cloud-native\/\",\"url\":\"https:\/\/www.capgemini.com\/ar-es\/servicios\/cloud-native\/\",\"name\":\"Cloud Native se consolida | Capgemini\",\"isPartOf\":{\"@id\":\"https:\/\/www.capgemini.com\/ar-es\/#website\"},\"primaryImageOfPage\":{\"@id\":\"https:\/\/www.capgemini.com\/ar-es\/servicios\/cloud-native\/#primaryimage\"},\"image\":{\"@id\":\"https:\/\/www.capgemini.com\/ar-es\/servicios\/cloud-native\/#primaryimage\"},\"thumbnailUrl\":\"https:\/\/www.capgemini.com\/ar-es\/wp-content\/uploads\/sites\/9\/2023\/02\/native-1.webp\",\"datePublished\":\"2023-02-08T10:48:24+00:00\",\"dateModified\":\"2025-03-28T04:52:20+00:00\",\"breadcrumb\":{\"@id\":\"https:\/\/www.capgemini.com\/ar-es\/servicios\/cloud-native\/#breadcrumb\"},\"inLanguage\":\"es-MX\",\"potentialAction\":[{\"@type\":\"ReadAction\",\"target\":[\"https:\/\/www.capgemini.com\/ar-es\/servicios\/cloud-native\/\"]}]},{\"@type\":\"ImageObject\",\"inLanguage\":\"es-MX\",\"@id\":\"https:\/\/www.capgemini.com\/ar-es\/servicios\/cloud-native\/#primaryimage\",\"url\":\"https:\/\/www.capgemini.com\/ar-es\/wp-content\/uploads\/sites\/9\/2023\/02\/native-1.webp\",\"contentUrl\":\"https:\/\/www.capgemini.com\/ar-es\/wp-content\/uploads\/sites\/9\/2023\/02\/native-1.webp\",\"width\":1920,\"height\":480},{\"@type\":\"BreadcrumbList\",\"@id\":\"https:\/\/www.capgemini.com\/ar-es\/servicios\/cloud-native\/#breadcrumb\",\"itemListElement\":[{\"@type\":\"ListItem\",\"position\":1,\"name\":\"Home\",\"item\":\"https:\/\/www.capgemini.com\/ar-es\/\"},{\"@type\":\"ListItem\",\"position\":2,\"name\":\"Servicios\",\"item\":\"https:\/\/www.capgemini.com\/ar-es\/servicios\/\"},{\"@type\":\"ListItem\",\"position\":3,\"name\":\"Cloud Native se consolida\"}]},{\"@type\":\"WebSite\",\"@id\":\"https:\/\/www.capgemini.com\/ar-es\/#website\",\"url\":\"https:\/\/www.capgemini.com\/ar-es\/\",\"name\":\"Capgemini Argentina\",\"description\":\"Capgemini\",\"potentialAction\":[{\"@type\":\"SearchAction\",\"target\":{\"@type\":\"EntryPoint\",\"urlTemplate\":\"https:\/\/www.capgemini.com\/ar-es\/?s={search_term_string}\"},\"query-input\":\"required name=search_term_string\"}],\"inLanguage\":\"es-MX\"}]}<\/script>\n<!-- \/ Yoast SEO Premium plugin. -->","yoast_head_json":{"title":"Cloud Native se consolida | Capgemini","robots":{"index":"index","follow":"follow","max-snippet":"max-snippet:-1","max-image-preview":"max-image-preview:large","max-video-preview":"max-video-preview:-1"},"canonical":"https:\/\/www.capgemini.com\/ar-es\/servicios\/cloud-native\/","og_locale":"es_MX","og_type":"article","og_title":"Cloud Native se consolida","og_url":"https:\/\/www.capgemini.com\/ar-es\/servicios\/cloud-native\/","og_site_name":"Capgemini Argentina","article_modified_time":"2025-03-28T04:52:20+00:00","og_image":[{"width":1920,"height":480,"url":"https:\/\/www.capgemini.com\/ar-es\/wp-content\/uploads\/sites\/9\/2023\/02\/native-1.webp","type":"image\/webp"}],"twitter_card":"summary_large_image","twitter_misc":{"Est. reading time":"2 minutes"},"schema":{"@context":"https:\/\/schema.org","@graph":[{"@type":"WebPage","@id":"https:\/\/www.capgemini.com\/ar-es\/servicios\/cloud-native\/","url":"https:\/\/www.capgemini.com\/ar-es\/servicios\/cloud-native\/","name":"Cloud Native se consolida | Capgemini","isPartOf":{"@id":"https:\/\/www.capgemini.com\/ar-es\/#website"},"primaryImageOfPage":{"@id":"https:\/\/www.capgemini.com\/ar-es\/servicios\/cloud-native\/#primaryimage"},"image":{"@id":"https:\/\/www.capgemini.com\/ar-es\/servicios\/cloud-native\/#primaryimage"},"thumbnailUrl":"https:\/\/www.capgemini.com\/ar-es\/wp-content\/uploads\/sites\/9\/2023\/02\/native-1.webp","datePublished":"2023-02-08T10:48:24+00:00","dateModified":"2025-03-28T04:52:20+00:00","breadcrumb":{"@id":"https:\/\/www.capgemini.com\/ar-es\/servicios\/cloud-native\/#breadcrumb"},"inLanguage":"es-MX","potentialAction":[{"@type":"ReadAction","target":["https:\/\/www.capgemini.com\/ar-es\/servicios\/cloud-native\/"]}]},{"@type":"ImageObject","inLanguage":"es-MX","@id":"https:\/\/www.capgemini.com\/ar-es\/servicios\/cloud-native\/#primaryimage","url":"https:\/\/www.capgemini.com\/ar-es\/wp-content\/uploads\/sites\/9\/2023\/02\/native-1.webp","contentUrl":"https:\/\/www.capgemini.com\/ar-es\/wp-content\/uploads\/sites\/9\/2023\/02\/native-1.webp","width":1920,"height":480},{"@type":"BreadcrumbList","@id":"https:\/\/www.capgemini.com\/ar-es\/servicios\/cloud-native\/#breadcrumb","itemListElement":[{"@type":"ListItem","position":1,"name":"Home","item":"https:\/\/www.capgemini.com\/ar-es\/"},{"@type":"ListItem","position":2,"name":"Servicios","item":"https:\/\/www.capgemini.com\/ar-es\/servicios\/"},{"@type":"ListItem","position":3,"name":"Cloud Native se consolida"}]},{"@type":"WebSite","@id":"https:\/\/www.capgemini.com\/ar-es\/#website","url":"https:\/\/www.capgemini.com\/ar-es\/","name":"Capgemini Argentina","description":"Capgemini","potentialAction":[{"@type":"SearchAction","target":{"@type":"EntryPoint","urlTemplate":"https:\/\/www.capgemini.com\/ar-es\/?s={search_term_string}"},"query-input":"required name=search_term_string"}],"inLanguage":"es-MX"}]}},"brand_term":[],"parsely":{"version":"1.1.0","canonical_url":"https:\/\/capgemini.com\/ar-es\/servicios\/cloud-native\/","smart_links":{"inbound":0,"outbound":0},"traffic_boost_suggestions_count":0,"meta":{"@context":"https:\/\/schema.org","@type":"WebPage","headline":"Cloud Native se consolida","url":"https:\/\/www.capgemini.com\/ar-es\/servicios\/cloud-native\/","mainEntityOfPage":{"@type":"WebPage","@id":"https:\/\/www.capgemini.com\/ar-es\/servicios\/cloud-native\/"},"thumbnailUrl":"https:\/\/www.capgemini.com\/ar-es\/wp-content\/uploads\/sites\/9\/2023\/02\/native-1.webp?w=150&h=150&crop=1","image":{"@type":"ImageObject","url":"https:\/\/www.capgemini.com\/ar-es\/wp-content\/uploads\/sites\/9\/2023\/02\/native-1.webp"},"articleSection":"Uncategorized","author":[],"creator":[],"publisher":{"@type":"Organization","name":"Capgemini Argentina","logo":""},"keywords":[],"dateCreated":"2023-02-08T10:48:24Z","datePublished":"2023-02-08T10:48:24Z","dateModified":"2025-03-28T04:52:20Z"},"rendered":"<meta name=\"parsely-title\" content=\"Cloud Native se consolida\" \/>\n<meta name=\"parsely-link\" content=\"https:\/\/www.capgemini.com\/ar-es\/servicios\/cloud-native\/\" \/>\n<meta name=\"parsely-type\" content=\"index\" \/>\n<meta name=\"parsely-image-url\" content=\"https:\/\/www.capgemini.com\/ar-es\/wp-content\/uploads\/sites\/9\/2023\/02\/native-1.webp?w=150&amp;h=150&amp;crop=1\" \/>\n<meta name=\"parsely-pub-date\" content=\"2023-02-08T10:48:24Z\" \/>\n<meta name=\"parsely-section\" content=\"Uncategorized\" \/>","tracker_url":"https:\/\/cdn.parsely.com\/keys\/capgemini.com\/p.js"},"archive_status":false,"featured_image_src":"https:\/\/www.capgemini.com\/ar-es\/wp-content\/uploads\/sites\/9\/2023\/02\/native-1.webp","featured_image_alt":"","jetpack_sharing_enabled":true,"distributor_meta":false,"distributor_terms":false,"distributor_media":false,"distributor_original_site_name":"Capgemini Argentina","distributor_original_site_url":"https:\/\/www.capgemini.com\/ar-es","push-errors":false,"_links":{"self":[{"href":"https:\/\/www.capgemini.com\/ar-es\/wp-json\/wp\/v2\/pages\/505809","targetHints":{"allow":["GET"]}}],"collection":[{"href":"https:\/\/www.capgemini.com\/ar-es\/wp-json\/wp\/v2\/pages"}],"about":[{"href":"https:\/\/www.capgemini.com\/ar-es\/wp-json\/wp\/v2\/types\/page"}],"author":[{"embeddable":true,"href":"https:\/\/www.capgemini.com\/ar-es\/wp-json\/wp\/v2\/users\/367"}],"replies":[{"embeddable":true,"href":"https:\/\/www.capgemini.com\/ar-es\/wp-json\/wp\/v2\/comments?post=505809"}],"version-history":[{"count":4,"href":"https:\/\/www.capgemini.com\/ar-es\/wp-json\/wp\/v2\/pages\/505809\/revisions"}],"predecessor-version":[{"id":515771,"href":"https:\/\/www.capgemini.com\/ar-es\/wp-json\/wp\/v2\/pages\/505809\/revisions\/515771"}],"up":[{"embeddable":true,"href":"https:\/\/www.capgemini.com\/ar-es\/wp-json\/wp\/v2\/pages\/5801"}],"wp:featuredmedia":[{"embeddable":true,"href":"https:\/\/www.capgemini.com\/ar-es\/wp-json\/wp\/v2\/media\/505813"}],"wp:attachment":[{"href":"https:\/\/www.capgemini.com\/ar-es\/wp-json\/wp\/v2\/media?parent=505809"}],"wp:term":[{"taxonomy":"brand","embeddable":true,"href":"https:\/\/www.capgemini.com\/ar-es\/wp-json\/wp\/v2\/brand?post=505809"},{"taxonomy":"partner_type","embeddable":true,"href":"https:\/\/www.capgemini.com\/ar-es\/wp-json\/wp\/v2\/partner_type?post=505809"},{"taxonomy":"service","embeddable":true,"href":"https:\/\/www.capgemini.com\/ar-es\/wp-json\/wp\/v2\/service?post=505809"},{"taxonomy":"industry","embeddable":true,"href":"https:\/\/www.capgemini.com\/ar-es\/wp-json\/wp\/v2\/industry?post=505809"},{"taxonomy":"partners","embeddable":true,"href":"https:\/\/www.capgemini.com\/ar-es\/wp-json\/wp\/v2\/partners?post=505809"},{"taxonomy":"page-type","embeddable":true,"href":"https:\/\/www.capgemini.com\/ar-es\/wp-json\/wp\/v2\/page-type?post=505809"},{"taxonomy":"content-group","embeddable":true,"href":"https:\/\/www.capgemini.com\/ar-es\/wp-json\/wp\/v2\/content-group?post=505809"}],"curies":[{"name":"wp","href":"https:\/\/api.w.org\/{rel}","templated":true}]}}