{"id":505633,"date":"2023-02-07T14:51:04","date_gmt":"2023-02-07T14:51:04","guid":{"rendered":"https:\/\/www.capgemini.com\/ar-es\/?page_id=505633"},"modified":"2026-01-09T14:16:26","modified_gmt":"2026-01-09T14:16:26","slug":"migrating-workloads-to-the-cloud","status":"publish","type":"page","link":"https:\/\/www.capgemini.com\/ar-es\/servicios\/migrating-workloads-to-the-cloud\/","title":{"rendered":"Migrando las cargas de trabajo a la Nube"},"content":{"rendered":"\n<div class=\"wp-block-cg-blocks-hero-picture-card undefined  heroPictureCard\"><div class=\"heroPictureCardBgs\"><picture><source srcset=\"https:\/\/www.capgemini.com\/ar-es\/wp-content\/uploads\/sites\/28\/2023\/02\/making_the_public_cloud_work_for_your_enterprise-230-3.webp?w=2880&amp;quality=70 1x, https:\/\/www.capgemini.com\/ar-es\/wp-content\/uploads\/sites\/28\/2023\/02\/making_the_public_cloud_work_for_your_enterprise-230-3.webp?w=2880&amp;quality=70 2x\" media=\"(min-width: 1500px)\"\/><source srcset=\"https:\/\/www.capgemini.com\/ar-es\/wp-content\/uploads\/sites\/28\/2023\/02\/making_the_public_cloud_work_for_your_enterprise-230-3.webp?w=1440&amp;quality=70 1x, https:\/\/www.capgemini.com\/ar-es\/wp-content\/uploads\/sites\/28\/2023\/02\/making_the_public_cloud_work_for_your_enterprise-230-3.webp?w=2880&amp;quality=70 2x\" media=\"(min-width: 992px)\"\/><source srcset=\"https:\/\/www.capgemini.com\/ar-es\/wp-content\/uploads\/sites\/28\/2023\/02\/making_the_public_cloud_work_for_your_enterprise-230-3.webp?w=1024&amp;quality=70 1x, https:\/\/www.capgemini.com\/ar-es\/wp-content\/uploads\/sites\/28\/2023\/02\/making_the_public_cloud_work_for_your_enterprise-230-3.webp?w=1024&amp;quality=70 2x\" media=\"(min-width: 768px)\"\/><source srcset=\"https:\/\/www.capgemini.com\/ar-es\/wp-content\/uploads\/sites\/28\/2023\/02\/making_the_public_cloud_work_for_your_enterprise-230-3.webp?w=768&amp;quality=70 1x, https:\/\/www.capgemini.com\/ar-es\/wp-content\/uploads\/sites\/28\/2023\/02\/making_the_public_cloud_work_for_your_enterprise-230-3.webp?w=768&amp;quality=70 2x\" media=\"(min-width: 0)\"\/><img decoding=\"async\" src=\"https:\/\/www.capgemini.com\/ar-es\/wp-content\/uploads\/sites\/28\/2023\/02\/making_the_public_cloud_work_for_your_enterprise-230-3.webp\" class=\"desktopImage\" alt=\"\" style=\"object-fit:cover;object-position:53% 28.000000000000004%\" loading=\"eager\"\/><\/picture><picture><source srcset=\"https:\/\/www.capgemini.com\/ar-es\/wp-content\/uploads\/sites\/28\/2023\/02\/making_the_public_cloud_work_for_your_enterprise-230-3.webp?w=2880&amp;quality=70 1x, https:\/\/www.capgemini.com\/ar-es\/wp-content\/uploads\/sites\/28\/2023\/02\/making_the_public_cloud_work_for_your_enterprise-230-3.webp?w=2880&amp;quality=70 2x\" media=\"(min-width: 1500px)\"\/><source srcset=\"https:\/\/www.capgemini.com\/ar-es\/wp-content\/uploads\/sites\/28\/2023\/02\/making_the_public_cloud_work_for_your_enterprise-230-3.webp?w=1440&amp;quality=70 1x, https:\/\/www.capgemini.com\/ar-es\/wp-content\/uploads\/sites\/28\/2023\/02\/making_the_public_cloud_work_for_your_enterprise-230-3.webp?w=2880&amp;quality=70 2x\" media=\"(min-width: 992px)\"\/><source srcset=\"https:\/\/www.capgemini.com\/ar-es\/wp-content\/uploads\/sites\/28\/2023\/02\/making_the_public_cloud_work_for_your_enterprise-230-3.webp?w=1024&amp;quality=70 1x, https:\/\/www.capgemini.com\/ar-es\/wp-content\/uploads\/sites\/28\/2023\/02\/making_the_public_cloud_work_for_your_enterprise-230-3.webp?w=1024&amp;quality=70 2x\" media=\"(min-width: 768px)\"\/><source srcset=\"https:\/\/www.capgemini.com\/ar-es\/wp-content\/uploads\/sites\/28\/2023\/02\/making_the_public_cloud_work_for_your_enterprise-230-3.webp?w=768&amp;quality=70 1x, https:\/\/www.capgemini.com\/ar-es\/wp-content\/uploads\/sites\/28\/2023\/02\/making_the_public_cloud_work_for_your_enterprise-230-3.webp?w=768&amp;quality=70 2x\" media=\"(min-width: 0)\"\/><img decoding=\"async\" src=\"https:\/\/www.capgemini.com\/ar-es\/wp-content\/uploads\/sites\/28\/2023\/02\/making_the_public_cloud_work_for_your_enterprise-230-3.webp\" class=\"mobileImage\" alt=\"\" style=\"object-fit:cover;object-position:53% 28.000000000000004%\" loading=\"eager\"\/><\/picture><\/div><div class=\"heroPictureCardHeaderShape\"><\/div><div class=\"container\"><div class=\"row\"><div class=\"col-md-8 col-lg-6\"><div class=\"heroPictureCardBox\"><div class=\"heroPictureCardBoxTitle\"><h1 data-maxlength=\"144\">Migrando las cargas de trabajo a la Nube<\/h1><\/div><\/div><\/div><\/div><\/div><div class=\"small-device\"><div class=\"brandLogoWrapper\"> <\/div><\/div><\/div>\n\n\n\n<section class=\"wp-block-cg-blocks-group undefined section section--article-content\"><div class=\"article-main-content\"><div class=\"container\"><div class=\"row\"><div class=\"col-12 col-md-11 col-lg-10 offset-md-1 offset-lg-1\"><div class=\"article-text article-quote-text\">\n<section class=\"wp-block-cg-blocks-intro-para-video section section--info-2cols section-invent-info\"><div class=\"container article-text\"><div class=\"video-box\"><div class=\"video-wrapper\"><iframe title=\"video-section\" src=\"https:\/\/www.youtube.com\/embed\/7iximW79njg?rel=0&amp;modestbranding=1&amp;playsinline=1&amp;enablejsapi=1\" frameborder=\"0\" allow=\"accelerometer; autoplay; clipboard-write; encrypted-media; gyroscope; picture-in-picture\" allowfullscreen loading=\"lazy\" referrerpolicy=\"strict-origin-when-cross-origin\"><\/iframe><\/div><\/div><\/div><\/section>\n\n\n\n<p>Su organizaci\u00f3n ha definido una estrategia de migraci\u00f3n a la nube, y ha identificado las aplicaciones a ser migradas. \u00bfQu\u00e9 sigue? Migrar las cargas de trabajo a nuevos ambientes de nube debe ser cuidadosamente planeado y administrado. La migraci\u00f3n debe ser impulsada por un claro entendimiento del impacto que la arquitectura final tendr\u00e1 en la funcionalidad, desempe\u00f1o, disponibilidad y seguridad de las aplicaciones. El modelo cloud adecuado tambi\u00e9n debe estar implementado antes de que las cargas de trabajo se migren en masa para obtener los beneficios de agilidad , escalabilidad y flexibilidad que brinda la nube.<\/p>\n\n\n\n<h3 class=\"wp-block-heading\" id=\"h-optimice-los-costos-velocidad-y-calidad-de-la-migracion\">Optimice los costos, velocidad y calidad de la migraci\u00f3n<\/h3>\n\n\n\n<p>Nuestra metodolog\u00eda robusta e industrializada para la migraci\u00f3n de cargas de trabajo a la nube brinda resultados de r\u00e1pido valor. Aseguramos que la arquitectura de la nube y el patr\u00f3n de migraci\u00f3n est\u00e9n alineados a sus objetivos, mientras que nuestros m\u00e9todos industriales, herramientas y automatizaci\u00f3n &nbsp;permiten una migraci\u00f3n efectiva y de alta calidad. Nuestro m\u00e9todo comprehensivo incluye:<\/p>\n\n\n\n<ul class=\"wp-block-list\">\n<li><strong>Planeaci\u00f3n de migraci\u00f3n:<\/strong>&nbsp;An\u00e1lisis detallado de cada aplicaci\u00f3n para crear el patr\u00f3n de migraci\u00f3n m\u00e1s eficiente.<\/li>\n\n\n\n<li><strong>Arquitectura cloud:<\/strong>&nbsp;Definici\u00f3n de la arquitectura futura, modelo de operaci\u00f3n y caso de negocio basado en las necesidades y objetivos de las aplicaciones.<\/li>\n\n\n\n<li><strong>Ejecuci\u00f3n de la migraci\u00f3n:<\/strong>&nbsp;Administre la migraci\u00f3n en un modelo de f\u00e1brica e impulse la mejora continua.<\/li>\n<\/ul>\n\n\n\n<h3 class=\"wp-block-heading\" id=\"h-resultados-comprobados-con-nuestros-aliados-cloud\">Resultados comprobados con nuestros aliados Cloud<\/h3>\n\n\n\n<p>Ayudamos a nuestros clientes alcanzar sus ambiciones cloud al aprovechar nuestro ecosistema de aliados, incluyendo Amazon Web Services, Microsoft Azure, Google Cloud Platform, Pivotal Cloud Foundry, e IBM Bluemix.<\/p>\n\n\n\n<p>Hemos analizado m\u00e1s de 200 aplicaciones para una instituci\u00f3n financiera l\u00edder, y migrado m\u00e1s de 5o aplicaciones basadas en flujos de trabajo a la nube en l\u00ednea con los objetivos del cliente.<\/p>\n<\/div><\/div><\/div><\/div><\/div><\/section>\n","protected":false},"excerpt":{"rendered":"","protected":false},"author":367,"featured_media":505636,"parent":5801,"menu_order":14,"comment_status":"closed","ping_status":"closed","template":"","meta":{"cg_dt_proposed_to":[0],"cg_seo_hreflang_relations":"[]","cg_seo_canonical_relation":"","cg_seo_hreflang_x_default_relation":"","cg_dt_approved_content":false,"cg_dt_mandatory_content":false,"cg_dt_notes":"","cg_dg_source_changed":false,"cg_dt_link_disabled":false,"_yoast_wpseo_primary_brand":"","footnotes":"","featured_focal_points":"","partner_card_description":"","gsap_animation":0},"brand":[],"partner_type":[],"service":[197],"industry":[],"partners":[],"page-type":[183],"content-group":[],"class_list":["post-505633","page","type-page","status-publish","has-post-thumbnail","hentry","service-cloud","page-type-service"],"yoast_head":"<!-- This site is optimized with the Yoast SEO Premium plugin v22.8 (Yoast SEO v22.8) - https:\/\/yoast.com\/wordpress\/plugins\/seo\/ -->\n<title>Migrando las cargas de trabajo a la Nube | Capgemini<\/title>\n<meta name=\"robots\" content=\"index, follow, max-snippet:-1, max-image-preview:large, max-video-preview:-1\" \/>\n<link rel=\"canonical\" href=\"https:\/\/www.capgemini.com\/ar-es\/servicios\/migrating-workloads-to-the-cloud\/\" \/>\n<meta property=\"og:locale\" content=\"es_MX\" \/>\n<meta property=\"og:type\" content=\"article\" \/>\n<meta property=\"og:title\" content=\"Migrando las cargas de trabajo a la Nube\" \/>\n<meta property=\"og:url\" content=\"https:\/\/www.capgemini.com\/ar-es\/servicios\/migrating-workloads-to-the-cloud\/\" \/>\n<meta property=\"og:site_name\" content=\"Capgemini Argentina\" \/>\n<meta property=\"article:modified_time\" content=\"2026-01-09T14:16:26+00:00\" \/>\n<meta property=\"og:image\" content=\"https:\/\/www.capgemini.com\/ar-es\/wp-content\/uploads\/sites\/9\/2023\/02\/making_the_public_cloud_work_for_your_enterprise-230-3.webp\" \/>\n\t<meta property=\"og:image:width\" content=\"1920\" \/>\n\t<meta property=\"og:image:height\" content=\"480\" \/>\n\t<meta property=\"og:image:type\" content=\"image\/webp\" \/>\n<meta name=\"twitter:card\" content=\"summary_large_image\" \/>\n<meta name=\"twitter:label1\" content=\"Est. reading time\" \/>\n\t<meta name=\"twitter:data1\" content=\"2 minutes\" \/>\n<script type=\"application\/ld+json\" class=\"yoast-schema-graph\">{\"@context\":\"https:\/\/schema.org\",\"@graph\":[{\"@type\":\"WebPage\",\"@id\":\"https:\/\/www.capgemini.com\/ar-es\/servicios\/migrating-workloads-to-the-cloud\/\",\"url\":\"https:\/\/www.capgemini.com\/ar-es\/servicios\/migrating-workloads-to-the-cloud\/\",\"name\":\"Migrando las cargas de trabajo a la Nube | Capgemini\",\"isPartOf\":{\"@id\":\"https:\/\/www.capgemini.com\/ar-es\/#website\"},\"primaryImageOfPage\":{\"@id\":\"https:\/\/www.capgemini.com\/ar-es\/servicios\/migrating-workloads-to-the-cloud\/#primaryimage\"},\"image\":{\"@id\":\"https:\/\/www.capgemini.com\/ar-es\/servicios\/migrating-workloads-to-the-cloud\/#primaryimage\"},\"thumbnailUrl\":\"https:\/\/www.capgemini.com\/ar-es\/wp-content\/uploads\/sites\/9\/2023\/02\/making_the_public_cloud_work_for_your_enterprise-230-3.webp\",\"datePublished\":\"2023-02-07T14:51:04+00:00\",\"dateModified\":\"2026-01-09T14:16:26+00:00\",\"breadcrumb\":{\"@id\":\"https:\/\/www.capgemini.com\/ar-es\/servicios\/migrating-workloads-to-the-cloud\/#breadcrumb\"},\"inLanguage\":\"es-MX\",\"potentialAction\":[{\"@type\":\"ReadAction\",\"target\":[\"https:\/\/www.capgemini.com\/ar-es\/servicios\/migrating-workloads-to-the-cloud\/\"]}]},{\"@type\":\"ImageObject\",\"inLanguage\":\"es-MX\",\"@id\":\"https:\/\/www.capgemini.com\/ar-es\/servicios\/migrating-workloads-to-the-cloud\/#primaryimage\",\"url\":\"https:\/\/www.capgemini.com\/ar-es\/wp-content\/uploads\/sites\/9\/2023\/02\/making_the_public_cloud_work_for_your_enterprise-230-3.webp\",\"contentUrl\":\"https:\/\/www.capgemini.com\/ar-es\/wp-content\/uploads\/sites\/9\/2023\/02\/making_the_public_cloud_work_for_your_enterprise-230-3.webp\",\"width\":1920,\"height\":480},{\"@type\":\"BreadcrumbList\",\"@id\":\"https:\/\/www.capgemini.com\/ar-es\/servicios\/migrating-workloads-to-the-cloud\/#breadcrumb\",\"itemListElement\":[{\"@type\":\"ListItem\",\"position\":1,\"name\":\"Home\",\"item\":\"https:\/\/www.capgemini.com\/ar-es\/\"},{\"@type\":\"ListItem\",\"position\":2,\"name\":\"Servicios\",\"item\":\"https:\/\/www.capgemini.com\/ar-es\/servicios\/\"},{\"@type\":\"ListItem\",\"position\":3,\"name\":\"Migrando las cargas de trabajo a la Nube\"}]},{\"@type\":\"WebSite\",\"@id\":\"https:\/\/www.capgemini.com\/ar-es\/#website\",\"url\":\"https:\/\/www.capgemini.com\/ar-es\/\",\"name\":\"Capgemini Argentina\",\"description\":\"Capgemini\",\"potentialAction\":[{\"@type\":\"SearchAction\",\"target\":{\"@type\":\"EntryPoint\",\"urlTemplate\":\"https:\/\/www.capgemini.com\/ar-es\/?s={search_term_string}\"},\"query-input\":\"required name=search_term_string\"}],\"inLanguage\":\"es-MX\"}]}<\/script>\n<!-- \/ Yoast SEO Premium plugin. -->","yoast_head_json":{"title":"Migrando las cargas de trabajo a la Nube | Capgemini","robots":{"index":"index","follow":"follow","max-snippet":"max-snippet:-1","max-image-preview":"max-image-preview:large","max-video-preview":"max-video-preview:-1"},"canonical":"https:\/\/www.capgemini.com\/ar-es\/servicios\/migrating-workloads-to-the-cloud\/","og_locale":"es_MX","og_type":"article","og_title":"Migrando las cargas de trabajo a la Nube","og_url":"https:\/\/www.capgemini.com\/ar-es\/servicios\/migrating-workloads-to-the-cloud\/","og_site_name":"Capgemini Argentina","article_modified_time":"2026-01-09T14:16:26+00:00","og_image":[{"width":1920,"height":480,"url":"https:\/\/www.capgemini.com\/ar-es\/wp-content\/uploads\/sites\/9\/2023\/02\/making_the_public_cloud_work_for_your_enterprise-230-3.webp","type":"image\/webp"}],"twitter_card":"summary_large_image","twitter_misc":{"Est. reading time":"2 minutes"},"schema":{"@context":"https:\/\/schema.org","@graph":[{"@type":"WebPage","@id":"https:\/\/www.capgemini.com\/ar-es\/servicios\/migrating-workloads-to-the-cloud\/","url":"https:\/\/www.capgemini.com\/ar-es\/servicios\/migrating-workloads-to-the-cloud\/","name":"Migrando las cargas de trabajo a la Nube | Capgemini","isPartOf":{"@id":"https:\/\/www.capgemini.com\/ar-es\/#website"},"primaryImageOfPage":{"@id":"https:\/\/www.capgemini.com\/ar-es\/servicios\/migrating-workloads-to-the-cloud\/#primaryimage"},"image":{"@id":"https:\/\/www.capgemini.com\/ar-es\/servicios\/migrating-workloads-to-the-cloud\/#primaryimage"},"thumbnailUrl":"https:\/\/www.capgemini.com\/ar-es\/wp-content\/uploads\/sites\/9\/2023\/02\/making_the_public_cloud_work_for_your_enterprise-230-3.webp","datePublished":"2023-02-07T14:51:04+00:00","dateModified":"2026-01-09T14:16:26+00:00","breadcrumb":{"@id":"https:\/\/www.capgemini.com\/ar-es\/servicios\/migrating-workloads-to-the-cloud\/#breadcrumb"},"inLanguage":"es-MX","potentialAction":[{"@type":"ReadAction","target":["https:\/\/www.capgemini.com\/ar-es\/servicios\/migrating-workloads-to-the-cloud\/"]}]},{"@type":"ImageObject","inLanguage":"es-MX","@id":"https:\/\/www.capgemini.com\/ar-es\/servicios\/migrating-workloads-to-the-cloud\/#primaryimage","url":"https:\/\/www.capgemini.com\/ar-es\/wp-content\/uploads\/sites\/9\/2023\/02\/making_the_public_cloud_work_for_your_enterprise-230-3.webp","contentUrl":"https:\/\/www.capgemini.com\/ar-es\/wp-content\/uploads\/sites\/9\/2023\/02\/making_the_public_cloud_work_for_your_enterprise-230-3.webp","width":1920,"height":480},{"@type":"BreadcrumbList","@id":"https:\/\/www.capgemini.com\/ar-es\/servicios\/migrating-workloads-to-the-cloud\/#breadcrumb","itemListElement":[{"@type":"ListItem","position":1,"name":"Home","item":"https:\/\/www.capgemini.com\/ar-es\/"},{"@type":"ListItem","position":2,"name":"Servicios","item":"https:\/\/www.capgemini.com\/ar-es\/servicios\/"},{"@type":"ListItem","position":3,"name":"Migrando las cargas de trabajo a la Nube"}]},{"@type":"WebSite","@id":"https:\/\/www.capgemini.com\/ar-es\/#website","url":"https:\/\/www.capgemini.com\/ar-es\/","name":"Capgemini Argentina","description":"Capgemini","potentialAction":[{"@type":"SearchAction","target":{"@type":"EntryPoint","urlTemplate":"https:\/\/www.capgemini.com\/ar-es\/?s={search_term_string}"},"query-input":"required name=search_term_string"}],"inLanguage":"es-MX"}]}},"brand_term":[],"parsely":{"version":"1.1.0","canonical_url":"https:\/\/capgemini.com\/ar-es\/servicios\/migrating-workloads-to-the-cloud\/","smart_links":{"inbound":0,"outbound":0},"traffic_boost_suggestions_count":0,"meta":{"@context":"https:\/\/schema.org","@type":"WebPage","headline":"Migrando las cargas de trabajo a la Nube","url":"https:\/\/www.capgemini.com\/ar-es\/servicios\/migrating-workloads-to-the-cloud\/","mainEntityOfPage":{"@type":"WebPage","@id":"https:\/\/www.capgemini.com\/ar-es\/servicios\/migrating-workloads-to-the-cloud\/"},"thumbnailUrl":"https:\/\/www.capgemini.com\/ar-es\/wp-content\/uploads\/sites\/9\/2023\/02\/making_the_public_cloud_work_for_your_enterprise-230-3.webp?w=150&h=150&crop=1","image":{"@type":"ImageObject","url":"https:\/\/www.capgemini.com\/ar-es\/wp-content\/uploads\/sites\/9\/2023\/02\/making_the_public_cloud_work_for_your_enterprise-230-3.webp"},"articleSection":"Uncategorized","author":[],"creator":[],"publisher":{"@type":"Organization","name":"Capgemini Argentina","logo":""},"keywords":[],"dateCreated":"2023-02-07T14:51:04Z","datePublished":"2023-02-07T14:51:04Z","dateModified":"2026-01-09T14:16:26Z"},"rendered":"<meta name=\"parsely-title\" content=\"Migrando las cargas de trabajo a la Nube\" \/>\n<meta name=\"parsely-link\" content=\"https:\/\/www.capgemini.com\/ar-es\/servicios\/migrating-workloads-to-the-cloud\/\" \/>\n<meta name=\"parsely-type\" content=\"index\" \/>\n<meta name=\"parsely-image-url\" content=\"https:\/\/www.capgemini.com\/ar-es\/wp-content\/uploads\/sites\/9\/2023\/02\/making_the_public_cloud_work_for_your_enterprise-230-3.webp?w=150&amp;h=150&amp;crop=1\" \/>\n<meta name=\"parsely-pub-date\" content=\"2023-02-07T14:51:04Z\" \/>\n<meta name=\"parsely-section\" content=\"Uncategorized\" \/>","tracker_url":"https:\/\/cdn.parsely.com\/keys\/capgemini.com\/p.js"},"archive_status":false,"featured_image_src":"https:\/\/www.capgemini.com\/ar-es\/wp-content\/uploads\/sites\/9\/2023\/02\/making_the_public_cloud_work_for_your_enterprise-230-3.webp","featured_image_alt":"","jetpack_sharing_enabled":true,"distributor_meta":false,"distributor_terms":false,"distributor_media":false,"distributor_original_site_name":"Capgemini Argentina","distributor_original_site_url":"https:\/\/www.capgemini.com\/ar-es","push-errors":false,"_links":{"self":[{"href":"https:\/\/www.capgemini.com\/ar-es\/wp-json\/wp\/v2\/pages\/505633","targetHints":{"allow":["GET"]}}],"collection":[{"href":"https:\/\/www.capgemini.com\/ar-es\/wp-json\/wp\/v2\/pages"}],"about":[{"href":"https:\/\/www.capgemini.com\/ar-es\/wp-json\/wp\/v2\/types\/page"}],"author":[{"embeddable":true,"href":"https:\/\/www.capgemini.com\/ar-es\/wp-json\/wp\/v2\/users\/367"}],"replies":[{"embeddable":true,"href":"https:\/\/www.capgemini.com\/ar-es\/wp-json\/wp\/v2\/comments?post=505633"}],"version-history":[{"count":4,"href":"https:\/\/www.capgemini.com\/ar-es\/wp-json\/wp\/v2\/pages\/505633\/revisions"}],"predecessor-version":[{"id":520715,"href":"https:\/\/www.capgemini.com\/ar-es\/wp-json\/wp\/v2\/pages\/505633\/revisions\/520715"}],"up":[{"embeddable":true,"href":"https:\/\/www.capgemini.com\/ar-es\/wp-json\/wp\/v2\/pages\/5801"}],"wp:featuredmedia":[{"embeddable":true,"href":"https:\/\/www.capgemini.com\/ar-es\/wp-json\/wp\/v2\/media\/505636"}],"wp:attachment":[{"href":"https:\/\/www.capgemini.com\/ar-es\/wp-json\/wp\/v2\/media?parent=505633"}],"wp:term":[{"taxonomy":"brand","embeddable":true,"href":"https:\/\/www.capgemini.com\/ar-es\/wp-json\/wp\/v2\/brand?post=505633"},{"taxonomy":"partner_type","embeddable":true,"href":"https:\/\/www.capgemini.com\/ar-es\/wp-json\/wp\/v2\/partner_type?post=505633"},{"taxonomy":"service","embeddable":true,"href":"https:\/\/www.capgemini.com\/ar-es\/wp-json\/wp\/v2\/service?post=505633"},{"taxonomy":"industry","embeddable":true,"href":"https:\/\/www.capgemini.com\/ar-es\/wp-json\/wp\/v2\/industry?post=505633"},{"taxonomy":"partners","embeddable":true,"href":"https:\/\/www.capgemini.com\/ar-es\/wp-json\/wp\/v2\/partners?post=505633"},{"taxonomy":"page-type","embeddable":true,"href":"https:\/\/www.capgemini.com\/ar-es\/wp-json\/wp\/v2\/page-type?post=505633"},{"taxonomy":"content-group","embeddable":true,"href":"https:\/\/www.capgemini.com\/ar-es\/wp-json\/wp\/v2\/content-group?post=505633"}],"curies":[{"name":"wp","href":"https:\/\/api.w.org\/{rel}","templated":true}]}}