{"id":36618,"date":"2023-01-31T04:02:21","date_gmt":"2023-01-31T04:02:21","guid":{"rendered":"https:\/\/www.capgemini.com\/ar-es\/?page_id=36618"},"modified":"2025-03-28T04:56:19","modified_gmt":"2025-03-28T04:56:19","slug":"home-analytics","status":"publish","type":"page","link":"https:\/\/www.capgemini.com\/ar-es\/servicios\/home-analytics\/","title":{"rendered":"\u00bfEst\u00e1s preparado para liderar a tu equipo de trabajo remoto?"},"content":{"rendered":"\n<div class=\"wp-block-cg-blocks-hero-picture-card undefined  heroPictureCard\"><div class=\"heroPictureCardBgs\"><picture><source srcset=\"https:\/\/www.capgemini.com\/ar-es\/wp-content\/uploads\/sites\/28\/2023\/01\/services-01_business-services.png?w=2880&amp;quality=70 1x, https:\/\/www.capgemini.com\/ar-es\/wp-content\/uploads\/sites\/28\/2023\/01\/services-01_business-services.png?w=2880&amp;quality=70 2x\" media=\"(min-width: 1500px)\"\/><source srcset=\"https:\/\/www.capgemini.com\/ar-es\/wp-content\/uploads\/sites\/28\/2023\/01\/services-01_business-services.png?w=1440&amp;quality=70 1x, https:\/\/www.capgemini.com\/ar-es\/wp-content\/uploads\/sites\/28\/2023\/01\/services-01_business-services.png?w=2880&amp;quality=70 2x\" media=\"(min-width: 992px)\"\/><source srcset=\"https:\/\/www.capgemini.com\/ar-es\/wp-content\/uploads\/sites\/28\/2023\/01\/services-01_business-services.png?w=1024&amp;quality=70 1x, https:\/\/www.capgemini.com\/ar-es\/wp-content\/uploads\/sites\/28\/2023\/01\/services-01_business-services.png?w=1024&amp;quality=70 2x\" media=\"(min-width: 768px)\"\/><source srcset=\"https:\/\/www.capgemini.com\/ar-es\/wp-content\/uploads\/sites\/28\/2023\/01\/services-01_business-services.png?w=768&amp;quality=70 1x, https:\/\/www.capgemini.com\/ar-es\/wp-content\/uploads\/sites\/28\/2023\/01\/services-01_business-services.png?w=768&amp;quality=70 2x\" media=\"(min-width: 0)\"\/><img decoding=\"async\" src=\"https:\/\/www.capgemini.com\/ar-es\/wp-content\/uploads\/sites\/28\/2023\/01\/services-01_business-services.png\" class=\"desktopImage\" alt=\"\" style=\"object-fit:cover;object-position:53% 28.000000000000004%\" loading=\"eager\"\/><\/picture><picture><source srcset=\"https:\/\/www.capgemini.com\/ar-es\/wp-content\/uploads\/sites\/28\/2023\/01\/services-01_business-services.png?w=2880&amp;quality=70 1x, https:\/\/www.capgemini.com\/ar-es\/wp-content\/uploads\/sites\/28\/2023\/01\/services-01_business-services.png?w=2880&amp;quality=70 2x\" media=\"(min-width: 1500px)\"\/><source srcset=\"https:\/\/www.capgemini.com\/ar-es\/wp-content\/uploads\/sites\/28\/2023\/01\/services-01_business-services.png?w=1440&amp;quality=70 1x, https:\/\/www.capgemini.com\/ar-es\/wp-content\/uploads\/sites\/28\/2023\/01\/services-01_business-services.png?w=2880&amp;quality=70 2x\" media=\"(min-width: 992px)\"\/><source srcset=\"https:\/\/www.capgemini.com\/ar-es\/wp-content\/uploads\/sites\/28\/2023\/01\/services-01_business-services.png?w=1024&amp;quality=70 1x, https:\/\/www.capgemini.com\/ar-es\/wp-content\/uploads\/sites\/28\/2023\/01\/services-01_business-services.png?w=1024&amp;quality=70 2x\" media=\"(min-width: 768px)\"\/><source srcset=\"https:\/\/www.capgemini.com\/ar-es\/wp-content\/uploads\/sites\/28\/2023\/01\/services-01_business-services.png?w=768&amp;quality=70 1x, https:\/\/www.capgemini.com\/ar-es\/wp-content\/uploads\/sites\/28\/2023\/01\/services-01_business-services.png?w=768&amp;quality=70 2x\" media=\"(min-width: 0)\"\/><img decoding=\"async\" src=\"https:\/\/www.capgemini.com\/ar-es\/wp-content\/uploads\/sites\/28\/2023\/01\/services-01_business-services.png\" class=\"mobileImage\" alt=\"\" style=\"object-fit:cover;object-position:53% 28.000000000000004%\" loading=\"eager\"\/><\/picture><\/div><div class=\"heroPictureCardHeaderShape\"><\/div><div class=\"container\"><div class=\"row\"><div class=\"col-md-8 col-lg-6\"><div class=\"heroPictureCardBox\"><div class=\"heroPictureCardBoxTitle\"><h1 data-maxlength=\"144\">\u00bfEst\u00e1s preparado para liderar a tu equipo de trabajo remoto?<\/h1><\/div><\/div><\/div><\/div><\/div><div class=\"small-device\"><div class=\"brandLogoWrapper\"> <\/div><\/div><\/div>\n\n\n\n<section class=\"wp-block-cg-blocks-group undefined section section--article-content\"><div class=\"article-main-content\"><div class=\"container\"><div class=\"row\"><div class=\"col-12 col-md-11 col-lg-10 offset-md-1 offset-lg-1\"><div class=\"article-text article-quote-text\">\n<p>La pandemia cambiar\u00e1 a muchas organizaciones de manera permanente, un \u00e1rea cr\u00edtica es el trabajo virtual y muchos l\u00edderes se han visto en la necesidad de guiar equipos de trabajo remoto, \u00bftu organizaci\u00f3n est\u00e1 preparada para continuar con este modelo operativo?<\/p>\n\n\n\n<p>En Capgemini podemos ayudarte. Te presentamos&nbsp;<strong>Work from Home Analitycs,<\/strong>&nbsp;es un dashboard de monitoreo de trabajo de servicios cr\u00edticos de TI, con una vista simplificada tendr\u00e1s las principales m\u00e9tricas relacionadas al home office, ayudar\u00e1s a tu equipo a evitar interrupciones con el uso adecuado de las herramientas necesarias para realizar su labor diaria.<\/p>\n\n\n\n<ul class=\"wp-block-list\">\n<li><strong>Supervisa la satisfacci\u00f3n de los empleados respecto a las herramientas de conectividad y colaboraci\u00f3n<\/strong><\/li>\n\n\n\n<li><strong>Monitoreo del uso de Skype \/ equipos \/ VPN \/ aplicaciones virtuales \/ etc. para analizar si hay un gasto excesivo o insuficiente en herramientas seleccionadas<\/strong><\/li>\n\n\n\n<li><strong>Ajusta din\u00e1micamente las configuraciones para garantizar una mayor productividad de la fuerza laboral<\/strong><\/li>\n<\/ul>\n\n\n\n<p>Liderar de manera efectiva en un entorno virtual significa confiar en los empleados y garantizar extraer el valor de las herramientas de colaboraci\u00f3n. En tiempo r\u00e9cord puedes aprovechar esta informaci\u00f3n e implementar acciones para mejorar tu operaci\u00f3n.<\/p>\n\n\n\n<p>Te invitamos a leer el estudio m\u00e1s reciente de Capgemini Research Institute&nbsp;<a href=\"\/ar-es\/insights\/biblioteca-de-investigacion\/las-organizaciones-virtuales-necesitan-un-liderazgo-real\/\">\u201cLas organizaciones virtuales necesitan un liderazgo real: COVID-19 y el modelo operativo virtual\u201d<\/a><\/p>\n\n\n\n<ul class=\"wp-block-list\">\n<li><figure><img loading=\"lazy\" decoding=\"async\" width=\"960\" height=\"804\" src=\"https:\/\/www.capgemini.com\/ar-es\/wp-content\/uploads\/sites\/24\/2020\/05\/Tablero-3.png?w=960\" alt=\"\"><\/figure><\/li>\n<\/ul>\n\n\n\n<p>Obt\u00e9n los beneficios del trabajo remoto, minimiza al m\u00e1ximo el impacto a tu negocio y prep\u00e1rate para esta nueva modalidad de colaboraci\u00f3n<\/p>\n\n\n\n<p>Si quieres ser contactado por uno de nuestros expertos, d\u00e9janos tus datos y en breve nos comunicaremos contigo.<\/p>\n\n\n\n<div class=\"wp-block-cg-blocks-autocloud-form undefined autocloudform\"><div class=\"section--autoCloud-form\"><div class=\"wrapperAutoCloudSection\" id=\"linkToForm\"><div class=\"container\"><div class=\"row\"><div class=\"col-md-12 col-lg-6 left-img align-self-center escaper-left\"><\/div><div class=\"  col-md-12\"><div class=\"autoCloudForm\">\t\t<div class=\"mf_forms__container \">\n\t\t\t\t\t\t\t\t<form id=\"mf_form_36571_2767307554\" class=\"mf_form__form row needs-validation\" action=\"\" method=\"post\" enctype=\"multipart\/form-data\" data-nosnippet>\n\n\t\t\t\t<div class=\"mf-field-wrapper form-floating col-sm-12\"><input type=\"text\" class=\"form-control\" id=\"_mf_9256_3440_210460450\" name=\"_mf_9256_3440\" placeholder=\"Nombre completo\" required \/><label for=\"_mf_9256_3440_210460450\" class=\"form-label\">Nombre completo <span class=\"star-required\">*<\/span><\/label><div class=\"invalid-feedback-frm\" role=\"alert\">Nombre completo no es v\u00e1lido.<\/div><\/div><div class=\"mf-field-wrapper form-floating col-sm-12\"><input type=\"text\" class=\"form-control\" id=\"_mf_9256_5466_1055041816\" name=\"_mf_9256_5466\" placeholder=\"Apellido\" required \/><label for=\"_mf_9256_5466_1055041816\" class=\"form-label\">Apellido <span class=\"star-required\">*<\/span><\/label><div class=\"invalid-feedback-frm\" role=\"alert\">Apellido no es v\u00e1lido.<\/div><\/div><div class=\"mf-field-wrapper form-floating col-sm-12\"><input type=\"text\" class=\"form-control\" id=\"_mf_9256_8835_337807831\" name=\"_mf_9256_8835\" placeholder=\"Compa\u00f1\u00eda \/ Organizaci\u00f3n\" required \/><label for=\"_mf_9256_8835_337807831\" class=\"form-label\">Compa\u00f1\u00eda \/ Organizaci\u00f3n <span class=\"star-required\">*<\/span><\/label><div class=\"invalid-feedback-frm\" role=\"alert\">Compa\u00f1\u00eda \/ Organizaci\u00f3n no es v\u00e1lido.<\/div><\/div><div class=\"mf-field-wrapper form-floating col-sm-12\"><input type=\"text\" class=\"form-control\" id=\"_mf_36571_6762_1886478547\" name=\"_mf_36571_6762\" placeholder=\"Puesto\" required \/><label for=\"_mf_36571_6762_1886478547\" class=\"form-label\">Puesto <span class=\"star-required\">*<\/span><\/label><div class=\"invalid-feedback-frm\" role=\"alert\">Puesto no es v\u00e1lido.<\/div><\/div><div class=\"mf-field-wrapper form-floating col-sm-12\"><input type=\"email\" class=\"form-control\" id=\"_mf_9256_8281_3539626829\" name=\"_mf_9256_8281\" placeholder=\"Email\" required \/><label for=\"_mf_9256_8281_3539626829\" class=\"form-label\">Email <span class=\"star-required\">*<\/span><\/label><div class=\"invalid-feedback-frm\" role=\"alert\">Email no es v\u00e1lido.<\/div><\/div><div class=\"mf-field-wrapper form-floating col-sm-12\"><input type=\"text\" pattern=\"^[0-9\\-\\+\\s]+$\"  class=\"form-control\" id=\"_mf_36571_2597_1770397873\" name=\"_mf_36571_2597\" oninput=\"validateInput(this)\" maxlength=\"14\" placeholder=\"Tel\u00e9fono\"  \/><label for=\"_mf_36571_2597_1770397873\" class=\"form-label\">Tel\u00e9fono (opcional)<\/label><\/div><div class=\"mf-field-wrapper form-floating col-sm-12\"><textarea type=\"text\" class=\"form-control\" id=\"_mf_36620_9857_2254825250\" name=\"_mf_36620_9857\" placeholder=\"Mensaje\" required><\/textarea><label for=\"_mf_36620_9857_2254825250\" class=\"form-label\">Mensaje <span class=\"star-required\">*<\/span><\/label><div class=\"invalid-feedback-frm\" role=\"alert\">Mensaje no es v\u00e1lido.<\/div><\/div><div class=\"mf-field-wrapper  col-sm-12\">\n\t\t<div class=\"form-check checkbox-controls\">\n\n\t\t\t<input type=\"checkbox\" id=\"_mf_9256_2781_435568623\" class=\"form-check-input\"\n\t\t\t\tname=\"_mf_9256_2781[]\"\n\t\t\t\tvalue=\"1\"\n\t\t\t\trequired\n\t\t\t>\n\n\t\t\t<label for=\"_mf_9256_2781_435568623\" class=\"form-check-label consent-text\">\n\t\t\t\tAl enviar este formulario, entiendo que mi informaci\u00f3n ser\u00e1 procesada por Capgemini como se indica arriba, y como se describe en los <a href=\"https:\/\/www.capgemini.com\/terms-of-use\/\">t\u00e9rminos de uso<\/a>.  &nbsp;\t\t\t<\/label>\n\n\t\t<\/div>\n\t\t<\/div>\t\t\t<div class=\"mf_field mf_field--recaptcha\">\n\t\t\t\t<div class=\"g-recaptcha\" data-sitekey=\"6Lc3OpIUAAAAADY4ErEHF0HF6Tr7vuknduDU-fbl\"><\/div>\n\t\t\t<\/div>\n\t\t\t\n\t\t\t<div class=\"mf_field mf_field--submit\" >\n\t\t\t\t<div class=\"slide-button-background button-background\">\n\t\t\t\t\t<label for=\"slider-submit-_mf_9256_6840\" class=\"slide-text\">\n\t\t\t\t\t\tSlide to submit\t\t\t\t\t<\/label>\n\t\t\t\t\t<input\n\t\t\t\t\t\tid=\"slider-submit-_mf_9256_6840\"\n\t\t\t\t\t\ttype=\"range\"\n\t\t\t\t\t\tclass=\"mf_field__input slider-frm-btn\"\n\t\t\t\t\t\trel=\"_mf_9256_6840\"\n\t\t\t\t\t\tmin=\"0\"\n\t\t\t\t\t\tmax=\"100\"\n\t\t\t\t\t\tvalue=\"0\"\n\t\t\t\t\t\taria-label=\"Slide to submit\"\n\t\t\t\t\t\taria-describedby=\"slide-instruction-_mf_9256_6840\"\n\t\t\t\t\t\taria-valuenow=\"0\"\n\t\t\t\t\t\taria-valuemin=\"0\"\n\t\t\t\t\t\taria-valuemax=\"100\"\n\t\t\t\t\t\taria-orientation=\"horizontal\"\n\t\t\t\t\t\trole=\"slider\"\n\t\t\t\t\t\ttabindex=\"0\"\n\t\t\t\t\t\/>\n\t\t\t\t\t<!-- Icon element for Firefox (doesn't support ::before\/::after on inputs) -->\n\t\t\t\t\t<span class=\"slider-icon\" aria-hidden=\"true\"><\/span>\n\t\t\t\t\t<span id=\"slide-instruction-_mf_9256_6840\" class=\"sr-only\">\n\t\t\t\t\t\tUse right arrow keys to slide, or drag right with your finger. When you reach 100 percent, the form is submitted.\t\t\t\t\t<\/span>\n\t\t\t\t\t<!-- Mobile-only submit button fallback -->\n\t\t\t\t\t<button type=\"submit\" class=\"mf-mobile-submit-btn\" disabled>\n\t\t\t\t\t\t<span class=\"sr-only\">If you use a screen reader or VoiceOver, double-tap this button to submit the form.<\/span>\n\t\t\t\t\t\tSlide to submit\t\t\t\t\t<\/button>\n\t\t\t\t<\/div>\n\t\t\t\t<input type=\"hidden\" name=\"submit_btn_txt\" class=\"submit_btn_txt\" value=\"Slide to submit\"\/>\n\t\t\t\t<input type=\"hidden\" name=\"submitted_state_txt\" class=\"submitted_state_txt\" value=\"Submitted\"\/>\n\t\t\t<\/div>\n\t\t\t\t\t\t<input type=\"hidden\" name=\"form_id\" data-validate=\"number\" class=\"mf_form__id\" value=\"36571\" \/>\n\t\t\t\t<input type=\"hidden\" name=\"form_title\" class=\"mf_form__title\" value=\"%c2%bfest%c3%a1s-preparado-para-liderar-a-tu-equipo-de-trabajo-remoto\" \/>\n\t\t\t\t<input type=\"hidden\" name=\"wp_rest_nonce\" class=\"mf_form__wp_rest_nonce\" value=\"b0de00ee45\" \/>\n\n\t\t\t\t<input type=\"hidden\" name=\"mf_form_conditional_logic\" class=\"mf_form__title conditional_logic\" value=\"\" \/>\n\t\t\t\t\n\t\t\t\t<input type=\"hidden\" name=\"mf_form_fields_country_dpo_field\" class=\"mf_form__title conditional_logic mf_form_fields_country_dpo_field\" value=\"\" \/>\n\n\t\t\t\t<!-- Anti-spam field -->\n\t\t\t\t<input type=\"text\" \n\t\t\t\t\tname=\"website_url\" \n\t\t\t\t\tclass=\"mf_field__url\" \n\t\t\t\t\tautocomplete=\"off\"\n\t\t\t\t\ttabindex=\"-1\"\n\t\t\t\t\taria-hidden=\"true\"\n\t\t\t\t\tstyle=\"position:absolute;left:-9999px;width:1px;height:1px;opacity:0;pointer-events:none;\" \n\t\t\t\t\/>\n\t\t\t<\/form>\n\n\t\t\t<div class=\"mf_form__success\" tabindex=\"0\" role=\"alert\">\n\t\t\t\t\t\t\t\t<p>Gracias! Hemos recibido tu formulario.\t\t\t\t<\/p>\n\t\t\t<\/div>\n\t\t\t<div class=\"mf_form__errors\">\n\t\t\t\t<p>Lo sentimos, el env\u00edo del formulario fall\u00f3. Int\u00e9ntalo de nuevo.<\/p>\n\t\t\t<\/div>\n\t\t\t\t<\/div>\n\n\t\t<script>\n\t\t\twindow.MF_CONFIG36571 = {\"36571\":{\"errors\":[],\"redirect\":\"\"}};\n\t\t<\/script>\n\t\n<\/div><\/div><\/div><\/div><\/div><\/div><\/div>\n<\/div><\/div><\/div><\/div><\/div><\/section>\n","protected":false},"excerpt":{"rendered":"","protected":false},"author":367,"featured_media":36629,"parent":5801,"menu_order":0,"comment_status":"closed","ping_status":"closed","template":"","meta":{"cg_dt_proposed_to":[0],"cg_seo_hreflang_relations":"[]","cg_seo_canonical_relation":"","cg_seo_hreflang_x_default_relation":"","cg_dt_approved_content":false,"cg_dt_mandatory_content":false,"cg_dt_notes":"","cg_dg_source_changed":false,"cg_dt_link_disabled":false,"_yoast_wpseo_primary_brand":"","footnotes":"","featured_focal_points":"","partner_card_description":"","gsap_animation":0},"brand":[],"partner_type":[],"service":[],"industry":[],"partners":[],"page-type":[183],"content-group":[],"class_list":["post-36618","page","type-page","status-publish","has-post-thumbnail","hentry","page-type-service"],"yoast_head":"<!-- This site is optimized with the Yoast SEO Premium plugin v22.8 (Yoast SEO v22.8) - https:\/\/yoast.com\/wordpress\/plugins\/seo\/ -->\n<title>\u00bfEst\u00e1s preparado para liderar a tu equipo de trabajo remoto? | Capgemini<\/title>\n<meta name=\"robots\" content=\"index, follow, max-snippet:-1, max-image-preview:large, max-video-preview:-1\" \/>\n<link rel=\"canonical\" href=\"https:\/\/www.capgemini.com\/ar-es\/servicios\/home-analytics\/\" \/>\n<meta property=\"og:locale\" content=\"es_MX\" \/>\n<meta property=\"og:type\" content=\"article\" \/>\n<meta property=\"og:title\" content=\"\u00bfEst\u00e1s preparado para liderar a tu equipo de trabajo remoto?\" \/>\n<meta property=\"og:url\" content=\"https:\/\/www.capgemini.com\/ar-es\/servicios\/home-analytics\/\" \/>\n<meta property=\"og:site_name\" content=\"Capgemini Argentina\" \/>\n<meta property=\"article:modified_time\" content=\"2025-03-28T04:56:19+00:00\" \/>\n<meta property=\"og:image\" content=\"https:\/\/www.capgemini.com\/ar-es\/wp-content\/uploads\/sites\/9\/2023\/01\/services-01_business-services.png\" \/>\n\t<meta property=\"og:image:width\" content=\"1920\" \/>\n\t<meta property=\"og:image:height\" content=\"1920\" \/>\n\t<meta property=\"og:image:type\" content=\"image\/png\" \/>\n<meta name=\"twitter:card\" content=\"summary_large_image\" \/>\n<meta name=\"twitter:label1\" content=\"Est. reading time\" \/>\n\t<meta name=\"twitter:data1\" content=\"3 minutes\" \/>\n<script type=\"application\/ld+json\" class=\"yoast-schema-graph\">{\"@context\":\"https:\/\/schema.org\",\"@graph\":[{\"@type\":\"WebPage\",\"@id\":\"https:\/\/www.capgemini.com\/ar-es\/servicios\/home-analytics\/\",\"url\":\"https:\/\/www.capgemini.com\/ar-es\/servicios\/home-analytics\/\",\"name\":\"\u00bfEst\u00e1s preparado para liderar a tu equipo de trabajo remoto? | Capgemini\",\"isPartOf\":{\"@id\":\"https:\/\/www.capgemini.com\/ar-es\/#website\"},\"primaryImageOfPage\":{\"@id\":\"https:\/\/www.capgemini.com\/ar-es\/servicios\/home-analytics\/#primaryimage\"},\"image\":{\"@id\":\"https:\/\/www.capgemini.com\/ar-es\/servicios\/home-analytics\/#primaryimage\"},\"thumbnailUrl\":\"https:\/\/www.capgemini.com\/ar-es\/wp-content\/uploads\/sites\/9\/2023\/01\/services-01_business-services.png\",\"datePublished\":\"2023-01-31T04:02:21+00:00\",\"dateModified\":\"2025-03-28T04:56:19+00:00\",\"breadcrumb\":{\"@id\":\"https:\/\/www.capgemini.com\/ar-es\/servicios\/home-analytics\/#breadcrumb\"},\"inLanguage\":\"es-MX\",\"potentialAction\":[{\"@type\":\"ReadAction\",\"target\":[\"https:\/\/www.capgemini.com\/ar-es\/servicios\/home-analytics\/\"]}]},{\"@type\":\"ImageObject\",\"inLanguage\":\"es-MX\",\"@id\":\"https:\/\/www.capgemini.com\/ar-es\/servicios\/home-analytics\/#primaryimage\",\"url\":\"https:\/\/www.capgemini.com\/ar-es\/wp-content\/uploads\/sites\/9\/2023\/01\/services-01_business-services.png\",\"contentUrl\":\"https:\/\/www.capgemini.com\/ar-es\/wp-content\/uploads\/sites\/9\/2023\/01\/services-01_business-services.png\",\"width\":1920,\"height\":1920},{\"@type\":\"BreadcrumbList\",\"@id\":\"https:\/\/www.capgemini.com\/ar-es\/servicios\/home-analytics\/#breadcrumb\",\"itemListElement\":[{\"@type\":\"ListItem\",\"position\":1,\"name\":\"Home\",\"item\":\"https:\/\/www.capgemini.com\/ar-es\/\"},{\"@type\":\"ListItem\",\"position\":2,\"name\":\"Servicios\",\"item\":\"https:\/\/www.capgemini.com\/ar-es\/servicios\/\"},{\"@type\":\"ListItem\",\"position\":3,\"name\":\"\u00bfEst\u00e1s preparado para liderar a tu equipo de trabajo remoto?\"}]},{\"@type\":\"WebSite\",\"@id\":\"https:\/\/www.capgemini.com\/ar-es\/#website\",\"url\":\"https:\/\/www.capgemini.com\/ar-es\/\",\"name\":\"Capgemini Argentina\",\"description\":\"Capgemini\",\"potentialAction\":[{\"@type\":\"SearchAction\",\"target\":{\"@type\":\"EntryPoint\",\"urlTemplate\":\"https:\/\/www.capgemini.com\/ar-es\/?s={search_term_string}\"},\"query-input\":\"required name=search_term_string\"}],\"inLanguage\":\"es-MX\"}]}<\/script>\n<!-- \/ Yoast SEO Premium plugin. -->","yoast_head_json":{"title":"\u00bfEst\u00e1s preparado para liderar a tu equipo de trabajo remoto? | Capgemini","robots":{"index":"index","follow":"follow","max-snippet":"max-snippet:-1","max-image-preview":"max-image-preview:large","max-video-preview":"max-video-preview:-1"},"canonical":"https:\/\/www.capgemini.com\/ar-es\/servicios\/home-analytics\/","og_locale":"es_MX","og_type":"article","og_title":"\u00bfEst\u00e1s preparado para liderar a tu equipo de trabajo remoto?","og_url":"https:\/\/www.capgemini.com\/ar-es\/servicios\/home-analytics\/","og_site_name":"Capgemini Argentina","article_modified_time":"2025-03-28T04:56:19+00:00","og_image":[{"width":1920,"height":1920,"url":"https:\/\/www.capgemini.com\/ar-es\/wp-content\/uploads\/sites\/9\/2023\/01\/services-01_business-services.png","type":"image\/png"}],"twitter_card":"summary_large_image","twitter_misc":{"Est. reading time":"3 minutes"},"schema":{"@context":"https:\/\/schema.org","@graph":[{"@type":"WebPage","@id":"https:\/\/www.capgemini.com\/ar-es\/servicios\/home-analytics\/","url":"https:\/\/www.capgemini.com\/ar-es\/servicios\/home-analytics\/","name":"\u00bfEst\u00e1s preparado para liderar a tu equipo de trabajo remoto? | Capgemini","isPartOf":{"@id":"https:\/\/www.capgemini.com\/ar-es\/#website"},"primaryImageOfPage":{"@id":"https:\/\/www.capgemini.com\/ar-es\/servicios\/home-analytics\/#primaryimage"},"image":{"@id":"https:\/\/www.capgemini.com\/ar-es\/servicios\/home-analytics\/#primaryimage"},"thumbnailUrl":"https:\/\/www.capgemini.com\/ar-es\/wp-content\/uploads\/sites\/9\/2023\/01\/services-01_business-services.png","datePublished":"2023-01-31T04:02:21+00:00","dateModified":"2025-03-28T04:56:19+00:00","breadcrumb":{"@id":"https:\/\/www.capgemini.com\/ar-es\/servicios\/home-analytics\/#breadcrumb"},"inLanguage":"es-MX","potentialAction":[{"@type":"ReadAction","target":["https:\/\/www.capgemini.com\/ar-es\/servicios\/home-analytics\/"]}]},{"@type":"ImageObject","inLanguage":"es-MX","@id":"https:\/\/www.capgemini.com\/ar-es\/servicios\/home-analytics\/#primaryimage","url":"https:\/\/www.capgemini.com\/ar-es\/wp-content\/uploads\/sites\/9\/2023\/01\/services-01_business-services.png","contentUrl":"https:\/\/www.capgemini.com\/ar-es\/wp-content\/uploads\/sites\/9\/2023\/01\/services-01_business-services.png","width":1920,"height":1920},{"@type":"BreadcrumbList","@id":"https:\/\/www.capgemini.com\/ar-es\/servicios\/home-analytics\/#breadcrumb","itemListElement":[{"@type":"ListItem","position":1,"name":"Home","item":"https:\/\/www.capgemini.com\/ar-es\/"},{"@type":"ListItem","position":2,"name":"Servicios","item":"https:\/\/www.capgemini.com\/ar-es\/servicios\/"},{"@type":"ListItem","position":3,"name":"\u00bfEst\u00e1s preparado para liderar a tu equipo de trabajo remoto?"}]},{"@type":"WebSite","@id":"https:\/\/www.capgemini.com\/ar-es\/#website","url":"https:\/\/www.capgemini.com\/ar-es\/","name":"Capgemini Argentina","description":"Capgemini","potentialAction":[{"@type":"SearchAction","target":{"@type":"EntryPoint","urlTemplate":"https:\/\/www.capgemini.com\/ar-es\/?s={search_term_string}"},"query-input":"required name=search_term_string"}],"inLanguage":"es-MX"}]}},"brand_term":[],"parsely":{"version":"1.1.0","canonical_url":"https:\/\/capgemini.com\/ar-es\/servicios\/home-analytics\/","smart_links":{"inbound":0,"outbound":0},"traffic_boost_suggestions_count":0,"meta":{"@context":"https:\/\/schema.org","@type":"WebPage","headline":"\u00bfEst\u00e1s preparado para liderar a tu equipo de trabajo remoto?","url":"https:\/\/www.capgemini.com\/ar-es\/servicios\/home-analytics\/","mainEntityOfPage":{"@type":"WebPage","@id":"https:\/\/www.capgemini.com\/ar-es\/servicios\/home-analytics\/"},"thumbnailUrl":"https:\/\/www.capgemini.com\/ar-es\/wp-content\/uploads\/sites\/9\/2023\/01\/services-01_business-services.png?w=150&h=150&crop=1","image":{"@type":"ImageObject","url":"https:\/\/www.capgemini.com\/ar-es\/wp-content\/uploads\/sites\/9\/2023\/01\/services-01_business-services.png"},"articleSection":"Uncategorized","author":[],"creator":[],"publisher":{"@type":"Organization","name":"Capgemini Argentina","logo":""},"keywords":[],"dateCreated":"2023-01-31T04:02:21Z","datePublished":"2023-01-31T04:02:21Z","dateModified":"2025-03-28T04:56:19Z"},"rendered":"<meta name=\"parsely-title\" content=\"\u00bfEst\u00e1s preparado para liderar a tu equipo de trabajo remoto?\" \/>\n<meta name=\"parsely-link\" content=\"https:\/\/www.capgemini.com\/ar-es\/servicios\/home-analytics\/\" \/>\n<meta name=\"parsely-type\" content=\"index\" \/>\n<meta name=\"parsely-image-url\" content=\"https:\/\/www.capgemini.com\/ar-es\/wp-content\/uploads\/sites\/9\/2023\/01\/services-01_business-services.png?w=150&amp;h=150&amp;crop=1\" \/>\n<meta name=\"parsely-pub-date\" content=\"2023-01-31T04:02:21Z\" \/>\n<meta name=\"parsely-section\" content=\"Uncategorized\" \/>","tracker_url":"https:\/\/cdn.parsely.com\/keys\/capgemini.com\/p.js"},"archive_status":false,"featured_image_src":"https:\/\/www.capgemini.com\/ar-es\/wp-content\/uploads\/sites\/9\/2023\/01\/services-01_business-services.png","featured_image_alt":"","jetpack_sharing_enabled":true,"distributor_meta":false,"distributor_terms":false,"distributor_media":false,"distributor_original_site_name":"Capgemini Argentina","distributor_original_site_url":"https:\/\/www.capgemini.com\/ar-es","push-errors":false,"_links":{"self":[{"href":"https:\/\/www.capgemini.com\/ar-es\/wp-json\/wp\/v2\/pages\/36618","targetHints":{"allow":["GET"]}}],"collection":[{"href":"https:\/\/www.capgemini.com\/ar-es\/wp-json\/wp\/v2\/pages"}],"about":[{"href":"https:\/\/www.capgemini.com\/ar-es\/wp-json\/wp\/v2\/types\/page"}],"author":[{"embeddable":true,"href":"https:\/\/www.capgemini.com\/ar-es\/wp-json\/wp\/v2\/users\/367"}],"replies":[{"embeddable":true,"href":"https:\/\/www.capgemini.com\/ar-es\/wp-json\/wp\/v2\/comments?post=36618"}],"version-history":[{"count":4,"href":"https:\/\/www.capgemini.com\/ar-es\/wp-json\/wp\/v2\/pages\/36618\/revisions"}],"predecessor-version":[{"id":515783,"href":"https:\/\/www.capgemini.com\/ar-es\/wp-json\/wp\/v2\/pages\/36618\/revisions\/515783"}],"up":[{"embeddable":true,"href":"https:\/\/www.capgemini.com\/ar-es\/wp-json\/wp\/v2\/pages\/5801"}],"wp:featuredmedia":[{"embeddable":true,"href":"https:\/\/www.capgemini.com\/ar-es\/wp-json\/wp\/v2\/media\/36629"}],"wp:attachment":[{"href":"https:\/\/www.capgemini.com\/ar-es\/wp-json\/wp\/v2\/media?parent=36618"}],"wp:term":[{"taxonomy":"brand","embeddable":true,"href":"https:\/\/www.capgemini.com\/ar-es\/wp-json\/wp\/v2\/brand?post=36618"},{"taxonomy":"partner_type","embeddable":true,"href":"https:\/\/www.capgemini.com\/ar-es\/wp-json\/wp\/v2\/partner_type?post=36618"},{"taxonomy":"service","embeddable":true,"href":"https:\/\/www.capgemini.com\/ar-es\/wp-json\/wp\/v2\/service?post=36618"},{"taxonomy":"industry","embeddable":true,"href":"https:\/\/www.capgemini.com\/ar-es\/wp-json\/wp\/v2\/industry?post=36618"},{"taxonomy":"partners","embeddable":true,"href":"https:\/\/www.capgemini.com\/ar-es\/wp-json\/wp\/v2\/partners?post=36618"},{"taxonomy":"page-type","embeddable":true,"href":"https:\/\/www.capgemini.com\/ar-es\/wp-json\/wp\/v2\/page-type?post=36618"},{"taxonomy":"content-group","embeddable":true,"href":"https:\/\/www.capgemini.com\/ar-es\/wp-json\/wp\/v2\/content-group?post=36618"}],"curies":[{"name":"wp","href":"https:\/\/api.w.org\/{rel}","templated":true}]}}