{"id":36597,"date":"2023-01-30T11:37:03","date_gmt":"2023-01-30T11:37:03","guid":{"rendered":"https:\/\/www.capgemini.com\/ar-es\/?page_id=36597"},"modified":"2025-03-28T04:57:17","modified_gmt":"2025-03-28T04:57:17","slug":"learning-development","status":"publish","type":"page","link":"https:\/\/www.capgemini.com\/ar-es\/careers\/carreras-profesionales\/learning-development\/","title":{"rendered":"Formaci\u00f3n &#038; Desarrollo"},"content":{"rendered":"\n<div class=\"wp-block-cg-blocks-hero-picture-card undefined  heroPictureCard\"><div class=\"heroPictureCardBgs\"><picture><source srcset=\"https:\/\/www.capgemini.com\/ar-es\/wp-content\/uploads\/sites\/28\/2020\/12\/Capgemini_client-stories_Black-Veatch-connects-business-and-application-development.jpg?w=2880&amp;quality=70 1x, https:\/\/www.capgemini.com\/ar-es\/wp-content\/uploads\/sites\/28\/2020\/12\/Capgemini_client-stories_Black-Veatch-connects-business-and-application-development.jpg?w=2880&amp;quality=70 2x\" media=\"(min-width: 1500px)\"\/><source srcset=\"https:\/\/www.capgemini.com\/ar-es\/wp-content\/uploads\/sites\/28\/2020\/12\/Capgemini_client-stories_Black-Veatch-connects-business-and-application-development.jpg?w=1440&amp;quality=70 1x, https:\/\/www.capgemini.com\/ar-es\/wp-content\/uploads\/sites\/28\/2020\/12\/Capgemini_client-stories_Black-Veatch-connects-business-and-application-development.jpg?w=2880&amp;quality=70 2x\" media=\"(min-width: 992px)\"\/><source srcset=\"https:\/\/www.capgemini.com\/ar-es\/wp-content\/uploads\/sites\/28\/2020\/12\/Capgemini_client-stories_Black-Veatch-connects-business-and-application-development.jpg?w=1024&amp;quality=70 1x, https:\/\/www.capgemini.com\/ar-es\/wp-content\/uploads\/sites\/28\/2020\/12\/Capgemini_client-stories_Black-Veatch-connects-business-and-application-development.jpg?w=1024&amp;quality=70 2x\" media=\"(min-width: 768px)\"\/><source srcset=\"https:\/\/www.capgemini.com\/ar-es\/wp-content\/uploads\/sites\/28\/2020\/12\/Capgemini_client-stories_Black-Veatch-connects-business-and-application-development.jpg?w=768&amp;quality=70 1x, https:\/\/www.capgemini.com\/ar-es\/wp-content\/uploads\/sites\/28\/2020\/12\/Capgemini_client-stories_Black-Veatch-connects-business-and-application-development.jpg?w=768&amp;quality=70 2x\" media=\"(min-width: 0)\"\/><img decoding=\"async\" src=\"https:\/\/www.capgemini.com\/ar-es\/wp-content\/uploads\/sites\/28\/2020\/12\/Capgemini_client-stories_Black-Veatch-connects-business-and-application-development.jpg\" class=\"desktopImage\" alt=\"\" style=\"object-fit:cover;object-position:49% 41%\" loading=\"eager\"\/><\/picture><picture><source srcset=\"https:\/\/www.capgemini.com\/ar-es\/wp-content\/uploads\/sites\/28\/2020\/12\/Capgemini_client-stories_Black-Veatch-connects-business-and-application-development.jpg?w=2880&amp;quality=70 1x, https:\/\/www.capgemini.com\/ar-es\/wp-content\/uploads\/sites\/28\/2020\/12\/Capgemini_client-stories_Black-Veatch-connects-business-and-application-development.jpg?w=2880&amp;quality=70 2x\" media=\"(min-width: 1500px)\"\/><source srcset=\"https:\/\/www.capgemini.com\/ar-es\/wp-content\/uploads\/sites\/28\/2020\/12\/Capgemini_client-stories_Black-Veatch-connects-business-and-application-development.jpg?w=1440&amp;quality=70 1x, https:\/\/www.capgemini.com\/ar-es\/wp-content\/uploads\/sites\/28\/2020\/12\/Capgemini_client-stories_Black-Veatch-connects-business-and-application-development.jpg?w=2880&amp;quality=70 2x\" media=\"(min-width: 992px)\"\/><source srcset=\"https:\/\/www.capgemini.com\/ar-es\/wp-content\/uploads\/sites\/28\/2020\/12\/Capgemini_client-stories_Black-Veatch-connects-business-and-application-development.jpg?w=1024&amp;quality=70 1x, https:\/\/www.capgemini.com\/ar-es\/wp-content\/uploads\/sites\/28\/2020\/12\/Capgemini_client-stories_Black-Veatch-connects-business-and-application-development.jpg?w=1024&amp;quality=70 2x\" media=\"(min-width: 768px)\"\/><source srcset=\"https:\/\/www.capgemini.com\/ar-es\/wp-content\/uploads\/sites\/28\/2020\/12\/Capgemini_client-stories_Black-Veatch-connects-business-and-application-development.jpg?w=768&amp;quality=70 1x, https:\/\/www.capgemini.com\/ar-es\/wp-content\/uploads\/sites\/28\/2020\/12\/Capgemini_client-stories_Black-Veatch-connects-business-and-application-development.jpg?w=768&amp;quality=70 2x\" media=\"(min-width: 0)\"\/><img decoding=\"async\" src=\"https:\/\/www.capgemini.com\/ar-es\/wp-content\/uploads\/sites\/28\/2020\/12\/Capgemini_client-stories_Black-Veatch-connects-business-and-application-development.jpg\" class=\"mobileImage\" alt=\"\" style=\"object-fit:cover;object-position:49% 41%\" loading=\"eager\"\/><\/picture><\/div><div class=\"heroPictureCardHeaderShape\"><\/div><div class=\"container\"><div class=\"row\"><div class=\"col-md-8 col-lg-6\"><div class=\"heroPictureCardBox\"><div class=\"heroPictureCardBoxTitle\"><h1 data-maxlength=\"144\">Formaci\u00f3n &amp; Desarrollo<\/h1><\/div><\/div><\/div><\/div><\/div><div class=\"small-device\"><div class=\"brandLogoWrapper\"> <\/div><\/div><\/div>\n\n\n\n<section class=\"wp-block-cg-blocks-group undefined section section--article-content\"><div class=\"article-main-content\"><div class=\"container\"><div class=\"row\"><div class=\"col-12 col-md-11 col-lg-10 offset-md-1 offset-lg-1\"><div class=\"article-text article-quote-text\">\n<h3 class=\"wp-block-heading\" id=\"h-en-capgemini-creemos-que-nuestro-exito-se-basa-nuestra-gente-sus-conocimientos-y-su-experiencia\">En Capgemini creemos que nuestro \u00e9xito se basa nuestra gente, sus conocimientos y su experiencia.<\/h3>\n\n\n\n<h2 class=\"wp-block-heading\" id=\"h-tu-crecimiento-personal\">Tu crecimiento personal<\/h2>\n\n\n\n<p>Tu carrera es importante para ti, y tambi\u00e9n para nosotros. Debido a &nbsp;que tus objetivos y necesidades est\u00e1n en constante evoluci\u00f3n, te invitamos a participar en nuestro programa de desarrollo personal, formaci\u00f3n y gesti\u00f3n de carrera, que te permitir\u00e1 crecer con nosotros a largo plazo.<\/p>\n\n\n\n<h3 class=\"wp-block-heading\" id=\"h-aprendizaje-a-tu-alcance\">Aprendizaje a tu alcance<\/h3>\n\n\n\n<p>Tu carrera profesional puede beneficiarse nuestros diferentes&nbsp;programas de formaci\u00f3n:<\/p>\n\n\n\n<ul class=\"wp-block-list\">\n<li><a href=\"\/ar-es\/careers\/carreras-profesionales\/universidad-de-capgemini\/\"><strong>Universidad de Capgemini<\/strong><\/a>: plan de estudios de \u00faltima generaci\u00f3n combinado con oportunidades para establecer contactos<\/li>\n\n\n\n<li>Plan de desarrollo personal: te ayudamos a planificar tu carrera<\/li>\n\n\n\n<li>Programas de certificaci\u00f3n: proporcionar las competencias profesionales y el desarrollo de conocimientos<\/li>\n\n\n\n<li>Programas internacionales: programas de comisi\u00f3n de servicios, tales como \u00a0programas para consultores\u00a0en Europa Continental y Asia-Pac\u00edfico (CEA)<\/li>\n<\/ul>\n\n\n\n<h3 class=\"wp-block-heading\" id=\"h-formacion-virtual\">Formaci\u00f3n Virtual<\/h3>\n\n\n\n<p>El sistema de aprendizaje My Learning de Capgemini ofrece:<\/p>\n\n\n\n<ul class=\"wp-block-list\">\n<li>M\u00e1s de 3.000 m\u00f3dulos de\u00a0e-learning en varios idiomas\u00a0que abarcan habilidades empresariales, inform\u00e1tica y otras<\/li>\n\n\n\n<li>Mentores personales<\/li>\n\n\n\n<li>20.000 libros espec\u00edficos<\/li>\n\n\n\n<li>Prueba de preparaci\u00f3n de\u00a0materiales<\/li>\n\n\n\n<li>Comunidades virtuales para crear y compartir conocimientos especializados<\/li>\n<\/ul>\n<\/div><\/div><\/div><\/div><\/div><\/section>\n\n\n\n<section class=\"wp-block-cg-blocks-learn-more learnMoreBlock updated-new-sample-amal\"><div class=\"container\"><div class=\"content-title\"><h2 class=\"learnmore-heading\">Explora Capgemini<\/h2><\/div><div class=\"row\"><div class=\"col-md-4\"><div class=\"box\"><div class=\"box-wrapper\"><a class=\"box-title\" href=\"\/ar-es\/news\/social-media\/\" target=\"\" aria-label=\"Redes sociales\" rel=\"noopener noreferrer\"><div class=\"box-img-wrapper\"><img decoding=\"async\" src=\"https:\/\/www.capgemini.com\/wp-content\/uploads\/2021\/08\/Capgemini_Social-media.jpg?w=500&amp;quality=70\" srcset=\"https:\/\/www.capgemini.com\/wp-content\/uploads\/2021\/08\/Capgemini_Social-media.jpg?w=500&amp;quality=70 1x, https:\/\/www.capgemini.com\/wp-content\/uploads\/2021\/08\/Capgemini_Social-media.jpg?w=1000&amp;quality=70 2x\" class=\"box-img\" alt=\"\" style=\"object-fit:cover;object-position:50% 50%\" loading=\"lazy\"\/><\/div><h3 class=\"titleWithoutLink_learnMore\">Redes sociales<\/h3><\/a><\/div><\/div><div class=\"box-inner\"><\/div><\/div><div class=\"col-md-4\"><div class=\"box\"><div class=\"box-wrapper\"><a class=\"box-title\" href=\"\/ar-es\/sobre-nosotros\/\" target=\"\" aria-label=\"Sobre nosotros\" rel=\"noopener noreferrer\"><div class=\"box-img-wrapper\"><img decoding=\"async\" src=\"https:\/\/www.capgemini.com\/wp-content\/uploads\/2021\/04\/Capgemini-about-us-hero-banner.jpg?w=500&amp;quality=70\" srcset=\"https:\/\/www.capgemini.com\/wp-content\/uploads\/2021\/04\/Capgemini-about-us-hero-banner.jpg?w=500&amp;quality=70 1x, https:\/\/www.capgemini.com\/wp-content\/uploads\/2021\/04\/Capgemini-about-us-hero-banner.jpg?w=1000&amp;quality=70 2x\" class=\"box-img\" alt=\"\" style=\"object-fit:cover;object-position:50% 50%\" loading=\"lazy\"\/><\/div><h3 class=\"titleWithoutLink_learnMore\">Sobre nosotros<\/h3><\/a><\/div><\/div><div class=\"box-inner\"><\/div><\/div><div class=\"col-md-4\"><div class=\"box\"><div class=\"box-wrapper\"><a class=\"box-title\" href=\"\/ar-es\/sobre-nosotros\/quienes-somos\/\" target=\"\" aria-label=\"Quienes somos\" rel=\"noopener noreferrer\"><div class=\"box-img-wrapper\"><img decoding=\"async\" src=\"https:\/\/www.capgemini.com\/wp-content\/uploads\/2021\/07\/Capgemini_Who-we-are.jpg?w=500&amp;quality=70\" srcset=\"https:\/\/www.capgemini.com\/wp-content\/uploads\/2021\/07\/Capgemini_Who-we-are.jpg?w=500&amp;quality=70 1x, https:\/\/www.capgemini.com\/wp-content\/uploads\/2021\/07\/Capgemini_Who-we-are.jpg?w=1000&amp;quality=70 2x\" class=\"box-img\" alt=\"\" style=\"object-fit:cover;object-position:50% 50%\" loading=\"lazy\"\/><\/div><h3 class=\"titleWithoutLink_learnMore\">Quienes somos<\/h3><\/a><\/div><\/div><div class=\"box-inner\"><\/div><\/div><\/div><\/div><\/section>\n\n\n\n<section class=\"wp-block-cg-blocks-call-to-action undefined call-to-action-block is-style-cg-purple\"><div class=\"container\"><div class=\"call-to-action-block-content-wrapper has-description\"><div class=\"text-wrapper has-description\"><h3 class=\"title\" data-maxlength=\"144\">\u00a1Encuentra tu futuro!<\/h3><p class=\"description\" data-maxlength=\"210\"><br>Encuentra la oportunidad que se adapta a ti<\/p><\/div><div class=\"button-wrapper has-description\"><a class=\" cta-btn action-valid\" href=\"\/ar-es\/careers\/join-us\/\" target=\"\" rel=\"noopener noreferrer\" aria-label=\"\u00danete a nosotros sobre \u00a1Encuentra tu futuro!\" title=\"Abrir en una nueva ventana\" data-maxlength=\"24\" tabindex=\"0\"> \u00danete a nosotros <\/a><\/div><\/div><\/div><\/section>\n","protected":false},"excerpt":{"rendered":"","protected":false},"author":367,"featured_media":10437,"parent":5879,"menu_order":0,"comment_status":"closed","ping_status":"closed","template":"","meta":{"cg_dt_proposed_to":[0],"cg_seo_hreflang_relations":"[]","cg_seo_canonical_relation":"","cg_seo_hreflang_x_default_relation":"","cg_dt_approved_content":false,"cg_dt_mandatory_content":false,"cg_dt_notes":"","cg_dg_source_changed":false,"cg_dt_link_disabled":false,"_yoast_wpseo_primary_brand":"","footnotes":"","featured_focal_points":"","partner_card_description":"","gsap_animation":0},"brand":[],"partner_type":[],"service":[],"industry":[],"partners":[],"page-type":[193],"content-group":[],"class_list":["post-36597","page","type-page","status-publish","has-post-thumbnail","hentry","page-type-careers"],"yoast_head":"<!-- This site is optimized with the Yoast SEO Premium plugin v22.8 (Yoast SEO v22.8) - https:\/\/yoast.com\/wordpress\/plugins\/seo\/ -->\n<title>Formaci\u00f3n &amp; Desarrollo | Capgemini<\/title>\n<meta name=\"description\" content=\"En Capgemini creemos que nuestro \u00e9xito se basa nuestra gente, sus conocimientos y su experiencia.\" \/>\n<meta name=\"robots\" content=\"index, follow, max-snippet:-1, max-image-preview:large, max-video-preview:-1\" \/>\n<link rel=\"canonical\" href=\"https:\/\/www.capgemini.com\/ar-es\/careers\/carreras-profesionales\/learning-development\/\" \/>\n<meta property=\"og:locale\" content=\"es_MX\" \/>\n<meta property=\"og:type\" content=\"article\" \/>\n<meta property=\"og:title\" content=\"Formaci\u00f3n &amp; Desarrollo\" \/>\n<meta property=\"og:description\" content=\"En Capgemini creemos que nuestro \u00e9xito se basa nuestra gente, sus conocimientos y su experiencia.\" \/>\n<meta property=\"og:url\" content=\"https:\/\/www.capgemini.com\/ar-es\/careers\/carreras-profesionales\/learning-development\/\" \/>\n<meta property=\"og:site_name\" content=\"Capgemini Argentina\" \/>\n<meta property=\"article:modified_time\" content=\"2025-03-28T04:57:17+00:00\" \/>\n<meta property=\"og:image\" content=\"https:\/\/www.capgemini.com\/ar-es\/wp-content\/uploads\/sites\/9\/2020\/12\/Capgemini_client-stories_Black-Veatch-connects-business-and-application-development.jpg\" \/>\n\t<meta property=\"og:image:width\" content=\"2880\" \/>\n\t<meta property=\"og:image:height\" content=\"1800\" \/>\n\t<meta property=\"og:image:type\" content=\"image\/jpeg\" \/>\n<meta name=\"twitter:card\" content=\"summary_large_image\" \/>\n<meta name=\"twitter:label1\" content=\"Est. reading time\" \/>\n\t<meta name=\"twitter:data1\" content=\"3 minutes\" \/>\n<script type=\"application\/ld+json\" class=\"yoast-schema-graph\">{\"@context\":\"https:\/\/schema.org\",\"@graph\":[{\"@type\":\"WebPage\",\"@id\":\"https:\/\/www.capgemini.com\/ar-es\/careers\/carreras-profesionales\/learning-development\/\",\"url\":\"https:\/\/www.capgemini.com\/ar-es\/careers\/carreras-profesionales\/learning-development\/\",\"name\":\"Formaci\u00f3n & Desarrollo | Capgemini\",\"isPartOf\":{\"@id\":\"https:\/\/www.capgemini.com\/ar-es\/#website\"},\"primaryImageOfPage\":{\"@id\":\"https:\/\/www.capgemini.com\/ar-es\/careers\/carreras-profesionales\/learning-development\/#primaryimage\"},\"image\":{\"@id\":\"https:\/\/www.capgemini.com\/ar-es\/careers\/carreras-profesionales\/learning-development\/#primaryimage\"},\"thumbnailUrl\":\"https:\/\/www.capgemini.com\/ar-es\/wp-content\/uploads\/sites\/9\/2020\/12\/Capgemini_client-stories_Black-Veatch-connects-business-and-application-development.jpg\",\"datePublished\":\"2023-01-30T11:37:03+00:00\",\"dateModified\":\"2025-03-28T04:57:17+00:00\",\"description\":\"En Capgemini creemos que nuestro \u00e9xito se basa nuestra gente, sus conocimientos y su experiencia.\",\"breadcrumb\":{\"@id\":\"https:\/\/www.capgemini.com\/ar-es\/careers\/carreras-profesionales\/learning-development\/#breadcrumb\"},\"inLanguage\":\"es-MX\",\"potentialAction\":[{\"@type\":\"ReadAction\",\"target\":[\"https:\/\/www.capgemini.com\/ar-es\/careers\/carreras-profesionales\/learning-development\/\"]}]},{\"@type\":\"ImageObject\",\"inLanguage\":\"es-MX\",\"@id\":\"https:\/\/www.capgemini.com\/ar-es\/careers\/carreras-profesionales\/learning-development\/#primaryimage\",\"url\":\"https:\/\/www.capgemini.com\/ar-es\/wp-content\/uploads\/sites\/9\/2020\/12\/Capgemini_client-stories_Black-Veatch-connects-business-and-application-development.jpg\",\"contentUrl\":\"https:\/\/www.capgemini.com\/ar-es\/wp-content\/uploads\/sites\/9\/2020\/12\/Capgemini_client-stories_Black-Veatch-connects-business-and-application-development.jpg\",\"width\":2880,\"height\":1800},{\"@type\":\"BreadcrumbList\",\"@id\":\"https:\/\/www.capgemini.com\/ar-es\/careers\/carreras-profesionales\/learning-development\/#breadcrumb\",\"itemListElement\":[{\"@type\":\"ListItem\",\"position\":1,\"name\":\"Home\",\"item\":\"https:\/\/www.capgemini.com\/ar-es\/\"},{\"@type\":\"ListItem\",\"position\":2,\"name\":\"Unite a Capgemini\",\"item\":\"https:\/\/www.capgemini.com\/ar-es\/careers\/\"},{\"@type\":\"ListItem\",\"position\":3,\"name\":\"Carreras profesionales\",\"item\":\"https:\/\/www.capgemini.com\/ar-es\/careers\/carreras-profesionales\/\"},{\"@type\":\"ListItem\",\"position\":4,\"name\":\"Formaci\u00f3n &#038; Desarrollo\"}]},{\"@type\":\"WebSite\",\"@id\":\"https:\/\/www.capgemini.com\/ar-es\/#website\",\"url\":\"https:\/\/www.capgemini.com\/ar-es\/\",\"name\":\"Capgemini Argentina\",\"description\":\"Capgemini\",\"potentialAction\":[{\"@type\":\"SearchAction\",\"target\":{\"@type\":\"EntryPoint\",\"urlTemplate\":\"https:\/\/www.capgemini.com\/ar-es\/?s={search_term_string}\"},\"query-input\":\"required name=search_term_string\"}],\"inLanguage\":\"es-MX\"}]}<\/script>\n<!-- \/ Yoast SEO Premium plugin. -->","yoast_head_json":{"title":"Formaci\u00f3n & Desarrollo | Capgemini","description":"En Capgemini creemos que nuestro \u00e9xito se basa nuestra gente, sus conocimientos y su experiencia.","robots":{"index":"index","follow":"follow","max-snippet":"max-snippet:-1","max-image-preview":"max-image-preview:large","max-video-preview":"max-video-preview:-1"},"canonical":"https:\/\/www.capgemini.com\/ar-es\/careers\/carreras-profesionales\/learning-development\/","og_locale":"es_MX","og_type":"article","og_title":"Formaci\u00f3n & Desarrollo","og_description":"En Capgemini creemos que nuestro \u00e9xito se basa nuestra gente, sus conocimientos y su experiencia.","og_url":"https:\/\/www.capgemini.com\/ar-es\/careers\/carreras-profesionales\/learning-development\/","og_site_name":"Capgemini Argentina","article_modified_time":"2025-03-28T04:57:17+00:00","og_image":[{"width":2880,"height":1800,"url":"https:\/\/www.capgemini.com\/ar-es\/wp-content\/uploads\/sites\/9\/2020\/12\/Capgemini_client-stories_Black-Veatch-connects-business-and-application-development.jpg","type":"image\/jpeg"}],"twitter_card":"summary_large_image","twitter_misc":{"Est. reading time":"3 minutes"},"schema":{"@context":"https:\/\/schema.org","@graph":[{"@type":"WebPage","@id":"https:\/\/www.capgemini.com\/ar-es\/careers\/carreras-profesionales\/learning-development\/","url":"https:\/\/www.capgemini.com\/ar-es\/careers\/carreras-profesionales\/learning-development\/","name":"Formaci\u00f3n & Desarrollo | Capgemini","isPartOf":{"@id":"https:\/\/www.capgemini.com\/ar-es\/#website"},"primaryImageOfPage":{"@id":"https:\/\/www.capgemini.com\/ar-es\/careers\/carreras-profesionales\/learning-development\/#primaryimage"},"image":{"@id":"https:\/\/www.capgemini.com\/ar-es\/careers\/carreras-profesionales\/learning-development\/#primaryimage"},"thumbnailUrl":"https:\/\/www.capgemini.com\/ar-es\/wp-content\/uploads\/sites\/9\/2020\/12\/Capgemini_client-stories_Black-Veatch-connects-business-and-application-development.jpg","datePublished":"2023-01-30T11:37:03+00:00","dateModified":"2025-03-28T04:57:17+00:00","description":"En Capgemini creemos que nuestro \u00e9xito se basa nuestra gente, sus conocimientos y su experiencia.","breadcrumb":{"@id":"https:\/\/www.capgemini.com\/ar-es\/careers\/carreras-profesionales\/learning-development\/#breadcrumb"},"inLanguage":"es-MX","potentialAction":[{"@type":"ReadAction","target":["https:\/\/www.capgemini.com\/ar-es\/careers\/carreras-profesionales\/learning-development\/"]}]},{"@type":"ImageObject","inLanguage":"es-MX","@id":"https:\/\/www.capgemini.com\/ar-es\/careers\/carreras-profesionales\/learning-development\/#primaryimage","url":"https:\/\/www.capgemini.com\/ar-es\/wp-content\/uploads\/sites\/9\/2020\/12\/Capgemini_client-stories_Black-Veatch-connects-business-and-application-development.jpg","contentUrl":"https:\/\/www.capgemini.com\/ar-es\/wp-content\/uploads\/sites\/9\/2020\/12\/Capgemini_client-stories_Black-Veatch-connects-business-and-application-development.jpg","width":2880,"height":1800},{"@type":"BreadcrumbList","@id":"https:\/\/www.capgemini.com\/ar-es\/careers\/carreras-profesionales\/learning-development\/#breadcrumb","itemListElement":[{"@type":"ListItem","position":1,"name":"Home","item":"https:\/\/www.capgemini.com\/ar-es\/"},{"@type":"ListItem","position":2,"name":"Unite a Capgemini","item":"https:\/\/www.capgemini.com\/ar-es\/careers\/"},{"@type":"ListItem","position":3,"name":"Carreras profesionales","item":"https:\/\/www.capgemini.com\/ar-es\/careers\/carreras-profesionales\/"},{"@type":"ListItem","position":4,"name":"Formaci\u00f3n &#038; Desarrollo"}]},{"@type":"WebSite","@id":"https:\/\/www.capgemini.com\/ar-es\/#website","url":"https:\/\/www.capgemini.com\/ar-es\/","name":"Capgemini Argentina","description":"Capgemini","potentialAction":[{"@type":"SearchAction","target":{"@type":"EntryPoint","urlTemplate":"https:\/\/www.capgemini.com\/ar-es\/?s={search_term_string}"},"query-input":"required name=search_term_string"}],"inLanguage":"es-MX"}]}},"brand_term":[],"parsely":{"version":"1.1.0","canonical_url":"https:\/\/capgemini.com\/ar-es\/careers\/carreras-profesionales\/learning-development\/","smart_links":{"inbound":0,"outbound":0},"traffic_boost_suggestions_count":0,"meta":{"@context":"https:\/\/schema.org","@type":"WebPage","headline":"Formaci\u00f3n &#038; Desarrollo","url":"https:\/\/www.capgemini.com\/ar-es\/careers\/carreras-profesionales\/learning-development\/","mainEntityOfPage":{"@type":"WebPage","@id":"https:\/\/www.capgemini.com\/ar-es\/careers\/carreras-profesionales\/learning-development\/"},"thumbnailUrl":"https:\/\/www.capgemini.com\/ar-es\/wp-content\/uploads\/sites\/9\/2020\/12\/Capgemini_client-stories_Black-Veatch-connects-business-and-application-development.jpg?w=150&h=150&crop=1","image":{"@type":"ImageObject","url":"https:\/\/www.capgemini.com\/ar-es\/wp-content\/uploads\/sites\/9\/2020\/12\/Capgemini_client-stories_Black-Veatch-connects-business-and-application-development.jpg"},"articleSection":"Uncategorized","author":[],"creator":[],"publisher":{"@type":"Organization","name":"Capgemini Argentina","logo":""},"keywords":[],"dateCreated":"2023-01-30T11:37:03Z","datePublished":"2023-01-30T11:37:03Z","dateModified":"2025-03-28T04:57:17Z"},"rendered":"<meta name=\"parsely-title\" content=\"Formaci\u00f3n &#038; Desarrollo\" \/>\n<meta name=\"parsely-link\" content=\"https:\/\/www.capgemini.com\/ar-es\/careers\/carreras-profesionales\/learning-development\/\" \/>\n<meta name=\"parsely-type\" content=\"index\" \/>\n<meta name=\"parsely-image-url\" content=\"https:\/\/www.capgemini.com\/ar-es\/wp-content\/uploads\/sites\/9\/2020\/12\/Capgemini_client-stories_Black-Veatch-connects-business-and-application-development.jpg?w=150&amp;h=150&amp;crop=1\" \/>\n<meta name=\"parsely-pub-date\" content=\"2023-01-30T11:37:03Z\" \/>\n<meta name=\"parsely-section\" content=\"Uncategorized\" \/>","tracker_url":"https:\/\/cdn.parsely.com\/keys\/capgemini.com\/p.js"},"archive_status":false,"featured_image_src":"https:\/\/www.capgemini.com\/ar-es\/wp-content\/uploads\/sites\/9\/2020\/12\/Capgemini_client-stories_Black-Veatch-connects-business-and-application-development.jpg","featured_image_alt":"","jetpack_sharing_enabled":true,"distributor_meta":false,"distributor_terms":false,"distributor_media":false,"distributor_original_site_name":"Capgemini Argentina","distributor_original_site_url":"https:\/\/www.capgemini.com\/ar-es","push-errors":false,"_links":{"self":[{"href":"https:\/\/www.capgemini.com\/ar-es\/wp-json\/wp\/v2\/pages\/36597","targetHints":{"allow":["GET"]}}],"collection":[{"href":"https:\/\/www.capgemini.com\/ar-es\/wp-json\/wp\/v2\/pages"}],"about":[{"href":"https:\/\/www.capgemini.com\/ar-es\/wp-json\/wp\/v2\/types\/page"}],"author":[{"embeddable":true,"href":"https:\/\/www.capgemini.com\/ar-es\/wp-json\/wp\/v2\/users\/367"}],"replies":[{"embeddable":true,"href":"https:\/\/www.capgemini.com\/ar-es\/wp-json\/wp\/v2\/comments?post=36597"}],"version-history":[{"count":4,"href":"https:\/\/www.capgemini.com\/ar-es\/wp-json\/wp\/v2\/pages\/36597\/revisions"}],"predecessor-version":[{"id":515786,"href":"https:\/\/www.capgemini.com\/ar-es\/wp-json\/wp\/v2\/pages\/36597\/revisions\/515786"}],"up":[{"embeddable":true,"href":"https:\/\/www.capgemini.com\/ar-es\/wp-json\/wp\/v2\/pages\/5879"}],"wp:featuredmedia":[{"embeddable":true,"href":"https:\/\/www.capgemini.com\/ar-es\/wp-json\/wp\/v2\/media\/10437"}],"wp:attachment":[{"href":"https:\/\/www.capgemini.com\/ar-es\/wp-json\/wp\/v2\/media?parent=36597"}],"wp:term":[{"taxonomy":"brand","embeddable":true,"href":"https:\/\/www.capgemini.com\/ar-es\/wp-json\/wp\/v2\/brand?post=36597"},{"taxonomy":"partner_type","embeddable":true,"href":"https:\/\/www.capgemini.com\/ar-es\/wp-json\/wp\/v2\/partner_type?post=36597"},{"taxonomy":"service","embeddable":true,"href":"https:\/\/www.capgemini.com\/ar-es\/wp-json\/wp\/v2\/service?post=36597"},{"taxonomy":"industry","embeddable":true,"href":"https:\/\/www.capgemini.com\/ar-es\/wp-json\/wp\/v2\/industry?post=36597"},{"taxonomy":"partners","embeddable":true,"href":"https:\/\/www.capgemini.com\/ar-es\/wp-json\/wp\/v2\/partners?post=36597"},{"taxonomy":"page-type","embeddable":true,"href":"https:\/\/www.capgemini.com\/ar-es\/wp-json\/wp\/v2\/page-type?post=36597"},{"taxonomy":"content-group","embeddable":true,"href":"https:\/\/www.capgemini.com\/ar-es\/wp-json\/wp\/v2\/content-group?post=36597"}],"curies":[{"name":"wp","href":"https:\/\/api.w.org\/{rel}","templated":true}]}}