{"id":36562,"date":"2023-01-30T10:48:03","date_gmt":"2023-01-30T10:48:03","guid":{"rendered":"https:\/\/www.capgemini.com\/ar-es\/?page_id=36562"},"modified":"2025-03-28T04:58:34","modified_gmt":"2025-03-28T04:58:34","slug":"universidad-de-capgemini","status":"publish","type":"page","link":"https:\/\/www.capgemini.com\/ar-es\/careers\/carreras-profesionales\/universidad-de-capgemini\/","title":{"rendered":"Universidad de Capgemini\ufffc"},"content":{"rendered":"\n<div class=\"wp-block-cg-blocks-hero-picture-card undefined  heroPictureCard\"><div class=\"heroPictureCardBgs\"><picture><source srcset=\"https:\/\/www.capgemini.com\/ar-es\/wp-content\/uploads\/sites\/28\/2023\/01\/Reimagining-the-Digital-Journey-for-Insurance-Companies-e1535525704137-3.jpg?w=2880&amp;quality=70 1x, https:\/\/www.capgemini.com\/ar-es\/wp-content\/uploads\/sites\/28\/2023\/01\/Reimagining-the-Digital-Journey-for-Insurance-Companies-e1535525704137-3.jpg?w=2880&amp;quality=70 2x\" media=\"(min-width: 1500px)\"\/><source srcset=\"https:\/\/www.capgemini.com\/ar-es\/wp-content\/uploads\/sites\/28\/2023\/01\/Reimagining-the-Digital-Journey-for-Insurance-Companies-e1535525704137-3.jpg?w=1440&amp;quality=70 1x, https:\/\/www.capgemini.com\/ar-es\/wp-content\/uploads\/sites\/28\/2023\/01\/Reimagining-the-Digital-Journey-for-Insurance-Companies-e1535525704137-3.jpg?w=2880&amp;quality=70 2x\" media=\"(min-width: 992px)\"\/><source srcset=\"https:\/\/www.capgemini.com\/ar-es\/wp-content\/uploads\/sites\/28\/2023\/01\/Reimagining-the-Digital-Journey-for-Insurance-Companies-e1535525704137-3.jpg?w=1024&amp;quality=70 1x, https:\/\/www.capgemini.com\/ar-es\/wp-content\/uploads\/sites\/28\/2023\/01\/Reimagining-the-Digital-Journey-for-Insurance-Companies-e1535525704137-3.jpg?w=1024&amp;quality=70 2x\" media=\"(min-width: 768px)\"\/><source srcset=\"https:\/\/www.capgemini.com\/ar-es\/wp-content\/uploads\/sites\/28\/2023\/01\/Reimagining-the-Digital-Journey-for-Insurance-Companies-e1535525704137-3.jpg?w=768&amp;quality=70 1x, https:\/\/www.capgemini.com\/ar-es\/wp-content\/uploads\/sites\/28\/2023\/01\/Reimagining-the-Digital-Journey-for-Insurance-Companies-e1535525704137-3.jpg?w=768&amp;quality=70 2x\" media=\"(min-width: 0)\"\/><img decoding=\"async\" src=\"https:\/\/www.capgemini.com\/ar-es\/wp-content\/uploads\/sites\/28\/2023\/01\/Reimagining-the-Digital-Journey-for-Insurance-Companies-e1535525704137-3.jpg\" class=\"desktopImage\" alt=\"\" style=\"object-fit:cover;object-position:49% 41%\" loading=\"eager\"\/><\/picture><picture><source srcset=\"https:\/\/www.capgemini.com\/ar-es\/wp-content\/uploads\/sites\/28\/2023\/01\/Reimagining-the-Digital-Journey-for-Insurance-Companies-e1535525704137-3.jpg?w=2880&amp;quality=70 1x, https:\/\/www.capgemini.com\/ar-es\/wp-content\/uploads\/sites\/28\/2023\/01\/Reimagining-the-Digital-Journey-for-Insurance-Companies-e1535525704137-3.jpg?w=2880&amp;quality=70 2x\" media=\"(min-width: 1500px)\"\/><source srcset=\"https:\/\/www.capgemini.com\/ar-es\/wp-content\/uploads\/sites\/28\/2023\/01\/Reimagining-the-Digital-Journey-for-Insurance-Companies-e1535525704137-3.jpg?w=1440&amp;quality=70 1x, https:\/\/www.capgemini.com\/ar-es\/wp-content\/uploads\/sites\/28\/2023\/01\/Reimagining-the-Digital-Journey-for-Insurance-Companies-e1535525704137-3.jpg?w=2880&amp;quality=70 2x\" media=\"(min-width: 992px)\"\/><source srcset=\"https:\/\/www.capgemini.com\/ar-es\/wp-content\/uploads\/sites\/28\/2023\/01\/Reimagining-the-Digital-Journey-for-Insurance-Companies-e1535525704137-3.jpg?w=1024&amp;quality=70 1x, https:\/\/www.capgemini.com\/ar-es\/wp-content\/uploads\/sites\/28\/2023\/01\/Reimagining-the-Digital-Journey-for-Insurance-Companies-e1535525704137-3.jpg?w=1024&amp;quality=70 2x\" media=\"(min-width: 768px)\"\/><source srcset=\"https:\/\/www.capgemini.com\/ar-es\/wp-content\/uploads\/sites\/28\/2023\/01\/Reimagining-the-Digital-Journey-for-Insurance-Companies-e1535525704137-3.jpg?w=768&amp;quality=70 1x, https:\/\/www.capgemini.com\/ar-es\/wp-content\/uploads\/sites\/28\/2023\/01\/Reimagining-the-Digital-Journey-for-Insurance-Companies-e1535525704137-3.jpg?w=768&amp;quality=70 2x\" media=\"(min-width: 0)\"\/><img decoding=\"async\" src=\"https:\/\/www.capgemini.com\/ar-es\/wp-content\/uploads\/sites\/28\/2023\/01\/Reimagining-the-Digital-Journey-for-Insurance-Companies-e1535525704137-3.jpg\" class=\"mobileImage\" alt=\"\" style=\"object-fit:cover;object-position:49% 41%\" loading=\"eager\"\/><\/picture><\/div><div class=\"heroPictureCardHeaderShape\"><\/div><div class=\"container\"><div class=\"row\"><div class=\"col-md-8 col-lg-6\"><div class=\"heroPictureCardBox\"><div class=\"heroPictureCardBoxTitle\"><h1 data-maxlength=\"144\">Universidad de Capgemini<\/h1><\/div><\/div><\/div><\/div><\/div><div class=\"small-device\"><div class=\"brandLogoWrapper\"> <\/div><\/div><\/div>\n\n\n\n<section class=\"wp-block-cg-blocks-group undefined section section--article-content\"><div class=\"article-main-content\"><div class=\"container\"><div class=\"row\"><div class=\"col-12 col-md-11 col-lg-10 offset-md-1 offset-lg-1\"><div class=\"article-text article-quote-text\">\n<h3 class=\"wp-block-heading\" id=\"h-la-universidad-de-capgemini-desempena-un-papel-clave-en-el-desarrollo-de-las-habilidades-y-capacidades-de-nuestros-colaboradores-para-ofrecer-las-mejores-soluciones-para-nuestros-clientes-que-impulsan-los-resultados-empresariales-reales\">La Universidad de Capgemini desempe\u00f1a un papel clave en el desarrollo de las habilidades y capacidades de nuestros colaboradores para ofrecer las mejores soluciones para nuestros clientes que impulsan los resultados empresariales reales.<\/h3>\n\n\n\n<h3 class=\"wp-block-heading\" id=\"h-construyendo-grandes-nbsp-exitos\">Construyendo grandes&nbsp;\u00e9xitos<\/h3>\n\n\n\n<p>La Universidad de Capgemini desempe\u00f1a un papel clave en el desarrollo de las habilidades y capacidades de nuestros colaboradores para ofrecer las mejores soluciones para nuestros clientes que impulsan los resultados empresariales reales. Con un enfoque en temas actuales y con colaboradores destacados, la Universidad de Capgemini aprovecha los principios de aprendizaje de la edad digital para ofrecer una experiencia de principio a fin centrada en el estudiante para inspirar y desarrollar a los colaboradores de Capgemini a medida que crecen continuamente en sus profesiones&nbsp;tales como &nbsp;<a href=\"\/ar-es\/service\/transformacion-digital\/\">Digital<\/a>,&nbsp;Insights &amp; Data,&nbsp;Cloud,&nbsp;Mobile,&nbsp;Cybersecurity&nbsp;y&nbsp;Business Services.<\/p>\n\n\n\n<p>Desde los ingenieros de software hasta los gerentes de contrataci\u00f3n, los profesionales de ventas y los altos ejecutivos, Capgemini University ayuda a todos nuestros colaboradores a acceder a las herramientas de aprendizaje y el plan de estudios personalizado que necesitan para llevar su carrera donde quieran que vaya.<\/p>\n\n\n\n<p>En 2015, el curr\u00edculo global de la Universidad de Capgemini entreg\u00f3 m\u00e1s de&nbsp;<strong>3,3 millones de horas de aprendizaje<\/strong>&nbsp;a m\u00e1s de&nbsp;<strong>161.000 participantes<\/strong>, lo que representa el&nbsp;<strong>89% de la plantilla del Grupo<\/strong>:<\/p>\n\n\n\n<ul class=\"wp-block-list\">\n<li>4,700 en el campus in Les Fontaines, France.<\/li>\n\n\n\n<li>34,000&nbsp;localmente en m\u00e1s &nbsp;40 pa\u00edses<\/li>\n\n\n\n<li>136,000 virtualmente con m\u00f3dulos e-learning y clases virtuales.<\/li>\n<\/ul>\n\n\n\n<p>Oportunidades de aprendizaje adicionales incluyen eventos globales de aprendizaje y movilizaci\u00f3n en nuestro campus de Les Fontaines, lo que permite a la Universidad Capgemini alinear, desarrollar e implementar contenido de una manera acelerada:<\/p>\n\n\n\n<p>\u201cBusiness Priority Week\u201d: El evento integra cursos presenciales y actividades centradas en las prioridades del Grupo, proporcionando as\u00ed un di\u00e1logo abierto para los miembros del equipo para construir un lenguaje com\u00fan, verdadero esp\u00edritu de equipo y una mejor comprensi\u00f3n de nuestras&nbsp;<strong>capacidades y direcciones empresariales.<\/strong><\/p>\n\n\n\n<ul class=\"wp-block-list\">\n<li><strong>\u201cConsulting Week\u201d:<\/strong>&nbsp;m\u00e1s de 500 consultores en todo el mundo se re\u00fanen en Les Fontaines, Francia, para este evento \u00fanico de aprendizaje organizado por Capgemini Consulting, en colaboraci\u00f3n con la Universidad de Capgemini. Es una gran oportunidad para que se pueda aprender y crecer.<\/li>\n\n\n\n<li><strong>\u201cCommunity week\u201d ;<\/strong>&nbsp;Se realiza&nbsp; tres veces al a\u00f1o, con m\u00e1s de 250 de sus compa\u00f1eros, d\u00f3nde no s\u00f3lo para desarrollar sus habilidades y capacidades, sino que tambi\u00e9n podr\u00e1 sumergirse en asuntos relacionados con su comunidad.<\/li>\n\n\n\n<li><strong>Talent Week:&nbsp;<\/strong>Talent Week es una oportunidad de centrarse en el desarrollo de las habilidades y capacidades personales de los colaboradores, incluyendo habilidades de liderazgo, as\u00ed como destacar prioridades importantes como la diversidad y la inclusi\u00f3n en el lugar de trabajo.<\/li>\n<\/ul>\n\n\n\n<h3 class=\"wp-block-heading\" id=\"h-nbsp-ya-eres-colaborador-de-capgemini\"><strong>&nbsp;\u00bfYa eres colaborador de Capgemini?<\/strong><\/h3>\n\n\n\n<p>Ponte en contacto con la &nbsp;<a href=\"mailto:university@capgemini.com\">Universidad de Capgemini<\/a>&nbsp;para saber c\u00f3mo acceder a las herramientas de formaci\u00f3n adecuadas para mejorar tus habilidades y desarrollo profesional.<\/p>\n<\/div><\/div><\/div><\/div><\/div><\/section>\n\n\n\n<section class=\"wp-block-cg-blocks-learn-more learnMoreBlock updated-new-sample-amal\"><div class=\"container\"><div class=\"content-title\"><h3>Explora Capgemini<\/h3><\/div><div class=\"row\"><div class=\"col-md-4\"><div class=\"box\"><div class=\"box-wrapper\"><a class=\"box-title\" href=\"\/ar-es\/news\/social-media\/\" target=\"\" rel=\"noopener noreferrer\"><div class=\"box-img-wrapper\"><img decoding=\"async\" src=\"https:\/\/www.capgemini.com\/wp-content\/uploads\/2021\/08\/Capgemini_Social-media.jpg?w=500&amp;quality=70\" srcset=\"https:\/\/www.capgemini.com\/wp-content\/uploads\/2021\/08\/Capgemini_Social-media.jpg?w=500&amp;quality=70 1x, https:\/\/www.capgemini.com\/wp-content\/uploads\/2021\/08\/Capgemini_Social-media.jpg?w=1000&amp;quality=70 2x\" class=\"box-img\" alt=\"\" style=\"object-fit:cover;object-position:50% 50%\" loading=\"lazy\"\/><\/div><h4 class=\"titleWithoutLink_learnMore\">Redes sociales<\/h4><\/a><\/div><\/div><div class=\"box-inner\"><\/div><\/div><div class=\"col-md-4\"><div class=\"box\"><div class=\"box-wrapper\"><a class=\"box-title\" href=\"\/ar-es\/sobre-nosotros\/\" target=\"\" rel=\"noopener noreferrer\"><div class=\"box-img-wrapper\"><img decoding=\"async\" src=\"https:\/\/www.capgemini.com\/wp-content\/uploads\/2021\/04\/Capgemini-about-us-hero-banner.jpg?w=500&amp;quality=70\" srcset=\"https:\/\/www.capgemini.com\/wp-content\/uploads\/2021\/04\/Capgemini-about-us-hero-banner.jpg?w=500&amp;quality=70 1x, https:\/\/www.capgemini.com\/wp-content\/uploads\/2021\/04\/Capgemini-about-us-hero-banner.jpg?w=1000&amp;quality=70 2x\" class=\"box-img\" alt=\"\" style=\"object-fit:cover;object-position:50% 50%\" loading=\"lazy\"\/><\/div><h4 class=\"titleWithoutLink_learnMore\">Sobre nosotros<\/h4><\/a><\/div><\/div><div class=\"box-inner\"><\/div><\/div><div class=\"col-md-4\"><div class=\"box\"><div class=\"box-wrapper\"><a class=\"box-title\" href=\"\/ar-es\/sobre-nosotros\/quienes-somos\/\" target=\"\" rel=\"noopener noreferrer\"><div class=\"box-img-wrapper\"><img decoding=\"async\" src=\"https:\/\/www.capgemini.com\/wp-content\/uploads\/2021\/07\/Capgemini_Who-we-are.jpg?w=500&amp;quality=70\" srcset=\"https:\/\/www.capgemini.com\/wp-content\/uploads\/2021\/07\/Capgemini_Who-we-are.jpg?w=500&amp;quality=70 1x, https:\/\/www.capgemini.com\/wp-content\/uploads\/2021\/07\/Capgemini_Who-we-are.jpg?w=1000&amp;quality=70 2x\" class=\"box-img\" alt=\"\" style=\"object-fit:cover;object-position:50% 50%\" loading=\"lazy\"\/><\/div><h4 class=\"titleWithoutLink_learnMore\">Quienes somos<\/h4><\/a><\/div><\/div><div class=\"box-inner\"><\/div><\/div><\/div><\/div><\/section>\n\n\n\n<section class=\"wp-block-cg-blocks-call-to-action undefined call-to-action-block is-style-cg-purple\"><div class=\"container\"><div class=\"call-to-action-block-content-wrapper has-description\"><div class=\"text-wrapper has-description\"><h3 class=\"title\" data-maxlength=\"144\">\u00a1Encuentra tu futuro!<\/h3><p class=\"description\" data-maxlength=\"210\"><br>Encuentra la oportunidad que se adapta a ti<\/p><\/div><div class=\"button-wrapper has-description\"><a class=\" cta-btn action-valid\" href=\"\/ar-es\/careers\/join-us\/\" target=\"\" rel=\"noopener noreferrer\" aria-label=\"\u00danete a nosotros sobre \u00a1Encuentra tu futuro!\" title=\"Abrir en una nueva ventana\" data-maxlength=\"24\" tabindex=\"0\"> \u00danete a nosotros <\/a><\/div><\/div><\/div><\/section>\n","protected":false},"excerpt":{"rendered":"","protected":false},"author":367,"featured_media":0,"parent":5879,"menu_order":0,"comment_status":"closed","ping_status":"closed","template":"","meta":{"cg_dt_proposed_to":[0],"cg_seo_hreflang_relations":"[]","cg_seo_canonical_relation":"","cg_seo_hreflang_x_default_relation":"{\"uuid\":\"e92c7396-5fae-4f68-a2dc-40da5ac017ea\",\"blogId\":\"\",\"domain\":\"\",\"sitePath\":\"\",\"postLink\":\"\",\"postId\":null,\"isSaved\":true,\"isCrossLink\":false,\"hasCrossLink\":false}","cg_dt_approved_content":false,"cg_dt_mandatory_content":false,"cg_dt_notes":"","cg_dg_source_changed":false,"cg_dt_link_disabled":false,"_yoast_wpseo_primary_brand":"","footnotes":"","featured_focal_points":"","partner_card_description":"","gsap_animation":0},"brand":[],"partner_type":[],"service":[],"industry":[],"partners":[],"page-type":[193],"content-group":[],"class_list":["post-36562","page","type-page","status-publish","hentry","page-type-careers"],"yoast_head":"<!-- This site is optimized with the Yoast SEO Premium plugin v22.8 (Yoast SEO v22.8) - https:\/\/yoast.com\/wordpress\/plugins\/seo\/ -->\n<title>universidad-de-capgemini | Capgemini<\/title>\n<meta name=\"robots\" content=\"index, follow, max-snippet:-1, max-image-preview:large, max-video-preview:-1\" \/>\n<link rel=\"canonical\" href=\"https:\/\/www.capgemini.com\/ar-es\/careers\/carreras-profesionales\/universidad-de-capgemini\/\" \/>\n<meta property=\"og:locale\" content=\"es_MX\" \/>\n<meta property=\"og:type\" content=\"article\" \/>\n<meta property=\"og:title\" content=\"Universidad de Capgemini\ufffc\" \/>\n<meta property=\"og:url\" content=\"https:\/\/www.capgemini.com\/ar-es\/careers\/carreras-profesionales\/universidad-de-capgemini\/\" \/>\n<meta property=\"og:site_name\" content=\"Capgemini Argentina\" \/>\n<meta property=\"article:modified_time\" content=\"2025-03-28T04:58:34+00:00\" \/>\n<meta property=\"og:image\" content=\"https:\/\/www.capgemini.com\/ar-es\/wp-content\/uploads\/sites\/28\/2023\/01\/Reimagining-the-Digital-Journey-for-Insurance-Companies-e1535525704137-3.jpg\" \/>\n<meta name=\"twitter:card\" content=\"summary_large_image\" \/>\n<meta name=\"twitter:label1\" content=\"Est. reading time\" \/>\n\t<meta name=\"twitter:data1\" content=\"4 minutes\" \/>\n<script type=\"application\/ld+json\" class=\"yoast-schema-graph\">{\"@context\":\"https:\/\/schema.org\",\"@graph\":[{\"@type\":\"WebPage\",\"@id\":\"https:\/\/www.capgemini.com\/ar-es\/careers\/carreras-profesionales\/universidad-de-capgemini\/\",\"url\":\"https:\/\/www.capgemini.com\/ar-es\/careers\/carreras-profesionales\/universidad-de-capgemini\/\",\"name\":\"universidad-de-capgemini | Capgemini\",\"isPartOf\":{\"@id\":\"https:\/\/www.capgemini.com\/ar-es\/#website\"},\"primaryImageOfPage\":{\"@id\":\"https:\/\/www.capgemini.com\/ar-es\/careers\/carreras-profesionales\/universidad-de-capgemini\/#primaryimage\"},\"image\":{\"@id\":\"https:\/\/www.capgemini.com\/ar-es\/careers\/carreras-profesionales\/universidad-de-capgemini\/#primaryimage\"},\"thumbnailUrl\":\"https:\/\/www.capgemini.com\/ar-es\/wp-content\/uploads\/sites\/28\/2023\/01\/Reimagining-the-Digital-Journey-for-Insurance-Companies-e1535525704137-3.jpg\",\"datePublished\":\"2023-01-30T10:48:03+00:00\",\"dateModified\":\"2025-03-28T04:58:34+00:00\",\"breadcrumb\":{\"@id\":\"https:\/\/www.capgemini.com\/ar-es\/careers\/carreras-profesionales\/universidad-de-capgemini\/#breadcrumb\"},\"inLanguage\":\"es-MX\",\"potentialAction\":[{\"@type\":\"ReadAction\",\"target\":[\"https:\/\/www.capgemini.com\/ar-es\/careers\/carreras-profesionales\/universidad-de-capgemini\/\"]}]},{\"@type\":\"ImageObject\",\"inLanguage\":\"es-MX\",\"@id\":\"https:\/\/www.capgemini.com\/ar-es\/careers\/carreras-profesionales\/universidad-de-capgemini\/#primaryimage\",\"url\":\"https:\/\/www.capgemini.com\/ar-es\/wp-content\/uploads\/sites\/28\/2023\/01\/Reimagining-the-Digital-Journey-for-Insurance-Companies-e1535525704137-3.jpg\",\"contentUrl\":\"https:\/\/www.capgemini.com\/ar-es\/wp-content\/uploads\/sites\/28\/2023\/01\/Reimagining-the-Digital-Journey-for-Insurance-Companies-e1535525704137-3.jpg\"},{\"@type\":\"BreadcrumbList\",\"@id\":\"https:\/\/www.capgemini.com\/ar-es\/careers\/carreras-profesionales\/universidad-de-capgemini\/#breadcrumb\",\"itemListElement\":[{\"@type\":\"ListItem\",\"position\":1,\"name\":\"Home\",\"item\":\"https:\/\/www.capgemini.com\/ar-es\/\"},{\"@type\":\"ListItem\",\"position\":2,\"name\":\"Unite a Capgemini\",\"item\":\"https:\/\/www.capgemini.com\/ar-es\/careers\/\"},{\"@type\":\"ListItem\",\"position\":3,\"name\":\"Carreras profesionales\",\"item\":\"https:\/\/www.capgemini.com\/ar-es\/careers\/carreras-profesionales\/\"},{\"@type\":\"ListItem\",\"position\":4,\"name\":\"Universidad de Capgemini\ufffc\"}]},{\"@type\":\"WebSite\",\"@id\":\"https:\/\/www.capgemini.com\/ar-es\/#website\",\"url\":\"https:\/\/www.capgemini.com\/ar-es\/\",\"name\":\"Capgemini Argentina\",\"description\":\"Capgemini\",\"potentialAction\":[{\"@type\":\"SearchAction\",\"target\":{\"@type\":\"EntryPoint\",\"urlTemplate\":\"https:\/\/www.capgemini.com\/ar-es\/?s={search_term_string}\"},\"query-input\":\"required name=search_term_string\"}],\"inLanguage\":\"es-MX\"}]}<\/script>\n<!-- \/ Yoast SEO Premium plugin. -->","yoast_head_json":{"title":"universidad-de-capgemini | Capgemini","robots":{"index":"index","follow":"follow","max-snippet":"max-snippet:-1","max-image-preview":"max-image-preview:large","max-video-preview":"max-video-preview:-1"},"canonical":"https:\/\/www.capgemini.com\/ar-es\/careers\/carreras-profesionales\/universidad-de-capgemini\/","og_locale":"es_MX","og_type":"article","og_title":"Universidad de Capgemini\ufffc","og_url":"https:\/\/www.capgemini.com\/ar-es\/careers\/carreras-profesionales\/universidad-de-capgemini\/","og_site_name":"Capgemini Argentina","article_modified_time":"2025-03-28T04:58:34+00:00","og_image":[{"url":"https:\/\/www.capgemini.com\/ar-es\/wp-content\/uploads\/sites\/28\/2023\/01\/Reimagining-the-Digital-Journey-for-Insurance-Companies-e1535525704137-3.jpg"}],"twitter_card":"summary_large_image","twitter_misc":{"Est. reading time":"4 minutes"},"schema":{"@context":"https:\/\/schema.org","@graph":[{"@type":"WebPage","@id":"https:\/\/www.capgemini.com\/ar-es\/careers\/carreras-profesionales\/universidad-de-capgemini\/","url":"https:\/\/www.capgemini.com\/ar-es\/careers\/carreras-profesionales\/universidad-de-capgemini\/","name":"universidad-de-capgemini | Capgemini","isPartOf":{"@id":"https:\/\/www.capgemini.com\/ar-es\/#website"},"primaryImageOfPage":{"@id":"https:\/\/www.capgemini.com\/ar-es\/careers\/carreras-profesionales\/universidad-de-capgemini\/#primaryimage"},"image":{"@id":"https:\/\/www.capgemini.com\/ar-es\/careers\/carreras-profesionales\/universidad-de-capgemini\/#primaryimage"},"thumbnailUrl":"https:\/\/www.capgemini.com\/ar-es\/wp-content\/uploads\/sites\/28\/2023\/01\/Reimagining-the-Digital-Journey-for-Insurance-Companies-e1535525704137-3.jpg","datePublished":"2023-01-30T10:48:03+00:00","dateModified":"2025-03-28T04:58:34+00:00","breadcrumb":{"@id":"https:\/\/www.capgemini.com\/ar-es\/careers\/carreras-profesionales\/universidad-de-capgemini\/#breadcrumb"},"inLanguage":"es-MX","potentialAction":[{"@type":"ReadAction","target":["https:\/\/www.capgemini.com\/ar-es\/careers\/carreras-profesionales\/universidad-de-capgemini\/"]}]},{"@type":"ImageObject","inLanguage":"es-MX","@id":"https:\/\/www.capgemini.com\/ar-es\/careers\/carreras-profesionales\/universidad-de-capgemini\/#primaryimage","url":"https:\/\/www.capgemini.com\/ar-es\/wp-content\/uploads\/sites\/28\/2023\/01\/Reimagining-the-Digital-Journey-for-Insurance-Companies-e1535525704137-3.jpg","contentUrl":"https:\/\/www.capgemini.com\/ar-es\/wp-content\/uploads\/sites\/28\/2023\/01\/Reimagining-the-Digital-Journey-for-Insurance-Companies-e1535525704137-3.jpg"},{"@type":"BreadcrumbList","@id":"https:\/\/www.capgemini.com\/ar-es\/careers\/carreras-profesionales\/universidad-de-capgemini\/#breadcrumb","itemListElement":[{"@type":"ListItem","position":1,"name":"Home","item":"https:\/\/www.capgemini.com\/ar-es\/"},{"@type":"ListItem","position":2,"name":"Unite a Capgemini","item":"https:\/\/www.capgemini.com\/ar-es\/careers\/"},{"@type":"ListItem","position":3,"name":"Carreras profesionales","item":"https:\/\/www.capgemini.com\/ar-es\/careers\/carreras-profesionales\/"},{"@type":"ListItem","position":4,"name":"Universidad de Capgemini\ufffc"}]},{"@type":"WebSite","@id":"https:\/\/www.capgemini.com\/ar-es\/#website","url":"https:\/\/www.capgemini.com\/ar-es\/","name":"Capgemini Argentina","description":"Capgemini","potentialAction":[{"@type":"SearchAction","target":{"@type":"EntryPoint","urlTemplate":"https:\/\/www.capgemini.com\/ar-es\/?s={search_term_string}"},"query-input":"required name=search_term_string"}],"inLanguage":"es-MX"}]}},"brand_term":[],"parsely":{"version":"1.1.0","canonical_url":"https:\/\/capgemini.com\/ar-es\/careers\/carreras-profesionales\/universidad-de-capgemini\/","smart_links":{"inbound":0,"outbound":0},"traffic_boost_suggestions_count":0,"meta":{"@context":"https:\/\/schema.org","@type":"WebPage","headline":"Universidad de Capgemini\ufffc","url":"https:\/\/www.capgemini.com\/ar-es\/careers\/carreras-profesionales\/universidad-de-capgemini\/","mainEntityOfPage":{"@type":"WebPage","@id":"https:\/\/www.capgemini.com\/ar-es\/careers\/carreras-profesionales\/universidad-de-capgemini\/"},"thumbnailUrl":"","image":{"@type":"ImageObject","url":""},"articleSection":"Uncategorized","author":[],"creator":[],"publisher":{"@type":"Organization","name":"Capgemini Argentina","logo":""},"keywords":[],"dateCreated":"2023-01-30T10:48:03Z","datePublished":"2023-01-30T10:48:03Z","dateModified":"2025-03-28T04:58:34Z"},"rendered":"<meta name=\"parsely-title\" content=\"Universidad de Capgemini\ufffc\" \/>\n<meta name=\"parsely-link\" content=\"https:\/\/www.capgemini.com\/ar-es\/careers\/carreras-profesionales\/universidad-de-capgemini\/\" \/>\n<meta name=\"parsely-type\" content=\"index\" \/>\n<meta name=\"parsely-pub-date\" content=\"2023-01-30T10:48:03Z\" \/>\n<meta name=\"parsely-section\" content=\"Uncategorized\" \/>","tracker_url":"https:\/\/cdn.parsely.com\/keys\/capgemini.com\/p.js"},"archive_status":false,"featured_image_src":"https:\/\/www.capgemini.com\/ar-es\/wp-content\/themes\/capgemini2025\/assets\/images\/mockup.png","featured_image_alt":false,"jetpack_sharing_enabled":true,"distributor_meta":false,"distributor_terms":false,"distributor_media":false,"distributor_original_site_name":"Capgemini Argentina","distributor_original_site_url":"https:\/\/www.capgemini.com\/ar-es","push-errors":false,"_links":{"self":[{"href":"https:\/\/www.capgemini.com\/ar-es\/wp-json\/wp\/v2\/pages\/36562","targetHints":{"allow":["GET"]}}],"collection":[{"href":"https:\/\/www.capgemini.com\/ar-es\/wp-json\/wp\/v2\/pages"}],"about":[{"href":"https:\/\/www.capgemini.com\/ar-es\/wp-json\/wp\/v2\/types\/page"}],"author":[{"embeddable":true,"href":"https:\/\/www.capgemini.com\/ar-es\/wp-json\/wp\/v2\/users\/367"}],"replies":[{"embeddable":true,"href":"https:\/\/www.capgemini.com\/ar-es\/wp-json\/wp\/v2\/comments?post=36562"}],"version-history":[{"count":9,"href":"https:\/\/www.capgemini.com\/ar-es\/wp-json\/wp\/v2\/pages\/36562\/revisions"}],"predecessor-version":[{"id":515789,"href":"https:\/\/www.capgemini.com\/ar-es\/wp-json\/wp\/v2\/pages\/36562\/revisions\/515789"}],"up":[{"embeddable":true,"href":"https:\/\/www.capgemini.com\/ar-es\/wp-json\/wp\/v2\/pages\/5879"}],"wp:attachment":[{"href":"https:\/\/www.capgemini.com\/ar-es\/wp-json\/wp\/v2\/media?parent=36562"}],"wp:term":[{"taxonomy":"brand","embeddable":true,"href":"https:\/\/www.capgemini.com\/ar-es\/wp-json\/wp\/v2\/brand?post=36562"},{"taxonomy":"partner_type","embeddable":true,"href":"https:\/\/www.capgemini.com\/ar-es\/wp-json\/wp\/v2\/partner_type?post=36562"},{"taxonomy":"service","embeddable":true,"href":"https:\/\/www.capgemini.com\/ar-es\/wp-json\/wp\/v2\/service?post=36562"},{"taxonomy":"industry","embeddable":true,"href":"https:\/\/www.capgemini.com\/ar-es\/wp-json\/wp\/v2\/industry?post=36562"},{"taxonomy":"partners","embeddable":true,"href":"https:\/\/www.capgemini.com\/ar-es\/wp-json\/wp\/v2\/partners?post=36562"},{"taxonomy":"page-type","embeddable":true,"href":"https:\/\/www.capgemini.com\/ar-es\/wp-json\/wp\/v2\/page-type?post=36562"},{"taxonomy":"content-group","embeddable":true,"href":"https:\/\/www.capgemini.com\/ar-es\/wp-json\/wp\/v2\/content-group?post=36562"}],"curies":[{"name":"wp","href":"https:\/\/api.w.org\/{rel}","templated":true}]}}