{"id":36550,"date":"2023-01-30T10:03:04","date_gmt":"2023-01-30T10:03:04","guid":{"rendered":"https:\/\/www.capgemini.com\/ar-es\/?page_id=36550"},"modified":"2025-03-28T04:58:55","modified_gmt":"2025-03-28T04:58:55","slug":"your-business-expertise","status":"publish","type":"page","link":"https:\/\/www.capgemini.com\/ar-es\/careers\/carreras-profesionales\/estudiantes-y-graduados\/your-business-expertise\/","title":{"rendered":"J\u00f3venes profesionales"},"content":{"rendered":"\n<div class=\"wp-block-cg-blocks-hero-picture-card undefined  heroPictureCard\"><div class=\"heroPictureCardBgs\"><picture><source srcset=\"https:\/\/www.capgemini.com\/ar-es\/wp-content\/uploads\/sites\/28\/2023\/01\/2018-07-17_Employer-branding_Portraits_CCN.png?w=2880&amp;quality=70 1x, https:\/\/www.capgemini.com\/ar-es\/wp-content\/uploads\/sites\/28\/2023\/01\/2018-07-17_Employer-branding_Portraits_CCN.png?w=2880&amp;quality=70 2x\" media=\"(min-width: 1500px)\"\/><source srcset=\"https:\/\/www.capgemini.com\/ar-es\/wp-content\/uploads\/sites\/28\/2023\/01\/2018-07-17_Employer-branding_Portraits_CCN.png?w=1440&amp;quality=70 1x, https:\/\/www.capgemini.com\/ar-es\/wp-content\/uploads\/sites\/28\/2023\/01\/2018-07-17_Employer-branding_Portraits_CCN.png?w=2880&amp;quality=70 2x\" media=\"(min-width: 992px)\"\/><source srcset=\"https:\/\/www.capgemini.com\/ar-es\/wp-content\/uploads\/sites\/28\/2023\/01\/2018-07-17_Employer-branding_Portraits_CCN.png?w=1024&amp;quality=70 1x, https:\/\/www.capgemini.com\/ar-es\/wp-content\/uploads\/sites\/28\/2023\/01\/2018-07-17_Employer-branding_Portraits_CCN.png?w=1024&amp;quality=70 2x\" media=\"(min-width: 768px)\"\/><source srcset=\"https:\/\/www.capgemini.com\/ar-es\/wp-content\/uploads\/sites\/28\/2023\/01\/2018-07-17_Employer-branding_Portraits_CCN.png?w=768&amp;quality=70 1x, https:\/\/www.capgemini.com\/ar-es\/wp-content\/uploads\/sites\/28\/2023\/01\/2018-07-17_Employer-branding_Portraits_CCN.png?w=768&amp;quality=70 2x\" media=\"(min-width: 0)\"\/><img decoding=\"async\" src=\"https:\/\/www.capgemini.com\/ar-es\/wp-content\/uploads\/sites\/28\/2023\/01\/2018-07-17_Employer-branding_Portraits_CCN.png\" class=\"desktopImage\" alt=\"\" style=\"object-fit:cover;object-position:49% 41%\" loading=\"eager\"\/><\/picture><picture><source srcset=\"https:\/\/www.capgemini.com\/ar-es\/wp-content\/uploads\/sites\/28\/2023\/01\/2018-07-17_Employer-branding_Portraits_CCN.png?w=2880&amp;quality=70 1x, https:\/\/www.capgemini.com\/ar-es\/wp-content\/uploads\/sites\/28\/2023\/01\/2018-07-17_Employer-branding_Portraits_CCN.png?w=2880&amp;quality=70 2x\" media=\"(min-width: 1500px)\"\/><source srcset=\"https:\/\/www.capgemini.com\/ar-es\/wp-content\/uploads\/sites\/28\/2023\/01\/2018-07-17_Employer-branding_Portraits_CCN.png?w=1440&amp;quality=70 1x, https:\/\/www.capgemini.com\/ar-es\/wp-content\/uploads\/sites\/28\/2023\/01\/2018-07-17_Employer-branding_Portraits_CCN.png?w=2880&amp;quality=70 2x\" media=\"(min-width: 992px)\"\/><source srcset=\"https:\/\/www.capgemini.com\/ar-es\/wp-content\/uploads\/sites\/28\/2023\/01\/2018-07-17_Employer-branding_Portraits_CCN.png?w=1024&amp;quality=70 1x, https:\/\/www.capgemini.com\/ar-es\/wp-content\/uploads\/sites\/28\/2023\/01\/2018-07-17_Employer-branding_Portraits_CCN.png?w=1024&amp;quality=70 2x\" media=\"(min-width: 768px)\"\/><source srcset=\"https:\/\/www.capgemini.com\/ar-es\/wp-content\/uploads\/sites\/28\/2023\/01\/2018-07-17_Employer-branding_Portraits_CCN.png?w=768&amp;quality=70 1x, https:\/\/www.capgemini.com\/ar-es\/wp-content\/uploads\/sites\/28\/2023\/01\/2018-07-17_Employer-branding_Portraits_CCN.png?w=768&amp;quality=70 2x\" media=\"(min-width: 0)\"\/><img decoding=\"async\" src=\"https:\/\/www.capgemini.com\/ar-es\/wp-content\/uploads\/sites\/28\/2023\/01\/2018-07-17_Employer-branding_Portraits_CCN.png\" class=\"mobileImage\" alt=\"\" style=\"object-fit:cover;object-position:49% 41%\" loading=\"eager\"\/><\/picture><\/div><div class=\"heroPictureCardHeaderShape\"><\/div><div class=\"container\"><div class=\"row\"><div class=\"col-md-8 col-lg-6\"><div class=\"heroPictureCardBox\"><div class=\"heroPictureCardBoxTitle\"><h1 data-maxlength=\"144\">J\u00f3venes profesionales<\/h1><\/div><\/div><\/div><\/div><\/div><div class=\"small-device\"><div class=\"brandLogoWrapper\"> <\/div><\/div><\/div>\n\n\n\n<section class=\"wp-block-cg-blocks-group undefined section section--article-content\"><div class=\"article-main-content\"><div class=\"container\"><div class=\"row\"><div class=\"col-12 col-md-11 col-lg-10 offset-md-1 offset-lg-1\"><div class=\"article-text article-quote-text\">\n<h3 class=\"wp-block-heading\">Est\u00e1 empezando su carrera y quiere alternativas, responsabilidad y oportunidades para seguir aprendiendo. Usted trae el talento, y nosotros ponemos el resto.<\/h3>\n\n\n\n<h2 class=\"wp-block-heading\" id=\"h-elegir\"><strong>Elegir<\/strong><\/h2>\n\n\n\n<p>Escoja trabajar en tecnolog\u00eda, outsourcing o servicios financieros para clientes en una variedad de campos. Tambi\u00e9n tenemos 300 oficinas en 40 pa\u00edses de todo el mundo. Si est\u00e1 buscando una experiencia global, una empresa multicultural, \u00a1 est\u00e1 en el lugar correcto !<\/p>\n\n\n\n<h2 class=\"wp-block-heading\" id=\"h-aprender\"><strong>Aprender<\/strong><\/h2>\n\n\n\n<p>Sus objetivos profesionales est\u00e1n en constante evoluci\u00f3n. No hay problema, el aprendizaje y el desarrollo no se detienen en Capgemini, y contamos con programas integrales de desarrollo personal que lo demuestran. Nuestros programas de formaci\u00f3n profesional, y la Universidad Capgemini, le dar\u00e1n las habilidades que necesita para llegar a\u00fan m\u00e1s lejos en su carrera.<\/p>\n\n\n\n<h2 class=\"wp-block-heading\" id=\"h-desde-el-primer-dia\"><strong>Desde el primer d\u00eda<\/strong><\/h2>\n\n\n\n<p>Puede estar comenzando su carrera, pero eso no significa que no deba contribuir en su proyecto de inmediato. Independientemente del departamento donde comience, formar\u00e1 parte de un equipo muy unido de compa\u00f1eros, quienes dependen de&nbsp;usted tanto como&nbsp;usted de ellos. Prep\u00e1rese para el contacto directo con el cliente y para tener un papel importante desde el primer d\u00eda.<\/p>\n\n\n\n<h2 class=\"wp-block-heading\" id=\"h-si-usted\"><strong>Si usted\u2026<\/strong><\/h2>\n\n\n\n<ul class=\"wp-block-list\">\n<li>Est\u00e1 interesado en trabajar con la tecnolog\u00eda<\/li>\n\n\n\n<li>Es un excelente comunicador<\/li>\n\n\n\n<li>Siente curiosidad por todo y siempre quieres aprender cosas nuevas<\/li>\n\n\n\n<li>Es un gran pensador y suele solucionar problemas<\/li>\n\n\n\n<li>Esta atra\u00eddo por el trabajo en equipo\u200b\u200b<\/li>\n\n\n\n<li>Es tolerante, de mente abierta y entusiasta<\/li>\n<\/ul>\n\n\n\n<h4 class=\"wp-block-heading\" id=\"h-si-entonces-nbsp-eche-un-vistazo-a-nuestras-oportunidades-de-carrera\"><strong>\u00bfSi? Entonces&nbsp;<a href=\"https:\/\/www.mx.capgemini.com\/node\/527256\">eche un vistazo a nuestras oportunidades de carrera<\/a>.<\/strong><\/h4>\n<\/div><\/div><\/div><\/div><\/div><\/section>\n\n\n\n<section class=\"wp-block-cg-blocks-learn-more learnMoreBlock updated-new-sample-amal\"><div class=\"container\"><div class=\"content-title\"><h2 class=\"learnmore-heading\">Explora Capgemini<\/h2><\/div><div class=\"row\"><div class=\"col-md-4\"><div class=\"box\"><div class=\"box-wrapper\"><a class=\"box-title\" href=\"\/ar-es\/news\/social-media\/\" target=\"\" aria-label=\"Redes sociales\" rel=\"noopener noreferrer\"><div class=\"box-img-wrapper\"><img decoding=\"async\" src=\"https:\/\/www.capgemini.com\/wp-content\/uploads\/2021\/08\/Capgemini_Social-media.jpg?w=500&amp;quality=70\" srcset=\"https:\/\/www.capgemini.com\/wp-content\/uploads\/2021\/08\/Capgemini_Social-media.jpg?w=500&amp;quality=70 1x, https:\/\/www.capgemini.com\/wp-content\/uploads\/2021\/08\/Capgemini_Social-media.jpg?w=1000&amp;quality=70 2x\" class=\"box-img\" alt=\"\" style=\"object-fit:cover;object-position:50% 50%\" loading=\"lazy\"\/><\/div><h3 class=\"titleWithoutLink_learnMore\">Redes sociales<\/h3><\/a><\/div><\/div><div class=\"box-inner\"><\/div><\/div><div class=\"col-md-4\"><div class=\"box\"><div class=\"box-wrapper\"><a class=\"box-title\" href=\"\/ar-es\/sobre-nosotros\/\" target=\"\" aria-label=\"Sobre nosotros\" rel=\"noopener noreferrer\"><div class=\"box-img-wrapper\"><img decoding=\"async\" src=\"https:\/\/www.capgemini.com\/wp-content\/uploads\/2021\/04\/Capgemini-about-us-hero-banner.jpg?w=500&amp;quality=70\" srcset=\"https:\/\/www.capgemini.com\/wp-content\/uploads\/2021\/04\/Capgemini-about-us-hero-banner.jpg?w=500&amp;quality=70 1x, https:\/\/www.capgemini.com\/wp-content\/uploads\/2021\/04\/Capgemini-about-us-hero-banner.jpg?w=1000&amp;quality=70 2x\" class=\"box-img\" alt=\"\" style=\"object-fit:cover;object-position:50% 50%\" loading=\"lazy\"\/><\/div><h3 class=\"titleWithoutLink_learnMore\">Sobre nosotros<\/h3><\/a><\/div><\/div><div class=\"box-inner\"><\/div><\/div><div class=\"col-md-4\"><div class=\"box\"><div class=\"box-wrapper\"><a class=\"box-title\" href=\"\/ar-es\/sobre-nosotros\/quienes-somos\/\" target=\"\" aria-label=\"Quienes somos\" rel=\"noopener noreferrer\"><div class=\"box-img-wrapper\"><img decoding=\"async\" src=\"https:\/\/www.capgemini.com\/wp-content\/uploads\/2021\/07\/Capgemini_Who-we-are.jpg?w=500&amp;quality=70\" srcset=\"https:\/\/www.capgemini.com\/wp-content\/uploads\/2021\/07\/Capgemini_Who-we-are.jpg?w=500&amp;quality=70 1x, https:\/\/www.capgemini.com\/wp-content\/uploads\/2021\/07\/Capgemini_Who-we-are.jpg?w=1000&amp;quality=70 2x\" class=\"box-img\" alt=\"\" style=\"object-fit:cover;object-position:50% 50%\" loading=\"lazy\"\/><\/div><h3 class=\"titleWithoutLink_learnMore\">Quienes somos<\/h3><\/a><\/div><\/div><div class=\"box-inner\"><\/div><\/div><\/div><\/div><\/section>\n\n\n\n<section class=\"wp-block-cg-blocks-call-to-action undefined call-to-action-block is-style-cg-purple\"><div class=\"container\"><div class=\"call-to-action-block-content-wrapper has-description\"><div class=\"text-wrapper has-description\"><h3 class=\"title\" data-maxlength=\"144\">\u00a1Encuentra tu futuro!<\/h3><p class=\"description\" data-maxlength=\"210\"><br>Encuentra la oportunidad que se adapta a ti<\/p><\/div><div class=\"button-wrapper has-description\"><a class=\" cta-btn action-valid\" href=\"\/ar-es\/careers\/join-us\/#country_code=ar-es&amp;experience_level=Experiencia%20profesional&amp;size=15\" target=\"\" rel=\"noopener noreferrer\" aria-label=\"\u00danete a nosotros sobre \u00a1Encuentra tu futuro!\" title=\"Abrir en una nueva ventana\" data-maxlength=\"24\" tabindex=\"0\"> \u00danete a nosotros <\/a><\/div><\/div><\/div><\/section>\n","protected":false},"excerpt":{"rendered":"","protected":false},"author":367,"featured_media":0,"parent":5824,"menu_order":7,"comment_status":"closed","ping_status":"closed","template":"","meta":{"cg_dt_proposed_to":[0],"cg_seo_hreflang_relations":"[]","cg_seo_canonical_relation":"","cg_seo_hreflang_x_default_relation":"{\"uuid\":\"089be4d8-a3c9-4623-9eb9-7f83399d6e33\",\"blogId\":\"\",\"domain\":\"\",\"sitePath\":\"\",\"postLink\":\"\",\"postId\":null,\"isSaved\":true,\"isCrossLink\":false,\"hasCrossLink\":false}","cg_dt_approved_content":false,"cg_dt_mandatory_content":false,"cg_dt_notes":"","cg_dg_source_changed":false,"cg_dt_link_disabled":false,"_yoast_wpseo_primary_brand":"","footnotes":"","featured_focal_points":"","partner_card_description":"","gsap_animation":0},"brand":[],"partner_type":[],"service":[],"industry":[],"partners":[],"page-type":[193],"content-group":[],"class_list":["post-36550","page","type-page","status-publish","hentry","page-type-careers"],"yoast_head":"<!-- This site is optimized with the Yoast SEO Premium plugin v22.8 (Yoast SEO v22.8) - https:\/\/yoast.com\/wordpress\/plugins\/seo\/ -->\n<title>J\u00f3venes profesionales | Capgemini<\/title>\n<meta name=\"robots\" content=\"index, follow, max-snippet:-1, max-image-preview:large, max-video-preview:-1\" \/>\n<link rel=\"canonical\" href=\"https:\/\/www.capgemini.com\/ar-es\/careers\/carreras-profesionales\/estudiantes-y-graduados\/your-business-expertise\/\" \/>\n<meta property=\"og:locale\" content=\"es_MX\" \/>\n<meta property=\"og:type\" content=\"article\" \/>\n<meta property=\"og:title\" content=\"J\u00f3venes profesionales\" \/>\n<meta property=\"og:url\" content=\"https:\/\/www.capgemini.com\/ar-es\/careers\/carreras-profesionales\/estudiantes-y-graduados\/your-business-expertise\/\" \/>\n<meta property=\"og:site_name\" content=\"Capgemini Argentina\" \/>\n<meta property=\"article:modified_time\" content=\"2025-03-28T04:58:55+00:00\" \/>\n<meta property=\"og:image\" content=\"https:\/\/www.capgemini.com\/ar-es\/wp-content\/uploads\/sites\/28\/2023\/01\/2018-07-17_Employer-branding_Portraits_CCN.png\" \/>\n<meta name=\"twitter:card\" content=\"summary_large_image\" \/>\n<meta name=\"twitter:label1\" content=\"Est. reading time\" \/>\n\t<meta name=\"twitter:data1\" content=\"3 minutes\" \/>\n<script type=\"application\/ld+json\" class=\"yoast-schema-graph\">{\"@context\":\"https:\/\/schema.org\",\"@graph\":[{\"@type\":\"WebPage\",\"@id\":\"https:\/\/www.capgemini.com\/ar-es\/careers\/carreras-profesionales\/estudiantes-y-graduados\/your-business-expertise\/\",\"url\":\"https:\/\/www.capgemini.com\/ar-es\/careers\/carreras-profesionales\/estudiantes-y-graduados\/your-business-expertise\/\",\"name\":\"J\u00f3venes profesionales | Capgemini\",\"isPartOf\":{\"@id\":\"https:\/\/www.capgemini.com\/ar-es\/#website\"},\"primaryImageOfPage\":{\"@id\":\"https:\/\/www.capgemini.com\/ar-es\/careers\/carreras-profesionales\/estudiantes-y-graduados\/your-business-expertise\/#primaryimage\"},\"image\":{\"@id\":\"https:\/\/www.capgemini.com\/ar-es\/careers\/carreras-profesionales\/estudiantes-y-graduados\/your-business-expertise\/#primaryimage\"},\"thumbnailUrl\":\"https:\/\/www.capgemini.com\/ar-es\/wp-content\/uploads\/sites\/28\/2023\/01\/2018-07-17_Employer-branding_Portraits_CCN.png\",\"datePublished\":\"2023-01-30T10:03:04+00:00\",\"dateModified\":\"2025-03-28T04:58:55+00:00\",\"breadcrumb\":{\"@id\":\"https:\/\/www.capgemini.com\/ar-es\/careers\/carreras-profesionales\/estudiantes-y-graduados\/your-business-expertise\/#breadcrumb\"},\"inLanguage\":\"es-MX\",\"potentialAction\":[{\"@type\":\"ReadAction\",\"target\":[\"https:\/\/www.capgemini.com\/ar-es\/careers\/carreras-profesionales\/estudiantes-y-graduados\/your-business-expertise\/\"]}]},{\"@type\":\"ImageObject\",\"inLanguage\":\"es-MX\",\"@id\":\"https:\/\/www.capgemini.com\/ar-es\/careers\/carreras-profesionales\/estudiantes-y-graduados\/your-business-expertise\/#primaryimage\",\"url\":\"https:\/\/www.capgemini.com\/ar-es\/wp-content\/uploads\/sites\/28\/2023\/01\/2018-07-17_Employer-branding_Portraits_CCN.png\",\"contentUrl\":\"https:\/\/www.capgemini.com\/ar-es\/wp-content\/uploads\/sites\/28\/2023\/01\/2018-07-17_Employer-branding_Portraits_CCN.png\"},{\"@type\":\"BreadcrumbList\",\"@id\":\"https:\/\/www.capgemini.com\/ar-es\/careers\/carreras-profesionales\/estudiantes-y-graduados\/your-business-expertise\/#breadcrumb\",\"itemListElement\":[{\"@type\":\"ListItem\",\"position\":1,\"name\":\"Home\",\"item\":\"https:\/\/www.capgemini.com\/ar-es\/\"},{\"@type\":\"ListItem\",\"position\":2,\"name\":\"Unite a Capgemini\",\"item\":\"https:\/\/www.capgemini.com\/ar-es\/careers\/\"},{\"@type\":\"ListItem\",\"position\":3,\"name\":\"Carreras profesionales\",\"item\":\"https:\/\/www.capgemini.com\/ar-es\/careers\/carreras-profesionales\/\"},{\"@type\":\"ListItem\",\"position\":4,\"name\":\"Estudiantes y graduados\",\"item\":\"https:\/\/www.capgemini.com\/ar-es\/careers\/carreras-profesionales\/estudiantes-y-graduados\/\"},{\"@type\":\"ListItem\",\"position\":5,\"name\":\"J\u00f3venes profesionales\"}]},{\"@type\":\"WebSite\",\"@id\":\"https:\/\/www.capgemini.com\/ar-es\/#website\",\"url\":\"https:\/\/www.capgemini.com\/ar-es\/\",\"name\":\"Capgemini Argentina\",\"description\":\"Capgemini\",\"potentialAction\":[{\"@type\":\"SearchAction\",\"target\":{\"@type\":\"EntryPoint\",\"urlTemplate\":\"https:\/\/www.capgemini.com\/ar-es\/?s={search_term_string}\"},\"query-input\":\"required name=search_term_string\"}],\"inLanguage\":\"es-MX\"}]}<\/script>\n<!-- \/ Yoast SEO Premium plugin. -->","yoast_head_json":{"title":"J\u00f3venes profesionales | Capgemini","robots":{"index":"index","follow":"follow","max-snippet":"max-snippet:-1","max-image-preview":"max-image-preview:large","max-video-preview":"max-video-preview:-1"},"canonical":"https:\/\/www.capgemini.com\/ar-es\/careers\/carreras-profesionales\/estudiantes-y-graduados\/your-business-expertise\/","og_locale":"es_MX","og_type":"article","og_title":"J\u00f3venes profesionales","og_url":"https:\/\/www.capgemini.com\/ar-es\/careers\/carreras-profesionales\/estudiantes-y-graduados\/your-business-expertise\/","og_site_name":"Capgemini Argentina","article_modified_time":"2025-03-28T04:58:55+00:00","og_image":[{"url":"https:\/\/www.capgemini.com\/ar-es\/wp-content\/uploads\/sites\/28\/2023\/01\/2018-07-17_Employer-branding_Portraits_CCN.png"}],"twitter_card":"summary_large_image","twitter_misc":{"Est. reading time":"3 minutes"},"schema":{"@context":"https:\/\/schema.org","@graph":[{"@type":"WebPage","@id":"https:\/\/www.capgemini.com\/ar-es\/careers\/carreras-profesionales\/estudiantes-y-graduados\/your-business-expertise\/","url":"https:\/\/www.capgemini.com\/ar-es\/careers\/carreras-profesionales\/estudiantes-y-graduados\/your-business-expertise\/","name":"J\u00f3venes profesionales | Capgemini","isPartOf":{"@id":"https:\/\/www.capgemini.com\/ar-es\/#website"},"primaryImageOfPage":{"@id":"https:\/\/www.capgemini.com\/ar-es\/careers\/carreras-profesionales\/estudiantes-y-graduados\/your-business-expertise\/#primaryimage"},"image":{"@id":"https:\/\/www.capgemini.com\/ar-es\/careers\/carreras-profesionales\/estudiantes-y-graduados\/your-business-expertise\/#primaryimage"},"thumbnailUrl":"https:\/\/www.capgemini.com\/ar-es\/wp-content\/uploads\/sites\/28\/2023\/01\/2018-07-17_Employer-branding_Portraits_CCN.png","datePublished":"2023-01-30T10:03:04+00:00","dateModified":"2025-03-28T04:58:55+00:00","breadcrumb":{"@id":"https:\/\/www.capgemini.com\/ar-es\/careers\/carreras-profesionales\/estudiantes-y-graduados\/your-business-expertise\/#breadcrumb"},"inLanguage":"es-MX","potentialAction":[{"@type":"ReadAction","target":["https:\/\/www.capgemini.com\/ar-es\/careers\/carreras-profesionales\/estudiantes-y-graduados\/your-business-expertise\/"]}]},{"@type":"ImageObject","inLanguage":"es-MX","@id":"https:\/\/www.capgemini.com\/ar-es\/careers\/carreras-profesionales\/estudiantes-y-graduados\/your-business-expertise\/#primaryimage","url":"https:\/\/www.capgemini.com\/ar-es\/wp-content\/uploads\/sites\/28\/2023\/01\/2018-07-17_Employer-branding_Portraits_CCN.png","contentUrl":"https:\/\/www.capgemini.com\/ar-es\/wp-content\/uploads\/sites\/28\/2023\/01\/2018-07-17_Employer-branding_Portraits_CCN.png"},{"@type":"BreadcrumbList","@id":"https:\/\/www.capgemini.com\/ar-es\/careers\/carreras-profesionales\/estudiantes-y-graduados\/your-business-expertise\/#breadcrumb","itemListElement":[{"@type":"ListItem","position":1,"name":"Home","item":"https:\/\/www.capgemini.com\/ar-es\/"},{"@type":"ListItem","position":2,"name":"Unite a Capgemini","item":"https:\/\/www.capgemini.com\/ar-es\/careers\/"},{"@type":"ListItem","position":3,"name":"Carreras profesionales","item":"https:\/\/www.capgemini.com\/ar-es\/careers\/carreras-profesionales\/"},{"@type":"ListItem","position":4,"name":"Estudiantes y graduados","item":"https:\/\/www.capgemini.com\/ar-es\/careers\/carreras-profesionales\/estudiantes-y-graduados\/"},{"@type":"ListItem","position":5,"name":"J\u00f3venes profesionales"}]},{"@type":"WebSite","@id":"https:\/\/www.capgemini.com\/ar-es\/#website","url":"https:\/\/www.capgemini.com\/ar-es\/","name":"Capgemini Argentina","description":"Capgemini","potentialAction":[{"@type":"SearchAction","target":{"@type":"EntryPoint","urlTemplate":"https:\/\/www.capgemini.com\/ar-es\/?s={search_term_string}"},"query-input":"required name=search_term_string"}],"inLanguage":"es-MX"}]}},"brand_term":[],"parsely":{"version":"1.1.0","canonical_url":"https:\/\/capgemini.com\/ar-es\/careers\/carreras-profesionales\/estudiantes-y-graduados\/your-business-expertise\/","smart_links":{"inbound":0,"outbound":0},"traffic_boost_suggestions_count":0,"meta":{"@context":"https:\/\/schema.org","@type":"WebPage","headline":"J\u00f3venes profesionales","url":"https:\/\/www.capgemini.com\/ar-es\/careers\/carreras-profesionales\/estudiantes-y-graduados\/your-business-expertise\/","mainEntityOfPage":{"@type":"WebPage","@id":"https:\/\/www.capgemini.com\/ar-es\/careers\/carreras-profesionales\/estudiantes-y-graduados\/your-business-expertise\/"},"thumbnailUrl":"","image":{"@type":"ImageObject","url":""},"articleSection":"Uncategorized","author":[],"creator":[],"publisher":{"@type":"Organization","name":"Capgemini Argentina","logo":""},"keywords":[],"dateCreated":"2023-01-30T10:03:04Z","datePublished":"2023-01-30T10:03:04Z","dateModified":"2025-03-28T04:58:55Z"},"rendered":"<meta name=\"parsely-title\" content=\"J\u00f3venes profesionales\" \/>\n<meta name=\"parsely-link\" content=\"https:\/\/www.capgemini.com\/ar-es\/careers\/carreras-profesionales\/estudiantes-y-graduados\/your-business-expertise\/\" \/>\n<meta name=\"parsely-type\" content=\"index\" \/>\n<meta name=\"parsely-pub-date\" content=\"2023-01-30T10:03:04Z\" \/>\n<meta name=\"parsely-section\" content=\"Uncategorized\" \/>","tracker_url":"https:\/\/cdn.parsely.com\/keys\/capgemini.com\/p.js"},"archive_status":false,"featured_image_src":"https:\/\/www.capgemini.com\/ar-es\/wp-content\/themes\/capgemini2025\/assets\/images\/mockup.png","featured_image_alt":false,"jetpack_sharing_enabled":true,"distributor_meta":false,"distributor_terms":false,"distributor_media":false,"distributor_original_site_name":"Capgemini Argentina","distributor_original_site_url":"https:\/\/www.capgemini.com\/ar-es","push-errors":false,"_links":{"self":[{"href":"https:\/\/www.capgemini.com\/ar-es\/wp-json\/wp\/v2\/pages\/36550","targetHints":{"allow":["GET"]}}],"collection":[{"href":"https:\/\/www.capgemini.com\/ar-es\/wp-json\/wp\/v2\/pages"}],"about":[{"href":"https:\/\/www.capgemini.com\/ar-es\/wp-json\/wp\/v2\/types\/page"}],"author":[{"embeddable":true,"href":"https:\/\/www.capgemini.com\/ar-es\/wp-json\/wp\/v2\/users\/367"}],"replies":[{"embeddable":true,"href":"https:\/\/www.capgemini.com\/ar-es\/wp-json\/wp\/v2\/comments?post=36550"}],"version-history":[{"count":6,"href":"https:\/\/www.capgemini.com\/ar-es\/wp-json\/wp\/v2\/pages\/36550\/revisions"}],"predecessor-version":[{"id":515790,"href":"https:\/\/www.capgemini.com\/ar-es\/wp-json\/wp\/v2\/pages\/36550\/revisions\/515790"}],"up":[{"embeddable":true,"href":"https:\/\/www.capgemini.com\/ar-es\/wp-json\/wp\/v2\/pages\/5824"}],"wp:attachment":[{"href":"https:\/\/www.capgemini.com\/ar-es\/wp-json\/wp\/v2\/media?parent=36550"}],"wp:term":[{"taxonomy":"brand","embeddable":true,"href":"https:\/\/www.capgemini.com\/ar-es\/wp-json\/wp\/v2\/brand?post=36550"},{"taxonomy":"partner_type","embeddable":true,"href":"https:\/\/www.capgemini.com\/ar-es\/wp-json\/wp\/v2\/partner_type?post=36550"},{"taxonomy":"service","embeddable":true,"href":"https:\/\/www.capgemini.com\/ar-es\/wp-json\/wp\/v2\/service?post=36550"},{"taxonomy":"industry","embeddable":true,"href":"https:\/\/www.capgemini.com\/ar-es\/wp-json\/wp\/v2\/industry?post=36550"},{"taxonomy":"partners","embeddable":true,"href":"https:\/\/www.capgemini.com\/ar-es\/wp-json\/wp\/v2\/partners?post=36550"},{"taxonomy":"page-type","embeddable":true,"href":"https:\/\/www.capgemini.com\/ar-es\/wp-json\/wp\/v2\/page-type?post=36550"},{"taxonomy":"content-group","embeddable":true,"href":"https:\/\/www.capgemini.com\/ar-es\/wp-json\/wp\/v2\/content-group?post=36550"}],"curies":[{"name":"wp","href":"https:\/\/api.w.org\/{rel}","templated":true}]}}